{"id":6,"date":"2022-02-08T14:11:08","date_gmt":"2022-02-08T14:11:08","guid":{"rendered":"https:\/\/pistas365.com\/vistabellapadel\/?page_id=6"},"modified":"2024-05-03T09:37:38","modified_gmt":"2024-05-03T07:37:38","slug":"welcome-to-racketcenter","status":"publish","type":"page","link":"https:\/\/pistas365.com\/vistabellapadel\/fr\/","title":{"rendered":"Bienvenue \u00e0<br>Vistabella Padel !"},"content":{"rendered":"<p><strong>Vistabella Padel est une salle de padel situ\u00e9e sur le complexe de golf Vistabella \u00e0 Orihuela, sur la Costa Blanca.<\/strong><\/p>\n<ul>\n<li><strong>Offres de padel Vistabella<\/strong> - 3 terrains de padel en plein air.<\/li>\n<li><strong>Entra\u00eenement au padel<\/strong> - Cosme Ruiz, entra\u00eeneur de padel, propose ses services \u00e0 cet endroit.<\/li>\n<li><strong>Adresse<\/strong> - Av. del Golf, 447, Orihuela.<\/li>\n<li><strong>Heures d'ouverture <\/strong>- Lundi \u00e0 dimanche 08:00-23:00.<\/li>\n<\/ul>\n<h2>Location terrain padel<\/h2>\n<p>Les terrains de padel de Vistabella Padel ne peuvent pas \u00eatre r\u00e9serv\u00e9s en ligne sur cette page. Les options les plus proches pour la r\u00e9servation de padel en ligne sur Pistas365 sont :<\/p>\n<ol>\n<li><a href=\"https:\/\/pistas365.com\/novapadel\/\" target=\"_blank\" rel=\"noopener\">Nova Padel<\/a> \u00e0 Torrevieja (terrains de padel couverts).<\/li>\n<li><a href=\"https:\/\/pistas365.com\/losangelespadel\/\" target=\"_blank\" rel=\"noopener\">Los Angles Padel<\/a> \u00e0 Torrevieja (courts ext\u00e9rieurs).<\/li>\n<\/ol>\n<p>\u00cates-vous le propri\u00e9taire de Vistabella Padel ? Visitez notre <a href=\"https:\/\/pistas365.com\/add-your-business\/\" target=\"_blank\" rel=\"noopener\">page des partenaires<\/a> pour savoir comment nous pouvons vous aider.<\/p>\n<h3>Entra\u00eenement au padel<\/h3>\n<p><img loading=\"lazy\" decoding=\"async\" class=\"aligncenter size-full wp-image-210\" src=\"https:\/\/pistas365.com\/vistabellapadel\/wp-content\/uploads\/sites\/27\/training-vistabella-padel.webp\" alt=\"Entra\u00eenement \u00e0 Vistabella padel\" width=\"500\" height=\"360\" srcset=\"https:\/\/pistas365.com\/vistabellapadel\/wp-content\/uploads\/sites\/27\/training-vistabella-padel.webp 500w, https:\/\/pistas365.com\/vistabellapadel\/wp-content\/uploads\/sites\/27\/training-vistabella-padel-300x216.webp 300w, https:\/\/pistas365.com\/vistabellapadel\/wp-content\/uploads\/sites\/27\/training-vistabella-padel-18x12.webp 18w, https:\/\/pistas365.com\/vistabellapadel\/wp-content\/uploads\/sites\/27\/training-vistabella-padel-360x259.webp 360w\" sizes=\"(max-width: 500px) 100vw, 500px\" \/><\/p>\n<p><strong>Si vous souhaitez suivre un entra\u00eenement de padel \u00e0 Vistabella Padel, vous pouvez r\u00e9server un entra\u00eenement avec Cosme Ruiz, entra\u00eeneur professionnel de padel. Cosme propose des entra\u00eenements priv\u00e9s et des entra\u00eenements en groupe.<\/strong><\/p>\n<p>Pour en savoir plus sur cet entra\u00eeneur de padel et pour r\u00e9server votre entra\u00eenement de padel \u00e0 Vista Bella Padel, visitez le site : <a href=\"https:\/\/pistas365.com\/cosmeruiz\/\">Entra\u00eenement au padel avec Cosme Ruiz<\/a>.<\/p>\n<h3>Vistabella Padel location<\/h3>\n<p><iframe loading=\"lazy\" style=\"border: 0;\" src=\"https:\/\/www.google.com\/maps\/embed?pb=!1m18!1m12!1m3!1d25139.06142022597!2d-0.8442646027413757!3d38.038168761485615!2m3!1f0!2f0!3f0!3m2!1i1024!2i768!4f13.1!3m3!1m2!1s0xd63a6c9ef4460ab%3A0x7521bdb2364daf23!2sVistabella%20Golf!5e0!3m2!1ssv!2ses!4v1714552603290!5m2!1ssv!2ses\" width=\"100%\" height=\"350\" allowfullscreen=\"allowfullscreen\"><\/iframe><\/p>\n<h3>Informations de contact<\/h3>\n<p><strong>Vistabella Golf\u00a0<\/strong><br \/>\n+34 966 10 78 46<br \/>\nVisiter : <a href=\"https:\/\/vistabellagolf.com\/contacto\/\" target=\"_blank\" rel=\"noopener\">Page de contact<\/a><\/p>","protected":false},"excerpt":{"rendered":"<p>Vistabella Padel is a padel venue located on the Vistabella Golf Complex in Orihuela, Costa Blanca. Vistabella padel offers &#8211; 3 outdoor padel courts. Padel training &#8211; Padel trainer Cosme Ruiz offers his services at this location. Adress &#8211; Av. del Golf, 447, Orihuela. Opening hours &#8211; Monday to Sunday 08:00-23:00. Padel court rent The [&hellip;]<\/p>\n","protected":false},"author":1,"featured_media":214,"parent":0,"menu_order":0,"comment_status":"closed","ping_status":"closed","template":"","meta":{"_acf_changed":false,"footnotes":""},"tags":[],"acf":[],"_links":{"self":[{"href":"https:\/\/pistas365.com\/vistabellapadel\/fr\/wp-json\/wp\/v2\/pages\/6"}],"collection":[{"href":"https:\/\/pistas365.com\/vistabellapadel\/fr\/wp-json\/wp\/v2\/pages"}],"about":[{"href":"https:\/\/pistas365.com\/vistabellapadel\/fr\/wp-json\/wp\/v2\/types\/page"}],"author":[{"embeddable":true,"href":"https:\/\/pistas365.com\/vistabellapadel\/fr\/wp-json\/wp\/v2\/users\/1"}],"replies":[{"embeddable":true,"href":"https:\/\/pistas365.com\/vistabellapadel\/fr\/wp-json\/wp\/v2\/comments?post=6"}],"version-history":[{"count":4,"href":"https:\/\/pistas365.com\/vistabellapadel\/fr\/wp-json\/wp\/v2\/pages\/6\/revisions"}],"predecessor-version":[{"id":223,"href":"https:\/\/pistas365.com\/vistabellapadel\/fr\/wp-json\/wp\/v2\/pages\/6\/revisions\/223"}],"wp:featuredmedia":[{"embeddable":true,"href":"https:\/\/pistas365.com\/vistabellapadel\/fr\/wp-json\/wp\/v2\/media\/214"}],"wp:attachment":[{"href":"https:\/\/pistas365.com\/vistabellapadel\/fr\/wp-json\/wp\/v2\/media?parent=6"}],"wp:term":[{"taxonomy":"post_tag","embeddable":true,"href":"https:\/\/pistas365.com\/vistabellapadel\/fr\/wp-json\/wp\/v2\/tags?post=6"}],"curies":[{"name":"wp","href":"https:\/\/api.w.org\/{rel}","templated":true}]}}