{"id":6,"date":"2022-02-08T14:11:08","date_gmt":"2022-02-08T14:11:08","guid":{"rendered":"https:\/\/pistas365.com\/vistabellapadel\/?page_id=6"},"modified":"2024-05-03T09:37:38","modified_gmt":"2024-05-03T07:37:38","slug":"welcome-to-racketcenter","status":"publish","type":"page","link":"https:\/\/pistas365.com\/vistabellapadel\/de\/","title":{"rendered":"Willkommen bei<br>Vistabella Padel!"},"content":{"rendered":"<p><strong>Vistabella Padel ist ein Padel-Treffpunkt im Vistabella Golf Complex in Orihuela, Costa Blanca.<\/strong><\/p>\n<ul>\n<li><strong>Vistabella padel bietet<\/strong> - 3 Padelpl\u00e4tze im Freien.<\/li>\n<li><strong>Padel-Ausbildung<\/strong> - Padel-Trainer Cosme Ruiz bietet seine Dienste an diesem Ort an.<\/li>\n<li><strong>Adresse<\/strong> - Av. del Golf, 447, Orihuela.<\/li>\n<li><strong>Die \u00d6ffnungszeiten <\/strong>- Montag bis Sonntag 08:00-23:00.<\/li>\n<\/ul>\n<h2>Padelplatz Miete<\/h2>\n<p>Die Padelpl\u00e4tze von Vistabella Padel k\u00f6nnen auf dieser Seite nicht online gebucht werden. Die n\u00e4chstgelegene M\u00f6glichkeit zur Online-Padelbuchung bei Pistas365 ist:<\/p>\n<ol>\n<li><a href=\"https:\/\/pistas365.com\/novapadel\/\" target=\"_blank\" rel=\"noopener\">Nova Padel<\/a> in Torrevieja (Padel-Hallenpl\u00e4tze).<\/li>\n<li><a href=\"https:\/\/pistas365.com\/losangelespadel\/\" target=\"_blank\" rel=\"noopener\">Los Angles Padel<\/a> in Torrevieja (Au\u00dfenpl\u00e4tze).<\/li>\n<\/ol>\n<p>Sind Sie der Eigent\u00fcmer von Vistabella Padel? Bitte besuchen Sie unser <a href=\"https:\/\/pistas365.com\/add-your-business\/\" target=\"_blank\" rel=\"noopener\">Partnerseite<\/a> um herauszufinden, wie wir Ihnen helfen k\u00f6nnen.<\/p>\n<h3>Padel-Ausbildung<\/h3>\n<p><img loading=\"lazy\" decoding=\"async\" class=\"aligncenter size-full wp-image-210\" src=\"https:\/\/pistas365.com\/vistabellapadel\/wp-content\/uploads\/sites\/27\/training-vistabella-padel.webp\" alt=\"Ausbildung am Vistabella Padel\" width=\"500\" height=\"360\" srcset=\"https:\/\/pistas365.com\/vistabellapadel\/wp-content\/uploads\/sites\/27\/training-vistabella-padel.webp 500w, https:\/\/pistas365.com\/vistabellapadel\/wp-content\/uploads\/sites\/27\/training-vistabella-padel-300x216.webp 300w, https:\/\/pistas365.com\/vistabellapadel\/wp-content\/uploads\/sites\/27\/training-vistabella-padel-18x12.webp 18w, https:\/\/pistas365.com\/vistabellapadel\/wp-content\/uploads\/sites\/27\/training-vistabella-padel-360x259.webp 360w\" sizes=\"(max-width: 500px) 100vw, 500px\" \/><\/p>\n<p><strong>Wenn Sie Padel-Training bei Vistabella Padel w\u00fcnschen, k\u00f6nnen Sie ein Training bei dem professionellen Padel-Trainer Cosme Ruiz buchen. Cosme bietet Privattraining und Gruppentraining an.<\/strong><\/p>\n<p>Um mehr \u00fcber diesen Padel-Trainer zu erfahren und um Ihr Padel-Training bei Vista Bella Padel zu reservieren, besuchen Sie bitte unsere Website: <a href=\"https:\/\/pistas365.com\/cosmeruiz\/\">Padel-Training mit Cosme Ruiz<\/a>.<\/p>\n<h3>Vistabella Padel Standort<\/h3>\n<p><iframe loading=\"lazy\" style=\"border: 0;\" src=\"https:\/\/www.google.com\/maps\/embed?pb=!1m18!1m12!1m3!1d25139.06142022597!2d-0.8442646027413757!3d38.038168761485615!2m3!1f0!2f0!3f0!3m2!1i1024!2i768!4f13.1!3m3!1m2!1s0xd63a6c9ef4460ab%3A0x7521bdb2364daf23!2sVistabella%20Golf!5e0!3m2!1ssv!2ses!4v1714552603290!5m2!1ssv!2ses\" width=\"100%\" height=\"350\" allowfullscreen=\"allowfullscreen\"><\/iframe><\/p>\n<h3>Kontaktinformationen<\/h3>\n<p><strong>Vistabella Golf\u00a0<\/strong><br \/>\n+34 966 10 78 46<br \/>\nBesuch: <a href=\"https:\/\/vistabellagolf.com\/contacto\/\" target=\"_blank\" rel=\"noopener\">Kontakt Seite<\/a><\/p>","protected":false},"excerpt":{"rendered":"<p>Vistabella Padel is a padel venue located on the Vistabella Golf Complex in Orihuela, Costa Blanca. Vistabella padel offers &#8211; 3 outdoor padel courts. Padel training &#8211; Padel trainer Cosme Ruiz offers his services at this location. Adress &#8211; Av. del Golf, 447, Orihuela. Opening hours &#8211; Monday to Sunday 08:00-23:00. Padel court rent The [&hellip;]<\/p>\n","protected":false},"author":1,"featured_media":214,"parent":0,"menu_order":0,"comment_status":"closed","ping_status":"closed","template":"","meta":{"_acf_changed":false,"footnotes":""},"tags":[],"acf":[],"_links":{"self":[{"href":"https:\/\/pistas365.com\/vistabellapadel\/de\/wp-json\/wp\/v2\/pages\/6"}],"collection":[{"href":"https:\/\/pistas365.com\/vistabellapadel\/de\/wp-json\/wp\/v2\/pages"}],"about":[{"href":"https:\/\/pistas365.com\/vistabellapadel\/de\/wp-json\/wp\/v2\/types\/page"}],"author":[{"embeddable":true,"href":"https:\/\/pistas365.com\/vistabellapadel\/de\/wp-json\/wp\/v2\/users\/1"}],"replies":[{"embeddable":true,"href":"https:\/\/pistas365.com\/vistabellapadel\/de\/wp-json\/wp\/v2\/comments?post=6"}],"version-history":[{"count":4,"href":"https:\/\/pistas365.com\/vistabellapadel\/de\/wp-json\/wp\/v2\/pages\/6\/revisions"}],"predecessor-version":[{"id":223,"href":"https:\/\/pistas365.com\/vistabellapadel\/de\/wp-json\/wp\/v2\/pages\/6\/revisions\/223"}],"wp:featuredmedia":[{"embeddable":true,"href":"https:\/\/pistas365.com\/vistabellapadel\/de\/wp-json\/wp\/v2\/media\/214"}],"wp:attachment":[{"href":"https:\/\/pistas365.com\/vistabellapadel\/de\/wp-json\/wp\/v2\/media?parent=6"}],"wp:term":[{"taxonomy":"post_tag","embeddable":true,"href":"https:\/\/pistas365.com\/vistabellapadel\/de\/wp-json\/wp\/v2\/tags?post=6"}],"curies":[{"name":"wp","href":"https:\/\/api.w.org\/{rel}","templated":true}]}}