{"id":898,"date":"2025-02-21T12:58:46","date_gmt":"2025-02-21T11:58:46","guid":{"rendered":"https:\/\/pistas365.com\/?page_id=898"},"modified":"2026-02-24T09:56:47","modified_gmt":"2026-02-24T08:56:47","slug":"framgangsrik-padelanlaggning","status":"publish","type":"page","link":"https:\/\/pistas365.com\/sv\/padel\/information\/successful-padel-facility\/","title":{"rendered":"Hur man skapar en framg\u00e5ngsrik padelanl\u00e4ggning"},"content":{"rendered":"<p><strong>Att skapa en framg\u00e5ngsrik padelanl\u00e4ggning handlar i grunden om att skapa en milj\u00f6 som ger sina bes\u00f6kare fantastiska upplevelser.<\/strong><\/p>\n<p>Det \u00e4r viktigt att komma ih\u00e5g att en padelupplevelse best\u00e5r av flera delar. Tillsammans bildar dessa delar den helhetsupplevelse som g\u00f6r att bes\u00f6karen v\u00e4ljer att \u00e5terkomma.<\/p>\n<p>L\u00e5t oss ta en n\u00e4rmare titt p\u00e5 n\u00e5gra av de praktiska komponenterna i en fantastisk padelupplevelse!<\/p>\n<div class=\"accordion-section\">\r\n<h3 class=\"accordion-section-title\" data-item=\"accordion-1-provide-online-booking\">1. Erbjud onlinebokning<\/h3>\r\n<div class=\"accordion-section-content\" data-item=\"accordion-1-provide-online-booking\"><\/p>\n<p><strong>Det f\u00f6rsta hindret som en ny bes\u00f6kare m\u00e5ste \u00f6vervinna \u00e4r att boka en bana. Detta m\u00e5ste k\u00e4nnas enkelt och tryggt.<\/strong><\/p>\n<ol>\n<li><strong>Du beh\u00f6ver<\/strong> en representativ och anv\u00e4ndarv\u00e4nlig webbplats. Det \u00e4r h\u00e4r som bes\u00f6karen kommer in och f\u00e5r sitt f\u00f6rsta intryck.<\/li>\n<li><strong>\u00a0Om din<\/strong> m\u00e5lgrupp best\u00e5r av bes\u00f6kare fr\u00e5n olika l\u00e4nder, b\u00f6r du kunna bem\u00f6ta dem p\u00e5 deras eget spr\u00e5k.<\/li>\n<li><strong>Enkel bokning online<\/strong> - padel-spelare f\u00f6rv\u00e4ntar sig att kunna hitta och sedan boka lediga tider med hj\u00e4lp av sin telefon. En mobilanpassad webbplats med enkel bokning \u00e4r ett m\u00e5ste.<\/li>\n<li><strong>En mobilapp<\/strong> f\u00f6r bokning kan vara bra, men t\u00e4nk p\u00e5 att tillf\u00e4lliga bes\u00f6kare kan k\u00e4nna  motst\u00e5nd inf\u00f6r att ladda ner, f\u00f6rst\u00e5, skapa ett konto och l\u00e4mna kreditkortsinformation f\u00f6r att g\u00f6ra en bokning hos dig.<\/li>\n<\/ol>\n<p><\/div>\r\n<\/div>\r\n\n<div class=\"accordion-section\">\r\n<h3 class=\"accordion-section-title\" data-item=\"accordion-2-make-a-strong-first-impression\">2. G\u00f6r ett starkt f\u00f6rsta intryck<\/h3>\r\n<div class=\"accordion-section-content\" data-item=\"accordion-2-make-a-strong-first-impression\"><\/p>\n<p><strong>Det f\u00f6rsta intrycket \u00e4r starkt. Detta kan du p\u00e5verka genom att tillgodose bes\u00f6karens praktiska behov och estetiska f\u00f6rv\u00e4ntningar. Du vill erbjuda en milj\u00f6 som k\u00e4nns tilltalande och l\u00e4tt att orientera sig i.<\/strong><\/p>\n<ol>\n<li><strong>Tillg\u00e4nglighet<\/strong> - N\u00e4r en spelare anl\u00e4nder till en padelanl\u00e4ggning vill han eller hon kunna parkera och hitta r\u00e4tt plats p\u00e5 ett enkelt s\u00e4tt.<\/li>\n<li><strong>Mottagande<\/strong> - Om det finns personal p\u00e5 anl\u00e4ggningen ska de v\u00e4lkomna och v\u00e4gleda bes\u00f6karen r\u00e4tt. Om anl\u00e4ggningen \u00e4r obemannad m\u00e5ste bes\u00f6karen f\u00e5 tydliga instruktioner f\u00f6re och under bes\u00f6ket. Detta inneb\u00e4r att skicka tydlig information i bokningsbekr\u00e4ftelsen och att ha bra skyltning p\u00e5 anl\u00e4ggningen.<\/li>\n<li><strong>Milj\u00f6<\/strong> - Det \u00e4r viktigt att t\u00e4nka p\u00e5 att en padelupplevelse i h\u00f6g grad p\u00e5verkas av den milj\u00f6 d\u00e4r den \u00e4ger rum. Att allt \u00e4r helt och rent \u00e4r ett minimum f\u00f6r en trestj\u00e4rnig upplevelse.<\/li>\n<li><strong>F\u00f6r dem som<\/strong> som vill erbjuda sina bes\u00f6kare en fyra- eller femstj\u00e4rnig upplevelse handlar det om att tillhandah\u00e5lla en estetiskt tilltalande och bekv\u00e4m milj\u00f6 utan synliga brister. P\u00e5 en obemannad anl\u00e4ggning kan fokus p\u00e5 milj\u00f6n kompensera f\u00f6r den servicef\u00f6rlust som avsaknaden av personligt mottagande inneb\u00e4r.<\/li>\n<li><strong>Serviceinr\u00e4ttningar<\/strong> - Padelspelare f\u00f6rv\u00e4ntar sig tillg\u00e5ng till toalett samt f\u00f6rs\u00e4ljning av vatten, bollar, grepp och uthyrning av padelracketar f\u00f6re matchen.<\/li>\n<\/ol>\n<p><\/div>\r\n<\/div>\r\n\n<div class=\"accordion-section\">\r\n<h3 class=\"accordion-section-title\" data-item=\"accordion-3-deliver-a-great-game-experience\">3. Leverera en fantastisk spelupplevelse<\/h3>\r\n<div class=\"accordion-section-content\" data-item=\"accordion-3-deliver-a-great-game-experience\"><\/p>\n<p><strong>Spelupplevelsen p\u00e5 en padelbana best\u00e5r av banans kvalitet och skick.<\/strong><\/p>\n<ol>\n<li><strong>En bra<\/strong> bana har en j\u00e4mn studs \u00f6ver hela ytan med mycket f\u00e5 oj\u00e4mna omr\u00e5den d\u00e4r bollen studsar of\u00f6ruts\u00e4gbart.<\/li>\n<li><strong>Banan<\/strong> ska ha ett j\u00e4mnt lager sand som \u00e4r v\u00e4l f\u00f6rdelat. Ytor med mycket sand p\u00e5 ytan p\u00e5verkar bollens studs och \u00f6kar risken f\u00f6r halka och skador.<\/li>\n<li><strong>N\u00e4ten<\/strong> skall vara hela och v\u00e4l sp\u00e4nda. En bredare tejp i n\u00e4tets \u00f6verkant har ingen praktisk effekt men bidrar till en premiumk\u00e4nsla.<\/li>\n<li><strong>Banornas<\/strong> glas skall vara v\u00e4lpolerade och banorna ska vara fria fr\u00e5n skr\u00e4p.<\/li>\n<li><strong>Banorna<\/strong> f\u00e5r inte ha n\u00e5gra defekter i beslag, staket, n\u00e4tinstallationer eller n\u00e5got annat som kan \u00f6ka risken f\u00f6r skador under spel.<\/li>\n<li><strong>Banorna<\/strong>\u00a0ska vara v\u00e4l markerade med nummer och eventuella regler f\u00f6r dess anv\u00e4ndning. Information om bokning och andra tj\u00e4nster b\u00f6r ocks\u00e5 finnas tillg\u00e4nglig p\u00e5 varje bana.<\/li>\n<li><strong>Ett skyddsn\u00e4t<\/strong> n\u00e4t som minskar antalet bollar som sl\u00e5s ut ur banan b\u00f6r installeras p\u00e5 kortsidan av banan men \u00e4ven p\u00e5 l\u00e5ngsidan om det beh\u00f6vs. Speciellt om det finns risk f\u00f6r f\u00f6rlorade bollar. Detta minskar avbrotten i spelet p\u00e5 b\u00e5de din egen och intilliggande banor.<\/li>\n<li><strong>Utanf\u00f6r<\/strong> banans entr\u00e9 b\u00f6r det finnas tillg\u00e5ng till fyra sittplatser. En bonus \u00e4r om det \u00e4ven finns tillg\u00e5ng till skugga och ett bord.<\/li>\n<li><strong>Ju b\u00e4ttre<\/strong> det visuella skicket p\u00e5 en bana \u00e4r, desto b\u00e4ttre blir spelupplevelsen. F\u00f6rs\u00f6k att eliminera alla synliga brister som rostfl\u00e4ckar, oj\u00e4mna staket, n\u00e4treparationer, l\u00f6sa kablar och andra saker som kan st\u00f6ra \u00f6gat.<\/li>\n<\/ol>\n<p><\/div>\r\n<\/div>\r\n\n<div class=\"accordion-section\">\r\n<h3 class=\"accordion-section-title\" data-item=\"accordion-4-don-t-forget-the-after-padel\">4. Gl\u00f6m inte After-Padel<\/h3>\r\n<div class=\"accordion-section-content\" data-item=\"accordion-4-don-t-forget-the-after-padel\"><\/p>\n<p><strong>Padel \u00e4r en social sport och de flesta padelspelare s\u00e4tter stort v\u00e4rde p\u00e5 det som h\u00e4nder utanf\u00f6r banan. <\/strong><\/p>\n<p>Att skapa en milj\u00f6 och en atmosf\u00e4r som bidrar till en bra upplevelse after-padel upplevelse f\u00f6rst\u00e4rker k\u00e4nslan av gemenskap och bidrar till helhetsupplevelsen.<\/p>\n<ol>\n<li><strong>En trevlig bar<\/strong> och restaurang med utsikt \u00f6ver banorna \u00e4r en dr\u00f6m f\u00f6r alla t\u00f6rstiga och sociala padelspelare.<\/li>\n<li><strong>I avsaknad av<\/strong> en bar och restaurang b\u00f6r det finnas en annan trevlig samlingsplats med bord, stolar och tillg\u00e5ng till skugga. Ju mer tilltalande denna milj\u00f6 \u00e4r, desto mer speciella kommer dina bes\u00f6kare att k\u00e4nna sig.<\/li>\n<\/ol>\n<p><\/div>\r\n<\/div>\r\n\n<hr \/>\n<p>Den h\u00e4r texten sammanfattar n\u00e5gra av de fysiska faktorer som vi har sett leda till framg\u00e5ng hos v\u00e5ra egna kunder och p\u00e5 padelanl\u00e4ggningar runt om i v\u00e4rlden. F\u00f6rhoppningsvis kan n\u00e5got av detta hj\u00e4lpa dig att forts\u00e4tta att lyckas!<\/p>\n<p>I v\u00e5r n\u00e4sta artikel (som kommer inom kort) kommer vi att titta n\u00e4rmare p\u00e5 drift och f\u00f6rvaltning.<\/p>","protected":false},"excerpt":{"rendered":"<p>Creating a successful padel facility fundamentally revolves around creating an environment that delivers great experiences to its visitors. It is important to remember that a padel experience consists of several parts. Together, these parts form the overall experience that makes the visitor choose to return. Let&#8217;s take a closer look at the some of the [&hellip;]<\/p>\n","protected":false},"author":1,"featured_media":900,"parent":591,"menu_order":5,"comment_status":"closed","ping_status":"closed","template":"","meta":{"_acf_changed":false,"footnotes":""},"tags":[],"acf":[],"_links":{"self":[{"href":"https:\/\/pistas365.com\/sv\/wp-json\/wp\/v2\/pages\/898"}],"collection":[{"href":"https:\/\/pistas365.com\/sv\/wp-json\/wp\/v2\/pages"}],"about":[{"href":"https:\/\/pistas365.com\/sv\/wp-json\/wp\/v2\/types\/page"}],"author":[{"embeddable":true,"href":"https:\/\/pistas365.com\/sv\/wp-json\/wp\/v2\/users\/1"}],"replies":[{"embeddable":true,"href":"https:\/\/pistas365.com\/sv\/wp-json\/wp\/v2\/comments?post=898"}],"version-history":[{"count":4,"href":"https:\/\/pistas365.com\/sv\/wp-json\/wp\/v2\/pages\/898\/revisions"}],"predecessor-version":[{"id":960,"href":"https:\/\/pistas365.com\/sv\/wp-json\/wp\/v2\/pages\/898\/revisions\/960"}],"up":[{"embeddable":true,"href":"https:\/\/pistas365.com\/sv\/wp-json\/wp\/v2\/pages\/591"}],"wp:featuredmedia":[{"embeddable":true,"href":"https:\/\/pistas365.com\/sv\/wp-json\/wp\/v2\/media\/900"}],"wp:attachment":[{"href":"https:\/\/pistas365.com\/sv\/wp-json\/wp\/v2\/media?parent=898"}],"wp:term":[{"taxonomy":"post_tag","embeddable":true,"href":"https:\/\/pistas365.com\/sv\/wp-json\/wp\/v2\/tags?post=898"}],"curies":[{"name":"wp","href":"https:\/\/api.w.org\/{rel}","templated":true}]}}