{"id":730,"date":"2023-02-28T14:23:47","date_gmt":"2023-02-28T13:23:47","guid":{"rendered":"https:\/\/pistas365.com\/?page_id=730"},"modified":"2023-03-30T14:15:31","modified_gmt":"2023-03-30T12:15:31","slug":"vinnarbana","status":"publish","type":"page","link":"https:\/\/pistas365.com\/sv\/padel\/information\/rules\/winners-court\/","title":{"rendered":"Padel Vinnarbana turnering"},"content":{"rendered":"<p><strong>Turneringsformen vinnarbana \u00e4r baserad p\u00e5 den klassiska leken \"King Of The Hill\". Den \u00e4r enkel att arrangera och fungerar bra f\u00f6r spelare p\u00e5 olika niv\u00e5er.\u00a0<\/strong><\/p>\n<p>M\u00e5let med denna turnering \u00e4r mycket enkelt. Du m\u00e5ste f\u00f6rst k\u00e4mpa dig upp till vinnarbanan och sedan f\u00f6rsvara din plats d\u00e4r till slutet.<\/p>\n<h2>Regler f\u00f6r Vinnarbana<\/h2>\n<p>Vinnarbana spelas i lag. Lagen kan vara fasta f\u00f6r hela turneringen eller ombildas efter varje omg\u00e5ng.<\/p>\n<ol>\n<li>Innan den f\u00f6rsta matchen b\u00f6rjar best\u00e4ms varje lags motst\u00e5ndare och startbana genom ett lotteri.<\/li>\n<li>N\u00e4r spelet v\u00e4l har b\u00f6rjat \u00e4r reglerna enkla. Det vinnande laget flyttar upp en niv\u00e5 (bana) och det f\u00f6rlorande laget flyttar ner.<\/li>\n<li>Att vinna p\u00e5 vinnarbanan inneb\u00e4r att man beh\u00e5ller sin plats.<\/li>\n<li>M\u00e5let \u00e4r att vinna den sista matchen p\u00e5 vinnarbanan.<\/li>\n<li>Matcherna kan spelas med vilket po\u00e4ngr\u00e4kningssystem som helst. Det viktiga \u00e4r att inga matcher f\u00e5r sluta oavgjort.<\/li>\n<li>Man kan spela om ett f\u00f6rutbest\u00e4mt antal po\u00e4ng eller gem alternativt anv\u00e4nda en timer f\u00f6r att h\u00e5lla alla matcher lika l\u00e5nga.<\/li>\n<li>De sista m\u00e4nnen eller kvinnorna som st\u00e5r som vinnare p\u00e5 vinnarbanan efter den sista matchen \u00e4r vinner turneringen.<\/li>\n<\/ol>\n<h3>Vinnarbana americano<\/h3>\n<p>Vinnarbana spelas normalt i fasta lag men kan ocks\u00e5 spelas individuellt. Denna spelstil kallas ibland Vinnarbana americano, split eller mix.<\/p>\n<ol>\n<li>Innan den f\u00f6rsta omg\u00e5ngen best\u00e4ms spelpartners, startbanor och motst\u00e5ndare genom lottning.<\/li>\n<li>Vid varje ny match byter man spelpartner.<\/li>\n<li>Vid vinst flyttar vinnarna upp en bana OCH byter partner. F\u00f6rlorarna flyttar ner en bana OCH byter partner.<\/li>\n<li>En seger p\u00e5 \"vinnarbanan\" inneb\u00e4r att spelarna beh\u00e5ller sin plats, men de kommer att spela med nya lagkamrater i n\u00e4sta match.<\/li>\n<\/ol>\n<h3>Vinnarbana med utmanare<\/h3>\n<p>N\u00e4r man spelar en Vinnarbana kan antalet lag vanligtvis delas lika med antalet banor. 6 lag = 3 banor. Men du kan l\u00e4gga till ett extra utmanarlag. Detta inneb\u00e4r att 3 banor = 7 lag. 6 lag spelar, ett lag vilar.<\/p>\n<ol>\n<li>Det utmanande laget m\u00e5ste v\u00e4nta p\u00e5 sin chans att delta i spelet.<\/li>\n<li>N\u00e4r den f\u00f6rsta omg\u00e5ngen \u00e4r \u00f6ver byter utmanarna plats med f\u00f6rlorarna p\u00e5 den bana som ligger l\u00e4ngst bort fr\u00e5n vinnarbanan.<\/li>\n<li>F\u00f6r att forts\u00e4tta spela m\u00e5ste utmanarna vinna sin match. Om de f\u00f6rlorar m\u00e5ste de l\u00e4mna banan och v\u00e4nta p\u00e5 en ny omg\u00e5ng.<\/li>\n<\/ol>\n<h2>Organisation av en Vinnarbana<\/h2>\n<p>Turneringsformen vinnarbana \u00e4r f\u00f6rmodligen den enklaste turneringen som finns n\u00e4r det kommer till organisation.<\/p>\n<ul>\n<li>Du beh\u00f6ver minst 8 spelare eller 6 lag.<\/li>\n<li>Det finns ingen \u00f6vre gr\u00e4ns f\u00f6r antalet deltagare, men det \u00e4r b\u00e4st om antalet spelare \u00e4r delbart med fyra.<\/li>\n<li>Man kan spela f\u00f6r hur m\u00e5nga po\u00e4ng som helst. 25 po\u00e4ng brukar fungera bra.<\/li>\n<li>En timer hj\u00e4lper dig att h\u00e5lla tiden i turneringen. Att spela i 12-15 minuter brukar fungera bra.<\/li>\n<li>Ett annat bra alternativ f\u00f6r att h\u00e5lla tiden \u00e4r att avsluta alla matcher s\u00e5 snart den f\u00f6rsta matchen i den p\u00e5g\u00e5ende omg\u00e5ngen \u00e4r \u00f6ver.<\/li>\n<\/ul>\n<p>P\u00e5 grund av vinnarbanans spelsystem kan du komma att spela med samma partner och motst\u00e5ndare flera g\u00e5nger. Samtidigt ger denna turnering j\u00e4mna matcher, eftersom motst\u00e5ndet blir sv\u00e5rare ju b\u00e4ttre du spelar.<\/p>\n<p>P\u00e5 det hela taget \u00e4r turneringsformen vinnarbana ett av de b\u00e4sta s\u00e4tten att t\u00e4vla och ha roligt i padel. Den har alla f\u00f6rdelarna som <a href=\"https:\/\/pistas365.com\/sv\/padel\/information\/regler\/padel-americano\/\">padel americano<\/a> och <a href=\"https:\/\/pistas365.com\/sv\/padel\/information\/regler\/mexicano-turnering\/\">padel mexicano<\/a> har men \u00e4r l\u00e4ttare att organisera och kan bli \u00e4nnu mer t\u00e4vlingsinriktad.<\/p>","protected":false},"excerpt":{"rendered":"<p>The Winners Court tournament is based on the classic game &#8220;King Of The Hill&#8221;. It is simple to arrange and works well for players at different levels.\u00a0 The objective of this tournament is really simple. You need to fight your way up to winners court and then defend your place there until the end. Rules [&hellip;]<\/p>\n","protected":false},"author":1,"featured_media":738,"parent":637,"menu_order":3,"comment_status":"closed","ping_status":"closed","template":"","meta":{"_acf_changed":false,"footnotes":""},"tags":[],"acf":[],"_links":{"self":[{"href":"https:\/\/pistas365.com\/sv\/wp-json\/wp\/v2\/pages\/730"}],"collection":[{"href":"https:\/\/pistas365.com\/sv\/wp-json\/wp\/v2\/pages"}],"about":[{"href":"https:\/\/pistas365.com\/sv\/wp-json\/wp\/v2\/types\/page"}],"author":[{"embeddable":true,"href":"https:\/\/pistas365.com\/sv\/wp-json\/wp\/v2\/users\/1"}],"replies":[{"embeddable":true,"href":"https:\/\/pistas365.com\/sv\/wp-json\/wp\/v2\/comments?post=730"}],"version-history":[{"count":3,"href":"https:\/\/pistas365.com\/sv\/wp-json\/wp\/v2\/pages\/730\/revisions"}],"predecessor-version":[{"id":757,"href":"https:\/\/pistas365.com\/sv\/wp-json\/wp\/v2\/pages\/730\/revisions\/757"}],"up":[{"embeddable":true,"href":"https:\/\/pistas365.com\/sv\/wp-json\/wp\/v2\/pages\/637"}],"wp:featuredmedia":[{"embeddable":true,"href":"https:\/\/pistas365.com\/sv\/wp-json\/wp\/v2\/media\/738"}],"wp:attachment":[{"href":"https:\/\/pistas365.com\/sv\/wp-json\/wp\/v2\/media?parent=730"}],"wp:term":[{"taxonomy":"post_tag","embeddable":true,"href":"https:\/\/pistas365.com\/sv\/wp-json\/wp\/v2\/tags?post=730"}],"curies":[{"name":"wp","href":"https:\/\/api.w.org\/{rel}","templated":true}]}}