{"id":650,"date":"2023-02-16T13:00:17","date_gmt":"2023-02-16T12:00:17","guid":{"rendered":"https:\/\/pistas365.com\/?page_id=650"},"modified":"2023-10-04T16:41:45","modified_gmt":"2023-10-04T14:41:45","slug":"mexicano-turnering","status":"publish","type":"page","link":"https:\/\/pistas365.com\/sv\/padel\/information\/rules\/mexicano-tournament\/","title":{"rendered":"Padel Mexicano turnering"},"content":{"rendered":"<p><strong>Padel Mexicano \u00e4r ett utm\u00e4rkt s\u00e4tt att organisera en turnering f\u00f6r spelare p\u00e5 olika niv\u00e5er.<\/strong><\/p>\n<p>Precis som <a href=\"https:\/\/pistas365.com\/sv\/padel\/information\/regler\/padel-americano\/\">padel americano<\/a> \u00e4r Mexicano en mycket social och trevlig spelform d\u00e4r man f\u00e5r m\u00f6ta nya motst\u00e5ndare och tr\u00e4ffa nya v\u00e4nner.<\/p>\n<h2>Regler f\u00f6r padel mexicano<\/h2>\n<p><strong>I mexicano \u00e4r det inte f\u00f6rutbest\u00e4mt vilka du kommer att spela mot utan spelordningen beror p\u00e5 resultaten av de andra matcherna.<\/strong><\/p>\n<ol>\n<li>Ett lotteri avg\u00f6r vem du spelar med och mot i din f\u00f6rsta match.<\/li>\n<li>Fr\u00e5n och med den andra matchen \u00e4r det resultaten i de andra matcherna som best\u00e4mmer ditt \u00f6de.<\/li>\n<li>Pitting av spelen beror helt p\u00e5 de aktuella resultaten p\u00e5 leaderboard. Nummer 1 och 3 spelar mot 2 och 4. 5 och 7 spelar mot 6 och 8 och s\u00e5 vidare.<\/li>\n<li>N\u00e4r tabellen, efter n\u00e5gra rundor, har stabiliserats kommer matcherna att vara j\u00e4mna. Ju b\u00e4ttre du spelar, desto sv\u00e5rare blir motst\u00e5ndet och vice versa.<\/li>\n<li>Po\u00e4ng- och matchningssystemet i mexicano inneb\u00e4r att du kan spela med och mot samma spelare flera g\u00e5nger.<\/li>\n<\/ol>\n<h3>Po\u00e4ngr\u00e4kning i Mexicano<\/h3>\n<ul>\n<li>Varje match spelas om ett visst antal po\u00e4ng. Vanligtvis 16, 24 eller 32. Matcherna kan ocks\u00e5 spelas under en f\u00f6rutbest\u00e4md tidsperiod p\u00e5 10-20 minuter.<\/li>\n<li>Varje lag serverar 4 eller 6 g\u00e5nger. D\u00e4refter passas serven till motst\u00e5ndaren.<\/li>\n<li>Varje vunnen boll ger en po\u00e4ng till det vinnande laget.<\/li>\n<li>N\u00e4r en match \u00e4r slut registreras po\u00e4ngen och \u00f6verf\u00f6rs d\u00e4refter till de enskilda spelarna. Om en match med 24 po\u00e4ng slutar 10-14 f\u00e5r spelare 1 och 2 10 po\u00e4ng vardera. Spelare 3 och 4 f\u00e5r 14 po\u00e4ng vardera.<\/li>\n<li>N\u00e4r alla matcher har spelats vinner den spelare som har samlat flest po\u00e4ng under hela turneringen.<\/li>\n<\/ul>\n<h3>Team mexicano<\/h3>\n<p>Mexicano kan spelas i lag. En lagmexicano fungerar p\u00e5 precis samma s\u00e4tt som i det individuella uppl\u00e4gget, men ist\u00e4llet f\u00f6r att spela individuellt t\u00e4vlar man i f\u00f6rbest\u00e4mda lag.<\/p>\n<h2>Organisation av en Mexicanoturnering<\/h2>\n<p><strong>F\u00f6r att spela en padel mexicano beh\u00f6ver man minst 8 deltagare eller lag. Det finns ingen \u00f6vre gr\u00e4ns f\u00f6r antalet deltagare. Det \u00e4r dock alltid b\u00e4st om det \u00e4r ett antal som \u00e4r j\u00e4mnt delbart med fyra.<\/strong><\/p>\n<ul>\n<li>Antalet padelbanor som beh\u00f6vs f\u00f6r en mexicano beror p\u00e5 antalet deltagare.<\/li>\n<li>Det b\u00e4sta \u00e4r om antalet banor motsvarar antalet spelare. 8 spelare = 2 banor, 12 spelare = 3 banor och s\u00e5 vidare.<\/li>\n<li>Det g\u00e5r bra att blanda spelare p\u00e5 olika <a href=\"https:\/\/pistas365.com\/sv\/padel\/information\/nivaer\/\">padelniv\u00e5er<\/a>.<\/li>\n<li>Den normala speltiden f\u00f6r en Mexicano-turnering \u00e4r ca 2 timmar. En 24-po\u00e4ngsmatch tar ca 12 minuter att spela.<\/li>\n<li>Innan du b\u00f6rjar kan du f\u00f6rbereda en mall eller anv\u00e4nda en app d\u00e4r du kan ange po\u00e4ng och resultat.<\/li>\n<\/ul>","protected":false},"excerpt":{"rendered":"<p>The mexicano padel tournament is a great way to organize a tournament for players at different skill levels. Just like the americano tournament the mexicano is very social and a great way to play new opponents and meet new friends. Rules of padel mexicano In the mexicano the order of who you play against is [&hellip;]<\/p>\n","protected":false},"author":1,"featured_media":654,"parent":637,"menu_order":0,"comment_status":"closed","ping_status":"closed","template":"","meta":{"_acf_changed":false,"footnotes":""},"tags":[],"acf":[],"_links":{"self":[{"href":"https:\/\/pistas365.com\/sv\/wp-json\/wp\/v2\/pages\/650"}],"collection":[{"href":"https:\/\/pistas365.com\/sv\/wp-json\/wp\/v2\/pages"}],"about":[{"href":"https:\/\/pistas365.com\/sv\/wp-json\/wp\/v2\/types\/page"}],"author":[{"embeddable":true,"href":"https:\/\/pistas365.com\/sv\/wp-json\/wp\/v2\/users\/1"}],"replies":[{"embeddable":true,"href":"https:\/\/pistas365.com\/sv\/wp-json\/wp\/v2\/comments?post=650"}],"version-history":[{"count":4,"href":"https:\/\/pistas365.com\/sv\/wp-json\/wp\/v2\/pages\/650\/revisions"}],"predecessor-version":[{"id":791,"href":"https:\/\/pistas365.com\/sv\/wp-json\/wp\/v2\/pages\/650\/revisions\/791"}],"up":[{"embeddable":true,"href":"https:\/\/pistas365.com\/sv\/wp-json\/wp\/v2\/pages\/637"}],"wp:featuredmedia":[{"embeddable":true,"href":"https:\/\/pistas365.com\/sv\/wp-json\/wp\/v2\/media\/654"}],"wp:attachment":[{"href":"https:\/\/pistas365.com\/sv\/wp-json\/wp\/v2\/media?parent=650"}],"wp:term":[{"taxonomy":"post_tag","embeddable":true,"href":"https:\/\/pistas365.com\/sv\/wp-json\/wp\/v2\/tags?post=650"}],"curies":[{"name":"wp","href":"https:\/\/api.w.org\/{rel}","templated":true}]}}