{"id":639,"date":"2023-02-16T11:22:38","date_gmt":"2023-02-16T10:22:38","guid":{"rendered":"https:\/\/pistas365.com\/?page_id=639"},"modified":"2023-03-01T11:53:48","modified_gmt":"2023-03-01T10:53:48","slug":"padel-americano","status":"publish","type":"page","link":"https:\/\/pistas365.com\/sv\/padel\/information\/rules\/americano-tournament\/","title":{"rendered":"Padel Americano turnering"},"content":{"rendered":"<p><strong>Padel Americano \u00e4r ett av de enklaste och mest uppskattade s\u00e4tten att organisera en padelturnering. Den \u00e4r rolig, r\u00e4ttvis, social och l\u00e4mplig f\u00f6r alla niv\u00e5er och \u00e5ldrar.<\/strong><\/p>\n<h2>Regler f\u00f6r padel americano<\/h2>\n<p>Reglerna f\u00f6r en americano padel-turnering \u00e4r ganska enkla:<\/p>\n<ol>\n<li>I Americano t\u00e4vlar man individuellt men spelar i par.<\/li>\n<li>Lagen \u00e4ndras varje match och turneringen \u00e4r normalt sett slut n\u00e4r alla har spelat mot alla.<\/li>\n<li>Varje match spelas om ett visst antal po\u00e4ng. Vanligtvis 16, 24 eller 32.<\/li>\n<li>Varje lag servar 2-4 g\u00e5nger, och d\u00e4refter l\u00e4mnas serven \u00f6ver till motst\u00e5ndaren.<\/li>\n<li>Varje vunnen boll \u00e4r v\u00e4rd en po\u00e4ng. N\u00e4r alla bollar har spelats registreras po\u00e4ngen och \u00f6verf\u00f6rs d\u00e4refter till de enskilda spelarna.<\/li>\n<li>Om en match slutar 10-14 f\u00e5r spelare 1 och 2 10 po\u00e4ng vardera. Spelare 3 och 4 f\u00e5r 14 po\u00e4ng vardera.<\/li>\n<li>N\u00e4r alla matcher har spelats vinner den spelare som har samlat flest po\u00e4ng under hela turneringen.<\/li>\n<\/ol>\n<h3>Team americano<\/h3>\n<p>Americano kan ocks\u00e5 spelas i lag. Det fungerar precis som den individuella americano, men i st\u00e4llet f\u00f6r att spelas individuellt t\u00e4vlar man i f\u00f6rbest\u00e4mda lag.<\/p>\n<h2>Grundl\u00e4ggande organisation av en Americano-turnering<\/h2>\n<p>F\u00f6r att spela en padel americano beh\u00f6ver man minst 4 deltagare eller lag. Det finns ingen \u00f6vre gr\u00e4ns f\u00f6r hur m\u00e5nga deltagare som kan medverka. Det \u00e4r dock alltid b\u00e4st om det \u00e4r ett antal som \u00e4r j\u00e4mnt delbart med fyra.<\/p>\n<ul>\n<li>Antalet padelbanor som beh\u00f6vs beror p\u00e5 antalet deltagare.<\/li>\n<li>Det \u00e4r b\u00e4st om antalet banor motsvarar antalet spelare. 4 spelare = 1 bana, 8 spelare = 2 banor och s\u00e5 vidare.<\/li>\n<li>Det g\u00e5r bra att blanda <a href=\"https:\/\/pistas365.com\/sv\/padel\/information\/nivaer\/\">niv\u00e5er<\/a> men om skillnaderna \u00e4r f\u00f6r stora kan du \u00f6verv\u00e4ga att dela upp din Americano i separata grupper eller att v\u00e4lja den <a href=\"https:\/\/pistas365.com\/sv\/padel\/information\/regler\/mexicano-turnering\/\">Mexicano padel<\/a> turnering i st\u00e4llet.<\/li>\n<li>Den normala speltiden f\u00f6r en americano \u00e4r cirka 2 timmar. En match med 24 po\u00e4ng tar cirka 10 minuter att spela.<\/li>\n<li>Innan man b\u00f6rjar beh\u00f6ver man f\u00f6rbereda ett underlag d\u00e4r man kan skriva in po\u00e4ng och resultat.<\/li>\n<\/ul>","protected":false},"excerpt":{"rendered":"<p>Padel Americano is one of the easiest and most appreciated ways to organize a padel tournament. It is fun, fair, social and suitable for all levels and ages. Rules of padel americano The rules of an americano padel tournament are quite simple: In Americano you compete individually but play in pairs. The teams change every [&hellip;]<\/p>\n","protected":false},"author":1,"featured_media":646,"parent":637,"menu_order":0,"comment_status":"closed","ping_status":"closed","template":"","meta":{"_acf_changed":false,"footnotes":""},"tags":[],"acf":[],"_links":{"self":[{"href":"https:\/\/pistas365.com\/sv\/wp-json\/wp\/v2\/pages\/639"}],"collection":[{"href":"https:\/\/pistas365.com\/sv\/wp-json\/wp\/v2\/pages"}],"about":[{"href":"https:\/\/pistas365.com\/sv\/wp-json\/wp\/v2\/types\/page"}],"author":[{"embeddable":true,"href":"https:\/\/pistas365.com\/sv\/wp-json\/wp\/v2\/users\/1"}],"replies":[{"embeddable":true,"href":"https:\/\/pistas365.com\/sv\/wp-json\/wp\/v2\/comments?post=639"}],"version-history":[{"count":14,"href":"https:\/\/pistas365.com\/sv\/wp-json\/wp\/v2\/pages\/639\/revisions"}],"predecessor-version":[{"id":747,"href":"https:\/\/pistas365.com\/sv\/wp-json\/wp\/v2\/pages\/639\/revisions\/747"}],"up":[{"embeddable":true,"href":"https:\/\/pistas365.com\/sv\/wp-json\/wp\/v2\/pages\/637"}],"wp:featuredmedia":[{"embeddable":true,"href":"https:\/\/pistas365.com\/sv\/wp-json\/wp\/v2\/media\/646"}],"wp:attachment":[{"href":"https:\/\/pistas365.com\/sv\/wp-json\/wp\/v2\/media?parent=639"}],"wp:term":[{"taxonomy":"post_tag","embeddable":true,"href":"https:\/\/pistas365.com\/sv\/wp-json\/wp\/v2\/tags?post=639"}],"curies":[{"name":"wp","href":"https:\/\/api.w.org\/{rel}","templated":true}]}}