{"id":637,"date":"2023-02-16T11:08:54","date_gmt":"2023-02-16T10:08:54","guid":{"rendered":"https:\/\/pistas365.com\/?page_id=637"},"modified":"2025-02-25T09:53:11","modified_gmt":"2025-02-25T08:53:11","slug":"regler","status":"publish","type":"page","link":"https:\/\/pistas365.com\/sv\/padel\/information\/rules\/","title":{"rendered":"Padelregler och turneringar"},"content":{"rendered":"<p>Reglerna f\u00f6r padel liknar dem f\u00f6r tennis, men padel spelas p\u00e5 en mindre bana omgiven av v\u00e4ggar. Spelet kan spelas i singel- eller dubbelformat.<\/p>\n<h2>Regler f\u00f6r padel<\/h2>\n<h3>Po\u00e4ngsystem i padel<\/h3>\n<p>Padeltennis spelas vanligtvis i tre set, d\u00e4r varje set best\u00e5r av sex matcher. Vinnaren av ett set \u00e4r det f\u00f6rsta laget som n\u00e5r sex matcher, med en ledning p\u00e5 tv\u00e5 matcher. Om st\u00e4llningen n\u00e5r 6-6 spelas en tiebreaker f\u00f6r att fastst\u00e4lla vinnaren. Det f\u00f6rsta laget som vinner sju po\u00e4ng vinner i tiebreak.<\/p>\n<p>Po\u00e4ng tas n\u00e4r motst\u00e5ndarlaget misslyckas med att returnera bollen, sl\u00e5r bollen utanf\u00f6r banan eller sl\u00e5r bollen i n\u00e4tet. Po\u00e4ngen r\u00e4knas normalt precis som i tennis (15, 30, 40, spel).<\/p>\n<h3>Regler f\u00f6r uppl\u00e4gget<\/h3>\n<p>Uppslaget i padel m\u00e5ste utf\u00f6ras p\u00e5 underhand och bollen m\u00e5ste studsa en g\u00e5ng innan den tr\u00e4ffas av servaren.<\/p>\n<p>Servet m\u00e5ste g\u00f6ras fr\u00e5n bakom baslinjen och landa i den diagonalt motsatta serveboxen. Servern m\u00e5ste ocks\u00e5 st\u00e5 utanf\u00f6r serveboxen, med minst en fot bakom baslinjen.<\/p>\n<p>Serven betraktas som ett fel om den tr\u00e4ffar n\u00e4tet eller landar utanf\u00f6r banans gr\u00e4nser eller om den studsar p\u00e5 staketet. Om den studsar p\u00e5 glaset \u00e4r den godk\u00e4nd. Om bollen tr\u00e4ffar n\u00e4tet under en serve betraktas det som en let och servaren f\u00e5r en ny m\u00f6jlighet att serva utan bestraffning.<\/p>\n<h3>Bollen kan bara studsa en g\u00e5ng p\u00e5 marken<\/h3>\n<p>Efter serve-servet m\u00e5ste bollen studsa en g\u00e5ng p\u00e5 marken innan den kan returneras av motst\u00e5ndarlaget. N\u00e4r bollen har returnerats kan b\u00e5da lagen spela bollen fr\u00e5n studsen eller fr\u00e5n v\u00e4ggarna. Bollen m\u00e5ste dock alltid studsa en g\u00e5ng p\u00e5 marken innan den kan sl\u00e5s igen.<\/p>\n<h3>Regler f\u00f6r anv\u00e4ndning av v\u00e4ggarna i padel<\/h3>\n<p>V\u00e4ggarna p\u00e5 en padelbana best\u00e5r av tv\u00e5 delar. Glas och metall. Glasv\u00e4ggarna som omger padelbanan betraktas som in-bounds och bollen kan spelas utanf\u00f6r v\u00e4ggarna under ett rally.<\/p>\n<p>Metallstaketet skiljer sig fr\u00e5n glaset. Inkommande bollar kan spelas efter att ha studsat p\u00e5 staketet men staketet kan inte anv\u00e4ndas f\u00f6r returbollar.<\/p>\n<p>En spelare kan sl\u00e5 bollen fr\u00e5n glasv\u00e4ggarna i vilken riktning som helst, inklusive \u00f6ver n\u00e4tet.<\/p>\n<h3>Fel<\/h3>\n<p>Ett fel beg\u00e5s n\u00e4r en spelare misslyckas med att returnera bollen, sl\u00e5r bollen utanf\u00f6r banan, sl\u00e5r bollen i n\u00e4tet eller beg\u00e5r ett fotfel. Motst\u00e5ndarlaget tilldelas en po\u00e4ng n\u00e4r ett fel beg\u00e5s.<\/p>\n<h3>L\u00e5t<\/h3>\n<p>En l\u00e5t kallas n\u00e4r spelet st\u00f6rs, t.ex. n\u00e4r en boll rullar in p\u00e5 planen fr\u00e5n en annan plan eller n\u00e4r en spelare inte \u00e4r redo att ta emot servet. I s\u00e5dana fall spelas po\u00e4ngen om utan straff.<\/p>\n<p>P\u00e5 det hela taget \u00e4r padel en snabb och sp\u00e4nnande sport som kan uppskattas av spelare p\u00e5 alla niv\u00e5er. Det \u00e4r viktigt att f\u00f6rst\u00e5 spelreglerna f\u00f6r att kunna spela och njuta av padel.<\/p>","protected":false},"excerpt":{"rendered":"<p>The rules of padel is similar to tennis but padel is played on a smaller court surrounded by walls. The game can be played in singles or doubles format. Padel rules Scoring system in padel Padel tennis is typically played in 3 sets, with each set consisting of six games. The winner of a set [&hellip;]<\/p>\n","protected":false},"author":1,"featured_media":680,"parent":591,"menu_order":0,"comment_status":"closed","ping_status":"closed","template":"page-start3.php","meta":{"_acf_changed":false,"footnotes":""},"tags":[],"acf":[],"_links":{"self":[{"href":"https:\/\/pistas365.com\/sv\/wp-json\/wp\/v2\/pages\/637"}],"collection":[{"href":"https:\/\/pistas365.com\/sv\/wp-json\/wp\/v2\/pages"}],"about":[{"href":"https:\/\/pistas365.com\/sv\/wp-json\/wp\/v2\/types\/page"}],"author":[{"embeddable":true,"href":"https:\/\/pistas365.com\/sv\/wp-json\/wp\/v2\/users\/1"}],"replies":[{"embeddable":true,"href":"https:\/\/pistas365.com\/sv\/wp-json\/wp\/v2\/comments?post=637"}],"version-history":[{"count":3,"href":"https:\/\/pistas365.com\/sv\/wp-json\/wp\/v2\/pages\/637\/revisions"}],"predecessor-version":[{"id":919,"href":"https:\/\/pistas365.com\/sv\/wp-json\/wp\/v2\/pages\/637\/revisions\/919"}],"up":[{"embeddable":true,"href":"https:\/\/pistas365.com\/sv\/wp-json\/wp\/v2\/pages\/591"}],"wp:featuredmedia":[{"embeddable":true,"href":"https:\/\/pistas365.com\/sv\/wp-json\/wp\/v2\/media\/680"}],"wp:attachment":[{"href":"https:\/\/pistas365.com\/sv\/wp-json\/wp\/v2\/media?parent=637"}],"wp:term":[{"taxonomy":"post_tag","embeddable":true,"href":"https:\/\/pistas365.com\/sv\/wp-json\/wp\/v2\/tags?post=637"}],"curies":[{"name":"wp","href":"https:\/\/api.w.org\/{rel}","templated":true}]}}