{"id":575,"date":"2022-11-17T12:45:00","date_gmt":"2022-11-17T11:45:00","guid":{"rendered":"https:\/\/pistas365.com\/?page_id=575"},"modified":"2023-03-02T11:03:55","modified_gmt":"2023-03-02T10:03:55","slug":"torrevieja","status":"publish","type":"page","link":"https:\/\/pistas365.com\/sv\/padel\/information\/cities\/torrevieja\/","title":{"rendered":"Padel i Torrevieja"},"content":{"rendered":"<p><strong>S\u00e5 du vill spela padel i Torrevieja med omnejd? D\u00e5 har du kommit till r\u00e4tt st\u00e4lle!<\/strong><\/p>\n<p>Torrevieja har 320 soldagar per \u00e5r och en mycket aktiv padel-community.<\/p>\n<p>I Torrevieja och n\u00e4rliggande omr\u00e5den Guardamar, Playa Flamenca, La Zenia, Campoamor och Mil Palmeras hittar du:<\/p>\n<ul>\n<li><strong>7<\/strong> padel platser<\/li>\n<li><strong>42<\/strong> utomhus padelbanor<\/li>\n<li><strong>9<\/strong> T\u00e4ckta eller inomhus bel\u00e4gna padelbanor.<\/li>\n<li><strong>3<\/strong> butiker med padelutrustning.<\/li>\n<li><strong>15+<\/strong> padeltr\u00e4nare.<\/li>\n<li><strong>1<\/strong> padelskola f\u00f6r barn<\/li>\n<li><strong>30+<\/strong> organiserad padelverksamhet per vecka.<\/li>\n<\/ul>\n<p>L\u00e5t oss b\u00f6rja med vad vi kan hitta inom Torreviejas stadsgr\u00e4nser. Sedan tar vi en titt p\u00e5 de omgivande omr\u00e5dena.<\/p>\n<h2>Padelbanor i Torrevieja<\/h2>\n<p><strong>Inom Torreviejas stadsgr\u00e4nser finns det fyra padelplatser.<\/strong><\/p>\n<ol>\n<li><a href=\"https:\/\/pistas365.com\/novapadel\/\" target=\"_blank\" rel=\"noopener\">Nova Padel<\/a> - en av tv\u00e5 inomhusplatser f\u00f6r padel i Torrevieja. Nova har tre inomhus- och en utomhuspadelbanor och det \u00e4r h\u00e4r som de seri\u00f6sa lokala padelspelarna spelar. Atmosf\u00e4ren \u00e4r fokuserad p\u00e5 spelet, niv\u00e5n \u00e4r h\u00f6g och matcherna intensiva.<\/li>\n<li><a href=\"https:\/\/pistas365.com\/losangelespadel\/\" target=\"_blank\" rel=\"noopener\">Los Angeles Padel<\/a> - ligger i en mycket mysig bar och fritidsomr\u00e5de som heter Bar Los Angeles. Atmosf\u00e4ren \u00e4r avslappnad och spelare p\u00e5 alla niv\u00e5er, \u00e5ldrar och nationaliteter m\u00f6ts f\u00f6r att njuta av padel, drinkar, livemusik och ett dopp i poolen.<\/li>\n<li><a href=\"https:\/\/pistas365.com\/padel-in\/\" target=\"_blank\" rel=\"noopener\">Padel-In<\/a> - den andra inomhuspadelplatsen i Torrevieja. H\u00e4r finns en v\u00e4nlig atmosf\u00e4r, m\u00e5nga padelaktiviteter och m\u00e5nga svenska padelspelare i alla \u00e5ldrar och p\u00e5 alla niv\u00e5er.<\/li>\n<li><strong>Marina Internacional Padel<\/strong> - tv\u00e5 utomhuspadelbanor som drivs av Marina Internacional Apartment Hotel i Torrevieja International Marina-omr\u00e5det. Banorna \u00e4r i hyfsat skick men fokus f\u00f6r denna plats \u00e4r inte fr\u00e4mst padel.<\/li>\n<\/ol>\n<h3>Padel tr\u00e4nare i Torrevieja<\/h3>\n<p><strong>N\u00e4stan alla padelplatser i och runt Torrevieja samarbetar med padeltr\u00e4nare som kan bokas via platsen. Priset \u00e4r 30-50 euro per tr\u00e4ningspass.<\/strong><\/p>\n<p>H\u00e4r \u00e4r n\u00e5gra bra f\u00f6rslag p\u00e5 privata padeltr\u00e4nare som du enkelt kan boka online just nu:<\/p>\n<ul>\n<li><a href=\"https:\/\/pistas365.com\/chelupadelcoach\/\" target=\"_blank\" rel=\"noopener\">Chelu Velasco<\/a> - en spansk padeltr\u00e4nare som erbjuder sina tj\u00e4nster p\u00e5 Los Angeles Padel i centrala Torrevieja.<\/li>\n<li><a href=\"https:\/\/pistas365.com\/javierricotediaz\/\" target=\"_blank\" rel=\"noopener\">Javier Ricote Diaz<\/a> - en spansk padeltr\u00e4nare p\u00e5 CDM Orihuela Costa (n\u00e4ra Punta Prima).<\/li>\n<\/ul>\n<h3>Padelbutiker i Torrevieja<\/h3>\n<p><strong>F\u00f6r det f\u00f6rsta finns det ingen st\u00f6rre padelbutik i Torrevieja eller i dess n\u00e4rhet. F\u00f6r att hitta s\u00e5dana butiker m\u00e5ste man \u00e5ka till Alicante eller Murcia.<\/strong><\/p>\n<p>I Torrevieja finns det dock n\u00e5gra butiker med padelutrustning:<\/p>\n<ul>\n<li><strong>Dechatlon, Zenia Boulevard<\/strong> - Detta \u00e4r en stor sportbutik som ligger i shoppingcentret Zenia Boulevard 10 km s\u00f6der om Torrevieja. H\u00e4r finns det b\u00e4sta utbudet av padelracketar, grepp, padelbollar och padelskor i omr\u00e5det.<\/li>\n<li><strong>Forum Sport, Habaneras<\/strong> - Detta \u00e4r en stor sportbutik som ligger i k\u00f6pcentret Habaneras i Torrevija. Den har ett hyfsat utbud av padelutrustning och \u00e4r det b\u00e4sta alternativet f\u00f6r padelutrustning inom Torreviejas stadsgr\u00e4nser.<\/li>\n<li><strong>Sprinter Torrevieja,<\/strong> - Detta \u00e4r en stor sportbutik som ligger n\u00e4ra Habaneras shoppingcenter. Den har ett hyfsat utbud av padelutrustning och \u00e4r det n\u00e4st b\u00e4sta alternativet f\u00f6r padelutrustning inom Torreviejas stadsgr\u00e4nser.<\/li>\n<li><strong>Padelplatser med butiker<\/strong> - N\u00e5gra av padelanl\u00e4ggningarna i omr\u00e5det har sm\u00e5 padelbutiker. Dessa \u00e4r: Nova Padel (racketar, bollar, skor) och El Capitan (Legend padelracketar),<\/li>\n<\/ul>\n<h3>Padelskola i Torrevieja<\/h3>\n<p><strong>Det finns ingen padelskola f\u00f6r barn i Torrevieja, s\u00e5 om du vill hitta padeltr\u00e4ning f\u00f6r dina barn har du tv\u00e5 alternativ:<\/strong><\/p>\n<ol>\n<li><a href=\"https:\/\/pistas365.com\/javierricotediaz\/\" target=\"_blank\" rel=\"noopener\">Ricote Padel Academy<\/a> - den enda organiserade padelskolan f\u00f6r barn i omr\u00e5det. Den ligger n\u00e4ra Punta Prima (ca 8 km fr\u00e5n Torrevieja) och erbjuder utbildning f\u00f6r barn i \u00e5ldrarna 6-15 \u00e5r.<\/li>\n<li><strong>Anlita en privat padeltr\u00e4nare<\/strong> - du betalar f\u00f6r varje lektion. De flesta tr\u00e4nare erbjuder grupptr\u00e4ning. Sl\u00e5 dig ihop med n\u00e5gra andra f\u00f6r\u00e4ldrar och skapa din egen padelskola.<\/li>\n<\/ol>\n<h3>Padel-turneringar och aktiviteter<\/h3>\n<p><strong>Gemensamma padelaktiviteter som Pay and Play, Americano och Winner Court-turneringar \u00e4r mycket popul\u00e4ra bland utlandsboende i och runt Torrevieja. <\/strong><\/p>\n<p>I Torrevieja finns det en plats som regelbundet anordnar padelaktiviteter. Det \u00e4r Padel-In. Men i n\u00e4rliggande Playa Flamenca, La Zenia, Campoamor och Mil Palmeras finns det gott om alternativ som du kan l\u00e4sa mer om nedan.<\/p>\n<h2>Padel i Playa Flamenca<\/h2>\n<h2><\/h2>\n<p>&nbsp;<\/p>\n<p>&nbsp;<\/p>\n<p>&nbsp;<\/p>\n<p>&nbsp;<\/p>\n<p>&nbsp;<\/p>\n<p>&nbsp;<\/p>","protected":false},"excerpt":{"rendered":"<p>So you want to play padel in Torrevieja and surrounding areas? Then you have come to the right place! Torrevieja has 320 days of sunshine per year and a very active padel cummunity. In Torrevieja and neighbouring areas Guardamar, Playa Flamenca, La Zenia, Campoamor and Mil Palmeras you find: 7 padel venues 42 outdoor padel [&hellip;]<\/p>\n","protected":false},"author":1,"featured_media":590,"parent":706,"menu_order":0,"comment_status":"closed","ping_status":"closed","template":"","meta":{"_acf_changed":false,"footnotes":""},"tags":[],"acf":[],"_links":{"self":[{"href":"https:\/\/pistas365.com\/sv\/wp-json\/wp\/v2\/pages\/575"}],"collection":[{"href":"https:\/\/pistas365.com\/sv\/wp-json\/wp\/v2\/pages"}],"about":[{"href":"https:\/\/pistas365.com\/sv\/wp-json\/wp\/v2\/types\/page"}],"author":[{"embeddable":true,"href":"https:\/\/pistas365.com\/sv\/wp-json\/wp\/v2\/users\/1"}],"replies":[{"embeddable":true,"href":"https:\/\/pistas365.com\/sv\/wp-json\/wp\/v2\/comments?post=575"}],"version-history":[{"count":4,"href":"https:\/\/pistas365.com\/sv\/wp-json\/wp\/v2\/pages\/575\/revisions"}],"predecessor-version":[{"id":750,"href":"https:\/\/pistas365.com\/sv\/wp-json\/wp\/v2\/pages\/575\/revisions\/750"}],"up":[{"embeddable":true,"href":"https:\/\/pistas365.com\/sv\/wp-json\/wp\/v2\/pages\/706"}],"wp:featuredmedia":[{"embeddable":true,"href":"https:\/\/pistas365.com\/sv\/wp-json\/wp\/v2\/media\/590"}],"wp:attachment":[{"href":"https:\/\/pistas365.com\/sv\/wp-json\/wp\/v2\/media?parent=575"}],"wp:term":[{"taxonomy":"post_tag","embeddable":true,"href":"https:\/\/pistas365.com\/sv\/wp-json\/wp\/v2\/tags?post=575"}],"curies":[{"name":"wp","href":"https:\/\/api.w.org\/{rel}","templated":true}]}}