{"id":413,"date":"2022-03-30T11:40:25","date_gmt":"2022-03-30T09:40:25","guid":{"rendered":"https:\/\/pistas365.com\/?page_id=413"},"modified":"2024-02-06T11:58:25","modified_gmt":"2024-02-06T10:58:25","slug":"villkor","status":"publish","type":"page","link":"https:\/\/pistas365.com\/sv\/terms-conditions\/","title":{"rendered":"Villkor och best\u00e4mmelser"},"content":{"rendered":"<p><strong>V\u00e5ra villkor uppdaterades senast den 2024-02-06. V\u00e4nligen l\u00e4s dessa villkor noggrant innan du anv\u00e4nder v\u00e5r tj\u00e4nst.<\/strong><\/p>\n<h2>Tolkning och definitioner<\/h2>\n<h3>Tolkning<\/h3>\n<p>De ord vars begynnelsebokstav \u00e4r versaler har betydelser som definieras p\u00e5 f\u00f6ljande villkor. F\u00f6ljande definitioner ska ha samma betydelse oavsett om de f\u00f6rekommer i singular eller plural.<\/p>\n<h3>Definitioner<\/h3>\n<p>I enlighet med dessa villkor:<\/p>\n<ul>\n<li><strong>\"Affiliate\"<\/strong> en enhet som kontrollerar, kontrolleras av eller st\u00e5r under gemensam kontroll med en part, d\u00e4r \"kontroll\" inneb\u00e4r \u00e4gande av 50% eller mer av aktier, andelar eller andra v\u00e4rdepapper som ger r\u00e4tt att r\u00f6sta f\u00f6r val av styrelseledam\u00f6ter eller annan ledningsr\u00e4tt.<\/li>\n<li><strong>\"Konto\"<\/strong> \u00e4r ett unikt konto som skapats f\u00f6r dig f\u00f6r att f\u00e5 tillg\u00e5ng till v\u00e5r tj\u00e4nst eller delar av v\u00e5r tj\u00e4nst.<\/li>\n<li><strong>\"F\u00f6retag\"<\/strong> (som i detta avtal kallas \"f\u00f6retaget\", \"vi\", \"oss\" eller \"v\u00e5r\") avser Pistas365.com.<\/li>\n<li><strong>\"Land\"<\/strong> avser Spanien.<\/li>\n<li><strong>\"Inneh\u00e5ll\"<\/strong> avser inneh\u00e5ll som text, bilder eller annan information som kan publiceras, laddas upp, l\u00e4nkas till eller p\u00e5 annat s\u00e4tt g\u00f6ras tillg\u00e4nglig av dig, oavsett inneh\u00e5llets form.<\/li>\n<li><strong>\"Enhet\"<\/strong> inneb\u00e4r alla enheter som kan f\u00e5 tillg\u00e5ng till tj\u00e4nsten, t.ex. en dator, en mobiltelefon eller en digital surfplatta.<\/li>\n<li><strong>\"\u00c5terkoppling\"<\/strong> betyder feedback, innovationer eller f\u00f6rslag som du skickar om v\u00e5r Tj\u00e4nsts egenskaper, prestanda eller funktioner.<\/li>\n<li><strong>\"Service\"<\/strong> h\u00e4nvisar till webbplatsen.<\/li>\n<li><strong>\"Villkor\"<\/strong> (\u00e4ven kallade \"Villkor\" eller \"Anv\u00e4ndarvillkor\") avser dessa villkor som utg\u00f6r hela avtalet mellan dig och f\u00f6retaget om anv\u00e4ndningen av tj\u00e4nsten.<\/li>\n<li><strong>\"Tredjepartstj\u00e4nst f\u00f6r sociala medier\"<\/strong> avser alla tj\u00e4nster eller inneh\u00e5ll (inklusive data, information, produkter eller tj\u00e4nster) som tillhandah\u00e5lls av en tredje part och som kan visas, inkluderas eller g\u00f6ras tillg\u00e4ngliga via tj\u00e4nsten.<\/li>\n<li><strong>\"Webbplats\"<\/strong> h\u00e4nvisar till Pistas365.com, som \u00e4r tillg\u00e4nglig fr\u00e5n https:\/\/pistas365.com.<\/li>\n<li><strong>\"Du\"<\/strong> betyder den person som har tillg\u00e5ng till eller anv\u00e4nder Tj\u00e4nsten, eller det f\u00f6retag eller annan juridisk enhet f\u00f6r vars r\u00e4kning en s\u00e5dan person har tillg\u00e5ng till eller anv\u00e4nder Tj\u00e4nsten, beroende p\u00e5 vad som \u00e4r till\u00e4mpligt.<\/li>\n<\/ul>\n<h2>Bekr\u00e4ftelse<\/h2>\n<p>Detta \u00e4r de villkor som reglerar anv\u00e4ndningen av denna tj\u00e4nst och det avtal som g\u00e4ller mellan dig och f\u00f6retaget. I dessa villkor fastst\u00e4lls alla anv\u00e4ndares r\u00e4ttigheter och skyldigheter i samband med anv\u00e4ndningen av tj\u00e4nsten.<\/p>\n<p>Din tillg\u00e5ng till och anv\u00e4ndning av tj\u00e4nsten \u00e4r villkorad av att du accepterar och f\u00f6ljer dessa villkor. Dessa villkor g\u00e4ller f\u00f6r alla bes\u00f6kare, anv\u00e4ndare och andra som f\u00e5r tillg\u00e5ng till eller anv\u00e4nder tj\u00e4nsten.<\/p>\n<p>Genom att f\u00e5 tillg\u00e5ng till eller anv\u00e4nda tj\u00e4nsten samtycker du till att vara bunden av dessa villkor. Om du inte h\u00e5ller med om n\u00e5gon del av dessa villkor f\u00e5r du inte anv\u00e4nda tj\u00e4nsten.<\/p>\n<p>Du intygar att du \u00e4r \u00f6ver 18 \u00e5r. F\u00f6retaget till\u00e5ter inte att personer under 18 \u00e5r anv\u00e4nder tj\u00e4nsten.<\/p>\n<p>Din tillg\u00e5ng till och anv\u00e4ndning av tj\u00e4nsten \u00e4r ocks\u00e5 villkorad av att du accepterar och f\u00f6ljer f\u00f6retagets sekretesspolicy. V\u00e5r integritetspolicy beskriver v\u00e5ra policyer och f\u00f6rfaranden f\u00f6r insamling, anv\u00e4ndning och utl\u00e4mnande av dina personuppgifter n\u00e4r du anv\u00e4nder applikationen eller webbplatsen och informerar dig om dina integritetsr\u00e4ttigheter och hur lagen skyddar dig. L\u00e4s v\u00e5r integritetspolicy noggrant innan du anv\u00e4nder v\u00e5r tj\u00e4nst.<\/p>\n<h3>Anv\u00e4ndarkonton<\/h3>\n<p>N\u00e4r du skapar ett konto hos oss m\u00e5ste du ge oss information som alltid \u00e4r korrekt, fullst\u00e4ndig och aktuell. Underl\u00e5tenhet att g\u00f6ra detta utg\u00f6r ett brott mot villkoren, vilket kan leda till omedelbar upps\u00e4gning av ditt konto p\u00e5 v\u00e5r tj\u00e4nst.<\/p>\n<p>Du \u00e4r ansvarig f\u00f6r att skydda det l\u00f6senord som du anv\u00e4nder f\u00f6r att f\u00e5 tillg\u00e5ng till tj\u00e4nsten och f\u00f6r alla aktiviteter eller \u00e5tg\u00e4rder som utf\u00f6rs med ditt l\u00f6senord, oavsett om ditt l\u00f6senord anv\u00e4nds i v\u00e5r tj\u00e4nst eller i en tj\u00e4nst f\u00f6r sociala medier fr\u00e5n en tredje part.<\/p>\n<p>Du samtycker till att inte l\u00e4mna ut ditt l\u00f6senord till n\u00e5gon tredje part. Du m\u00e5ste meddela oss omedelbart n\u00e4r du f\u00e5r k\u00e4nnedom om ett brott mot s\u00e4kerheten eller obeh\u00f6rig anv\u00e4ndning av ditt konto.<\/p>\n<p>Du f\u00e5r inte anv\u00e4nda en annan persons eller enhets namn som anv\u00e4ndarnamn eller ett namn som inte \u00e4r lagligt tillg\u00e4ngligt f\u00f6r anv\u00e4ndning, ett namn eller ett varum\u00e4rke som \u00e4r f\u00f6rem\u00e5l f\u00f6r n\u00e5gon annan persons eller enhets r\u00e4ttigheter \u00e4n din utan l\u00e4mpligt tillst\u00e5nd, eller ett namn som p\u00e5 annat s\u00e4tt \u00e4r st\u00f6tande, vulg\u00e4rt eller obscent.<\/p>\n<h2>Inneh\u00e5ll<\/h2>\n<h3>Din r\u00e4tt att publicera inneh\u00e5ll<\/h3>\n<p>V\u00e5r tj\u00e4nst g\u00f6r det m\u00f6jligt f\u00f6r dig att publicera inneh\u00e5ll. Du \u00e4r ansvarig f\u00f6r det inneh\u00e5ll som du l\u00e4gger upp i tj\u00e4nsten, inklusive dess laglighet, tillf\u00f6rlitlighet och l\u00e4mplighet.<\/p>\n<p>Genom att publicera inneh\u00e5ll i tj\u00e4nsten ger du oss r\u00e4tten och licensen att anv\u00e4nda, \u00e4ndra, visa offentligt, reproducera och distribuera s\u00e5dant inneh\u00e5ll i och genom tj\u00e4nsten. Du beh\u00e5ller alla dina r\u00e4ttigheter till inneh\u00e5ll som du skickar, l\u00e4gger upp eller visar p\u00e5 eller via tj\u00e4nsten och du \u00e4r ansvarig f\u00f6r att skydda dessa r\u00e4ttigheter. Du samtycker till att denna licens innefattar r\u00e4tten f\u00f6r oss att g\u00f6ra ditt inneh\u00e5ll tillg\u00e4ngligt f\u00f6r andra anv\u00e4ndare av tj\u00e4nsten, som ocks\u00e5 kan anv\u00e4nda ditt inneh\u00e5ll i enlighet med dessa villkor.<\/p>\n<p>Du f\u00f6rs\u00e4krar och garanterar att: (i) att inneh\u00e5llet \u00e4r ditt (du \u00e4ger det) eller att du har r\u00e4tt att anv\u00e4nda det och ge oss de r\u00e4ttigheter och licenser som anges i dessa villkor, och (ii) att publiceringen av ditt inneh\u00e5ll p\u00e5 eller via tj\u00e4nsten inte kr\u00e4nker n\u00e5gon persons integritets-, publicitets-, upphovsr\u00e4tts-, avtals- eller andra r\u00e4ttigheter.<\/p>\n<h3>Begr\u00e4nsningar av inneh\u00e5llet<\/h3>\n<p>F\u00f6retaget \u00e4r inte ansvarigt f\u00f6r inneh\u00e5llet hos tj\u00e4nstens anv\u00e4ndare. Du f\u00f6rst\u00e5r och godk\u00e4nner uttryckligen att du \u00e4r ensam ansvarig f\u00f6r inneh\u00e5llet och f\u00f6r all aktivitet som sker under ditt konto, oavsett om det g\u00f6rs av dig eller av en tredje person som anv\u00e4nder ditt konto.<\/p>\n<p>Du f\u00e5r inte \u00f6verf\u00f6ra n\u00e5got inneh\u00e5ll som \u00e4r olagligt, st\u00f6tande, uppr\u00f6rande, \u00e4ckligt, hotfullt, \u00e4rekr\u00e4nkande, \u00e4rekr\u00e4nkande, obscent eller p\u00e5 annat s\u00e4tt st\u00f6tande. Exempel p\u00e5 s\u00e5dant oacceptabelt inneh\u00e5ll \u00e4r, men \u00e4r inte begr\u00e4nsat till, f\u00f6ljande:<\/p>\n<ul>\n<li>Olaglig eller fr\u00e4mjande av olaglig verksamhet.<\/li>\n<li>F\u00f6rtalande, diskriminerande eller elakt inneh\u00e5ll, inklusive referenser eller kommentarer om religion, ras, sexuell l\u00e4ggning, k\u00f6n, nationellt\/etniskt ursprung eller andra m\u00e5lgrupper.<\/li>\n<li>Spam, maskinellt eller slumpm\u00e4ssigt genererad, som utg\u00f6r otill\u00e5ten eller o\u00f6nskad reklam, kedjebrev, n\u00e5gon annan form av otill\u00e5ten uppmaning, eller n\u00e5gon form av lotteri eller spel.<\/li>\n<li>Inneh\u00e5ller eller installerar virus, maskar, skadlig kod, trojanska h\u00e4star eller annat inneh\u00e5ll som \u00e4r utformat eller avsett att st\u00f6ra, skada eller begr\u00e4nsa funktionen hos programvara, h\u00e5rdvara eller telekommunikationsutrustning eller att skada eller f\u00e5 obeh\u00f6rig \u00e5tkomst till data eller annan information fr\u00e5n en tredje person.<\/li>\n<li>Bryta mot n\u00e5gon parts \u00e4gander\u00e4tt, inklusive patent, varum\u00e4rken, aff\u00e4rshemligheter, upphovsr\u00e4tt, r\u00e4tt till publicitet eller andra r\u00e4ttigheter.<\/li>\n<li>Att utge sig f\u00f6r att vara n\u00e5gon person eller enhet, inklusive f\u00f6retaget och dess anst\u00e4llda eller representanter.<\/li>\n<li>kr\u00e4nka tredje personers privatliv.<\/li>\n<li>Falsk information och felaktiga egenskaper.<\/li>\n<\/ul>\n<p>F\u00f6retaget f\u00f6rbeh\u00e5ller sig r\u00e4tten, men inte skyldigheten, att efter eget gottfinnande avg\u00f6ra om ett inneh\u00e5ll \u00e4r l\u00e4mpligt och \u00f6verensst\u00e4mmer med dessa villkor, v\u00e4gra eller ta bort detta inneh\u00e5ll. F\u00f6retaget f\u00f6rbeh\u00e5ller sig ocks\u00e5 r\u00e4tten att g\u00f6ra formateringar och redigeringar och \u00e4ndra s\u00e4ttet att hantera inneh\u00e5llet. F\u00f6retaget kan ocks\u00e5 begr\u00e4nsa eller \u00e5terkalla anv\u00e4ndningen av tj\u00e4nsten om du publicerar s\u00e5dant st\u00f6tande inneh\u00e5ll.<\/p>\n<p>Eftersom f\u00f6retaget inte kan kontrollera allt inneh\u00e5ll som publiceras av anv\u00e4ndare och\/eller tredje part i tj\u00e4nsten, samtycker du till att anv\u00e4nda tj\u00e4nsten p\u00e5 egen risk. Du f\u00f6rst\u00e5r att du genom att anv\u00e4nda tj\u00e4nsten kan komma att exponeras f\u00f6r inneh\u00e5ll som du kan finna st\u00f6tande, oanst\u00e4ndigt, felaktigt eller st\u00f6tande, och du samtycker till att f\u00f6retaget under inga omst\u00e4ndigheter kommer att vara ansvarigt p\u00e5 n\u00e5got s\u00e4tt f\u00f6r inneh\u00e5ll, inklusive eventuella fel eller utel\u00e4mnanden i inneh\u00e5ll, eller f\u00f6r f\u00f6rlust eller skada av n\u00e5got slag som uppst\u00e5r till f\u00f6ljd av din anv\u00e4ndning av inneh\u00e5ll.<\/p>\n<h3>S\u00e4kerhetskopiering av inneh\u00e5ll<\/h3>\n<p>\u00c4ven om regelbundna s\u00e4kerhetskopior av inneh\u00e5llet g\u00f6rs garanterar f\u00f6retaget inte att inga data kommer att g\u00e5 f\u00f6rlorade eller skadas.<\/p>\n<p>Korrupta eller ogiltiga s\u00e4kerhetskopieringspunkter kan orsakas av, utan begr\u00e4nsning, inneh\u00e5ll som \u00e4r skadat innan det s\u00e4kerhetskopieras eller som \u00e4ndras under tiden som en s\u00e4kerhetskopiering utf\u00f6rs.<\/p>\n<p>F\u00f6retaget kommer att tillhandah\u00e5lla support och f\u00f6rs\u00f6ka fels\u00f6ka alla k\u00e4nda eller uppt\u00e4ckta problem som kan p\u00e5verka s\u00e4kerhetskopiorna av inneh\u00e5ll. Du bekr\u00e4ftar dock att f\u00f6retaget inte har n\u00e5got ansvar i samband med inneh\u00e5llets integritet eller misslyckandet att \u00e5terst\u00e4lla inneh\u00e5llet till ett anv\u00e4ndbart tillst\u00e5nd.<\/p>\n<p>Du samtycker till att beh\u00e5lla en fullst\u00e4ndig och korrekt kopia av allt inneh\u00e5ll p\u00e5 en plats som \u00e4r oberoende av tj\u00e4nsten.<\/p>\n<h2>Policy f\u00f6r upphovsr\u00e4tt<\/h2>\n<p>Intr\u00e5ng i immateriella r\u00e4ttigheter<\/p>\n<p>Vi respekterar andras immateriella r\u00e4ttigheter. Det \u00e4r v\u00e5r policy att svara p\u00e5 alla p\u00e5st\u00e5enden om att inneh\u00e5ll som publiceras i tj\u00e4nsten bryter mot upphovsr\u00e4tt eller andra immateriella r\u00e4ttigheter f\u00f6r n\u00e5gon person.<\/p>\n<p>Om du \u00e4r en upphovsr\u00e4ttsinnehavare, eller auktoriserad p\u00e5 uppdrag av en s\u00e5dan, och du anser att det upphovsr\u00e4ttsskyddade verket har kopierats p\u00e5 ett s\u00e4tt som utg\u00f6r ett upphovsr\u00e4ttsintr\u00e5ng som \u00e4ger rum via tj\u00e4nsten, m\u00e5ste du skicka in ditt meddelande skriftligt till v\u00e5r upphovsr\u00e4ttsagent via e-post (info@pistas365.com) och inkludera en detaljerad beskrivning av det p\u00e5st\u00e5dda intr\u00e5nget.<\/p>\n<p>Du kan h\u00e5llas ansvarig f\u00f6r skadest\u00e5nd (inklusive kostnader och advokatarvoden) f\u00f6r att du felaktigt har uppgett att n\u00e5got inneh\u00e5ll g\u00f6r intr\u00e5ng i din upphovsr\u00e4tt.<\/p>\n<p>DMCA-meddelande och DMCA-f\u00f6rfarande f\u00f6r krav p\u00e5 intr\u00e5ng i upphovsr\u00e4tten<\/p>\n<p>Du kan l\u00e4mna in en anm\u00e4lan enligt Digital Millennium Copyright Act (DMCA) genom att skriftligen f\u00f6rse v\u00e5r upphovsr\u00e4ttsagent med f\u00f6ljande information (se 17 U.S.C 512(c)(3) f\u00f6r ytterligare detaljer):<\/p>\n<ul>\n<li>En elektronisk eller fysisk signatur av den person som har befogenhet att agera p\u00e5 uppdrag av \u00e4garen av upphovsr\u00e4ttens intressen.<\/li>\n<li>En beskrivning av det upphovsr\u00e4ttsskyddade verk som du h\u00e4vdar har kr\u00e4nkts, inklusive URL-adressen (dvs. webbsidan) till den plats d\u00e4r det upphovsr\u00e4ttsskyddade verket finns eller en kopia av det upphovsr\u00e4ttsskyddade verket.<\/li>\n<li>Identifiering av den webbadress eller annan specifik plats p\u00e5 tj\u00e4nsten d\u00e4r det material som du h\u00e4vdar att det g\u00f6r intr\u00e5ng finns.<\/li>\n<li>Din adress, ditt telefonnummer och din e-postadress.<\/li>\n<li>Ett uttalande fr\u00e5n dig att du i god tro tror att den omtvistade anv\u00e4ndningen inte \u00e4r till\u00e5ten av upphovsr\u00e4ttsinnehavaren, dennes ombud eller lagen.<\/li>\n<li>Ett uttalande av dig, som du g\u00f6r under straffr\u00e4ttsliga f\u00f6rh\u00e5llanden, att ovanst\u00e5ende information i ditt meddelande \u00e4r korrekt och att du \u00e4r upphovsr\u00e4ttsinnehavaren eller beh\u00f6rig att agera p\u00e5 upphovsr\u00e4ttsinnehavarens v\u00e4gnar.<\/li>\n<\/ul>\n<p>Du kan kontakta v\u00e5r upphovsr\u00e4ttsagent via e-post (info@pistas365.com). N\u00e4r f\u00f6retaget har mottagit en anm\u00e4lan kommer det att vidta de \u00e5tg\u00e4rder som det anser l\u00e4mpliga, inklusive att ta bort det ifr\u00e5gasatta inneh\u00e5llet fr\u00e5n tj\u00e4nsten.<\/p>\n<h3>Immateriella r\u00e4ttigheter<\/h3>\n<p>Tj\u00e4nsten och dess ursprungliga inneh\u00e5ll (med undantag f\u00f6r inneh\u00e5ll som tillhandah\u00e5lls av dig eller andra anv\u00e4ndare), egenskaper och funktionalitet \u00e4r och f\u00f6rblir f\u00f6retagets och dess licensgivares exklusiva egendom.<\/p>\n<p>Tj\u00e4nsten skyddas av upphovsr\u00e4tt, varum\u00e4rken och andra lagar i b\u00e5de landet och andra l\u00e4nder.<\/p>\n<p>V\u00e5ra varum\u00e4rken och handelsbeteckningar f\u00e5r inte anv\u00e4ndas i samband med n\u00e5gon produkt eller tj\u00e4nst utan f\u00f6reg\u00e5ende skriftligt medgivande fr\u00e5n f\u00f6retaget.<\/p>\n<h3>Din feedback till oss<\/h3>\n<p>Du \u00f6verl\u00e5ter alla r\u00e4ttigheter, titlar och intressen i all feedback som du ger f\u00f6retaget. Om en s\u00e5dan \u00f6verl\u00e5telse av n\u00e5gon anledning \u00e4r ineffektiv, samtycker du till att ge f\u00f6retaget en icke-exklusiv, evig, o\u00e5terkallelig, royaltyfri, v\u00e4rldsomsp\u00e4nnande r\u00e4tt och licens att anv\u00e4nda, reproducera, avsl\u00f6ja, ge underlicenser, distribuera, modifiera och utnyttja s\u00e5dan feedback utan begr\u00e4nsningar.<\/p>\n<h3>L\u00e4nkar till andra webbplatser<\/h3>\n<p>V\u00e5r tj\u00e4nst kan inneh\u00e5lla l\u00e4nkar till webbplatser eller tj\u00e4nster fr\u00e5n tredje part som inte \u00e4gs eller kontrolleras av f\u00f6retaget.<\/p>\n<p>F\u00f6retaget har ingen kontroll \u00f6ver, och tar inget ansvar f\u00f6r, inneh\u00e5llet, sekretesspolicyn eller praxis p\u00e5 tredje parts webbplatser eller tj\u00e4nster. Du bekr\u00e4ftar och godk\u00e4nner vidare att f\u00f6retaget inte ska vara ansvarigt, direkt eller indirekt, f\u00f6r skador eller f\u00f6rluster som orsakats eller p\u00e5st\u00e5s ha orsakats av eller i samband med anv\u00e4ndning av eller tillit till s\u00e5dant inneh\u00e5ll, varor eller tj\u00e4nster som finns tillg\u00e4ngliga p\u00e5 eller via s\u00e5dana webbplatser eller tj\u00e4nster.<\/p>\n<p>Vi rekommenderar starkt att du l\u00e4ser villkoren och sekretesspolicyerna f\u00f6r alla webbplatser eller tj\u00e4nster fr\u00e5n tredje part som du bes\u00f6ker.<\/p>\n<h3>Upps\u00e4gning<\/h3>\n<p>Vi kan s\u00e4ga upp eller st\u00e4nga av ditt konto omedelbart, utan f\u00f6reg\u00e5ende meddelande eller ansvar, av vilken anledning som helst, inklusive men inte begr\u00e4nsat till om du bryter mot dessa villkor.<\/p>\n<p>Vid upps\u00e4gning upph\u00f6r din r\u00e4tt att anv\u00e4nda tj\u00e4nsten omedelbart. Om du vill avsluta ditt konto kan du helt enkelt sluta anv\u00e4nda tj\u00e4nsten.<\/p>\n<h3>Begr\u00e4nsning av ansvar<\/h3>\n<p>Utan hinder av eventuella skador som du kan drabbas av, ska f\u00f6retagets och dess leverant\u00f6rers hela ansvar enligt n\u00e5gon best\u00e4mmelse i dessa villkor och din exklusiva \u00e5tg\u00e4rd f\u00f6r allt ovanst\u00e5ende begr\u00e4nsas till det belopp som du faktiskt betalat via tj\u00e4nsten eller 100 euro om du inte har k\u00f6pt n\u00e5got via tj\u00e4nsten.<\/p>\n<p>I st\u00f6rsta m\u00f6jliga utstr\u00e4ckning som till\u00e5ts enligt till\u00e4mplig lag ska f\u00f6retaget eller dess leverant\u00f6rer under inga omst\u00e4ndigheter vara ansvariga f\u00f6r s\u00e4rskilda, tillf\u00e4lliga, indirekta eller f\u00f6ljdskador av n\u00e5got slag (inklusive, men inte begr\u00e4nsat till, skador p\u00e5 grund av utebliven vinst, f\u00f6rlust av data eller annan information, avbrott i aff\u00e4rsverksamheten, personskador, f\u00f6rlust av integritet som uppst\u00e5r till f\u00f6ljd av eller p\u00e5 n\u00e5got s\u00e4tt \u00e4r relaterad till anv\u00e4ndningen av eller of\u00f6rm\u00e5gan att anv\u00e4nda tj\u00e4nsten, programvara fr\u00e5n tredje part och\/eller h\u00e5rdvara fr\u00e5n tredje part som anv\u00e4nds tillsammans med tj\u00e4nsten, eller p\u00e5 annat s\u00e4tt i samband med n\u00e5gon best\u00e4mmelse i dessa villkor), \u00e4ven om f\u00f6retaget eller n\u00e5gon leverant\u00f6r har informerats om m\u00f6jligheten av s\u00e5dana skador och \u00e4ven om r\u00e4ttsmedlet inte uppfyller sitt v\u00e4sentliga syfte.<\/p>\n<p>Vissa stater till\u00e5ter inte uteslutning av underf\u00f6rst\u00e5dda garantier eller begr\u00e4nsning av ansvar f\u00f6r tillf\u00e4lliga skador eller f\u00f6ljdskador, vilket inneb\u00e4r att vissa av ovanst\u00e5ende begr\u00e4nsningar kanske inte \u00e4r till\u00e4mpliga. I dessa stater kommer varje parts ansvar att begr\u00e4nsas i st\u00f6rsta m\u00f6jliga utstr\u00e4ckning som lagen till\u00e5ter.<\/p>\n<h3>\"I befintligt skick\" och \"i befintligt skick\"<\/h3>\n<p>Tj\u00e4nsten tillhandah\u00e5lls till dig \"I befintligt skick\" och \"i befintligt skick\" och med alla fel och brister utan n\u00e5gon som helst garanti. I st\u00f6rsta m\u00f6jliga utstr\u00e4ckning som till\u00e5ts enligt till\u00e4mplig lag, fr\u00e5ns\u00e4ger sig f\u00f6retaget, f\u00f6r egen del och f\u00f6r sina dotterbolag och dess och deras respektive licensgivare och tj\u00e4nsteleverant\u00f6rer, uttryckligen alla garantier, vare sig uttryckliga, underf\u00f6rst\u00e5dda, lagstadgade eller p\u00e5 annat s\u00e4tt, med avseende p\u00e5 Tj\u00e4nsten, inklusive alla underf\u00f6rst\u00e5dda garantier f\u00f6r s\u00e4ljbarhet, l\u00e4mplighet f\u00f6r ett visst \u00e4ndam\u00e5l, \u00e4gander\u00e4tt och icke intr\u00e5ng, och garantier som kan uppst\u00e5 i samband med handel, prestationer, anv\u00e4ndning eller handelspraxis. Utan begr\u00e4nsning av ovanst\u00e5ende ger f\u00f6retaget ingen garanti eller \u00e5tagande och g\u00f6r inga utf\u00e4stelser av n\u00e5got slag om att tj\u00e4nsten kommer att uppfylla dina krav, uppn\u00e5 avsedda resultat, vara kompatibel eller fungera med annan programvara, program, system eller tj\u00e4nster, fungera utan avbrott, uppfylla prestanda- eller tillf\u00f6rlitlighetsnormer eller vara felfri eller att eventuella fel eller brister kan eller kommer att r\u00e4ttas till.<\/p>\n<p>Utan att begr\u00e4nsa det f\u00f6reg\u00e5ende g\u00f6r varken f\u00f6retaget eller n\u00e5gon av f\u00f6retagets leverant\u00f6rer n\u00e5gra uttalanden eller garantier av n\u00e5got slag, uttryckliga eller underf\u00f6rst\u00e5dda: (i) om tj\u00e4nstens funktion eller tillg\u00e4nglighet, eller den information, det inneh\u00e5ll och material eller de produkter som ing\u00e5r i den; (ii) att tj\u00e4nsten kommer att vara oavbruten eller felfri; (iii) om riktigheten, tillf\u00f6rlitligheten eller aktualiteten hos information eller inneh\u00e5ll som tillhandah\u00e5lls via tj\u00e4nsten; eller (iv) att tj\u00e4nsten, dess servrar, inneh\u00e5llet eller e-postmeddelanden som skickas fr\u00e5n eller p\u00e5 uppdrag av f\u00f6retaget \u00e4r fria fr\u00e5n virus, skript, trojanska h\u00e4star, maskar, skadlig kod, tidsbomber eller andra skadliga komponenter.<\/p>\n<p>Vissa jurisdiktioner till\u00e5ter inte uteslutning av vissa typer av garantier eller begr\u00e4nsningar av till\u00e4mpliga lagstadgade r\u00e4ttigheter f\u00f6r en konsument, s\u00e5 vissa eller alla ovanst\u00e5ende uteslutningar och begr\u00e4nsningar kanske inte g\u00e4ller f\u00f6r dig. Men i ett s\u00e5dant fall ska de undantag och begr\u00e4nsningar som anges i detta avsnitt till\u00e4mpas i st\u00f6rsta m\u00f6jliga utstr\u00e4ckning som kan verkst\u00e4llas enligt till\u00e4mplig lag.<\/p>\n<h3>Till\u00e4mplig lag<\/h3>\n<p>Landets lagar, med undantag f\u00f6r dess lagvalsregler, ska styra dessa villkor och din anv\u00e4ndning av tj\u00e4nsten. Din anv\u00e4ndning av applikationen kan ocks\u00e5 omfattas av andra lokala, statliga, nationella eller internationella lagar.<\/p>\n<h3>L\u00f6sning av tvister<\/h3>\n<p>Om du har n\u00e5gra problem eller tvister om tj\u00e4nsten samtycker du till att f\u00f6rst f\u00f6rs\u00f6ka l\u00f6sa tvisten informellt genom att kontakta f\u00f6retaget.<\/p>\n<p>F\u00f6r anv\u00e4ndare i Europeiska unionen (EU)<\/p>\n<p>Om du \u00e4r en konsument i Europeiska unionen kommer du att omfattas av alla obligatoriska best\u00e4mmelser i lagen i det land d\u00e4r du \u00e4r bosatt.<\/p>\n<p>F\u00f6renta staterna R\u00e4ttslig efterlevnad<\/p>\n<p>Du f\u00f6rs\u00e4krar och garanterar att (i) du inte befinner dig i ett land som \u00e4r f\u00f6rem\u00e5l f\u00f6r ett embargo fr\u00e5n USA:s regering eller som har utsetts av USA:s regering som ett land som st\u00f6der terrorister, och (ii) du inte \u00e4r upptagen p\u00e5 n\u00e5gon lista fr\u00e5n USA:s regering \u00f6ver f\u00f6rbjudna eller begr\u00e4nsade parter.<\/p>\n<h2>Uppdelbarhet och avst\u00e5ende<\/h2>\n<h3>Uppdelbarhet<\/h3>\n<p>Om n\u00e5gon best\u00e4mmelse i dessa villkor anses vara ogenomf\u00f6rbar eller ogiltig kommer denna best\u00e4mmelse att \u00e4ndras och tolkas s\u00e5 att syftet med best\u00e4mmelsen uppn\u00e5s i st\u00f6rsta m\u00f6jliga utstr\u00e4ckning enligt g\u00e4llande lag och de \u00e5terst\u00e5ende best\u00e4mmelserna kommer att forts\u00e4tta att g\u00e4lla fullt ut.<\/p>\n<h3>Befrielse<\/h3>\n<p>Med undantag f\u00f6r vad som anges h\u00e4r ska underl\u00e5tenhet att ut\u00f6va en r\u00e4ttighet eller att kr\u00e4va att en skyldighet enligt dessa villkor uppfylls inte p\u00e5verka en parts m\u00f6jlighet att ut\u00f6va en s\u00e5dan r\u00e4ttighet eller kr\u00e4va s\u00e5dan uppfyllelse n\u00e4r som helst efter\u00e5t och inte heller ska ett avst\u00e5ende fr\u00e5n en \u00f6vertr\u00e4delse utg\u00f6ra ett avst\u00e5ende fr\u00e5n en efterf\u00f6ljande \u00f6vertr\u00e4delse.<\/p>\n<h3>\u00d6vers\u00e4ttning Tolkning<\/h3>\n<p>Dessa villkor kan ha \u00f6versatts om vi har gjort dem tillg\u00e4ngliga f\u00f6r dig p\u00e5 v\u00e5r tj\u00e4nst.<br \/>\nDu samtycker till att den engelska originaltexten ska ha f\u00f6retr\u00e4de i h\u00e4ndelse av en tvist.<\/p>\n<h3>\u00c4ndringar av dessa villkor<\/h3>\n<p>Vi f\u00f6rbeh\u00e5ller oss r\u00e4tten att n\u00e4r som helst, efter eget gottfinnande, \u00e4ndra eller ers\u00e4tta dessa villkor. Om en \u00e4ndring \u00e4r v\u00e4sentlig kommer vi att g\u00f6ra rimliga anstr\u00e4ngningar f\u00f6r att ge minst 30 dagars varsel innan nya villkor tr\u00e4der i kraft. Vad som utg\u00f6r en v\u00e4sentlig \u00e4ndring kommer att avg\u00f6ras efter v\u00e5rt eget gottfinnande.<\/p>\n<p>Genom att forts\u00e4tta att f\u00e5 tillg\u00e5ng till eller anv\u00e4nda v\u00e5r tj\u00e4nst efter att dessa \u00e4ndringar har tr\u00e4tt i kraft godk\u00e4nner du att vara bunden av de \u00e4ndrade villkoren. Om du inte godk\u00e4nner de nya villkoren, helt eller delvis, ska du sluta anv\u00e4nda webbplatsen och tj\u00e4nsten.<\/p>\n<h3>Kontakta oss<\/h3>\n<p>Om du har n\u00e5gra fr\u00e5gor om dessa villkor kan du kontakta oss:<\/p>\n<ul>\n<li>Genom att bes\u00f6ka denna sida p\u00e5 v\u00e5r webbplats: https:\/\/pistas365.com\/about-us\/<\/li>\n<li>Genom att skicka ett e-postmeddelande till oss: info@pistas365.com<\/li>\n<\/ul>","protected":false},"excerpt":{"rendered":"<p>Our Terms and Conditions were last updated on 2024-02-06. Please read these terms and conditions carefully before using Our Service. Interpretation and Definitions Interpretation The words of which the initial letter is capitalized have meanings defined under the following conditions. The following definitions shall have the same meaning regardless of whether they appear in singular [&hellip;]<\/p>\n","protected":false},"author":1,"featured_media":372,"parent":0,"menu_order":0,"comment_status":"closed","ping_status":"closed","template":"","meta":{"_acf_changed":false,"footnotes":""},"tags":[],"acf":[],"_links":{"self":[{"href":"https:\/\/pistas365.com\/sv\/wp-json\/wp\/v2\/pages\/413"}],"collection":[{"href":"https:\/\/pistas365.com\/sv\/wp-json\/wp\/v2\/pages"}],"about":[{"href":"https:\/\/pistas365.com\/sv\/wp-json\/wp\/v2\/types\/page"}],"author":[{"embeddable":true,"href":"https:\/\/pistas365.com\/sv\/wp-json\/wp\/v2\/users\/1"}],"replies":[{"embeddable":true,"href":"https:\/\/pistas365.com\/sv\/wp-json\/wp\/v2\/comments?post=413"}],"version-history":[{"count":2,"href":"https:\/\/pistas365.com\/sv\/wp-json\/wp\/v2\/pages\/413\/revisions"}],"predecessor-version":[{"id":806,"href":"https:\/\/pistas365.com\/sv\/wp-json\/wp\/v2\/pages\/413\/revisions\/806"}],"wp:featuredmedia":[{"embeddable":true,"href":"https:\/\/pistas365.com\/sv\/wp-json\/wp\/v2\/media\/372"}],"wp:attachment":[{"href":"https:\/\/pistas365.com\/sv\/wp-json\/wp\/v2\/media?parent=413"}],"wp:term":[{"taxonomy":"post_tag","embeddable":true,"href":"https:\/\/pistas365.com\/sv\/wp-json\/wp\/v2\/tags?post=413"}],"curies":[{"name":"wp","href":"https:\/\/api.w.org\/{rel}","templated":true}]}}