{"id":366,"date":"2022-03-22T15:30:33","date_gmt":"2022-03-22T14:30:33","guid":{"rendered":"https:\/\/pistas365.com\/?page_id=366"},"modified":"2022-03-30T11:48:28","modified_gmt":"2022-03-30T09:48:28","slug":"om-oss","status":"publish","type":"page","link":"https:\/\/pistas365.com\/sv\/about-us\/","title":{"rendered":"Om oss"},"content":{"rendered":"<p><strong>Pistas365.com \u00e4r en plattform f\u00f6r bokning av racketsporter och evenemang med ett tydligt fokus. Vi vill att alla i racketsportsv\u00e4rlden ska njuta av mer spel och mindre arbete!<\/strong><\/p>\n<ul>\n<li><strong>F\u00f6r oss spelare<\/strong> Vi g\u00f6r det enkelt att hitta, boka och hantera v\u00e5ra favoritracketsportaktiviteter.<\/li>\n<li><strong>F\u00f6r dig som \u00e4r f\u00f6retagare<\/strong>\u00a0Vi tillhandah\u00e5ller en tj\u00e4nsteplattform som hj\u00e4lper dig att planera, marknadsf\u00f6ra, s\u00e4lja, tillhandah\u00e5lla och hantera dina tj\u00e4nster p\u00e5 ett professionellt och tidsbesparande s\u00e4tt. <a href=\"https:\/\/pistas365.com\/sv\/lagg-till-foretag\/\">L\u00e4s mer...<\/a><\/li>\n<li><strong>F\u00f6r alla<\/strong> I racketsportsgemenskapen vill vi tillhandah\u00e5lla ett utrymme d\u00e4r vi kan knyta kontakter och g\u00f6ra racketsportsv\u00e4rlden till en \u00e4nnu b\u00e4ttre plats att spela p\u00e5.<\/li>\n<\/ul>\n<p><strong>V\u00e4lkommen till<\/strong> familjen. Spela!<\/p>","protected":false},"excerpt":{"rendered":"<p>Pistas365.com is a racket sport booking and events platform with a clear focus. We want everybody in the racket sport world to enjoy more play and less work! For us players we make it easy to find, book and manage our favorite racket sport activities. For you business owners\u00a0we provide a service platform that helps [&hellip;]<\/p>\n","protected":false},"author":1,"featured_media":372,"parent":0,"menu_order":0,"comment_status":"closed","ping_status":"closed","template":"","meta":{"_acf_changed":false,"footnotes":""},"tags":[],"acf":[],"_links":{"self":[{"href":"https:\/\/pistas365.com\/sv\/wp-json\/wp\/v2\/pages\/366"}],"collection":[{"href":"https:\/\/pistas365.com\/sv\/wp-json\/wp\/v2\/pages"}],"about":[{"href":"https:\/\/pistas365.com\/sv\/wp-json\/wp\/v2\/types\/page"}],"author":[{"embeddable":true,"href":"https:\/\/pistas365.com\/sv\/wp-json\/wp\/v2\/users\/1"}],"replies":[{"embeddable":true,"href":"https:\/\/pistas365.com\/sv\/wp-json\/wp\/v2\/comments?post=366"}],"version-history":[{"count":0,"href":"https:\/\/pistas365.com\/sv\/wp-json\/wp\/v2\/pages\/366\/revisions"}],"wp:featuredmedia":[{"embeddable":true,"href":"https:\/\/pistas365.com\/sv\/wp-json\/wp\/v2\/media\/372"}],"wp:attachment":[{"href":"https:\/\/pistas365.com\/sv\/wp-json\/wp\/v2\/media?parent=366"}],"wp:term":[{"taxonomy":"post_tag","embeddable":true,"href":"https:\/\/pistas365.com\/sv\/wp-json\/wp\/v2\/tags?post=366"}],"curies":[{"name":"wp","href":"https:\/\/api.w.org\/{rel}","templated":true}]}}