{"id":344,"date":"2022-03-21T10:10:57","date_gmt":"2022-03-21T09:10:57","guid":{"rendered":"https:\/\/pistas365.com\/?page_id=344"},"modified":"2025-02-24T14:45:03","modified_gmt":"2025-02-24T13:45:03","slug":"lagg-till-foretag","status":"publish","type":"page","link":"https:\/\/pistas365.com\/sv\/add-your-business\/","title":{"rendered":"V\u00e4lkommen till familjen!"},"content":{"rendered":"<p><strong>If you are a racket sport venue, trainer, shop or event organizer you have something that our family needs. And we want you onboard!<\/strong><\/p>\n<p><strong>What we<\/strong> have to offer is a service platform that helps you plan, market, sell, provide and manage your services in a professionell and time saving manner.<\/p>\n<p><strong>There are<\/strong> two programs available. You can become a Partner or a Teammate. It\u00b4s really simple:<\/p>\n<ol>\n<li><strong>If you don\u00b4t<\/strong> have a webpage with an online booking system you should become a Partner.<\/li>\n<li><strong>If you already<\/strong> have a webpage with an online booking system you should become a Teammate.<\/li>\n<\/ol>\n<h2>What you get as a Partner<\/h2>\n<p><strong>As partners we play together. If you win, we win. <\/strong><\/p>\n<p>Our partner program increases your number of bookings and decreases your administrative work. This is how it works:<\/p>\n<ol>\n<li><strong>Our team<\/strong> creates a unique booking webpage for you.<\/li>\n<li><strong>On your<\/strong> booking page your customers can find, book and pay for your services. There is no need to download, register and learn any app. Simplicity is key!<\/li>\n<li><strong>Your page<\/strong> is translated into 5 languages. This opens your business up to the international clientele.<\/li>\n<li><strong>You get<\/strong> featured marketing on the <a href=\"https:\/\/pistas365.com\/\" target=\"_blank\" rel=\"noopener\">pistas365.com<\/a> portal. This helps new clients find your business.<\/li>\n<li><strong>Your page<\/strong> is search engine optimized. This brings in clients from Google Search.<\/li>\n<li><strong>You get<\/strong> a web-based management system where you can monitor and manage your services, bookings and clients.<\/li>\n<li><strong>Your clients<\/strong> get\u00b4s their own customer page where they can login to see and manage their bookings. This leads to customer loyalty.<\/li>\n<li><strong>When a<\/strong> booking is made the customer gets a confirmation email. The day before their activity they get a reminder. This leads to less missed visits.<\/li>\n<li><strong>You get<\/strong> unlimited website hosting, updates and support from your personal account manager.<\/li>\n<\/ol>\n<h3>How much does it cost?<\/h3>\n<p><strong>As a partner you pay 1\u20ac (+VAT) per booking. That is it! You pay nothing to get set up. You pay no monthly fees or any other hidden costs.<\/strong><\/p>\n<p>We do not lock you up into anything. If you decide to quit you can do that at the end of any calendar month.<\/p>\n<h3>Sounds good? Let\u00b4s get you started!<\/h3>\n<p><strong>Getting started as a partner is really easy. All you need to do is to fill in the form at the bottom of this page. Our team will contact you shortly.<\/strong><\/p>\n<p>To be set up as a partner takes between 7-30 days. This is how the process normally works:<\/p>\n<ol>\n<li>The first thing we do for future partners is that we set you up a demo page (day 1-3).<\/li>\n<li>When your page is set up we send you a link so that you can see and try your solution on the screen (day 4-7).<\/li>\n<li>When you have tested your demo page we work together to adapt your solution to fit your specific needs (day 8-14).<\/li>\n<li>When we agree that your page looks great and works perfectly you take some time to get to know the system (day 15-21). We will be there to help out.<\/li>\n<li>Finally we go live (day 22-30). We have a plan for how that is done so don\u00b4t worry. We will get to that.<\/li>\n<\/ol>\n<p>If you, at any stage of this five step plan, feel that this is not for you all you need to do is to tell us to cancel. There is no cost involved.<\/p>\n<p>Our billing starts from the day that your site is live. Our fee is based on the number of performed bookings on your site. At the end of each month we send you an invoice for the past month.<\/p>\n<h2>What you get as a Teammate<\/h2>\n<p><strong>As a Teammate you normally have your own booking webpage up and running. That\u00b4s great!\u00a0<\/strong><\/p>\n<p><strong>What we<\/strong> do for our Teammates is help them get more bookings. This is how it works:<\/p>\n<ol>\n<li><strong>Our team<\/strong> creates a unique information webpage for you.<\/li>\n<li><strong>Your page<\/strong> is translated into 5 languages. This opens your business up to the international clientele.<\/li>\n<li><strong>Your page<\/strong> is search engine optimized. This brings in clients from Google Search.<\/li>\n<li><strong>We add<\/strong> your business to\u00a0the <a href=\"https:\/\/pistas365.com\/\" target=\"_blank\" rel=\"noopener\">pistas365.com<\/a> portal.<\/li>\n<li><strong>When our<\/strong> users are looking for a venue, trainer, activities or a shop in your area your business shows up in our search results.<\/li>\n<li><strong>When our<\/strong> user clicks on your business they are sent to your website and can make their booking.<\/li>\n<li><strong>With this<\/strong> solution we help our clients find what they are looking for and you get more bookings. It\u00b4s a win-win situation.<\/li>\n<li><strong>As a Teammate<\/strong> you pay a fixed fee of 99\u20ac per quarter. That is it. How many extra bookings a month do you need to cover that cost?<\/li>\n<\/ol>\n<p>To jump onboard all you need to do is to fill in the form at the bottom of this page. Our team will contact you shortly to get you up and running!<\/p>\n<h3 style=\"text-align: center;\">\u00a0Contact form<\/h3>\n<div class=\"wpforms-container wpforms-container-full\" id=\"wpforms-547\"><form id=\"wpforms-form-547\" class=\"wpforms-validate wpforms-form wpforms-ajax-form\" data-formid=\"547\" method=\"post\" enctype=\"multipart\/form-data\" action=\"\/sv\/wp-json\/wp\/v2\/pages\/344\" data-token=\"47ac30bdeac43cc641587d5e05506850\" data-token-time=\"1776801676\"><noscript class=\"wpforms-error-noscript\">Aktivera JavaScript i din webbl\u00e4sare f\u00f6r att fylla i formul\u00e4ret.<\/noscript><div class=\"wpforms-field-container\"><div id=\"wpforms-547-field_0-container\" class=\"wpforms-field wpforms-field-name\" data-field-id=\"0\"><label class=\"wpforms-field-label\" for=\"wpforms-547-field_0\">Your name <span class=\"wpforms-required-label\">*<\/span><\/label><input type=\"text\" id=\"wpforms-547-field_0\" class=\"wpforms-field-medium wpforms-field-required\" name=\"wpforms[fields][0]\" required><\/div><div id=\"wpforms-547-field_7-container\" class=\"wpforms-field wpforms-field-text\" data-field-id=\"7\"><label class=\"wpforms-field-label\" for=\"wpforms-547-field_7\">Business name<\/label><input type=\"text\" id=\"wpforms-547-field_7\" class=\"wpforms-field-medium\" name=\"wpforms[fields][7]\" ><\/div><div id=\"wpforms-547-field_8-container\" class=\"wpforms-field wpforms-field-url\" data-field-id=\"8\"><label class=\"wpforms-field-label\" for=\"wpforms-547-field_8\">Website \/ URL<\/label><input type=\"url\" id=\"wpforms-547-field_8\" class=\"wpforms-field-medium\" name=\"wpforms[fields][8]\" ><\/div><div id=\"wpforms-547-field_1-container\" class=\"wpforms-field wpforms-field-email\" data-field-id=\"1\"><label class=\"wpforms-field-label\" for=\"wpforms-547-field_1\">Email <span class=\"wpforms-required-label\">*<\/span><\/label><input type=\"email\" id=\"wpforms-547-field_1\" class=\"wpforms-field-medium wpforms-field-required\" name=\"wpforms[fields][1]\" spellcheck=\"false\" required><\/div><div id=\"wpforms-547-field_11-container\" class=\"wpforms-field wpforms-field-radio\" data-field-id=\"11\"><label class=\"wpforms-field-label\">I am interested in <span class=\"wpforms-required-label\">*<\/span><\/label><ul id=\"wpforms-547-field_11\" class=\"wpforms-field-required\"><li class=\"choice-1 depth-1\"><input type=\"radio\" id=\"wpforms-547-field_11_1\" name=\"wpforms[fields][11]\" value=\"Joining as a partner\" required ><label class=\"wpforms-field-label-inline\" for=\"wpforms-547-field_11_1\">Joining as a partner<\/label><\/li><li class=\"choice-2 depth-1\"><input type=\"radio\" id=\"wpforms-547-field_11_2\" name=\"wpforms[fields][11]\" value=\"Joining as a teammate\" required ><label class=\"wpforms-field-label-inline\" for=\"wpforms-547-field_11_2\">Joining as a teammate<\/label><\/li><li class=\"choice-3 depth-1\"><input type=\"radio\" id=\"wpforms-547-field_11_3\" name=\"wpforms[fields][11]\" value=\"Something else\" required ><label class=\"wpforms-field-label-inline\" for=\"wpforms-547-field_11_3\">Something else<\/label><\/li><\/ul><\/div><div id=\"wpforms-547-field_6-container\" class=\"wpforms-field wpforms-field-textarea\" data-field-id=\"6\"><label class=\"wpforms-field-label\" for=\"wpforms-547-field_6\">Message or question:<\/label><textarea id=\"wpforms-547-field_6\" class=\"wpforms-field-medium\" name=\"wpforms[fields][6]\" ><\/textarea><\/div><\/div><!-- .wpforms-field-container --><div class=\"wpforms-submit-container\" ><input type=\"hidden\" name=\"wpforms[id]\" value=\"547\"><input type=\"hidden\" name=\"page_title\" value=\"\"><input type=\"hidden\" name=\"page_url\" value=\"https:\/\/pistas365.com\/sv\/wp-json\/wp\/v2\/pages\/344\"><input type=\"hidden\" name=\"url_referer\" value=\"\"><button type=\"submit\" name=\"wpforms[submit]\" id=\"wpforms-submit-547\" class=\"wpforms-submit\" data-alt-text=\"Sending\u2026\" data-submit-text=\"Submit\" aria-live=\"assertive\" value=\"wpforms-submit\">Submit<\/button><img loading=\"lazy\" decoding=\"async\" src=\"https:\/\/pistas365.com\/wp-content\/plugins\/wpforms\/assets\/images\/submit-spin.svg\" class=\"wpforms-submit-spinner\" style=\"display: none;\" width=\"26\" height=\"26\" alt=\"Laddar\"><\/div><\/form><\/div>  <!-- .wpforms-container -->\n","protected":false},"excerpt":{"rendered":"<p>If you are a racket sport venue, trainer, shop or event organizer you have something that our family needs. And we want you onboard! What we have to offer is a service platform that helps you plan, market, sell, provide and manage your services in a professionell and time saving manner. There are two programs [&hellip;]<\/p>\n","protected":false},"author":1,"featured_media":372,"parent":0,"menu_order":0,"comment_status":"closed","ping_status":"closed","template":"","meta":{"_acf_changed":false,"footnotes":""},"tags":[],"acf":[],"_links":{"self":[{"href":"https:\/\/pistas365.com\/sv\/wp-json\/wp\/v2\/pages\/344"}],"collection":[{"href":"https:\/\/pistas365.com\/sv\/wp-json\/wp\/v2\/pages"}],"about":[{"href":"https:\/\/pistas365.com\/sv\/wp-json\/wp\/v2\/types\/page"}],"author":[{"embeddable":true,"href":"https:\/\/pistas365.com\/sv\/wp-json\/wp\/v2\/users\/1"}],"replies":[{"embeddable":true,"href":"https:\/\/pistas365.com\/sv\/wp-json\/wp\/v2\/comments?post=344"}],"version-history":[{"count":4,"href":"https:\/\/pistas365.com\/sv\/wp-json\/wp\/v2\/pages\/344\/revisions"}],"predecessor-version":[{"id":917,"href":"https:\/\/pistas365.com\/sv\/wp-json\/wp\/v2\/pages\/344\/revisions\/917"}],"wp:featuredmedia":[{"embeddable":true,"href":"https:\/\/pistas365.com\/sv\/wp-json\/wp\/v2\/media\/372"}],"wp:attachment":[{"href":"https:\/\/pistas365.com\/sv\/wp-json\/wp\/v2\/media?parent=344"}],"wp:term":[{"taxonomy":"post_tag","embeddable":true,"href":"https:\/\/pistas365.com\/sv\/wp-json\/wp\/v2\/tags?post=344"}],"curies":[{"name":"wp","href":"https:\/\/api.w.org\/{rel}","templated":true}]}}