{"id":28,"date":"2022-02-01T13:11:11","date_gmt":"2022-02-01T13:11:11","guid":{"rendered":"https:\/\/pistas365.com\/?page_id=28"},"modified":"2022-03-30T11:04:07","modified_gmt":"2022-03-30T09:04:07","slug":"tennis","status":"publish","type":"page","link":"https:\/\/pistas365.com\/sv\/tennis\/","title":{"rendered":"Tennisbanor och aktiviteter n\u00e4ra dig!"},"content":{"rendered":"<p style=\"text-align: center;\"><strong>Hitta tennishallar, tennisbanor och tr\u00e4nare n\u00e4ra dig!<\/strong><\/p>\n<p style=\"text-align: center;\">K\u00e4ra tennisfans! Mottagandet av v\u00e5r webbplats har varit \u00f6verv\u00e4ldigande och vi h\u00e5ller f\u00f6r n\u00e4rvarande p\u00e5 att registrera m\u00e5nga kunder i v\u00e5r padelavdelning. Av den anledningen har det blivit en liten f\u00f6rsening med v\u00e5r tennissida. Vi ber om urs\u00e4kt f\u00f6r denna ol\u00e4genhet men lovar att g\u00f6ra v\u00e5rt b\u00e4sta f\u00f6r att f\u00e5 ig\u00e5ng denna inom kort!<\/p>","protected":false},"excerpt":{"rendered":"<p>Find the tennis venues, courts, and trainers near you! Dear tennis fans! The reception of our site has been overwhelming and we are currently signing up a lot of clients in our padel section. For that reason there has been a slight delay with our tennis page. We apologize for this inconvenience but promise to [&hellip;]<\/p>\n","protected":false},"author":1,"featured_media":30,"parent":0,"menu_order":1,"comment_status":"closed","ping_status":"closed","template":"page-start.php","meta":{"_acf_changed":false,"footnotes":""},"tags":[],"acf":[],"_links":{"self":[{"href":"https:\/\/pistas365.com\/sv\/wp-json\/wp\/v2\/pages\/28"}],"collection":[{"href":"https:\/\/pistas365.com\/sv\/wp-json\/wp\/v2\/pages"}],"about":[{"href":"https:\/\/pistas365.com\/sv\/wp-json\/wp\/v2\/types\/page"}],"author":[{"embeddable":true,"href":"https:\/\/pistas365.com\/sv\/wp-json\/wp\/v2\/users\/1"}],"replies":[{"embeddable":true,"href":"https:\/\/pistas365.com\/sv\/wp-json\/wp\/v2\/comments?post=28"}],"version-history":[{"count":0,"href":"https:\/\/pistas365.com\/sv\/wp-json\/wp\/v2\/pages\/28\/revisions"}],"wp:featuredmedia":[{"embeddable":true,"href":"https:\/\/pistas365.com\/sv\/wp-json\/wp\/v2\/media\/30"}],"wp:attachment":[{"href":"https:\/\/pistas365.com\/sv\/wp-json\/wp\/v2\/media?parent=28"}],"wp:term":[{"taxonomy":"post_tag","embeddable":true,"href":"https:\/\/pistas365.com\/sv\/wp-json\/wp\/v2\/tags?post=28"}],"curies":[{"name":"wp","href":"https:\/\/api.w.org\/{rel}","templated":true}]}}