{"id":6,"date":"2022-02-08T14:11:08","date_gmt":"2022-02-08T14:11:08","guid":{"rendered":"https:\/\/pistas365.com\/novapark\/?page_id=6"},"modified":"2025-11-27T12:01:10","modified_gmt":"2025-11-27T11:01:10","slug":"welcome-to-racketcenter","status":"publish","type":"page","link":"https:\/\/pistas365.com\/novapark\/es\/","title":{"rendered":"\u00a1Bienvenido a Nova Parque!"},"content":{"rendered":"<p><strong>Somos Nova Parque, un centro de p\u00e1del al aire libre situado dentro del parque de actividades La Siesta, en la zona de El Chaparral de Torrevieja.<\/strong><\/p>\n<ul>\n<li><strong>Ofrecemos<\/strong> - 3 pistas de p\u00e1del exteriores con iluminaci\u00f3n. Se alquilan raquetas y se venden pelotas.<\/li>\n<li><strong>Entrenamiento de p\u00e1del<\/strong> - El entrenador profesional de p\u00e1del Cosme Ruiz est\u00e1 disponible para reservas en nuestras pistas 2 d\u00edas a la semana.<\/li>\n<li><strong>Actividades de p\u00e1del<\/strong> - todas las semanas organizamos actividades de p\u00e1del para diferentes niveles de jugadores.<\/li>\n<li><strong>Estamos abiertos <\/strong>- Lunes a domingo 08:00-23:00<\/li>\n<\/ul>\n<div class=\"accordion-section\">\r\n<h3 class=\"accordion-section-title\" data-item=\"accordion-padel-courts\">Pistas de p\u00e1del<\/h3>\r\n<div class=\"accordion-section-content\" data-item=\"accordion-padel-courts\"><\/p>\n<p><img loading=\"lazy\" decoding=\"async\" class=\"aligncenter size-full wp-image-168\" src=\"https:\/\/pistas365.com\/novapark\/wp-content\/uploads\/sites\/30\/Nova-Park-Padelcourts-La-Siesta.webp\" alt=\"Pistas de P\u00e1del - Parque de La Siesta\" width=\"500\" height=\"289\" srcset=\"https:\/\/pistas365.com\/novapark\/wp-content\/uploads\/sites\/30\/Nova-Park-Padelcourts-La-Siesta.webp 500w, https:\/\/pistas365.com\/novapark\/wp-content\/uploads\/sites\/30\/Nova-Park-Padelcourts-La-Siesta-300x173.webp 300w, https:\/\/pistas365.com\/novapark\/wp-content\/uploads\/sites\/30\/Nova-Park-Padelcourts-La-Siesta-18x10.webp 18w, https:\/\/pistas365.com\/novapark\/wp-content\/uploads\/sites\/30\/Nova-Park-Padelcourts-La-Siesta-360x208.webp 360w\" sizes=\"(max-width: 500px) 100vw, 500px\" \/><\/p>\n<p><strong>Disponemos de 3 pistas de p\u00e1del al aire libre que se pueden reservar en l\u00ednea. <\/strong><\/p>\n<ul>\n<li>Las pistas de p\u00e1del son dobles y tienen iluminaci\u00f3n.<\/li>\n<li>El precio es de 9<strong>\u20ac<\/strong> por 90 minutos de juego durante el d\u00eda (08:00-21:30) y 15 euros por la noche (21:30-23:00), incluida la iluminaci\u00f3n.<\/li>\n<li>Si quieres alquilar raquetas (3\u20ac cada una) o comprar pelotas (7\u20ac) puedes a\u00f1adirlo al reservar tu pista).<\/li>\n<li>Usted reserva <strong>EN L\u00cdNEA<\/strong> haciendo clic en el bot\u00f3n \"reservar\" de esta p\u00e1gina y pagando con tarjeta.<\/li>\n<\/ul>\n<p><a href=\"https:\/\/novapadel.es\/home\"><img loading=\"lazy\" decoding=\"async\" class=\"aligncenter wp-image-310 size-full\" src=\"https:\/\/pistas365.com\/novapark\/wp-content\/uploads\/sites\/30\/reserve.webp\" alt=\"\" width=\"520\" height=\"61\" srcset=\"https:\/\/pistas365.com\/novapark\/wp-content\/uploads\/sites\/30\/reserve.webp 520w, https:\/\/pistas365.com\/novapark\/wp-content\/uploads\/sites\/30\/reserve-300x35.webp 300w, https:\/\/pistas365.com\/novapark\/wp-content\/uploads\/sites\/30\/reserve-18x2.webp 18w, https:\/\/pistas365.com\/novapark\/wp-content\/uploads\/sites\/30\/reserve-360x42.webp 360w\" sizes=\"(max-width: 520px) 100vw, 520px\" \/><\/a><\/p>\n<p><\/div>\r\n<\/div>\r\n\n<div class=\"accordion-section\">\r\n<h3 class=\"accordion-section-title\" data-item=\"accordion-padel-training\">Entrenamiento de p\u00e1del<\/h3>\r\n<div class=\"accordion-section-content\" data-item=\"accordion-padel-training\"><\/p>\n<p><img loading=\"lazy\" decoding=\"async\" class=\"aligncenter size-full wp-image-174\" src=\"https:\/\/pistas365.com\/novapark\/wp-content\/uploads\/sites\/30\/cosme-ruiz.webp\" alt=\"Entrenamiento de p\u00e1del en Nova Park\" width=\"500\" height=\"360\" srcset=\"https:\/\/pistas365.com\/novapark\/wp-content\/uploads\/sites\/30\/cosme-ruiz.webp 500w, https:\/\/pistas365.com\/novapark\/wp-content\/uploads\/sites\/30\/cosme-ruiz-300x216.webp 300w, https:\/\/pistas365.com\/novapark\/wp-content\/uploads\/sites\/30\/cosme-ruiz-18x12.webp 18w, https:\/\/pistas365.com\/novapark\/wp-content\/uploads\/sites\/30\/cosme-ruiz-360x259.webp 360w\" sizes=\"(max-width: 500px) 100vw, 500px\" \/><\/p>\n<p><strong>Ofrecemos entrenamiento de p\u00e1del en colaboraci\u00f3n con el entrenador profesional de p\u00e1del Cosme Ruiz.<\/strong><\/p>\n<ul>\n<li><strong>Cosme<\/strong> habla espa\u00f1ol e ingl\u00e9s b\u00e1sico. Es un entrenador muy experimentado que personalmente juega al p\u00e1del a un nivel muy alto (categor\u00eda 1).<\/li>\n<li><strong>Cosme<\/strong> tiene un enfoque intenso de sus clases, en las que desarrolla a los jugadores desde el nivel de principiante hasta el de competici\u00f3n.<\/li>\n<\/ul>\n<h3>Servicios de entrenamiento y precios<\/h3>\n<ul>\n<li>Clases privadas | 60 min | Precio: 30 \u20ac (pista incluida).<\/li>\n<li>Entrenamiento privado en grupo | 60 min | 2-4 jugadores | Precio: 40 \u20ac por grupo (pista incluida).<\/li>\n<li>Cosme ofrece sus servicios los martes y jueves.<\/li>\n<li>Tu <strong>reservas su entrenamiento<\/strong> en el <a href=\"https:\/\/pistas365.com\/cosmeruiz\/\" target=\"_blank\" rel=\"noopener\">p\u00e1gina web de Cosme Ruiz<\/a> y pagar en efectivo in situ.<\/li>\n<\/ul>\n<p><\/div>\r\n<\/div>\r\n\n<div class=\"accordion-section\">\r\n<h3 class=\"accordion-section-title\" data-item=\"accordion-padel-activities\">Actividades de p\u00e1del<\/h3>\r\n<div class=\"accordion-section-content\" data-item=\"accordion-padel-activities\"><\/p>\n<p>Actualmente estamos trabajando en nuestro programa de actividades. Vuelva a consultarlo en breve.<\/p>\n<p><\/div>\r\n<\/div>\r\n\n<hr \/>\n<h3>Nuestra ubicaci\u00f3n<\/h3>\n<p><strong>Nuestra direcci\u00f3n es C. Granados, El Chaparral, Torrevieja.<\/strong><\/p>\n<p><iframe loading=\"lazy\" style=\"border: 0;\" src=\"https:\/\/www.google.com\/maps\/embed?pb=!1m18!1m12!1m3!1d21877.038166245842!2d-0.7138569614253584!3d38.01193572376794!2m3!1f0!2f0!3f0!3m2!1i1024!2i768!4f13.1!3m3!1m2!1s0xd63a9007ef504f9%3A0xad3d7fa11280ae52!2sNova%20Park%20Padel!5e1!3m2!1ssv!2ses!4v1721988633493!5m2!1ssv!2ses\" width=\"100%\" height=\"350\" allowfullscreen=\"allowfullscreen\"><\/iframe><\/p>\n<h3>Informaci\u00f3n de contacto<\/h3>\n<p><strong>Nova Park<\/strong><br \/>\nTel: +34 654 08 46 42<br \/>\nCorreo electr\u00f3nico: novaparktorrevieja@gmail.com<\/p>","protected":false},"excerpt":{"rendered":"<p>We are Nova Park &#8211; an outdoor padel venue located inside the La Siesta activity Park in the El Chaparral area of Torrevieja. We offer &#8211; 3 outdoor padel courts with lighting. Rackets are available for rent and balls for sale. Padel training &#8211; professional padel trainer Cosme Ruiz is available for booking on our [&hellip;]<\/p>\n","protected":false},"author":1,"featured_media":159,"parent":0,"menu_order":0,"comment_status":"closed","ping_status":"closed","template":"","meta":{"_acf_changed":false,"footnotes":""},"tags":[],"acf":[],"_links":{"self":[{"href":"https:\/\/pistas365.com\/novapark\/es\/wp-json\/wp\/v2\/pages\/6"}],"collection":[{"href":"https:\/\/pistas365.com\/novapark\/es\/wp-json\/wp\/v2\/pages"}],"about":[{"href":"https:\/\/pistas365.com\/novapark\/es\/wp-json\/wp\/v2\/types\/page"}],"author":[{"embeddable":true,"href":"https:\/\/pistas365.com\/novapark\/es\/wp-json\/wp\/v2\/users\/1"}],"replies":[{"embeddable":true,"href":"https:\/\/pistas365.com\/novapark\/es\/wp-json\/wp\/v2\/comments?post=6"}],"version-history":[{"count":4,"href":"https:\/\/pistas365.com\/novapark\/es\/wp-json\/wp\/v2\/pages\/6\/revisions"}],"predecessor-version":[{"id":316,"href":"https:\/\/pistas365.com\/novapark\/es\/wp-json\/wp\/v2\/pages\/6\/revisions\/316"}],"wp:featuredmedia":[{"embeddable":true,"href":"https:\/\/pistas365.com\/novapark\/es\/wp-json\/wp\/v2\/media\/159"}],"wp:attachment":[{"href":"https:\/\/pistas365.com\/novapark\/es\/wp-json\/wp\/v2\/media?parent=6"}],"wp:term":[{"taxonomy":"post_tag","embeddable":true,"href":"https:\/\/pistas365.com\/novapark\/es\/wp-json\/wp\/v2\/tags?post=6"}],"curies":[{"name":"wp","href":"https:\/\/api.w.org\/{rel}","templated":true}]}}