{"id":6,"date":"2022-02-08T14:11:08","date_gmt":"2022-02-08T14:11:08","guid":{"rendered":"https:\/\/pistas365.com\/novapark\/?page_id=6"},"modified":"2025-11-27T12:01:10","modified_gmt":"2025-11-27T11:01:10","slug":"welcome-to-racketcenter","status":"publish","type":"page","link":"https:\/\/pistas365.com\/novapark\/de\/","title":{"rendered":"Willkommen in der Nova Park!"},"content":{"rendered":"<p><strong>Wir sind Nova Park - ein Outdoor-Padel-Treffpunkt, der sich im La Siesta-Aktivit\u00e4tspark im El Chaparral-Gebiet von Torrevieja befindet.<\/strong><\/p>\n<ul>\n<li><strong>Wir bieten<\/strong> - 3 Padelpl\u00e4tze im Freien mit Beleuchtung. Schl\u00e4ger sind f\u00fcr die Miete und B\u00e4lle zum Verkauf zur Verf\u00fcgung.<\/li>\n<li><strong>Padel-Ausbildung<\/strong> - Der professionelle Padel-Trainer Cosme Ruiz steht Ihnen an 2 Tagen in der Woche auf unseren Pl\u00e4tzen zur Verf\u00fcgung.<\/li>\n<li><strong>Padel-Aktivit\u00e4ten<\/strong> - Jede Woche veranstalten wir Padel-Aktivit\u00e4ten f\u00fcr verschiedene Spielerniveaus.<\/li>\n<li><strong>Wir sind offen <\/strong>- Montag bis Sonntag 08:00-23:00<\/li>\n<\/ul>\n<div class=\"accordion-section\">\r\n<h3 class=\"accordion-section-title\" data-item=\"accordion-padel-courts\">Padel-Pl\u00e4tze<\/h3>\r\n<div class=\"accordion-section-content\" data-item=\"accordion-padel-courts\"><\/p>\n<p><img loading=\"lazy\" decoding=\"async\" class=\"aligncenter size-full wp-image-168\" src=\"https:\/\/pistas365.com\/novapark\/wp-content\/uploads\/sites\/30\/Nova-Park-Padelcourts-La-Siesta.webp\" alt=\"Padelpl\u00e4tze - La Siesta Park\" width=\"500\" height=\"289\" srcset=\"https:\/\/pistas365.com\/novapark\/wp-content\/uploads\/sites\/30\/Nova-Park-Padelcourts-La-Siesta.webp 500w, https:\/\/pistas365.com\/novapark\/wp-content\/uploads\/sites\/30\/Nova-Park-Padelcourts-La-Siesta-300x173.webp 300w, https:\/\/pistas365.com\/novapark\/wp-content\/uploads\/sites\/30\/Nova-Park-Padelcourts-La-Siesta-18x10.webp 18w, https:\/\/pistas365.com\/novapark\/wp-content\/uploads\/sites\/30\/Nova-Park-Padelcourts-La-Siesta-360x208.webp 360w\" sizes=\"(max-width: 500px) 100vw, 500px\" \/><\/p>\n<p><strong>Wir haben 3 Padelpl\u00e4tze im Freien, die Sie online buchen k\u00f6nnen. <\/strong><\/p>\n<ul>\n<li>Die Padelpl\u00e4tze sind doppelt und haben eine Beleuchtung.<\/li>\n<li>Der Preis betr\u00e4gt 9<strong>\u20ac<\/strong> f\u00fcr 90 Minuten Spielzeit am Tag (08:00-21:30) und 15\u20ac in der Nacht (21:30-23:00) inklusive Beleuchtung.<\/li>\n<li>Wenn Sie Schl\u00e4ger mieten (3 \u20ac pro St\u00fcck) oder B\u00e4lle kaufen m\u00f6chten (7 \u20ac), k\u00f6nnen Sie dies bei der Buchung Ihres Platzes hinzuf\u00fcgen.)<\/li>\n<li>Sie buchen <strong>ONLINE<\/strong> indem Sie auf die Schaltfl\u00e4che \"Reservieren\" auf dieser Seite klicken und mit Karte bezahlen.<\/li>\n<\/ul>\n<p><a href=\"https:\/\/novapadel.es\/home\"><img loading=\"lazy\" decoding=\"async\" class=\"aligncenter wp-image-310 size-full\" src=\"https:\/\/pistas365.com\/novapark\/wp-content\/uploads\/sites\/30\/reserve.webp\" alt=\"\" width=\"520\" height=\"61\" srcset=\"https:\/\/pistas365.com\/novapark\/wp-content\/uploads\/sites\/30\/reserve.webp 520w, https:\/\/pistas365.com\/novapark\/wp-content\/uploads\/sites\/30\/reserve-300x35.webp 300w, https:\/\/pistas365.com\/novapark\/wp-content\/uploads\/sites\/30\/reserve-18x2.webp 18w, https:\/\/pistas365.com\/novapark\/wp-content\/uploads\/sites\/30\/reserve-360x42.webp 360w\" sizes=\"(max-width: 520px) 100vw, 520px\" \/><\/a><\/p>\n<p><\/div>\r\n<\/div>\r\n\n<div class=\"accordion-section\">\r\n<h3 class=\"accordion-section-title\" data-item=\"accordion-padel-training\">Padel-Ausbildung<\/h3>\r\n<div class=\"accordion-section-content\" data-item=\"accordion-padel-training\"><\/p>\n<p><img loading=\"lazy\" decoding=\"async\" class=\"aligncenter size-full wp-image-174\" src=\"https:\/\/pistas365.com\/novapark\/wp-content\/uploads\/sites\/30\/cosme-ruiz.webp\" alt=\"Padel-Training im Nova Park\" width=\"500\" height=\"360\" srcset=\"https:\/\/pistas365.com\/novapark\/wp-content\/uploads\/sites\/30\/cosme-ruiz.webp 500w, https:\/\/pistas365.com\/novapark\/wp-content\/uploads\/sites\/30\/cosme-ruiz-300x216.webp 300w, https:\/\/pistas365.com\/novapark\/wp-content\/uploads\/sites\/30\/cosme-ruiz-18x12.webp 18w, https:\/\/pistas365.com\/novapark\/wp-content\/uploads\/sites\/30\/cosme-ruiz-360x259.webp 360w\" sizes=\"(max-width: 500px) 100vw, 500px\" \/><\/p>\n<p><strong>Wir bieten Padel-Training in Zusammenarbeit mit dem professionellen Padel-Trainer Cosme Ruiz an.<\/strong><\/p>\n<ul>\n<li><strong>Cosme<\/strong> spricht Spanisch und Grundkenntnisse in Englisch. Er ist ein sehr erfahrener Trainer, der selbst Padel auf einem sehr hohen Niveau (Kategorie 1) spielt.<\/li>\n<li><strong>Cosme<\/strong> hat einen intensiven Ansatz f\u00fcr seinen Unterricht, in dem er Spieler vom Anf\u00e4nger- bis zum Wettkampfniveau f\u00f6rdert.<\/li>\n<\/ul>\n<h3>Schulungsleistungen und Preise<\/h3>\n<ul>\n<li>Privatunterricht | 60 min | Preis: 30 \u20ac (inklusive Gericht).<\/li>\n<li>Privates Gruppentraining | 60 Min. | 2-4 Spieler | Preis: 40 \u20ac pro Gruppe (inkl. Platz).<\/li>\n<li>Cosme offers his services on tuesdays and thursdays.<\/li>\n<li>Sie <strong>Reservieren Sie Ihr Training<\/strong> am <a href=\"https:\/\/pistas365.com\/cosmeruiz\/\" target=\"_blank\" rel=\"noopener\">Webseite von Cosme Ruiz<\/a> und vor Ort in bar bezahlen.<\/li>\n<\/ul>\n<p><\/div>\r\n<\/div>\r\n\n<div class=\"accordion-section\">\r\n<h3 class=\"accordion-section-title\" data-item=\"accordion-padel-activities\">Padel-Aktivit\u00e4ten<\/h3>\r\n<div class=\"accordion-section-content\" data-item=\"accordion-padel-activities\"><\/p>\n<p>Wir arbeiten derzeit an unserem Aktivit\u00e4tsprogramm. Bitte schauen Sie bald wieder vorbei!<\/p>\n<p><\/div>\r\n<\/div>\r\n\n<hr \/>\n<h3>Unser Standort<\/h3>\n<p><strong>Unsere Adresse ist C. Granados, El Chaparral, Torrevieja.<\/strong><\/p>\n<p><iframe loading=\"lazy\" style=\"border: 0;\" src=\"https:\/\/www.google.com\/maps\/embed?pb=!1m18!1m12!1m3!1d21877.038166245842!2d-0.7138569614253584!3d38.01193572376794!2m3!1f0!2f0!3f0!3m2!1i1024!2i768!4f13.1!3m3!1m2!1s0xd63a9007ef504f9%3A0xad3d7fa11280ae52!2sNova%20Park%20Padel!5e1!3m2!1ssv!2ses!4v1721988633493!5m2!1ssv!2ses\" width=\"100%\" height=\"350\" allowfullscreen=\"allowfullscreen\"><\/iframe><\/p>\n<h3>Kontaktinformationen<\/h3>\n<p><strong>Pinatar-Arena<\/strong><br \/>\nTelefon: +34 654 08 46 42<br \/>\nE-Mail: novaparktorrevieja@gmail.com<\/p>","protected":false},"excerpt":{"rendered":"<p>We are Nova Park &#8211; an outdoor padel venue located inside the La Siesta activity Park in the El Chaparral area of Torrevieja. We offer &#8211; 3 outdoor padel courts with lighting. Rackets are available for rent and balls for sale. Padel training &#8211; professional padel trainer Cosme Ruiz is available for booking on our [&hellip;]<\/p>\n","protected":false},"author":1,"featured_media":159,"parent":0,"menu_order":0,"comment_status":"closed","ping_status":"closed","template":"","meta":{"_acf_changed":false,"footnotes":""},"tags":[],"acf":[],"_links":{"self":[{"href":"https:\/\/pistas365.com\/novapark\/de\/wp-json\/wp\/v2\/pages\/6"}],"collection":[{"href":"https:\/\/pistas365.com\/novapark\/de\/wp-json\/wp\/v2\/pages"}],"about":[{"href":"https:\/\/pistas365.com\/novapark\/de\/wp-json\/wp\/v2\/types\/page"}],"author":[{"embeddable":true,"href":"https:\/\/pistas365.com\/novapark\/de\/wp-json\/wp\/v2\/users\/1"}],"replies":[{"embeddable":true,"href":"https:\/\/pistas365.com\/novapark\/de\/wp-json\/wp\/v2\/comments?post=6"}],"version-history":[{"count":4,"href":"https:\/\/pistas365.com\/novapark\/de\/wp-json\/wp\/v2\/pages\/6\/revisions"}],"predecessor-version":[{"id":316,"href":"https:\/\/pistas365.com\/novapark\/de\/wp-json\/wp\/v2\/pages\/6\/revisions\/316"}],"wp:featuredmedia":[{"embeddable":true,"href":"https:\/\/pistas365.com\/novapark\/de\/wp-json\/wp\/v2\/media\/159"}],"wp:attachment":[{"href":"https:\/\/pistas365.com\/novapark\/de\/wp-json\/wp\/v2\/media?parent=6"}],"wp:term":[{"taxonomy":"post_tag","embeddable":true,"href":"https:\/\/pistas365.com\/novapark\/de\/wp-json\/wp\/v2\/tags?post=6"}],"curies":[{"name":"wp","href":"https:\/\/api.w.org\/{rel}","templated":true}]}}