{"id":6,"date":"2022-02-08T14:11:08","date_gmt":"2022-02-08T14:11:08","guid":{"rendered":"https:\/\/pistas365.com\/novapadel\/?page_id=6"},"modified":"2025-02-26T10:02:09","modified_gmt":"2025-02-26T09:02:09","slug":"welcome-to-racketcenter","status":"publish","type":"page","link":"https:\/\/pistas365.com\/novapadel\/sv\/","title":{"rendered":"V\u00e4lkommen till Nova Padel!"},"content":{"rendered":"<p><strong>Vi \u00e4r Nova Padel - en inomhuspadelanl\u00e4ggning som ligger i centrala Torrevieja. <\/strong><\/p>\n<ul>\n<li><strong>Vi erbjuder<\/strong> - 3 padelbanor inomhus och 1 utomhusbana.<\/li>\n<li><strong>V\u00e5r adress \u00e4r<\/strong> - C. Antonio Ruiz Coves 24, Torrevieja.<\/li>\n<li><strong>Vi \u00e4r \u00f6ppna <\/strong> - Varje dag 08:00-22:00<\/li>\n<li><strong>V\u00e4nligen boka <\/strong> - Online p\u00e5 denna sida.<\/li>\n<\/ul>\n<div class=\"latepoint-book-button-wrapper wp-block-button\"><a href=\"#\" class=\"latepoint-book-button os_trigger_booking wp-block-button__link\" data-selected-agent=\"any\" >G\u00f6r en bokning<\/a><\/div>\n<h3>Tj\u00e4nster och bokning<\/h3>\n<p>N\u00e4r du bokar v\u00e5ra banor f\u00e5r du gratis tillg\u00e5ng till omkl\u00e4dningsrum och duschar. Vi har ocks\u00e5 en bar och en liten padelbutik.<\/p>\n<h2>Padelbanor<\/h2>\n<p><strong>Vi har 4 padelbanor som kan bokas online. Om du inte har n\u00e5got eget racket kan du hyra racketar (2 euro per styck).<\/strong><\/p>\n<ul>\n<li>Vi har tre padelbanor inomhus och en utomhus.<\/li>\n<li>Alla v\u00e5ra padelbanor \u00e4r dubbla och har belysning.<\/li>\n<li>Priset \u00e4r 29 euro f\u00f6r 90 minuters speltid.<\/li>\n<li>Du bokar online och betalar med ditt kreditkort.<\/li>\n<\/ul>\n<div class=\"latepoint-book-button-wrapper wp-block-button\"><a href=\"#\" class=\"latepoint-book-button os_trigger_booking wp-block-button__link\" data-selected-agent=\"any\" >G\u00f6r en bokning<\/a><\/div>\n<h3>V\u00e5r plats<\/h3>\n<p><iframe loading=\"lazy\" style=\"border: 0;\" src=\"https:\/\/www.google.com\/maps\/embed?pb=!1m14!1m8!1m3!1d12577.82979027493!2d-0.6805265!3d37.9897892!3m2!1i1024!2i768!4f13.1!3m3!1m2!1s0x0%3A0x98ec6337831b4cca!2sNova%20P%C3%A1del!5e0!3m2!1ssv!2ses!4v1649854404529!5m2!1ssv!2ses\" width=\"100%\" height=\"350\" allowfullscreen=\"allowfullscreen\"><\/iframe><\/p>\n<h3>Kontaktuppgifter<\/h3>\n<p><strong>Nova Padel<\/strong><br \/>\nTelefon: +34 647 706 676<\/p>","protected":false},"excerpt":{"rendered":"<p>We are Nova Padel &#8211; an indoor padel venue located in the central parts of Torrevieja. We offer &#8211; 3 indoor padel courts and 1 outdoor court. Our adress is &#8211; C. Antonio Ruiz Coves 24, Torrevieja. We are open &#8211; Every day 08:00-22:00 Please book &#8211; Online on this page. Services and booking When [&hellip;]<\/p>\n","protected":false},"author":1,"featured_media":193,"parent":0,"menu_order":0,"comment_status":"closed","ping_status":"closed","template":"","meta":{"_acf_changed":false,"footnotes":""},"tags":[],"acf":[],"_links":{"self":[{"href":"https:\/\/pistas365.com\/novapadel\/sv\/wp-json\/wp\/v2\/pages\/6"}],"collection":[{"href":"https:\/\/pistas365.com\/novapadel\/sv\/wp-json\/wp\/v2\/pages"}],"about":[{"href":"https:\/\/pistas365.com\/novapadel\/sv\/wp-json\/wp\/v2\/types\/page"}],"author":[{"embeddable":true,"href":"https:\/\/pistas365.com\/novapadel\/sv\/wp-json\/wp\/v2\/users\/1"}],"replies":[{"embeddable":true,"href":"https:\/\/pistas365.com\/novapadel\/sv\/wp-json\/wp\/v2\/comments?post=6"}],"version-history":[{"count":4,"href":"https:\/\/pistas365.com\/novapadel\/sv\/wp-json\/wp\/v2\/pages\/6\/revisions"}],"predecessor-version":[{"id":205,"href":"https:\/\/pistas365.com\/novapadel\/sv\/wp-json\/wp\/v2\/pages\/6\/revisions\/205"}],"wp:featuredmedia":[{"embeddable":true,"href":"https:\/\/pistas365.com\/novapadel\/sv\/wp-json\/wp\/v2\/media\/193"}],"wp:attachment":[{"href":"https:\/\/pistas365.com\/novapadel\/sv\/wp-json\/wp\/v2\/media?parent=6"}],"wp:term":[{"taxonomy":"post_tag","embeddable":true,"href":"https:\/\/pistas365.com\/novapadel\/sv\/wp-json\/wp\/v2\/tags?post=6"}],"curies":[{"name":"wp","href":"https:\/\/api.w.org\/{rel}","templated":true}]}}