{"id":6,"date":"2022-02-08T14:11:08","date_gmt":"2022-02-08T14:11:08","guid":{"rendered":"https:\/\/pistas365.com\/novapadel\/?page_id=6"},"modified":"2025-02-26T10:02:09","modified_gmt":"2025-02-26T09:02:09","slug":"welcome-to-racketcenter","status":"publish","type":"page","link":"https:\/\/pistas365.com\/novapadel\/fr\/","title":{"rendered":"Bienvenue \u00e0 Nova Padel !"},"content":{"rendered":"<p><strong>Nous sommes Nova Padel - une salle de padel indoor situ\u00e9e dans le centre de Torrevieja. <\/strong><\/p>\n<ul>\n<li><strong>Nous offrons<\/strong> - 3 courts de padel int\u00e9rieurs et 1 court ext\u00e9rieur.<\/li>\n<li><strong>Notre adresse est la suivante<\/strong> - C. Antonio Ruiz Coves 24, Torrevieja.<\/li>\n<li><strong>Nous sommes ouverts <\/strong> - Tous les jours 08:00-22:00<\/li>\n<li><strong>Veuillez r\u00e9server <\/strong> - En ligne sur cette page.<\/li>\n<\/ul>\n<div class=\"latepoint-book-button-wrapper wp-block-button\"><a href=\"#\" class=\"latepoint-book-button os_trigger_booking wp-block-button__link\" data-selected-agent=\"any\" >Faire une r\u00e9servation<\/a><\/div>\n<h3>Services et r\u00e9servations<\/h3>\n<p>Lorsque vous r\u00e9servez nos courts, vous b\u00e9n\u00e9ficiez d'un acc\u00e8s gratuit aux vestiaires et aux douches. Nous avons \u00e9galement un bar et un petit magasin de padel.<\/p>\n<h2>Courts de padel<\/h2>\n<p><strong>Nous disposons de 4 courts de padel que vous pouvez r\u00e9server en ligne. Si vous n'avez pas votre propre raquette, nous avons des raquettes \u00e0 louer (2 \u20ac chacune).<\/strong><\/p>\n<ul>\n<li>Nous disposons de trois courts de padel int\u00e9rieurs et d'un court ext\u00e9rieur.<\/li>\n<li>Tous nos courts de padel sont doubles et disposent d'un \u00e9clairage.<\/li>\n<li>Le prix est de 29 \u20ac pour 90 minutes de jeu.<\/li>\n<li>Vous r\u00e9servez en ligne et payez avec votre carte de cr\u00e9dit.<\/li>\n<\/ul>\n<div class=\"latepoint-book-button-wrapper wp-block-button\"><a href=\"#\" class=\"latepoint-book-button os_trigger_booking wp-block-button__link\" data-selected-agent=\"any\" >Faire une r\u00e9servation<\/a><\/div>\n<h3>Notre emplacement<\/h3>\n<p><iframe loading=\"lazy\" style=\"border: 0;\" src=\"https:\/\/www.google.com\/maps\/embed?pb=!1m14!1m8!1m3!1d12577.82979027493!2d-0.6805265!3d37.9897892!3m2!1i1024!2i768!4f13.1!3m3!1m2!1s0x0%3A0x98ec6337831b4cca!2sNova%20P%C3%A1del!5e0!3m2!1ssv!2ses!4v1649854404529!5m2!1ssv!2ses\" width=\"100%\" height=\"350\" allowfullscreen=\"allowfullscreen\"><\/iframe><\/p>\n<h3>Informations de contact<\/h3>\n<p><strong>Nova Padel<\/strong><br \/>\nT\u00e9l\u00e9phone : +34 647 706 676<\/p>","protected":false},"excerpt":{"rendered":"<p>We are Nova Padel &#8211; an indoor padel venue located in the central parts of Torrevieja. We offer &#8211; 3 indoor padel courts and 1 outdoor court. Our adress is &#8211; C. Antonio Ruiz Coves 24, Torrevieja. We are open &#8211; Every day 08:00-22:00 Please book &#8211; Online on this page. Services and booking When [&hellip;]<\/p>\n","protected":false},"author":1,"featured_media":193,"parent":0,"menu_order":0,"comment_status":"closed","ping_status":"closed","template":"","meta":{"_acf_changed":false,"footnotes":""},"tags":[],"acf":[],"_links":{"self":[{"href":"https:\/\/pistas365.com\/novapadel\/fr\/wp-json\/wp\/v2\/pages\/6"}],"collection":[{"href":"https:\/\/pistas365.com\/novapadel\/fr\/wp-json\/wp\/v2\/pages"}],"about":[{"href":"https:\/\/pistas365.com\/novapadel\/fr\/wp-json\/wp\/v2\/types\/page"}],"author":[{"embeddable":true,"href":"https:\/\/pistas365.com\/novapadel\/fr\/wp-json\/wp\/v2\/users\/1"}],"replies":[{"embeddable":true,"href":"https:\/\/pistas365.com\/novapadel\/fr\/wp-json\/wp\/v2\/comments?post=6"}],"version-history":[{"count":4,"href":"https:\/\/pistas365.com\/novapadel\/fr\/wp-json\/wp\/v2\/pages\/6\/revisions"}],"predecessor-version":[{"id":205,"href":"https:\/\/pistas365.com\/novapadel\/fr\/wp-json\/wp\/v2\/pages\/6\/revisions\/205"}],"wp:featuredmedia":[{"embeddable":true,"href":"https:\/\/pistas365.com\/novapadel\/fr\/wp-json\/wp\/v2\/media\/193"}],"wp:attachment":[{"href":"https:\/\/pistas365.com\/novapadel\/fr\/wp-json\/wp\/v2\/media?parent=6"}],"wp:term":[{"taxonomy":"post_tag","embeddable":true,"href":"https:\/\/pistas365.com\/novapadel\/fr\/wp-json\/wp\/v2\/tags?post=6"}],"curies":[{"name":"wp","href":"https:\/\/api.w.org\/{rel}","templated":true}]}}