{"id":6,"date":"2022-02-08T14:11:08","date_gmt":"2022-02-08T14:11:08","guid":{"rendered":"https:\/\/pistas365.com\/novapadel\/?page_id=6"},"modified":"2025-02-26T10:02:09","modified_gmt":"2025-02-26T09:02:09","slug":"welcome-to-racketcenter","status":"publish","type":"page","link":"https:\/\/pistas365.com\/novapadel\/es\/","title":{"rendered":"\u00a1Bienvenido a Nova Padel!"},"content":{"rendered":"<p><strong>Somos Nova Padel - un lugar de p\u00e1del indoor situado en el centro de Torrevieja. <\/strong><\/p>\n<ul>\n<li><strong>Ofrecemos<\/strong> - 3 pistas de p\u00e1del indoor y 1 pista exterior.<\/li>\n<li><strong>Nuestra direcci\u00f3n es<\/strong> - C. Antonio Ruiz Coves 24, Torrevieja.<\/li>\n<li><strong>Estamos abiertos <\/strong> - Todos los d\u00edas de 08:00 a 22:00<\/li>\n<li><strong>Reservar <\/strong> - En l\u00ednea en esta p\u00e1gina.<\/li>\n<\/ul>\n<div class=\"latepoint-book-button-wrapper wp-block-button\"><a href=\"#\" class=\"latepoint-book-button os_trigger_booking wp-block-button__link\" data-selected-agent=\"any\" >Hacer una reserva<\/a><\/div>\n<h3>Servicios y reservas<\/h3>\n<p>Al reservar nuestras pistas se obtiene acceso gratuito a los vestuarios y duchas. Tambi\u00e9n tenemos un bar y una peque\u00f1a tienda de p\u00e1del.<\/p>\n<h2>Pistas de p\u00e1del<\/h2>\n<p><strong>Disponemos de 4 pistas de p\u00e1del que se pueden reservar online. Si no tienes tu propia raqueta, tenemos raquetas de alquiler (2\u20ac cada una).<\/strong><\/p>\n<ul>\n<li>Tenemos tres pistas de p\u00e1del cubiertas y una al aire libre.<\/li>\n<li>Todas nuestras pistas de p\u00e1del son dobles y tienen iluminaci\u00f3n.<\/li>\n<li>El precio es de 29 euros por 90 minutos de juego.<\/li>\n<li>Usted reserva en l\u00ednea y paga con su tarjeta de cr\u00e9dito.<\/li>\n<\/ul>\n<div class=\"latepoint-book-button-wrapper wp-block-button\"><a href=\"#\" class=\"latepoint-book-button os_trigger_booking wp-block-button__link\" data-selected-agent=\"any\" >Hacer una reserva<\/a><\/div>\n<h3>Nuestra ubicaci\u00f3n<\/h3>\n<p><iframe loading=\"lazy\" style=\"border: 0;\" src=\"https:\/\/www.google.com\/maps\/embed?pb=!1m14!1m8!1m3!1d12577.82979027493!2d-0.6805265!3d37.9897892!3m2!1i1024!2i768!4f13.1!3m3!1m2!1s0x0%3A0x98ec6337831b4cca!2sNova%20P%C3%A1del!5e0!3m2!1ssv!2ses!4v1649854404529!5m2!1ssv!2ses\" width=\"100%\" height=\"350\" allowfullscreen=\"allowfullscreen\"><\/iframe><\/p>\n<h3>Informaci\u00f3n de contacto<\/h3>\n<p><strong>Nova Padel<\/strong><br \/>\nTel\u00e9fono: +34 647 706 676<\/p>","protected":false},"excerpt":{"rendered":"<p>We are Nova Padel &#8211; an indoor padel venue located in the central parts of Torrevieja. We offer &#8211; 3 indoor padel courts and 1 outdoor court. Our adress is &#8211; C. Antonio Ruiz Coves 24, Torrevieja. We are open &#8211; Every day 08:00-22:00 Please book &#8211; Online on this page. Services and booking When [&hellip;]<\/p>\n","protected":false},"author":1,"featured_media":193,"parent":0,"menu_order":0,"comment_status":"closed","ping_status":"closed","template":"","meta":{"_acf_changed":false,"footnotes":""},"tags":[],"acf":[],"_links":{"self":[{"href":"https:\/\/pistas365.com\/novapadel\/es\/wp-json\/wp\/v2\/pages\/6"}],"collection":[{"href":"https:\/\/pistas365.com\/novapadel\/es\/wp-json\/wp\/v2\/pages"}],"about":[{"href":"https:\/\/pistas365.com\/novapadel\/es\/wp-json\/wp\/v2\/types\/page"}],"author":[{"embeddable":true,"href":"https:\/\/pistas365.com\/novapadel\/es\/wp-json\/wp\/v2\/users\/1"}],"replies":[{"embeddable":true,"href":"https:\/\/pistas365.com\/novapadel\/es\/wp-json\/wp\/v2\/comments?post=6"}],"version-history":[{"count":4,"href":"https:\/\/pistas365.com\/novapadel\/es\/wp-json\/wp\/v2\/pages\/6\/revisions"}],"predecessor-version":[{"id":205,"href":"https:\/\/pistas365.com\/novapadel\/es\/wp-json\/wp\/v2\/pages\/6\/revisions\/205"}],"wp:featuredmedia":[{"embeddable":true,"href":"https:\/\/pistas365.com\/novapadel\/es\/wp-json\/wp\/v2\/media\/193"}],"wp:attachment":[{"href":"https:\/\/pistas365.com\/novapadel\/es\/wp-json\/wp\/v2\/media?parent=6"}],"wp:term":[{"taxonomy":"post_tag","embeddable":true,"href":"https:\/\/pistas365.com\/novapadel\/es\/wp-json\/wp\/v2\/tags?post=6"}],"curies":[{"name":"wp","href":"https:\/\/api.w.org\/{rel}","templated":true}]}}