{"id":6,"date":"2022-02-08T14:11:08","date_gmt":"2022-02-08T14:11:08","guid":{"rendered":"https:\/\/pistas365.com\/novapadel\/?page_id=6"},"modified":"2025-02-26T10:02:09","modified_gmt":"2025-02-26T09:02:09","slug":"welcome-to-racketcenter","status":"publish","type":"page","link":"https:\/\/pistas365.com\/novapadel\/de\/","title":{"rendered":"Willkommen bei Nova Padel!"},"content":{"rendered":"<p><strong>Wir sind Nova Padel - eine Indoor-Padelhalle im Zentrum von Torrevieja. <\/strong><\/p>\n<ul>\n<li><strong>Wir bieten<\/strong> - 3 Indoor-Padelpl\u00e4tze und 1 Outdoor-Platz.<\/li>\n<li><strong>Unsere Adresse lautet<\/strong> - C. Antonio Ruiz Coves 24, Torrevieja.<\/li>\n<li><strong>Wir sind offen <\/strong> - Jeden Tag 08:00-22:00<\/li>\n<li><strong>Bitte buchen <\/strong> - Online auf dieser Seite.<\/li>\n<\/ul>\n<div class=\"latepoint-book-button-wrapper wp-block-button\"><a href=\"#\" class=\"latepoint-book-button os_trigger_booking wp-block-button__link\" data-selected-agent=\"any\" >Eine Reservierung vornehmen<\/a><\/div>\n<h3>Dienstleistungen und Buchung<\/h3>\n<p>Wenn Sie unsere Pl\u00e4tze buchen, haben Sie kostenlosen Zugang zu den Umkleider\u00e4umen und Duschen. Wir haben auch eine Bar und einen kleinen Padel-Shop.<\/p>\n<h2>Padel-Pl\u00e4tze<\/h2>\n<p><strong>Wir haben 4 Padelpl\u00e4tze, die Sie online buchen k\u00f6nnen. Wenn Sie keinen eigenen Schl\u00e4ger haben, k\u00f6nnen Sie bei uns Schl\u00e4ger mieten (2 \u20ac pro St\u00fcck).<\/strong><\/p>\n<ul>\n<li>Wir haben drei Padelpl\u00e4tze in der Halle und einen im Freien.<\/li>\n<li>Alle unsere Padelpl\u00e4tze sind doppelt und haben eine Beleuchtung.<\/li>\n<li>Der Preis betr\u00e4gt 29 \u20ac f\u00fcr 90 Minuten Spielzeit.<\/li>\n<li>Sie buchen online und bezahlen mit Ihrer Kreditkarte.<\/li>\n<\/ul>\n<div class=\"latepoint-book-button-wrapper wp-block-button\"><a href=\"#\" class=\"latepoint-book-button os_trigger_booking wp-block-button__link\" data-selected-agent=\"any\" >Eine Reservierung vornehmen<\/a><\/div>\n<h3>Unser Standort<\/h3>\n<p><iframe loading=\"lazy\" style=\"border: 0;\" src=\"https:\/\/www.google.com\/maps\/embed?pb=!1m14!1m8!1m3!1d12577.82979027493!2d-0.6805265!3d37.9897892!3m2!1i1024!2i768!4f13.1!3m3!1m2!1s0x0%3A0x98ec6337831b4cca!2sNova%20P%C3%A1del!5e0!3m2!1ssv!2ses!4v1649854404529!5m2!1ssv!2ses\" width=\"100%\" height=\"350\" allowfullscreen=\"allowfullscreen\"><\/iframe><\/p>\n<h3>Kontaktinformationen<\/h3>\n<p><strong>Nova Padel<\/strong><br \/>\nTelefon: +34 647 706 676<\/p>","protected":false},"excerpt":{"rendered":"<p>We are Nova Padel &#8211; an indoor padel venue located in the central parts of Torrevieja. We offer &#8211; 3 indoor padel courts and 1 outdoor court. Our adress is &#8211; C. Antonio Ruiz Coves 24, Torrevieja. We are open &#8211; Every day 08:00-22:00 Please book &#8211; Online on this page. Services and booking When [&hellip;]<\/p>\n","protected":false},"author":1,"featured_media":193,"parent":0,"menu_order":0,"comment_status":"closed","ping_status":"closed","template":"","meta":{"_acf_changed":false,"footnotes":""},"tags":[],"acf":[],"_links":{"self":[{"href":"https:\/\/pistas365.com\/novapadel\/de\/wp-json\/wp\/v2\/pages\/6"}],"collection":[{"href":"https:\/\/pistas365.com\/novapadel\/de\/wp-json\/wp\/v2\/pages"}],"about":[{"href":"https:\/\/pistas365.com\/novapadel\/de\/wp-json\/wp\/v2\/types\/page"}],"author":[{"embeddable":true,"href":"https:\/\/pistas365.com\/novapadel\/de\/wp-json\/wp\/v2\/users\/1"}],"replies":[{"embeddable":true,"href":"https:\/\/pistas365.com\/novapadel\/de\/wp-json\/wp\/v2\/comments?post=6"}],"version-history":[{"count":4,"href":"https:\/\/pistas365.com\/novapadel\/de\/wp-json\/wp\/v2\/pages\/6\/revisions"}],"predecessor-version":[{"id":205,"href":"https:\/\/pistas365.com\/novapadel\/de\/wp-json\/wp\/v2\/pages\/6\/revisions\/205"}],"wp:featuredmedia":[{"embeddable":true,"href":"https:\/\/pistas365.com\/novapadel\/de\/wp-json\/wp\/v2\/media\/193"}],"wp:attachment":[{"href":"https:\/\/pistas365.com\/novapadel\/de\/wp-json\/wp\/v2\/media?parent=6"}],"wp:term":[{"taxonomy":"post_tag","embeddable":true,"href":"https:\/\/pistas365.com\/novapadel\/de\/wp-json\/wp\/v2\/tags?post=6"}],"curies":[{"name":"wp","href":"https:\/\/api.w.org\/{rel}","templated":true}]}}