{"id":6,"date":"2022-02-08T14:11:08","date_gmt":"2022-02-08T14:11:08","guid":{"rendered":"https:\/\/pistas365.com\/no1padel\/?page_id=6"},"modified":"2025-04-02T16:29:59","modified_gmt":"2025-04-02T14:29:59","slug":"welcome-to-racketcenter","status":"publish","type":"page","link":"https:\/\/pistas365.com\/no1padel\/fr\/","title":{"rendered":"No1 Padel Torrevieja"},"content":{"rendered":"<p><strong>Bienvenue \u00e0 No1 Padel ! Nous sommes un nouveau site de padel situ\u00e9 dans le Parque Acu\u00e1tico - Sector 25, juste \u00e0 l'ext\u00e9rieur du centre ville de Torrevieja.\u00a0<\/strong><\/p>\n<ul>\n<li style=\"list-style-type: none;\">\n<ul>\n<li><strong>Nous offrons <\/strong>- 3 courts de padel en plein air, des activit\u00e9s de padel passionnantes et un bar social pour s'amuser en dehors des courts.<\/li>\n<li><strong>Nous sommes ouverts <\/strong>- tous les jours de 10h00 \u00e0 19h00.<\/li>\n<li><strong>Notre adresse est la suivante<\/strong>\u00a0- C. Gines Saura Sanchez 37, Torrevieja.<\/li>\n<li><strong>Vous r\u00e9servez <\/strong>- en ligne sur Matchi en cliquant sur le lien de cette page web.<\/li>\n<\/ul>\n<\/li>\n<\/ul>\n<h3>R\u00e9servation de terrain<\/h3>\n<ul>\n<li>Les terrains de padel sont doubles et disposent d'un \u00e9clairage.<\/li>\n<li>Le prix est de 20 \u20ac pour 90 minutes de jeu. L'\u00e9clairage est inclus dans le prix.<\/li>\n<li>Vous r\u00e9servez en ligne et payez par carte.<\/li>\n<\/ul>\n<p><a href=\"https:\/\/www.matchi.se\/facilities\/no1padel\"><img loading=\"lazy\" decoding=\"async\" class=\"aligncenter wp-image-264 size-full\" src=\"https:\/\/pistas365.com\/no1padel\/wp-content\/uploads\/sites\/29\/reserv-padel.jpg\" alt=\"R\u00e9server un terrain de padel\" width=\"661\" height=\"84\" srcset=\"https:\/\/pistas365.com\/no1padel\/wp-content\/uploads\/sites\/29\/reserv-padel.jpg 661w, https:\/\/pistas365.com\/no1padel\/wp-content\/uploads\/sites\/29\/reserv-padel-300x38.jpg 300w, https:\/\/pistas365.com\/no1padel\/wp-content\/uploads\/sites\/29\/reserv-padel-18x2.jpg 18w, https:\/\/pistas365.com\/no1padel\/wp-content\/uploads\/sites\/29\/reserv-padel-360x46.jpg 360w\" sizes=\"(max-width: 661px) 100vw, 661px\" \/><\/a><\/p>\n<h3>Emplacement et coordonn\u00e9es de No1 Padel<\/h3>\n<p><iframe loading=\"lazy\" style=\"border: 0;\" src=\"https:\/\/www.google.com\/maps\/embed?pb=!1m18!1m12!1m3!1d12575.764920336345!2d-0.6817716141100554!3d38.00183126302748!2m3!1f0!2f0!3f0!3m2!1i1024!2i768!4f13.1!3m3!1m2!1s0xd63ab1ed02d3729%3A0x9e2c4631fd8c4b04!2sNo1%20Padel!5e0!3m2!1ssv!2ses!4v1717508232362!5m2!1ssv!2ses\" width=\"100%\" height=\"350\" allowfullscreen=\"allowfullscreen\"><\/iframe><\/p>\n<p><strong>No1 Padel<\/strong><br \/>\nC. Gines Saura Sanchez 37<br \/>\n03183 Torrevieja<br \/>\nCourriel : no1padeltorrevieja@gmail.com<\/p>","protected":false},"excerpt":{"rendered":"<p>Welcome to No1 Padel! We are a new padel venue located in the Parque Acu\u00e1tico &#8211; Sector 25 area just outside the Torrevieja city center.\u00a0 We offer &#8211; 3 outdoor padel courts, exciting padel activties and a social bar for some off-court fun. We are open &#8211; every day 10:00-19:00. Our adress is\u00a0&#8211; C. Gines [&hellip;]<\/p>\n","protected":false},"author":1,"featured_media":218,"parent":0,"menu_order":0,"comment_status":"closed","ping_status":"closed","template":"","meta":{"_acf_changed":false,"footnotes":""},"tags":[],"acf":[],"_links":{"self":[{"href":"https:\/\/pistas365.com\/no1padel\/fr\/wp-json\/wp\/v2\/pages\/6"}],"collection":[{"href":"https:\/\/pistas365.com\/no1padel\/fr\/wp-json\/wp\/v2\/pages"}],"about":[{"href":"https:\/\/pistas365.com\/no1padel\/fr\/wp-json\/wp\/v2\/types\/page"}],"author":[{"embeddable":true,"href":"https:\/\/pistas365.com\/no1padel\/fr\/wp-json\/wp\/v2\/users\/1"}],"replies":[{"embeddable":true,"href":"https:\/\/pistas365.com\/no1padel\/fr\/wp-json\/wp\/v2\/comments?post=6"}],"version-history":[{"count":4,"href":"https:\/\/pistas365.com\/no1padel\/fr\/wp-json\/wp\/v2\/pages\/6\/revisions"}],"predecessor-version":[{"id":270,"href":"https:\/\/pistas365.com\/no1padel\/fr\/wp-json\/wp\/v2\/pages\/6\/revisions\/270"}],"wp:featuredmedia":[{"embeddable":true,"href":"https:\/\/pistas365.com\/no1padel\/fr\/wp-json\/wp\/v2\/media\/218"}],"wp:attachment":[{"href":"https:\/\/pistas365.com\/no1padel\/fr\/wp-json\/wp\/v2\/media?parent=6"}],"wp:term":[{"taxonomy":"post_tag","embeddable":true,"href":"https:\/\/pistas365.com\/no1padel\/fr\/wp-json\/wp\/v2\/tags?post=6"}],"curies":[{"name":"wp","href":"https:\/\/api.w.org\/{rel}","templated":true}]}}