{"id":898,"date":"2025-02-21T12:58:46","date_gmt":"2025-02-21T11:58:46","guid":{"rendered":"https:\/\/pistas365.com\/?page_id=898"},"modified":"2026-02-24T09:56:47","modified_gmt":"2026-02-24T08:56:47","slug":"succesvolle-padelfaciliteit","status":"publish","type":"page","link":"https:\/\/pistas365.com\/nl\/padel\/information\/successful-padel-facility\/","title":{"rendered":"Hoe je een succesvolle padelfaciliteit cre\u00ebert"},"content":{"rendered":"<p><strong>Het cre\u00ebren van een succesvolle padelfaciliteit draait fundamenteel om het cre\u00ebren van een omgeving die bezoekers geweldige ervaringen biedt.<\/strong><\/p>\n<p>Het is belangrijk om te onthouden dat een padelervaring uit verschillende onderdelen bestaat. Samen vormen deze onderdelen de totale ervaring die ervoor zorgt dat de bezoeker ervoor kiest om terug te komen.<\/p>\n<p>Laten we eens wat dieper ingaan op de praktische onderdelen van een fantastische padelervaring!<\/p>\n<div class=\"accordion-section\">\r\n<h3 class=\"accordion-section-title\" data-item=\"accordion-1-provide-online-booking\">1. Online boeken<\/h3>\r\n<div class=\"accordion-section-content\" data-item=\"accordion-1-provide-online-booking\"><\/p>\n<p><strong>De eerste horde die een nieuwe bezoeker moet nemen is het boeken van een baan. Dit moet gemakkelijk en veilig aanvoelen.<\/strong><\/p>\n<ol>\n<li><strong>Je moet<\/strong> een representatieve en gebruiksvriendelijke website. Dit is de winkel waar je bezoeker binnenkomt en zijn eerste indruk maakt.<\/li>\n<li><strong>\u00a0Als uw<\/strong> Als je doelgroep bestaat uit bezoekers uit verschillende landen, moet je ze in hun eigen taal te woord kunnen staan.<\/li>\n<li><strong>Gemakkelijk online boeken<\/strong> - padelspelers verwachten dat ze beschikbare tijden kunnen vinden en boeken met hun telefoon. Een mobiele website met eenvoudige boeking is een must.<\/li>\n<li><strong>Een mobiele app<\/strong> om te boeken kan goed zijn, maar houd er rekening mee dat tijdelijke bezoekers weerstand kunnen bieden bij het downloaden, begrijpen, aanmaken van een account en het verstrekken van creditcardgegevens om bij u te boeken.<\/li>\n<\/ol>\n<p><\/div>\r\n<\/div>\r\n\n<div class=\"accordion-section\">\r\n<h3 class=\"accordion-section-title\" data-item=\"accordion-2-make-a-strong-first-impression\">2. Maak een sterke eerste indruk<\/h3>\r\n<div class=\"accordion-section-content\" data-item=\"accordion-2-make-a-strong-first-impression\"><\/p>\n<p><strong>De eerste indruk is krachtig. Je kunt dit be\u00efnvloeden door te voldoen aan de praktische behoeften en esthetische verwachtingen van je bezoeker. Je wilt een omgeving bieden die aantrekkelijk aanvoelt en gemakkelijk te navigeren is.<\/strong><\/p>\n<ol>\n<li><strong>Toegang<\/strong> - Als een speler bij een padelfaciliteit aankomt, wil hij gemakkelijk kunnen parkeren en de juiste locatie vinden.<\/li>\n<li><strong>Receptie<\/strong> - Als er personeel in de voorziening aanwezig is, moet het de bezoeker op de juiste manier verwelkomen en begeleiden. Als er geen personeel aanwezig is, moet de bezoeker duidelijke instructies krijgen voor en tijdens zijn bezoek. Dit betekent duidelijke informatie in de boekingsbevestiging en een goede bewegwijzering in de faciliteit.<\/li>\n<li><strong>Milieu<\/strong> - Het is belangrijk om te bedenken dat een padelervaring sterk wordt be\u00efnvloed door de omgeving waarin deze plaatsvindt. Alles intact en schoon is een minimum voor een driesterrenervaring.<\/li>\n<li><strong>Voor degenen<\/strong> die hun bezoekers een vier- of vijfsterrenervaring willen bieden, gaat het erom een esthetisch aangename en comfortabele omgeving te bieden zonder zichtbare gebreken. Op een onbemande faciliteit kan aandacht voor de omgeving het verlies aan service door het gebrek aan persoonlijke ontvangst compenseren.<\/li>\n<li><strong>Servicefaciliteiten<\/strong> - Padel spelers verwachten toegang tot toiletten, evenals de verkoop van water, ballen, grips en de huur van padelrackets voor hun wedstrijd.<\/li>\n<\/ol>\n<p><\/div>\r\n<\/div>\r\n\n<div class=\"accordion-section\">\r\n<h3 class=\"accordion-section-title\" data-item=\"accordion-3-deliver-a-great-game-experience\">3. Zorg voor een geweldige spelervaring<\/h3>\r\n<div class=\"accordion-section-content\" data-item=\"accordion-3-deliver-a-great-game-experience\"><\/p>\n<p><strong>De spelervaring op een padelbaan bestaat uit de kwaliteit en conditie van de baan.<\/strong><\/p>\n<ol>\n<li><strong>Een goed<\/strong> kwaliteitsbaan heeft een consistente stuit over het hele oppervlak met weinig oneffenheden waar de bal onvoorspelbaar stuitert.<\/li>\n<li><strong>De baan<\/strong> moet een gelijkmatige laag zand hebben die goed verdeeld is. Plekken met veel zand op het oppervlak be\u00efnvloeden de balstuit en verhogen het risico op uitglijden en blessures.<\/li>\n<li><strong>De netten<\/strong> moet intact en goed gespannen zijn. Een bredere band aan de bovenkant van het net heeft geen praktisch effect, maar draagt bij aan een premium gevoel.<\/li>\n<li><strong>De baan<\/strong> glas moet goed gepolijst zijn en de baan moet vrij zijn van vuil.<\/li>\n<li><strong>De banen<\/strong> mogen geen defecten vertonen aan beslag, omheiningen, netten of iets anders dat het risico op blessures tijdens het spelen kan vergroten.<\/li>\n<li><strong>De banen<\/strong>\u00a0moeten goed gemarkeerd zijn met nummers en eventuele gebruiksregels. Informatie over reserveringen en andere diensten moet ook beschikbaar zijn op elke baan.<\/li>\n<li><strong>Een bescherming<\/strong> net dat het aantal uitgeslagen ballen vermindert, moet aan de korte kant van de baan worden ge\u00efnstalleerd, maar indien nodig ook aan de lange kant. Vooral als er kans is op balverlies. Dit vermindert spelonderbrekingen op zowel je eigen baan als op aangrenzende banen.<\/li>\n<li><strong>Buiten de<\/strong> Bij de ingang van de binnenplaats moeten er vier zitplaatsen zijn. Een bonus is als er ook toegang is tot schaduw en een tafel.<\/li>\n<li><strong>Hoe beter<\/strong> de visuele staat van een baan, hoe beter de spelervaring. Probeer alle zichtbare schade te verwijderen, zoals roestvlekken, ongelijke hekken, netreparaties, losse kabels en andere dingen die het oog kunnen storen.<\/li>\n<\/ol>\n<p><\/div>\r\n<\/div>\r\n\n<div class=\"accordion-section\">\r\n<h3 class=\"accordion-section-title\" data-item=\"accordion-4-don-t-forget-the-after-padel\">4. Vergeet de After-Padel niet<\/h3>\r\n<div class=\"accordion-section-content\" data-item=\"accordion-4-don-t-forget-the-after-padel\"><\/p>\n<p><strong>Padel is een sociale sport en de meeste padelspelers hechten veel waarde aan wat er buiten de baan gebeurt. <\/strong><\/p>\n<p>Het cre\u00ebren van een omgeving en sfeer die bijdraagt aan een geweldige after-padel ervaring versterkt het gemeenschapsgevoel en draagt bij aan de algehele ervaring.<\/p>\n<ol>\n<li><strong>Een leuke bar<\/strong> en restaurant met uitzicht op de banen is een droom voor elke dorstige en sociale padelspeler.<\/li>\n<li><strong>Bij afwezigheid van<\/strong> een bar en restaurant moet er een andere leuke ontmoetingsplek zijn met tafels, stoelen en toegang tot schaduw. Hoe aantrekkelijker deze omgeving is, hoe specialer je bezoekers zich zullen voelen.<\/li>\n<\/ol>\n<p><\/div>\r\n<\/div>\r\n\n<hr \/>\n<p>Deze tekst vat een aantal van de fysieke factoren samen die we tot succes hebben zien leiden bij onze eigen klanten en bij padelfaciliteiten over de hele wereld. Hopelijk kan iets hiervan jou helpen om succes te blijven boeken!<\/p>\n<p>In ons volgende artikel (verschijnt binnenkort) gaan we dieper in op operations en management.<\/p>","protected":false},"excerpt":{"rendered":"<p>Creating a successful padel facility fundamentally revolves around creating an environment that delivers great experiences to its visitors. It is important to remember that a padel experience consists of several parts. Together, these parts form the overall experience that makes the visitor choose to return. Let&#8217;s take a closer look at the some of the [&hellip;]<\/p>\n","protected":false},"author":1,"featured_media":900,"parent":591,"menu_order":5,"comment_status":"closed","ping_status":"closed","template":"","meta":{"_acf_changed":false,"footnotes":""},"tags":[],"acf":[],"_links":{"self":[{"href":"https:\/\/pistas365.com\/nl\/wp-json\/wp\/v2\/pages\/898"}],"collection":[{"href":"https:\/\/pistas365.com\/nl\/wp-json\/wp\/v2\/pages"}],"about":[{"href":"https:\/\/pistas365.com\/nl\/wp-json\/wp\/v2\/types\/page"}],"author":[{"embeddable":true,"href":"https:\/\/pistas365.com\/nl\/wp-json\/wp\/v2\/users\/1"}],"replies":[{"embeddable":true,"href":"https:\/\/pistas365.com\/nl\/wp-json\/wp\/v2\/comments?post=898"}],"version-history":[{"count":4,"href":"https:\/\/pistas365.com\/nl\/wp-json\/wp\/v2\/pages\/898\/revisions"}],"predecessor-version":[{"id":960,"href":"https:\/\/pistas365.com\/nl\/wp-json\/wp\/v2\/pages\/898\/revisions\/960"}],"up":[{"embeddable":true,"href":"https:\/\/pistas365.com\/nl\/wp-json\/wp\/v2\/pages\/591"}],"wp:featuredmedia":[{"embeddable":true,"href":"https:\/\/pistas365.com\/nl\/wp-json\/wp\/v2\/media\/900"}],"wp:attachment":[{"href":"https:\/\/pistas365.com\/nl\/wp-json\/wp\/v2\/media?parent=898"}],"wp:term":[{"taxonomy":"post_tag","embeddable":true,"href":"https:\/\/pistas365.com\/nl\/wp-json\/wp\/v2\/tags?post=898"}],"curies":[{"name":"wp","href":"https:\/\/api.w.org\/{rel}","templated":true}]}}