{"id":6,"date":"2022-02-08T14:11:08","date_gmt":"2022-02-08T14:11:08","guid":{"rendered":"https:\/\/pistas365.com\/marinapadel\/?page_id=6"},"modified":"2024-05-02T15:41:39","modified_gmt":"2024-05-02T13:41:39","slug":"welcome-to-racketcenter","status":"publish","type":"page","link":"https:\/\/pistas365.com\/marinapadel\/fr\/","title":{"rendered":"Marina International Padel"},"content":{"rendered":"<p><strong>Marina International Padel est une salle de padel situ\u00e9e dans la marina internationale de Torrevieja.<\/strong><\/p>\n<ul>\n<li><strong>Marina International Padel propose<\/strong> - 2 terrains de padel ext\u00e9rieurs avec vue sur la mer.<\/li>\n<li><strong>Entra\u00eenement au padel<\/strong> - L'entra\u00eeneur de padel Adrian Cespedes propose ses services \u00e0 cet endroit.<\/li>\n<li><strong>Adresse<\/strong>\u00a0- Puerto Deportivo Marina Internacional, Playa Acequi\u00f3n, S\/N, 03181 Torrevieja.<\/li>\n<li><strong>Heures d'ouverture <\/strong>- Lundi \u00e0 dimanche 08:00-23:00.<\/li>\n<\/ul>\n<h2>Location terrain padel<\/h2>\n<p>Les courts de padel de Marina International Padel ne peuvent pas \u00eatre r\u00e9serv\u00e9s en ligne sur cette page. Les options les plus proches pour la r\u00e9servation de padel en ligne \u00e0 Pistas365 sont :<\/p>\n<ol>\n<li><a href=\"https:\/\/pistas365.com\/novapadel\/\" target=\"_blank\" rel=\"noopener\">Nova Padel<\/a> \u00e0 Torrevieja (terrains de padel couverts).<\/li>\n<li><a href=\"https:\/\/pistas365.com\/losangelespadel\/\" target=\"_blank\" rel=\"noopener\">Los Angles Padel<\/a> \u00e0 Torrevieja (courts ext\u00e9rieurs).<\/li>\n<\/ol>\n<p>\u00cates-vous le propri\u00e9taire de Marina International Padel ? Veuillez visiter notre <a href=\"https:\/\/pistas365.com\/add-your-business\/\" target=\"_blank\" rel=\"noopener\">page des partenaires<\/a> pour savoir comment nous pouvons vous aider.<\/p>\n<h3>Entra\u00eenement au padel<\/h3>\n<p><img loading=\"lazy\" decoding=\"async\" class=\"aligncenter size-full wp-image-201\" src=\"https:\/\/pistas365.com\/marinapadel\/wp-content\/uploads\/sites\/22\/padel-coach.jpg\" alt=\"Entra\u00eenement de padel \u00e0 Marina International Padel \u00e0 Torrevieja\" width=\"988\" height=\"466\" srcset=\"https:\/\/pistas365.com\/marinapadel\/wp-content\/uploads\/sites\/22\/padel-coach.jpg 988w, https:\/\/pistas365.com\/marinapadel\/wp-content\/uploads\/sites\/22\/padel-coach-300x141.jpg 300w, https:\/\/pistas365.com\/marinapadel\/wp-content\/uploads\/sites\/22\/padel-coach-768x362.jpg 768w, https:\/\/pistas365.com\/marinapadel\/wp-content\/uploads\/sites\/22\/padel-coach-18x8.jpg 18w, https:\/\/pistas365.com\/marinapadel\/wp-content\/uploads\/sites\/22\/padel-coach-360x170.jpg 360w\" sizes=\"(max-width: 988px) 100vw, 988px\" \/><\/p>\n<p><strong>Si vous souhaitez vous entra\u00eener au padel \u00e0 Marina Internacional, vous pouvez contacter Adrian Cespedes. Adrian propose des entra\u00eenements priv\u00e9s et des entra\u00eenements en groupe.<\/strong><\/p>\n<p>Pour en savoir plus sur cet entra\u00eeneur de padel et pour r\u00e9server votre entra\u00eenement de padel sur les courts de padel de Marina International, veuillez visiter son site web. <a href=\"https:\/\/pistas365.com\/adriancespedes\/\" target=\"_blank\" rel=\"noopener\">Entra\u00eenement au Padel \u00e0 Torrevieja<\/a>.<\/p>\n<h3>Marina International Padel emplacement<\/h3>\n<p><iframe loading=\"lazy\" style=\"border: 0;\" src=\"https:\/\/www.google.com\/maps\/embed?pb=!1m18!1m12!1m3!1d3145.1165777148713!2d-0.6894030846766062!3d37.97440862972342!2m3!1f0!2f0!3f0!3m2!1i1024!2i768!4f13.1!3m3!1m2!1s0xd63076616f7bc83%3A0x79761bb29957f40f!2sApartamentos%20Marina%20Internacional!5e0!3m2!1ssv!2ses!4v1652796178217!5m2!1ssv!2ses\" width=\"100%\" height=\"350\" allowfullscreen=\"allowfullscreen\"><\/iframe><\/p>\n<h3>Informations de contact<\/h3>\n<p><strong>H\u00f4tel Apartamentos Marina Internacional<\/strong><br \/>\nT\u00e9l\u00e9phone : +34 965 707 961 \/ +34 663 766 133<br \/>\nCourriel : reservas@marinainternacional.com<\/p>","protected":false},"excerpt":{"rendered":"<p>Marina International Padel is a padel venue located in the international marina in Torrevieja. Marina International Padel offers &#8211; 2 outdoor padel courts with sea view. Padel training &#8211; Padel trainer Adrian Cespedes offers his services at this location. Adress\u00a0&#8211; Puerto Deportivo Marina Internacional, Playa Acequi\u00f3n, S\/N, 03181 Torrevieja. Opening hours &#8211; Monday to Sunday [&hellip;]<\/p>\n","protected":false},"author":1,"featured_media":189,"parent":0,"menu_order":0,"comment_status":"closed","ping_status":"closed","template":"","meta":{"_acf_changed":false,"footnotes":""},"tags":[],"acf":[],"_links":{"self":[{"href":"https:\/\/pistas365.com\/marinapadel\/fr\/wp-json\/wp\/v2\/pages\/6"}],"collection":[{"href":"https:\/\/pistas365.com\/marinapadel\/fr\/wp-json\/wp\/v2\/pages"}],"about":[{"href":"https:\/\/pistas365.com\/marinapadel\/fr\/wp-json\/wp\/v2\/types\/page"}],"author":[{"embeddable":true,"href":"https:\/\/pistas365.com\/marinapadel\/fr\/wp-json\/wp\/v2\/users\/1"}],"replies":[{"embeddable":true,"href":"https:\/\/pistas365.com\/marinapadel\/fr\/wp-json\/wp\/v2\/comments?post=6"}],"version-history":[{"count":3,"href":"https:\/\/pistas365.com\/marinapadel\/fr\/wp-json\/wp\/v2\/pages\/6\/revisions"}],"predecessor-version":[{"id":204,"href":"https:\/\/pistas365.com\/marinapadel\/fr\/wp-json\/wp\/v2\/pages\/6\/revisions\/204"}],"wp:featuredmedia":[{"embeddable":true,"href":"https:\/\/pistas365.com\/marinapadel\/fr\/wp-json\/wp\/v2\/media\/189"}],"wp:attachment":[{"href":"https:\/\/pistas365.com\/marinapadel\/fr\/wp-json\/wp\/v2\/media?parent=6"}],"wp:term":[{"taxonomy":"post_tag","embeddable":true,"href":"https:\/\/pistas365.com\/marinapadel\/fr\/wp-json\/wp\/v2\/tags?post=6"}],"curies":[{"name":"wp","href":"https:\/\/api.w.org\/{rel}","templated":true}]}}