{"id":6,"date":"2022-02-08T14:11:08","date_gmt":"2022-02-08T14:11:08","guid":{"rendered":"https:\/\/pistas365.com\/marinapadel\/?page_id=6"},"modified":"2024-05-02T15:41:39","modified_gmt":"2024-05-02T13:41:39","slug":"welcome-to-racketcenter","status":"publish","type":"page","link":"https:\/\/pistas365.com\/marinapadel\/es\/","title":{"rendered":"Marina Internacional Padel"},"content":{"rendered":"<p><strong>Marina Internacional Padel es un lugar de p\u00e1del situado en el puerto deportivo internacional de Torrevieja.<\/strong><\/p>\n<ul>\n<li><strong>Marina Internacional Padel ofrece<\/strong> - 2 pistas de p\u00e1del exteriores con vistas al mar.<\/li>\n<li><strong>Entrenamiento de p\u00e1del<\/strong> - El entrenador de p\u00e1del Adri\u00e1n C\u00e9spedes ofrece sus servicios en este lugar.<\/li>\n<li><strong>Direcci\u00f3n<\/strong>\u00a0- Puerto Deportivo Marina Internacional, Playa Acequi\u00f3n, S\/N, 03181 Torrevieja.<\/li>\n<li><strong>Horarios de apertura <\/strong>- De lunes a domingo, de 08.00 a 23.00 horas.<\/li>\n<\/ul>\n<h2>Alquiler pista p\u00e1del<\/h2>\n<p>Las pistas de p\u00e1del de Marina Internacional Padel no se pueden reservar online en esta p\u00e1gina. Las opciones m\u00e1s cercanas para reservar pistas de p\u00e1del online en Pistas365 son:<\/p>\n<ol>\n<li><a href=\"https:\/\/pistas365.com\/novapadel\/\" target=\"_blank\" rel=\"noopener\">Nova Padel<\/a> en Torrevieja (pistas de p\u00e1del cubiertas).<\/li>\n<li><a href=\"https:\/\/pistas365.com\/losangelespadel\/\" target=\"_blank\" rel=\"noopener\">Los \u00c1ngeles Padel<\/a> en Torrevieja (pistas exteriores).<\/li>\n<\/ol>\n<p>\u00bfEs usted el propietario de Marina Internacional Padel? Visite nuestro <a href=\"https:\/\/pistas365.com\/add-your-business\/\" target=\"_blank\" rel=\"noopener\">p\u00e1gina de socios<\/a> para saber c\u00f3mo podemos ayudarle.<\/p>\n<h3>Entrenamiento de p\u00e1del<\/h3>\n<p><img loading=\"lazy\" decoding=\"async\" class=\"aligncenter size-full wp-image-201\" src=\"https:\/\/pistas365.com\/marinapadel\/wp-content\/uploads\/sites\/22\/padel-coach.jpg\" alt=\"Entrenamiento de p\u00e1del en Marina International Padel de Torrevieja\" width=\"988\" height=\"466\" srcset=\"https:\/\/pistas365.com\/marinapadel\/wp-content\/uploads\/sites\/22\/padel-coach.jpg 988w, https:\/\/pistas365.com\/marinapadel\/wp-content\/uploads\/sites\/22\/padel-coach-300x141.jpg 300w, https:\/\/pistas365.com\/marinapadel\/wp-content\/uploads\/sites\/22\/padel-coach-768x362.jpg 768w, https:\/\/pistas365.com\/marinapadel\/wp-content\/uploads\/sites\/22\/padel-coach-18x8.jpg 18w, https:\/\/pistas365.com\/marinapadel\/wp-content\/uploads\/sites\/22\/padel-coach-360x170.jpg 360w\" sizes=\"(max-width: 988px) 100vw, 988px\" \/><\/p>\n<p><strong>Si quieres entrenamiento de padel en Marina Internacional puedes contactar con Adrian Cespedes. Adrian ofrece entrenamiento privado, y entrenamiento en grupo.<\/strong><\/p>\n<p>Para obtener m\u00e1s informaci\u00f3n sobre este entrenador de p\u00e1del y reservar su entrenamiento de p\u00e1del en las pistas de p\u00e1del de Marina International, visite su sitio web. <a href=\"https:\/\/pistas365.com\/adriancespedes\/\" target=\"_blank\" rel=\"noopener\">Entrenamiento de P\u00e1del en Torrevieja<\/a>.<\/p>\n<h3>Marina Internacional Padel localizaci\u00f3n<\/h3>\n<p><iframe loading=\"lazy\" style=\"border: 0;\" src=\"https:\/\/www.google.com\/maps\/embed?pb=!1m18!1m12!1m3!1d3145.1165777148713!2d-0.6894030846766062!3d37.97440862972342!2m3!1f0!2f0!3f0!3m2!1i1024!2i768!4f13.1!3m3!1m2!1s0xd63076616f7bc83%3A0x79761bb29957f40f!2sApartamentos%20Marina%20Internacional!5e0!3m2!1ssv!2ses!4v1652796178217!5m2!1ssv!2ses\" width=\"100%\" height=\"350\" allowfullscreen=\"allowfullscreen\"><\/iframe><\/p>\n<h3>Informaci\u00f3n de contacto<\/h3>\n<p><strong>Hotel Apartamentos Marina Internacional<\/strong><br \/>\nTel: +34 965 707 961 \/ +34 663 766 133<br \/>\nCorreo electr\u00f3nico: reservas@marinainternacional.com<\/p>","protected":false},"excerpt":{"rendered":"<p>Marina International Padel is a padel venue located in the international marina in Torrevieja. Marina International Padel offers &#8211; 2 outdoor padel courts with sea view. Padel training &#8211; Padel trainer Adrian Cespedes offers his services at this location. Adress\u00a0&#8211; Puerto Deportivo Marina Internacional, Playa Acequi\u00f3n, S\/N, 03181 Torrevieja. Opening hours &#8211; Monday to Sunday [&hellip;]<\/p>\n","protected":false},"author":1,"featured_media":189,"parent":0,"menu_order":0,"comment_status":"closed","ping_status":"closed","template":"","meta":{"_acf_changed":false,"footnotes":""},"tags":[],"acf":[],"_links":{"self":[{"href":"https:\/\/pistas365.com\/marinapadel\/es\/wp-json\/wp\/v2\/pages\/6"}],"collection":[{"href":"https:\/\/pistas365.com\/marinapadel\/es\/wp-json\/wp\/v2\/pages"}],"about":[{"href":"https:\/\/pistas365.com\/marinapadel\/es\/wp-json\/wp\/v2\/types\/page"}],"author":[{"embeddable":true,"href":"https:\/\/pistas365.com\/marinapadel\/es\/wp-json\/wp\/v2\/users\/1"}],"replies":[{"embeddable":true,"href":"https:\/\/pistas365.com\/marinapadel\/es\/wp-json\/wp\/v2\/comments?post=6"}],"version-history":[{"count":3,"href":"https:\/\/pistas365.com\/marinapadel\/es\/wp-json\/wp\/v2\/pages\/6\/revisions"}],"predecessor-version":[{"id":204,"href":"https:\/\/pistas365.com\/marinapadel\/es\/wp-json\/wp\/v2\/pages\/6\/revisions\/204"}],"wp:featuredmedia":[{"embeddable":true,"href":"https:\/\/pistas365.com\/marinapadel\/es\/wp-json\/wp\/v2\/media\/189"}],"wp:attachment":[{"href":"https:\/\/pistas365.com\/marinapadel\/es\/wp-json\/wp\/v2\/media?parent=6"}],"wp:term":[{"taxonomy":"post_tag","embeddable":true,"href":"https:\/\/pistas365.com\/marinapadel\/es\/wp-json\/wp\/v2\/tags?post=6"}],"curies":[{"name":"wp","href":"https:\/\/api.w.org\/{rel}","templated":true}]}}