{"id":6,"date":"2022-02-08T14:11:08","date_gmt":"2022-02-08T14:11:08","guid":{"rendered":"https:\/\/pistas365.com\/marinapadel\/?page_id=6"},"modified":"2024-05-02T15:41:39","modified_gmt":"2024-05-02T13:41:39","slug":"welcome-to-racketcenter","status":"publish","type":"page","link":"https:\/\/pistas365.com\/marinapadel\/de\/","title":{"rendered":"Internationaler Marina Padel"},"content":{"rendered":"<p><strong>Marina International Padel ist ein Padel-Einrichtung im internationalen Yachthafen von Torrevieja.<\/strong><\/p>\n<ul>\n<li><strong>Marina International Padel bietet<\/strong> - 2 Padelpl\u00e4tze im Freien mit Meerblick.<\/li>\n<li><strong>Padel-Ausbildung<\/strong> - Padel-Trainer Adrian Cespedes bietet seine Dienste an diesem Ort an.<\/li>\n<li><strong>Adresse<\/strong>\u00a0- Puerto Deportivo Marina Internacional, Playa Acequi\u00f3n, S\/N, 03181 Torrevieja.<\/li>\n<li><strong>Die \u00d6ffnungszeiten <\/strong>- Montag bis Sonntag 08:00-23:00.<\/li>\n<\/ul>\n<h2>Padelplatz Miete<\/h2>\n<p>Die Padelpl\u00e4tze von Marina International Padel k\u00f6nnen auf dieser Seite nicht online gebucht werden. Die n\u00e4chstgelegene M\u00f6glichkeit zur Online-Padelbuchung bei Pistas365 ist:<\/p>\n<ol>\n<li><a href=\"https:\/\/pistas365.com\/novapadel\/\" target=\"_blank\" rel=\"noopener\">Nova Padel<\/a> in Torrevieja (Padel-Hallenpl\u00e4tze).<\/li>\n<li><a href=\"https:\/\/pistas365.com\/losangelespadel\/\" target=\"_blank\" rel=\"noopener\">Los Angles Padel<\/a> in Torrevieja (Au\u00dfenpl\u00e4tze).<\/li>\n<\/ol>\n<p>Sind Sie der Eigent\u00fcmer von Marina International Padel? Bitte besuchen Sie unser <a href=\"https:\/\/pistas365.com\/add-your-business\/\" target=\"_blank\" rel=\"noopener\">Partnerseite<\/a> um herauszufinden, wie wir Ihnen helfen k\u00f6nnen.<\/p>\n<h3>Padel-Ausbildung<\/h3>\n<p><img loading=\"lazy\" decoding=\"async\" class=\"aligncenter size-full wp-image-201\" src=\"https:\/\/pistas365.com\/marinapadel\/wp-content\/uploads\/sites\/22\/padel-coach.jpg\" alt=\"Padel-Training in der Marina International Padel in Torrevieja\" width=\"988\" height=\"466\" srcset=\"https:\/\/pistas365.com\/marinapadel\/wp-content\/uploads\/sites\/22\/padel-coach.jpg 988w, https:\/\/pistas365.com\/marinapadel\/wp-content\/uploads\/sites\/22\/padel-coach-300x141.jpg 300w, https:\/\/pistas365.com\/marinapadel\/wp-content\/uploads\/sites\/22\/padel-coach-768x362.jpg 768w, https:\/\/pistas365.com\/marinapadel\/wp-content\/uploads\/sites\/22\/padel-coach-18x8.jpg 18w, https:\/\/pistas365.com\/marinapadel\/wp-content\/uploads\/sites\/22\/padel-coach-360x170.jpg 360w\" sizes=\"(max-width: 988px) 100vw, 988px\" \/><\/p>\n<p><strong>Wenn Sie Padel-Training in Marina Internacional w\u00fcnschen, k\u00f6nnen Sie sich an Adrian Cespedes wenden. Adrian bietet Privattraining und Gruppentraining an.<\/strong><\/p>\n<p>Um mehr \u00fcber diesen Padel-Trainer zu erfahren und um Ihr Padel-Training auf den Padel-Pl\u00e4tzen in Marina International zu reservieren, besuchen Sie bitte seine Website <a href=\"https:\/\/pistas365.com\/adriancespedes\/\" target=\"_blank\" rel=\"noopener\">Padel-Ausbildung in Torrevieja<\/a>.<\/p>\n<h3>Standort Marina International Padel<\/h3>\n<p><iframe loading=\"lazy\" style=\"border: 0;\" src=\"https:\/\/www.google.com\/maps\/embed?pb=!1m18!1m12!1m3!1d3145.1165777148713!2d-0.6894030846766062!3d37.97440862972342!2m3!1f0!2f0!3f0!3m2!1i1024!2i768!4f13.1!3m3!1m2!1s0xd63076616f7bc83%3A0x79761bb29957f40f!2sApartamentos%20Marina%20Internacional!5e0!3m2!1ssv!2ses!4v1652796178217!5m2!1ssv!2ses\" width=\"100%\" height=\"350\" allowfullscreen=\"allowfullscreen\"><\/iframe><\/p>\n<h3>Kontaktinformationen<\/h3>\n<p><strong>Apartamentos Marina Internacional Hotel<\/strong><br \/>\nTelefon: +34 965 707 961 \/ +34 663 766 133<br \/>\nE-Mail: reservas@marinainternacional.com<\/p>","protected":false},"excerpt":{"rendered":"<p>Marina International Padel is a padel venue located in the international marina in Torrevieja. Marina International Padel offers &#8211; 2 outdoor padel courts with sea view. Padel training &#8211; Padel trainer Adrian Cespedes offers his services at this location. Adress\u00a0&#8211; Puerto Deportivo Marina Internacional, Playa Acequi\u00f3n, S\/N, 03181 Torrevieja. Opening hours &#8211; Monday to Sunday [&hellip;]<\/p>\n","protected":false},"author":1,"featured_media":189,"parent":0,"menu_order":0,"comment_status":"closed","ping_status":"closed","template":"","meta":{"_acf_changed":false,"footnotes":""},"tags":[],"acf":[],"_links":{"self":[{"href":"https:\/\/pistas365.com\/marinapadel\/de\/wp-json\/wp\/v2\/pages\/6"}],"collection":[{"href":"https:\/\/pistas365.com\/marinapadel\/de\/wp-json\/wp\/v2\/pages"}],"about":[{"href":"https:\/\/pistas365.com\/marinapadel\/de\/wp-json\/wp\/v2\/types\/page"}],"author":[{"embeddable":true,"href":"https:\/\/pistas365.com\/marinapadel\/de\/wp-json\/wp\/v2\/users\/1"}],"replies":[{"embeddable":true,"href":"https:\/\/pistas365.com\/marinapadel\/de\/wp-json\/wp\/v2\/comments?post=6"}],"version-history":[{"count":3,"href":"https:\/\/pistas365.com\/marinapadel\/de\/wp-json\/wp\/v2\/pages\/6\/revisions"}],"predecessor-version":[{"id":204,"href":"https:\/\/pistas365.com\/marinapadel\/de\/wp-json\/wp\/v2\/pages\/6\/revisions\/204"}],"wp:featuredmedia":[{"embeddable":true,"href":"https:\/\/pistas365.com\/marinapadel\/de\/wp-json\/wp\/v2\/media\/189"}],"wp:attachment":[{"href":"https:\/\/pistas365.com\/marinapadel\/de\/wp-json\/wp\/v2\/media?parent=6"}],"wp:term":[{"taxonomy":"post_tag","embeddable":true,"href":"https:\/\/pistas365.com\/marinapadel\/de\/wp-json\/wp\/v2\/tags?post=6"}],"curies":[{"name":"wp","href":"https:\/\/api.w.org\/{rel}","templated":true}]}}