{"id":895,"date":"2024-03-22T10:53:16","date_gmt":"2024-03-22T09:53:16","guid":{"rendered":"https:\/\/pistas365.com\/losangelespadel\/?page_id=895"},"modified":"2024-06-03T20:08:01","modified_gmt":"2024-06-03T18:08:01","slug":"champs-of-la","status":"publish","type":"page","link":"https:\/\/pistas365.com\/losangelespadel\/sv\/aktiviteter\/mastarna-i-la\/","title":{"rendered":"Champs of LA"},"content":{"rendered":"<p><strong>Har ni vad som kr\u00e4vs f\u00f6r att bli kr\u00f6nta till Champs of LA f\u00f6r en vecka? F\u00f6r att f\u00f6rtj\u00e4na er tron m\u00e5ste ni k\u00e4mpa er upp till vinnarbanan och sedan f\u00f6rsvara er plats tills den sista matchen \u00e4r \u00f6ver!<\/strong><\/p>\n<h2>Information om turneringen<\/h2>\n<ul>\n<li><strong>Tid:<\/strong> Varje s\u00f6ndag 18:30-20:00<\/li>\n<li><strong>Spelform:<\/strong> *Vinnarbana Team<\/li>\n<li><strong>M\u00e5ls\u00e4ttning:<\/strong> Vinn den sista matchen p\u00e5 vinnarbanan. Ta \u00e4ran och spela gratis.<\/li>\n<li><strong>Passar f\u00f6r:<\/strong> M\u00e4n och kvinnor niv\u00e5 5+ och upp\u00e5t (kategori 4 och upp\u00e5t)<\/li>\n<li><strong>Aktivitetsv\u00e4rd:<\/strong> Hans Bornsj\u00f6<\/li>\n<li><strong>Antal banor:<\/strong> 3<\/li>\n<li><strong>Antal deltagare:<\/strong> 12 spelare (6 lag)<\/li>\n<li><strong>Speltid:<\/strong> 1,5 timmar<\/li>\n<li><strong>Pris:<\/strong> 8\u20ac per spelare (betalning p\u00e5 plats)<\/li>\n<\/ul>\n<p>*Om du vill veta mer om hur denna turnering fungerar kan du l\u00e4sa mer p\u00e5 <a href=\"https:\/\/pistas365.com\/padel\/information\/rules\/\" target=\"_blank\" rel=\"noopener\">denna sida<\/a>.<\/p>\n<h3>Anm\u00e4lan<\/h3>\n<p><strong>Alla spelare registrerar sig individuellt genom att klicka p\u00e5 en av registreringsknapparna p\u00e5 denna sida. <\/strong><\/p>\n<ol>\n<li>Om du har en lagkamrat kan ni v\u00e4lja att spela tillsammans.<\/li>\n<li>Om du inte har n\u00e5gon lagkamrat kommer du att f\u00e5 en lagkamrat genom ett lotteri som kommer att g\u00f6ras p\u00e5 plats.<\/li>\n<\/ol>","protected":false},"excerpt":{"rendered":"<p>Do you have what it takes to be crowned Champs of LA for a week? To earn your throne you need to fight your way up to the winners court and then defend your place until the last game is over! Tournament information Time: Every sunday 18:30-20:00 Playing format: *Winners Court Team Objective: Win the [&hellip;]<\/p>\n","protected":false},"author":1,"featured_media":900,"parent":306,"menu_order":0,"comment_status":"closed","ping_status":"closed","template":"page-start4.php","meta":{"_acf_changed":false,"footnotes":""},"tags":[],"acf":[],"_links":{"self":[{"href":"https:\/\/pistas365.com\/losangelespadel\/sv\/wp-json\/wp\/v2\/pages\/895"}],"collection":[{"href":"https:\/\/pistas365.com\/losangelespadel\/sv\/wp-json\/wp\/v2\/pages"}],"about":[{"href":"https:\/\/pistas365.com\/losangelespadel\/sv\/wp-json\/wp\/v2\/types\/page"}],"author":[{"embeddable":true,"href":"https:\/\/pistas365.com\/losangelespadel\/sv\/wp-json\/wp\/v2\/users\/1"}],"replies":[{"embeddable":true,"href":"https:\/\/pistas365.com\/losangelespadel\/sv\/wp-json\/wp\/v2\/comments?post=895"}],"version-history":[{"count":4,"href":"https:\/\/pistas365.com\/losangelespadel\/sv\/wp-json\/wp\/v2\/pages\/895\/revisions"}],"predecessor-version":[{"id":953,"href":"https:\/\/pistas365.com\/losangelespadel\/sv\/wp-json\/wp\/v2\/pages\/895\/revisions\/953"}],"up":[{"embeddable":true,"href":"https:\/\/pistas365.com\/losangelespadel\/sv\/wp-json\/wp\/v2\/pages\/306"}],"wp:featuredmedia":[{"embeddable":true,"href":"https:\/\/pistas365.com\/losangelespadel\/sv\/wp-json\/wp\/v2\/media\/900"}],"wp:attachment":[{"href":"https:\/\/pistas365.com\/losangelespadel\/sv\/wp-json\/wp\/v2\/media?parent=895"}],"wp:term":[{"taxonomy":"post_tag","embeddable":true,"href":"https:\/\/pistas365.com\/losangelespadel\/sv\/wp-json\/wp\/v2\/tags?post=895"}],"curies":[{"name":"wp","href":"https:\/\/api.w.org\/{rel}","templated":true}]}}