{"id":6,"date":"2022-02-08T14:11:08","date_gmt":"2022-02-08T14:11:08","guid":{"rendered":"https:\/\/pistas365.com\/losangelespadel\/?page_id=6"},"modified":"2026-03-06T09:00:34","modified_gmt":"2026-03-06T08:00:34","slug":"welcome-to-racketcenter","status":"publish","type":"page","link":"https:\/\/pistas365.com\/losangelespadel\/sv\/","title":{"rendered":"Los Angeles Padel och fotboll"},"content":{"rendered":"<p><strong>V\u00e4lkommen till Los Angeles Padel och Fotboll! Vi \u00e4r en sport- och aktivitetsanl\u00e4ggning som ligger i det underbara omr\u00e5det Los Angeles i Torrevieja. <\/strong><\/p>\n<ul>\n<li><strong>Vi erbjuder<\/strong> - 3 padelbanor och en fotbollsplan som kan bokas online.<\/li>\n<li><strong>Padeltr\u00e4ning<\/strong> - v\u00e5ra professionella padeltr\u00e4nare erbjuder privat tr\u00e4ning p\u00e5 v\u00e5ra banor 5 dagar i veckan.<\/li>\n<li><a href=\"https:\/\/pistas365.com\/losangelespadel\/sv\/aktiviteter\/\"><strong>Padelaktiviteter<\/strong><\/a> - Vi arrangerar veckovisa evenemang, turneringar och Pay and Play.<\/li>\n<\/ul>\n<div class=\"accordion-section\">\r\n<h3 class=\"accordion-section-title\" data-item=\"accordion-padel-courts\">Padelbanor<\/h3>\r\n<div class=\"accordion-section-content\" data-item=\"accordion-padel-courts\"><\/p>\n<p><strong>We have 3 padel courts available for booking online. Two are covered and one is outdoor. <\/strong><\/p>\n<ul>\n<li>Padelbanorna \u00e4r av dubbeltyp och har belysning.<\/li>\n<li>Priset \u00e4r 24 \u20ac f\u00f6r 90 min speltid. Belysning ing\u00e5r i priset.<\/li>\n<li>You book and pay online or in the bar upon arrival.<\/li>\n<\/ul>\n<p><div class=\"latepoint-book-button-wrapper wp-block-button\"><a href=\"#\" class=\"latepoint-book-button os_trigger_booking wp-block-button__link\" data-selected-service=\"3\" >G\u00f6r en bokning<\/a><\/div><\/p>\n<p style=\"text-align: center;\">Har du n\u00e5gra problem? G\u00e5 till <a href=\"https:\/\/pistas365.com\/losangelespadel\/sv\/hjalpa-till-att-stodja\/\" target=\"_blank\" rel=\"noopener\">Hj\u00e4lp-sida<\/a>.<\/p>\n<p><\/div>\r\n<\/div>\r\n\n<div class=\"accordion-section\">\r\n<h3 class=\"accordion-section-title\" data-item=\"accordion-padel-training\">Padeltr\u00e4ning<\/h3>\r\n<div class=\"accordion-section-content\" data-item=\"accordion-padel-training\"><\/p>\n<p><strong>Vi erbjuder padeltr\u00e4ning i samarbete med tre professionella padeltr\u00e4nare. Cosme Ruiz, Oliver Heneghan och Nicolas \"Nico\" Molina.<\/strong><\/p>\n<ol>\n<li><strong>Cosme<\/strong> \u00e4r en mycket erfaren tr\u00e4nare som sj\u00e4lv spelar padel p\u00e5 en mycket h\u00f6g niv\u00e5 (kategori 1). Han har en intensiv inst\u00e4llning till sina klasser d\u00e4r han utvecklar spelare fr\u00e5n nyb\u00f6rjare till t\u00e4vlingsniv\u00e5.<\/li>\n<li><strong>Oliver<\/strong> \u00e4r f\u00f6dd i England och talar flytande spanska. Han fokuserar sin tr\u00e4ning p\u00e5 att ge sina elever en solid grund f\u00f6r att spela och njuta av padel.<\/li>\n<li><strong>Nico<\/strong> talar flytande spanska, engelska och tyska. Han har en lugn tr\u00e4ningsmetod med tydligt fokus p\u00e5 att f\u00e5 grunderna r\u00e4tt och sedan bygga vidare d\u00e4rifr\u00e5n.<\/li>\n<\/ol>\n<h3>Tj\u00e4nster och priser<\/h3>\n<p><strong>V\u00e5ra tr\u00e4nare talar spanska, engelska och tyska (Nico). De tr\u00e4nar spelare p\u00e5 alla niv\u00e5er och erbjuder f\u00f6ljande tj\u00e4nster:<\/strong><\/p>\n<ul>\n<li>Privatlektioner 60 min | Pris: 30\/35 euro.<\/li>\n<li>Privat grupptr\u00e4ning 60 min | 2-4 spelare | Pris: \u20ac40\/45 per grupp.<\/li>\n<li>Banhyra ing\u00e5r alltid i priset!<\/li>\n<li>Du bokar online och betalar kontant till din utbildare p\u00e5 plats.<\/li>\n<\/ul>\n<p><div class=\"latepoint-book-button-wrapper wp-block-button\"><a href=\"#\" class=\"latepoint-book-button os_trigger_booking wp-block-button__link\" data-show-service-categories=\"4,8\" data-selected-agent=\"8\" >Boka tr\u00e4ning<\/a><\/div><\/p>\n<p><\/div>\r\n<\/div>\r\n\n<div class=\"accordion-section\">\r\n<h3 class=\"accordion-section-title\"><a href=\"https:\/\/pistas365.com\/losangelespadel\/sv\/aktiviteter\/\" >Padelaktiviteter<\/a><\/h3>\r\n<div class=\"accordion-section-content\" data-item=\"accordion-padel-activities\"><br \/>\n<\/div>\r\n<\/div>\r\n\n<div class=\"accordion-section\">\r\n<h3 class=\"accordion-section-title\" data-item=\"accordion-football-pitch\">Fotbollsplan<\/h3>\r\n<div class=\"accordion-section-content\" data-item=\"accordion-football-pitch\"><\/p>\n<p><img loading=\"lazy\" decoding=\"async\" class=\"size-full wp-image-161 aligncenter\" src=\"https:\/\/pistas365.com\/losangelespadel\/wp-content\/uploads\/sites\/7\/football-pitch.jpg\" alt=\"Fotbollsplan att hyra i Torrevieja\" width=\"786\" height=\"397\" srcset=\"https:\/\/pistas365.com\/losangelespadel\/wp-content\/uploads\/sites\/7\/football-pitch.jpg 786w, https:\/\/pistas365.com\/losangelespadel\/wp-content\/uploads\/sites\/7\/football-pitch-300x152.jpg 300w, https:\/\/pistas365.com\/losangelespadel\/wp-content\/uploads\/sites\/7\/football-pitch-768x388.jpg 768w, https:\/\/pistas365.com\/losangelespadel\/wp-content\/uploads\/sites\/7\/football-pitch-18x9.jpg 18w, https:\/\/pistas365.com\/losangelespadel\/wp-content\/uploads\/sites\/7\/football-pitch-360x182.jpg 360w\" sizes=\"(max-width: 786px) 100vw, 786px\" \/><\/p>\n<p><strong>Vi har en fotbollsplan med konstgr\u00e4s f\u00f6r 5\/7 spelare som kan hyras.<\/strong><\/p>\n<ul>\n<li>Fotbollsplanen \u00e4r 40 x 20 meter (FIFA Futsal-standard) och har belysning.<\/li>\n<li>Priset \u00e4r \u20ac40 f\u00f6r 75 min speltid. Belysning ing\u00e5r i priset.<\/li>\n<li>Du bokar och betalar online<span style=\"color: #ff0000;\"><strong>\u00a0BY KORT<\/strong><\/span>. Bokningar som inte betalas med kort kommer att avbokas.<\/li>\n<li>N\u00e4r du har gjort <span style=\"color: #ff0000;\"><strong>och betalade<\/strong><\/span> Om du bokar med kort f\u00e5r du en bekr\u00e4ftelse via e-post som du visar i baren vid ankomsten.<\/li>\n<\/ul>\n<p><div class=\"latepoint-book-button-wrapper wp-block-button\"><a href=\"#\" class=\"latepoint-book-button os_trigger_booking wp-block-button__link\" data-selected-agent=\"6\" data-selected-service=\"7\" >G\u00f6r en bokning och betala med kort<\/a><\/div><\/p>\n<p><\/div>\r\n<\/div>\r\n\n<hr \/>\n<h3>V\u00e5rt l\u00e4ge och ytterligare faciliteter<\/h3>\n<p>N\u00e4r du bokar n\u00e5gon av v\u00e5ra aktiviteter f\u00e5r du tillg\u00e5ng till v\u00e5ra duschar, omkl\u00e4dningsrum, baren, restaurangen och andra faciliteter p\u00e5 Bar Los Angles.<\/p>\n<ul>\n<li><strong>V\u00e5r adress \u00e4r<\/strong> - Plaza de los Halcones 27, Torrevieja (i omr\u00e5det Bar Los Angles).<\/li>\n<li><strong>Vi har \u00f6ppet <\/strong>- M\u00e5ndag till s\u00f6ndag 08:00-23:00<\/li>\n<li><strong>Vi talar<\/strong> - Spanska och engelska.<\/li>\n<\/ul>\n<p><iframe loading=\"lazy\" style=\"border: 0;\" src=\"https:\/\/www.google.com\/maps\/embed?pb=!1m18!1m12!1m3!1d3144.561594069482!2d-0.6680719846762396!3d37.98735932972116!2m3!1f0!2f0!3f0!3m2!1i1024!2i768!4f13.1!3m3!1m2!1s0xd63ab80bf955dc9%3A0x42159a5faca67ed0!2sLos%20Angeles%20Padel!5e0!3m2!1ssv!2ses!4v1658822525160!5m2!1ssv!2ses\" width=\"100%\" height=\"350\" allowfullscreen=\"allowfullscreen\"><\/iframe><\/p>\n<h3>Kontaktuppgifter<\/h3>\n<p><strong>Los Angeles Padel<\/strong><br \/>\n<a href=\"https:\/\/pistas365.com\/losangelespadel\/sv\/kundtavla\/\">Kundinloggning<\/a> |\u00a0<a href=\"https:\/\/pistas365.com\/losangelespadel\/sv\/hjalpa-till-att-stodja\/\">Hj\u00e4lp och support<\/a><br \/>\nTelefon:<br \/>\nESP: +34 691 213 795<br \/>\nENG: +34 65 311 25 22<br \/>\n<style>.superpwa-shortcode-button-wrap{text-align: center;}.superpwa-shortcode-button{width:20%;margin:0 auto; color: #2c2c2c;cursor: pointer;font-size: 2em;padding: 1.5rem;border: 0;transition: all 0.5s;border-radius: 10px;position: relative;min-width: 250px;}.superpwa-shortcode-button:hover{ background: #2b2bff;transition: all 0.5s;\r\n        border-radius: 10px;box-shadow: 0px 6px 15px #0000ff61;padding: 1.5rem 3rem 1.5rem 1.5rem;color: #ffffff;}<\/style><div class=\"superpwa-shortcode-button-wrap\"><div class=\"superpwa-shortcode-button superpwa-add-via-class\">Install as APP<\/div><\/div><\/p>","protected":false},"excerpt":{"rendered":"<p>Welcome to Los Angeles Padel and Football! We are a sport and activity venue located in the wonderful Los Angeles neighborhood in Torrevieja. We offer &#8211; 3 padel courts and one football pitch available for booking online. Padel training &#8211; our professional padel trainers are providing private training at our courts 5 days a week. [&hellip;]<\/p>\n","protected":false},"author":1,"featured_media":958,"parent":0,"menu_order":0,"comment_status":"closed","ping_status":"closed","template":"","meta":{"_acf_changed":false,"footnotes":""},"tags":[],"acf":[],"_links":{"self":[{"href":"https:\/\/pistas365.com\/losangelespadel\/sv\/wp-json\/wp\/v2\/pages\/6"}],"collection":[{"href":"https:\/\/pistas365.com\/losangelespadel\/sv\/wp-json\/wp\/v2\/pages"}],"about":[{"href":"https:\/\/pistas365.com\/losangelespadel\/sv\/wp-json\/wp\/v2\/types\/page"}],"author":[{"embeddable":true,"href":"https:\/\/pistas365.com\/losangelespadel\/sv\/wp-json\/wp\/v2\/users\/1"}],"replies":[{"embeddable":true,"href":"https:\/\/pistas365.com\/losangelespadel\/sv\/wp-json\/wp\/v2\/comments?post=6"}],"version-history":[{"count":3,"href":"https:\/\/pistas365.com\/losangelespadel\/sv\/wp-json\/wp\/v2\/pages\/6\/revisions"}],"predecessor-version":[{"id":1123,"href":"https:\/\/pistas365.com\/losangelespadel\/sv\/wp-json\/wp\/v2\/pages\/6\/revisions\/1123"}],"wp:featuredmedia":[{"embeddable":true,"href":"https:\/\/pistas365.com\/losangelespadel\/sv\/wp-json\/wp\/v2\/media\/958"}],"wp:attachment":[{"href":"https:\/\/pistas365.com\/losangelespadel\/sv\/wp-json\/wp\/v2\/media?parent=6"}],"wp:term":[{"taxonomy":"post_tag","embeddable":true,"href":"https:\/\/pistas365.com\/losangelespadel\/sv\/wp-json\/wp\/v2\/tags?post=6"}],"curies":[{"name":"wp","href":"https:\/\/api.w.org\/{rel}","templated":true}]}}