{"id":581,"date":"2023-04-24T15:44:28","date_gmt":"2023-04-24T13:44:28","guid":{"rendered":"https:\/\/pistas365.com\/losangelespadel\/?page_id=581"},"modified":"2024-11-11T10:01:12","modified_gmt":"2024-11-11T09:01:12","slug":"mexicano-tournament","status":"publish","type":"page","link":"https:\/\/pistas365.com\/losangelespadel\/sv\/aktiviteter\/americano-turnering\/","title":{"rendered":"Mexikanska turneringar"},"content":{"rendered":"<p><strong>V\u00e4lkommen att delta i v\u00e5r Sunday Mexicano-turnering! Denna turnering spelas individuellt och p\u00e5 medelniv\u00e5.<\/strong><\/p>\n<h3>Information om turneringen<\/h3>\n<ul>\n<li><strong>Tid:<\/strong> s\u00f6ndagar 17:00-18:30<\/li>\n<li><strong>Spelform:<\/strong> *Mexicano<\/li>\n<li><strong>M\u00e5ls\u00e4ttning:<\/strong> Samla s\u00e5 m\u00e5nga po\u00e4ng som m\u00f6jligt.<\/li>\n<li><strong>Niv\u00e5:<\/strong> 4-5 och upp\u00e5t (kategori 5)<\/li>\n<li><strong>Aktivitetsv\u00e4rd:<\/strong> Hans Bornsj\u00f6<\/li>\n<li><strong>Antal banor:<\/strong> 3<\/li>\n<li><strong>Antal deltagare:<\/strong>\u00a013<\/li>\n<li><strong>Speltid:<\/strong> 90 minuter<\/li>\n<li><strong>Pris:<\/strong> 8\u20ac (per spelare, bollar ing\u00e5r)<\/li>\n<li><strong>Plats:<\/strong> MC Los Angeles, Plaza de los Halcones 27, Torrevieja<\/li>\n<li><strong>Anm\u00e4lan: <\/strong>Alla spelare registrerar sig individuellt genom att klicka p\u00e5 en av registreringsknapparna p\u00e5 den h\u00e4r sidan.<\/li>\n<\/ul>\n<p>*Om du vill veta mer om hur denna turnering fungerar kan du l\u00e4sa mer p\u00e5 <a href=\"https:\/\/pistas365.com\/padel\/information\/rules\/\" target=\"_blank\" rel=\"noopener\">denna sida<\/a>.<\/p>","protected":false},"excerpt":{"rendered":"<p>Welcome to join our Sunday Mexicano tournament! This tournament is played individually and at a medium level. Tournament information Time: Sundays 17:00-18:30 Playing format: *Mexicano Objective: Collect as many points as possible. Level: 4-5 and up (category 5) Activity host: Hans Bornsj\u00f6 Number of courts: 3 Number of participants:\u00a013 Playing time: 90 min Price: 8\u20ac\u00a0 [&hellip;]<\/p>\n","protected":false},"author":1,"featured_media":801,"parent":306,"menu_order":1,"comment_status":"closed","ping_status":"closed","template":"page-start4.php","meta":{"_acf_changed":false,"footnotes":""},"tags":[],"acf":[],"_links":{"self":[{"href":"https:\/\/pistas365.com\/losangelespadel\/sv\/wp-json\/wp\/v2\/pages\/581"}],"collection":[{"href":"https:\/\/pistas365.com\/losangelespadel\/sv\/wp-json\/wp\/v2\/pages"}],"about":[{"href":"https:\/\/pistas365.com\/losangelespadel\/sv\/wp-json\/wp\/v2\/types\/page"}],"author":[{"embeddable":true,"href":"https:\/\/pistas365.com\/losangelespadel\/sv\/wp-json\/wp\/v2\/users\/1"}],"replies":[{"embeddable":true,"href":"https:\/\/pistas365.com\/losangelespadel\/sv\/wp-json\/wp\/v2\/comments?post=581"}],"version-history":[{"count":3,"href":"https:\/\/pistas365.com\/losangelespadel\/sv\/wp-json\/wp\/v2\/pages\/581\/revisions"}],"predecessor-version":[{"id":1019,"href":"https:\/\/pistas365.com\/losangelespadel\/sv\/wp-json\/wp\/v2\/pages\/581\/revisions\/1019"}],"up":[{"embeddable":true,"href":"https:\/\/pistas365.com\/losangelespadel\/sv\/wp-json\/wp\/v2\/pages\/306"}],"wp:featuredmedia":[{"embeddable":true,"href":"https:\/\/pistas365.com\/losangelespadel\/sv\/wp-json\/wp\/v2\/media\/801"}],"wp:attachment":[{"href":"https:\/\/pistas365.com\/losangelespadel\/sv\/wp-json\/wp\/v2\/media?parent=581"}],"wp:term":[{"taxonomy":"post_tag","embeddable":true,"href":"https:\/\/pistas365.com\/losangelespadel\/sv\/wp-json\/wp\/v2\/tags?post=581"}],"curies":[{"name":"wp","href":"https:\/\/api.w.org\/{rel}","templated":true}]}}