{"id":516,"date":"2023-04-20T13:45:57","date_gmt":"2023-04-20T11:45:57","guid":{"rendered":"https:\/\/pistas365.com\/losangelespadel\/?page_id=516"},"modified":"2025-11-05T09:44:18","modified_gmt":"2025-11-05T08:44:18","slug":"pay-play","status":"publish","type":"page","link":"https:\/\/pistas365.com\/losangelespadel\/sv\/aktiviteter\/betalningspel\/","title":{"rendered":"Pay and Play"},"content":{"rendered":"<p><strong>Varje tisdag och torsdag tr\u00e4ffas vi, spelar padel och har roligt tillsammans. Aktivitetsv\u00e4rden kommer att v\u00e4lja ett l\u00e4mpligt spelformat f\u00f6r att f\u00e5 lite variation och se till att alla har det bra!<\/strong><\/p>\n<h3>Information om aktiviteterna<\/h3>\n<ul>\n<li><strong>Tid:<\/strong> Tisdagar 10:00-12:30 | Torsdagar 11:00-12:30 och 12:30-14:00<\/li>\n<li><strong>Spelform:<\/strong> Pay and Play<\/li>\n<li><strong>Passar f\u00f6r:<\/strong> *niv\u00e5 Cat5=SE3-4 och upp\u00e5t<\/li>\n<li><strong>Aktivitetsv\u00e4rd:<\/strong> Ewa Jakobsson<\/li>\n<li><strong>Antal banor:<\/strong> 3<\/li>\n<li><strong>Antal deltagare:<\/strong> 13-15 (h\u00f6gst)<\/li>\n<li><strong>Speltid:<\/strong> 2,5 timmar\/90 minuter<\/li>\n<li><strong>Pris:<\/strong> 10\/6\u20ac (inklusive bollar)<\/li>\n<li><strong>Plats:<\/strong> MC Los Angeles, Plaza de los Halcones 27, Torrevieja<\/li>\n<li><strong>Anm\u00e4lan:<\/strong> Alla spelare registrerar sig individuellt genom att klicka p\u00e5 en av registreringsknapparna p\u00e5 den h\u00e4r sidan.<\/li>\n<\/ul>\n<p>* <a href=\"https:\/\/pistas365.com\/padel\/information\/levels\/\/\" target=\"_blank\" rel=\"noopener\">Padelniv\u00e5erna<\/a> ovan beskrivs som <strong>ES<\/strong> f\u00f6r spanska niv\u00e5er och <strong>SE<\/strong> f\u00f6r j\u00e4mf\u00f6rbara svenska niv\u00e5er.<\/p>","protected":false},"excerpt":{"rendered":"<p>Every Tuesday and Thursday we meet, play padel and have fun together. The activity host will choose a suitible playing format to get some variety and make sure that everybody has a great time! Activity information Time: Tuesdays 10:00-12:30 | Thursdays 11:00-12:30 and 12:30-14:00 Playing format: Pay and Play Suitable for: *level Cat5=SE3-4 and up [&hellip;]<\/p>\n","protected":false},"author":1,"featured_media":201,"parent":306,"menu_order":0,"comment_status":"closed","ping_status":"closed","template":"page-start4.php","meta":{"_acf_changed":false,"footnotes":""},"tags":[],"acf":[],"_links":{"self":[{"href":"https:\/\/pistas365.com\/losangelespadel\/sv\/wp-json\/wp\/v2\/pages\/516"}],"collection":[{"href":"https:\/\/pistas365.com\/losangelespadel\/sv\/wp-json\/wp\/v2\/pages"}],"about":[{"href":"https:\/\/pistas365.com\/losangelespadel\/sv\/wp-json\/wp\/v2\/types\/page"}],"author":[{"embeddable":true,"href":"https:\/\/pistas365.com\/losangelespadel\/sv\/wp-json\/wp\/v2\/users\/1"}],"replies":[{"embeddable":true,"href":"https:\/\/pistas365.com\/losangelespadel\/sv\/wp-json\/wp\/v2\/comments?post=516"}],"version-history":[{"count":3,"href":"https:\/\/pistas365.com\/losangelespadel\/sv\/wp-json\/wp\/v2\/pages\/516\/revisions"}],"predecessor-version":[{"id":1079,"href":"https:\/\/pistas365.com\/losangelespadel\/sv\/wp-json\/wp\/v2\/pages\/516\/revisions\/1079"}],"up":[{"embeddable":true,"href":"https:\/\/pistas365.com\/losangelespadel\/sv\/wp-json\/wp\/v2\/pages\/306"}],"wp:featuredmedia":[{"embeddable":true,"href":"https:\/\/pistas365.com\/losangelespadel\/sv\/wp-json\/wp\/v2\/media\/201"}],"wp:attachment":[{"href":"https:\/\/pistas365.com\/losangelespadel\/sv\/wp-json\/wp\/v2\/media?parent=516"}],"wp:term":[{"taxonomy":"post_tag","embeddable":true,"href":"https:\/\/pistas365.com\/losangelespadel\/sv\/wp-json\/wp\/v2\/tags?post=516"}],"curies":[{"name":"wp","href":"https:\/\/api.w.org\/{rel}","templated":true}]}}