{"id":306,"date":"2023-03-06T13:59:53","date_gmt":"2023-03-06T12:59:53","guid":{"rendered":"https:\/\/pistas365.com\/losangelespadel\/?page_id=306"},"modified":"2024-11-22T09:17:40","modified_gmt":"2024-11-22T08:17:40","slug":"activities","status":"publish","type":"page","link":"https:\/\/pistas365.com\/losangelespadel\/sv\/aktiviteter\/","title":{"rendered":"Padelaktiviteter"},"content":{"rendered":"<p><strong>V\u00e4lkommen att delta i v\u00e5ra padelaktiviteter! V\u00e5rt m\u00e5l \u00e4r att erbjuda flera olika aktiviteter varje vecka s\u00e5 att det finns n\u00e5got f\u00f6r alla.<\/strong><\/p>\n<h2>Aktivitetsschema<\/h2>\n<ul>\n<li><strong>Tisdagar 10:00-12:30<\/strong> &#8211; <a href=\"https:\/\/pistas365.com\/losangelespadel\/sv\/aktiviteter\/betalningspel\/\">Pay and Play<\/a><\/li>\n<li><strong>Torsdagar 11:00-14:00<\/strong> &#8211; <a href=\"https:\/\/pistas365.com\/losangelespadel\/sv\/aktiviteter\/betalningspel\/\">Pay and Play<\/a><\/li>\n<li><strong>s\u00f6ndagar 17:00-18:30<\/strong> &#8211; <a href=\"https:\/\/pistas365.com\/losangelespadel\/sv\/aktiviteter\/americano-turnering\/\">S\u00f6ndag mexicano<\/a><\/li>\n<li><strong>s\u00f6ndagar 18:30-20:00<\/strong> &#8211; <a href=\"https:\/\/pistas365.com\/losangelespadel\/sv\/aktiviteter\/mastarna-i-la\/\">Champs of LA<\/a><\/li>\n<\/ul>\n<p>Om du vill l\u00e4sa mer och boka din plats kan du klicka p\u00e5 l\u00e4nkarna i listan ovan. Vi ses p\u00e5 banan!<\/p>","protected":false},"excerpt":{"rendered":"<p>Welcome to join our padel activities! It is our aim to provide several different activities every week so that there is something for everybody. Activity schedule Tuesdays 10:00-12:30 &#8211; Pay and Play Thursdays 11:00-14:00 &#8211; Pay and Play Sundays 17:00-18:30 &#8211; Sunday mexicano Sundays 18:30-20:00 &#8211; Champs of LA To read more and reserve your [&hellip;]<\/p>\n","protected":false},"author":1,"featured_media":325,"parent":0,"menu_order":2,"comment_status":"closed","ping_status":"closed","template":"","meta":{"_acf_changed":false,"footnotes":""},"tags":[],"acf":[],"_links":{"self":[{"href":"https:\/\/pistas365.com\/losangelespadel\/sv\/wp-json\/wp\/v2\/pages\/306"}],"collection":[{"href":"https:\/\/pistas365.com\/losangelespadel\/sv\/wp-json\/wp\/v2\/pages"}],"about":[{"href":"https:\/\/pistas365.com\/losangelespadel\/sv\/wp-json\/wp\/v2\/types\/page"}],"author":[{"embeddable":true,"href":"https:\/\/pistas365.com\/losangelespadel\/sv\/wp-json\/wp\/v2\/users\/1"}],"replies":[{"embeddable":true,"href":"https:\/\/pistas365.com\/losangelespadel\/sv\/wp-json\/wp\/v2\/comments?post=306"}],"version-history":[{"count":3,"href":"https:\/\/pistas365.com\/losangelespadel\/sv\/wp-json\/wp\/v2\/pages\/306\/revisions"}],"predecessor-version":[{"id":1025,"href":"https:\/\/pistas365.com\/losangelespadel\/sv\/wp-json\/wp\/v2\/pages\/306\/revisions\/1025"}],"wp:featuredmedia":[{"embeddable":true,"href":"https:\/\/pistas365.com\/losangelespadel\/sv\/wp-json\/wp\/v2\/media\/325"}],"wp:attachment":[{"href":"https:\/\/pistas365.com\/losangelespadel\/sv\/wp-json\/wp\/v2\/media?parent=306"}],"wp:term":[{"taxonomy":"post_tag","embeddable":true,"href":"https:\/\/pistas365.com\/losangelespadel\/sv\/wp-json\/wp\/v2\/tags?post=306"}],"curies":[{"name":"wp","href":"https:\/\/api.w.org\/{rel}","templated":true}]}}