{"id":895,"date":"2024-03-22T10:53:16","date_gmt":"2024-03-22T09:53:16","guid":{"rendered":"https:\/\/pistas365.com\/losangelespadel\/?page_id=895"},"modified":"2024-06-03T20:08:01","modified_gmt":"2024-06-03T18:08:01","slug":"champs-of-la","status":"publish","type":"page","link":"https:\/\/pistas365.com\/losangelespadel\/fr\/activites\/champs-de-la\/","title":{"rendered":"Champs de LA"},"content":{"rendered":"<p><strong>Avez-vous ce qu'il faut pour \u00eatre couronn\u00e9 champion de Los Angeles pendant une semaine ? Pour m\u00e9riter votre tr\u00f4ne, vous devez vous frayer un chemin jusqu'\u00e0 la cour des vainqueurs et d\u00e9fendre votre place jusqu'\u00e0 la fin du dernier match !<\/strong><\/p>\n<h2>Informations sur le tournoi<\/h2>\n<ul>\n<li><strong>C'est l'heure :<\/strong> Tous les dimanches 18:30-20:00<\/li>\n<li><strong>Format de lecture :<\/strong> *L'\u00e9quipe de la Cour des vainqueurs<\/li>\n<li><strong>Objectif :<\/strong> Remportez le dernier match sur le terrain des vainqueurs. Prenez la gloire et jouez gratuitement.<\/li>\n<li><strong>Convient pour :<\/strong> Hommes et femmes niveau 5+ et plus (cat\u00e9gorie 4 et plus)<\/li>\n<li><strong>H\u00f4te de l'activit\u00e9 :<\/strong> Hans Bornsj\u00f6<\/li>\n<li><strong>Nombre de tribunaux :<\/strong> 3<\/li>\n<li><strong>Nombre de participants :<\/strong> 12 joueurs (6 \u00e9quipes)<\/li>\n<li><strong>Temps de jeu :<\/strong> 1,5 heures<\/li>\n<li><strong>Prix :<\/strong> 8\u20ac par joueur (paiement sur place)<\/li>\n<\/ul>\n<p>*Pour en savoir plus sur le fonctionnement de ce tournoi, vous pouvez consulter le site suivant <a href=\"https:\/\/pistas365.com\/padel\/information\/rules\/\" target=\"_blank\" rel=\"noopener\">cette page<\/a>.<\/p>\n<h3>Inscription<\/h3>\n<p><strong>Tous les joueurs s'inscrivent individuellement en cliquant sur l'un des boutons d'inscription de cette page. <\/strong><\/p>\n<ol>\n<li>Si vous avez un co\u00e9quipier, vous pouvez choisir de jouer ensemble.<\/li>\n<li>Si vous n'avez pas de co\u00e9quipier, vous serez jumel\u00e9 \u00e0 un co\u00e9quipier par le biais d'une loterie qui se d\u00e9roulera sur place.<\/li>\n<\/ol>","protected":false},"excerpt":{"rendered":"<p>Do you have what it takes to be crowned Champs of LA for a week? To earn your throne you need to fight your way up to the winners court and then defend your place until the last game is over! Tournament information Time: Every sunday 18:30-20:00 Playing format: *Winners Court Team Objective: Win the [&hellip;]<\/p>\n","protected":false},"author":1,"featured_media":900,"parent":306,"menu_order":0,"comment_status":"closed","ping_status":"closed","template":"page-start4.php","meta":{"_acf_changed":false,"footnotes":""},"tags":[],"acf":[],"_links":{"self":[{"href":"https:\/\/pistas365.com\/losangelespadel\/fr\/wp-json\/wp\/v2\/pages\/895"}],"collection":[{"href":"https:\/\/pistas365.com\/losangelespadel\/fr\/wp-json\/wp\/v2\/pages"}],"about":[{"href":"https:\/\/pistas365.com\/losangelespadel\/fr\/wp-json\/wp\/v2\/types\/page"}],"author":[{"embeddable":true,"href":"https:\/\/pistas365.com\/losangelespadel\/fr\/wp-json\/wp\/v2\/users\/1"}],"replies":[{"embeddable":true,"href":"https:\/\/pistas365.com\/losangelespadel\/fr\/wp-json\/wp\/v2\/comments?post=895"}],"version-history":[{"count":4,"href":"https:\/\/pistas365.com\/losangelespadel\/fr\/wp-json\/wp\/v2\/pages\/895\/revisions"}],"predecessor-version":[{"id":953,"href":"https:\/\/pistas365.com\/losangelespadel\/fr\/wp-json\/wp\/v2\/pages\/895\/revisions\/953"}],"up":[{"embeddable":true,"href":"https:\/\/pistas365.com\/losangelespadel\/fr\/wp-json\/wp\/v2\/pages\/306"}],"wp:featuredmedia":[{"embeddable":true,"href":"https:\/\/pistas365.com\/losangelespadel\/fr\/wp-json\/wp\/v2\/media\/900"}],"wp:attachment":[{"href":"https:\/\/pistas365.com\/losangelespadel\/fr\/wp-json\/wp\/v2\/media?parent=895"}],"wp:term":[{"taxonomy":"post_tag","embeddable":true,"href":"https:\/\/pistas365.com\/losangelespadel\/fr\/wp-json\/wp\/v2\/tags?post=895"}],"curies":[{"name":"wp","href":"https:\/\/api.w.org\/{rel}","templated":true}]}}