{"id":6,"date":"2022-02-08T14:11:08","date_gmt":"2022-02-08T14:11:08","guid":{"rendered":"https:\/\/pistas365.com\/losangelespadel\/?page_id=6"},"modified":"2026-03-06T09:00:34","modified_gmt":"2026-03-06T08:00:34","slug":"welcome-to-racketcenter","status":"publish","type":"page","link":"https:\/\/pistas365.com\/losangelespadel\/fr\/","title":{"rendered":"Padel et football de Los Angeles"},"content":{"rendered":"<p><strong>Bienvenue \u00e0 Los Angeles Padel et Football ! Nous sommes un lieu de sport et d'activit\u00e9 situ\u00e9 dans le merveilleux quartier de Los Angeles \u00e0 Torrevieja. <\/strong><\/p>\n<ul>\n<li><strong>Nous offrons<\/strong> - 3 terrains de padel et un terrain de football peuvent \u00eatre r\u00e9serv\u00e9s en ligne.<\/li>\n<li><strong>Entra\u00eenement au padel<\/strong> - nos entra\u00eeneurs professionnels de padel proposent des entra\u00eenements priv\u00e9s sur nos courts 5 jours par semaine.<\/li>\n<li><a href=\"https:\/\/pistas365.com\/losangelespadel\/fr\/activites\/\"><strong>Activit\u00e9s de padel<\/strong><\/a> - nous organisons des \u00e9v\u00e9nements hebdomadaires, des tournois et du Pay and Play.<\/li>\n<\/ul>\n<div class=\"accordion-section\">\r\n<h3 class=\"accordion-section-title\" data-item=\"accordion-padel-courts\">Courts de padel<\/h3>\r\n<div class=\"accordion-section-content\" data-item=\"accordion-padel-courts\"><\/p>\n<p><strong>We have 3 padel courts available for booking online. Two are covered and one is outdoor. <\/strong><\/p>\n<ul>\n<li>Les courts de padel sont doubles et disposent d'un \u00e9clairage.<\/li>\n<li>Le prix est de 24 \u20ac pour un temps de jeu de 90 minutes. L'\u00e9clairage est inclus dans le prix.<\/li>\n<li>You book and pay online or in the bar upon arrival.<\/li>\n<\/ul>\n<p><div class=\"latepoint-book-button-wrapper wp-block-button\"><a href=\"#\" class=\"latepoint-book-button os_trigger_booking wp-block-button__link\" data-selected-service=\"3\" >Faire une r\u00e9servation<\/a><\/div><\/p>\n<p style=\"text-align: center;\">Des probl\u00e8mes ? Rendez-vous sur le site <a href=\"https:\/\/pistas365.com\/losangelespadel\/fr\/aide-au-soutien\/\" target=\"_blank\" rel=\"noopener\">page d'aide<\/a>.<\/p>\n<p><\/div>\r\n<\/div>\r\n\n<div class=\"accordion-section\">\r\n<h3 class=\"accordion-section-title\" data-item=\"accordion-padel-training\">Entra\u00eenement au padel<\/h3>\r\n<div class=\"accordion-section-content\" data-item=\"accordion-padel-training\"><\/p>\n<p><strong>Nous proposons des entra\u00eenements de padel en collaboration avec trois entra\u00eeneurs de padel professionnels. Cosme Ruiz, Oliver Heneghan et Nicolas \"Nico\" Molina.<\/strong><\/p>\n<ol>\n<li><strong>Cosme<\/strong> est un entra\u00eeneur tr\u00e8s exp\u00e9riment\u00e9 qui joue personnellement au padel \u00e0 un tr\u00e8s haut niveau (cat\u00e9gorie 1). Il a une approche intense de ses cours o\u00f9 il d\u00e9veloppe des joueurs du niveau d\u00e9butant au niveau comp\u00e9tition.<\/li>\n<li><strong>Oliver<\/strong> est n\u00e9 en Angleterre et parle couramment l'espagnol. Il concentre sa formation sur l'acquisition d'une base solide pour jouer et appr\u00e9cier le padel.<\/li>\n<li><strong>Nico<\/strong> parle couramment l'espagnol, l'anglais et l'allemand. Son approche de l'entra\u00eenement est calme et se concentre sur l'acquisition des bases, puis sur le d\u00e9veloppement de celles-ci.<\/li>\n<\/ol>\n<h3>Services et prix<\/h3>\n<p><strong>Nos entra\u00eeneurs parlent espagnol, anglais et allemand (Nico). Ils forment des joueurs de tous niveaux et offrent les services suivants :<\/strong><\/p>\n<ul>\n<li>Le\u00e7ons particuli\u00e8res 60 min | Prix : \u20ac30\/35.<\/li>\n<li>Entra\u00eenement en groupe priv\u00e9 60 min | 2-4 joueurs | Prix : \u20ac40\/45 par groupe.<\/li>\n<li>Le location de piste est toujours inclus dans le prix !<\/li>\n<li>Vous r\u00e9servez en ligne et payez en esp\u00e8ces \u00e0 votre formateur sur place.<\/li>\n<\/ul>\n<p><div class=\"latepoint-book-button-wrapper wp-block-button\"><a href=\"#\" class=\"latepoint-book-button os_trigger_booking wp-block-button__link\" data-show-service-categories=\"4,8\" data-selected-agent=\"8\" >R\u00e9server formation<\/a><\/div><\/p>\n<p><\/div>\r\n<\/div>\r\n\n<div class=\"accordion-section\">\r\n<h3 class=\"accordion-section-title\"><a href=\"https:\/\/pistas365.com\/losangelespadel\/fr\/activites\/\" >Activit\u00e9s de padel<\/a><\/h3>\r\n<div class=\"accordion-section-content\" data-item=\"accordion-padel-activities\"><br \/>\n<\/div>\r\n<\/div>\r\n\n<div class=\"accordion-section\">\r\n<h3 class=\"accordion-section-title\" data-item=\"accordion-football-pitch\">Terrain de football<\/h3>\r\n<div class=\"accordion-section-content\" data-item=\"accordion-football-pitch\"><\/p>\n<p><img loading=\"lazy\" decoding=\"async\" class=\"size-full wp-image-161 aligncenter\" src=\"https:\/\/pistas365.com\/losangelespadel\/wp-content\/uploads\/sites\/7\/football-pitch.jpg\" alt=\"Terrain de football \u00e0 louer \u00e0 Torrevieja\" width=\"786\" height=\"397\" srcset=\"https:\/\/pistas365.com\/losangelespadel\/wp-content\/uploads\/sites\/7\/football-pitch.jpg 786w, https:\/\/pistas365.com\/losangelespadel\/wp-content\/uploads\/sites\/7\/football-pitch-300x152.jpg 300w, https:\/\/pistas365.com\/losangelespadel\/wp-content\/uploads\/sites\/7\/football-pitch-768x388.jpg 768w, https:\/\/pistas365.com\/losangelespadel\/wp-content\/uploads\/sites\/7\/football-pitch-18x9.jpg 18w, https:\/\/pistas365.com\/losangelespadel\/wp-content\/uploads\/sites\/7\/football-pitch-360x182.jpg 360w\" sizes=\"(max-width: 786px) 100vw, 786px\" \/><\/p>\n<p><strong>Nous disposons d'un terrain de football 5\/7 avec gazon artificiel disponible \u00e0 la location.<\/strong><\/p>\n<ul>\n<li>Le terrain de football est de 40X20 m\u00e8tres (norme FIFA Futsal) et dispose d'un \u00e9clairage.<\/li>\n<li>Le prix est de 40 \u20ac pour 75 minutes de jeu. L'\u00e9clairage est inclus dans le prix.<\/li>\n<li>Vous r\u00e9servez et payez en ligne<span style=\"color: #ff0000;\"><strong>\u00a0PAR CARTE<\/strong><\/span>. Les r\u00e9servations qui ne sont pas pay\u00e9es par carte seront annul\u00e9es.<\/li>\n<li>Lorsque vous avez fait <span style=\"color: #ff0000;\"><strong>et pay\u00e9<\/strong><\/span> Si vous r\u00e9servez par carte, vous recevrez un e-mail de confirmation que vous devrez pr\u00e9senter au bar \u00e0 votre arriv\u00e9e.<\/li>\n<\/ul>\n<p><div class=\"latepoint-book-button-wrapper wp-block-button\"><a href=\"#\" class=\"latepoint-book-button os_trigger_booking wp-block-button__link\" data-selected-agent=\"6\" data-selected-service=\"7\" >Faire une r\u00e9servation et payer par carte<\/a><\/div><\/p>\n<p><\/div>\r\n<\/div>\r\n\n<hr \/>\n<h3>Notre emplacement et nos installations suppl\u00e9mentaires<\/h3>\n<p>Lorsque vous r\u00e9servez l'une de nos activit\u00e9s, vous b\u00e9n\u00e9ficiez d'un acc\u00e8s \u00e0 aux douches, aux vestiaires, au bar, au restaurant et aux autres installations du Bar Los Angles.<\/p>\n<ul>\n<li><strong>Notre adresse est la suivante<\/strong> - Plaza de los Halcones 27, Torrevieja (\u00e0 l'int\u00e9rieur du quartier Bar Los Angles).<\/li>\n<li><strong>Nous sommes ouverts <\/strong>- Lundi \u00e0 dimanche 08:00-23:00<\/li>\n<li><strong>Nous parlons<\/strong> - Espagnol et anglais.<\/li>\n<\/ul>\n<p><iframe loading=\"lazy\" style=\"border: 0;\" src=\"https:\/\/www.google.com\/maps\/embed?pb=!1m18!1m12!1m3!1d3144.561594069482!2d-0.6680719846762396!3d37.98735932972116!2m3!1f0!2f0!3f0!3m2!1i1024!2i768!4f13.1!3m3!1m2!1s0xd63ab80bf955dc9%3A0x42159a5faca67ed0!2sLos%20Angeles%20Padel!5e0!3m2!1ssv!2ses!4v1658822525160!5m2!1ssv!2ses\" width=\"100%\" height=\"350\" allowfullscreen=\"allowfullscreen\"><\/iframe><\/p>\n<h3>Informations de contact<\/h3>\n<p><strong>Los Angeles Padel<\/strong><br \/>\n<a href=\"https:\/\/pistas365.com\/losangelespadel\/fr\/tableau-de-bord-clients\/\">Acc\u00e8s client<\/a> |\u00a0<a href=\"https:\/\/pistas365.com\/losangelespadel\/fr\/aide-au-soutien\/\">Aide et soutien<\/a><br \/>\nT\u00e9l\u00e9phone :<br \/>\nESP : +34 691 213 795<br \/>\nFR : +34 65 311 25 22<br \/>\n<style>.superpwa-shortcode-button-wrap{text-align: center;}.superpwa-shortcode-button{width:20%;margin:0 auto; color: #2c2c2c;cursor: pointer;font-size: 2em;padding: 1.5rem;border: 0;transition: all 0.5s;border-radius: 10px;position: relative;min-width: 250px;}.superpwa-shortcode-button:hover{ background: #2b2bff;transition: all 0.5s;\r\n        border-radius: 10px;box-shadow: 0px 6px 15px #0000ff61;padding: 1.5rem 3rem 1.5rem 1.5rem;color: #ffffff;}<\/style><div class=\"superpwa-shortcode-button-wrap\"><div class=\"superpwa-shortcode-button superpwa-add-via-class\">Install as APP<\/div><\/div><\/p>","protected":false},"excerpt":{"rendered":"<p>Welcome to Los Angeles Padel and Football! We are a sport and activity venue located in the wonderful Los Angeles neighborhood in Torrevieja. We offer &#8211; 3 padel courts and one football pitch available for booking online. Padel training &#8211; our professional padel trainers are providing private training at our courts 5 days a week. [&hellip;]<\/p>\n","protected":false},"author":1,"featured_media":958,"parent":0,"menu_order":0,"comment_status":"closed","ping_status":"closed","template":"","meta":{"_acf_changed":false,"footnotes":""},"tags":[],"acf":[],"_links":{"self":[{"href":"https:\/\/pistas365.com\/losangelespadel\/fr\/wp-json\/wp\/v2\/pages\/6"}],"collection":[{"href":"https:\/\/pistas365.com\/losangelespadel\/fr\/wp-json\/wp\/v2\/pages"}],"about":[{"href":"https:\/\/pistas365.com\/losangelespadel\/fr\/wp-json\/wp\/v2\/types\/page"}],"author":[{"embeddable":true,"href":"https:\/\/pistas365.com\/losangelespadel\/fr\/wp-json\/wp\/v2\/users\/1"}],"replies":[{"embeddable":true,"href":"https:\/\/pistas365.com\/losangelespadel\/fr\/wp-json\/wp\/v2\/comments?post=6"}],"version-history":[{"count":3,"href":"https:\/\/pistas365.com\/losangelespadel\/fr\/wp-json\/wp\/v2\/pages\/6\/revisions"}],"predecessor-version":[{"id":1123,"href":"https:\/\/pistas365.com\/losangelespadel\/fr\/wp-json\/wp\/v2\/pages\/6\/revisions\/1123"}],"wp:featuredmedia":[{"embeddable":true,"href":"https:\/\/pistas365.com\/losangelespadel\/fr\/wp-json\/wp\/v2\/media\/958"}],"wp:attachment":[{"href":"https:\/\/pistas365.com\/losangelespadel\/fr\/wp-json\/wp\/v2\/media?parent=6"}],"wp:term":[{"taxonomy":"post_tag","embeddable":true,"href":"https:\/\/pistas365.com\/losangelespadel\/fr\/wp-json\/wp\/v2\/tags?post=6"}],"curies":[{"name":"wp","href":"https:\/\/api.w.org\/{rel}","templated":true}]}}