{"id":895,"date":"2024-03-22T10:53:16","date_gmt":"2024-03-22T09:53:16","guid":{"rendered":"https:\/\/pistas365.com\/losangelespadel\/?page_id=895"},"modified":"2024-06-03T20:08:01","modified_gmt":"2024-06-03T18:08:01","slug":"champs-of-la","status":"publish","type":"page","link":"https:\/\/pistas365.com\/losangelespadel\/es\/actividades\/campeones-de-la\/","title":{"rendered":"Campeones de Los \u00c1ngeles"},"content":{"rendered":"<p><strong>\u00bfTienes lo que hay que tener para coronarte Campe\u00f3n de Los \u00c1ngeles durante una semana? Para ganarte el trono, tienes que luchar para llegar a la pista de los ganadores y defender tu puesto hasta que termine el \u00faltimo partido.<\/strong><\/p>\n<h2>Informaci\u00f3n sobre el torneo<\/h2>\n<ul>\n<li><strong>La hora:<\/strong> Todos los domingos 18:30-20:00<\/li>\n<li><strong>Formato de juego:<\/strong> *Pista de Ganadores por equipos<\/li>\n<li><strong>Objetivo:<\/strong> Gana el \u00faltimo partido en la pista de los ganadores. Ll\u00e9vate la gloria y juega gratis.<\/li>\n<li><strong>Adecuado para:<\/strong> Hombres y mujeres de nivel 5+ y superior (categor\u00eda 4 y superior)<\/li>\n<li><strong>Anfitri\u00f3n de la actividad:<\/strong> Hans Bornsj\u00f6<\/li>\n<li><strong>N\u00famero de pistas:<\/strong> 3<\/li>\n<li><strong>N\u00famero de participantes:<\/strong> 12 jugadores (6 equipos)<\/li>\n<li><strong>Tiempo de juego:<\/strong> 1,5 horas<\/li>\n<li><strong>Precio:<\/strong> 8\u20ac por jugador (pago in situ)<\/li>\n<\/ul>\n<p>*Para saber m\u00e1s sobre c\u00f3mo funciona este torneo puedes leer m\u00e1s en <a href=\"https:\/\/pistas365.com\/padel\/information\/rules\/\" target=\"_blank\" rel=\"noopener\">esta p\u00e1gina<\/a>.<\/p>\n<h3>Inscripci\u00f3n<\/h3>\n<p><strong>Todos los jugadores se inscriben individualmente haciendo clic en uno de los botones de inscripci\u00f3n de esta p\u00e1gina. <\/strong><\/p>\n<ol>\n<li>Si tienes un compa\u00f1ero de equipo, pod\u00e9is elegir jugar juntos.<\/li>\n<li>Si no tienes compa\u00f1ero de equipo se te emparejar\u00e1 con uno a trav\u00e9s de un sorteo que se realizar\u00e1 in situ.<\/li>\n<\/ol>","protected":false},"excerpt":{"rendered":"<p>Do you have what it takes to be crowned Champs of LA for a week? To earn your throne you need to fight your way up to the winners court and then defend your place until the last game is over! Tournament information Time: Every sunday 18:30-20:00 Playing format: *Winners Court Team Objective: Win the [&hellip;]<\/p>\n","protected":false},"author":1,"featured_media":900,"parent":306,"menu_order":0,"comment_status":"closed","ping_status":"closed","template":"page-start4.php","meta":{"_acf_changed":false,"footnotes":""},"tags":[],"acf":[],"_links":{"self":[{"href":"https:\/\/pistas365.com\/losangelespadel\/es\/wp-json\/wp\/v2\/pages\/895"}],"collection":[{"href":"https:\/\/pistas365.com\/losangelespadel\/es\/wp-json\/wp\/v2\/pages"}],"about":[{"href":"https:\/\/pistas365.com\/losangelespadel\/es\/wp-json\/wp\/v2\/types\/page"}],"author":[{"embeddable":true,"href":"https:\/\/pistas365.com\/losangelespadel\/es\/wp-json\/wp\/v2\/users\/1"}],"replies":[{"embeddable":true,"href":"https:\/\/pistas365.com\/losangelespadel\/es\/wp-json\/wp\/v2\/comments?post=895"}],"version-history":[{"count":4,"href":"https:\/\/pistas365.com\/losangelespadel\/es\/wp-json\/wp\/v2\/pages\/895\/revisions"}],"predecessor-version":[{"id":953,"href":"https:\/\/pistas365.com\/losangelespadel\/es\/wp-json\/wp\/v2\/pages\/895\/revisions\/953"}],"up":[{"embeddable":true,"href":"https:\/\/pistas365.com\/losangelespadel\/es\/wp-json\/wp\/v2\/pages\/306"}],"wp:featuredmedia":[{"embeddable":true,"href":"https:\/\/pistas365.com\/losangelespadel\/es\/wp-json\/wp\/v2\/media\/900"}],"wp:attachment":[{"href":"https:\/\/pistas365.com\/losangelespadel\/es\/wp-json\/wp\/v2\/media?parent=895"}],"wp:term":[{"taxonomy":"post_tag","embeddable":true,"href":"https:\/\/pistas365.com\/losangelespadel\/es\/wp-json\/wp\/v2\/tags?post=895"}],"curies":[{"name":"wp","href":"https:\/\/api.w.org\/{rel}","templated":true}]}}