{"id":6,"date":"2022-02-08T14:11:08","date_gmt":"2022-02-08T14:11:08","guid":{"rendered":"https:\/\/pistas365.com\/losangelespadel\/?page_id=6"},"modified":"2026-03-06T09:00:34","modified_gmt":"2026-03-06T08:00:34","slug":"welcome-to-racketcenter","status":"publish","type":"page","link":"https:\/\/pistas365.com\/losangelespadel\/es\/","title":{"rendered":"Los \u00c1ngeles P\u00e1del y F\u00fatbol"},"content":{"rendered":"<p><strong>\u00a1Bienvenido a Los \u00c1ngeles P\u00e1del y F\u00fatbol! Somos un centro deportivo y de actividades situado en el maravilloso barrio de Los \u00c1ngeles en Torrevieja. <\/strong><\/p>\n<ul>\n<li><strong>Ofrecemos<\/strong> - 3 pistas de p\u00e1del y un campo de f\u00fatbol disponibles para reservar en l\u00ednea.<\/li>\n<li><strong>Entrenamiento de p\u00e1del<\/strong> - nuestros entrenadores profesionales de p\u00e1del imparten entrenamientos privados en nuestras pistas 5 d\u00edas a la semana.<\/li>\n<li><a href=\"https:\/\/pistas365.com\/losangelespadel\/es\/actividades\/\"><strong>Actividades de p\u00e1del<\/strong><\/a> - organizamos eventos semanales, torneos y Pay and Play.<\/li>\n<\/ul>\n<div class=\"accordion-section\">\r\n<h3 class=\"accordion-section-title\" data-item=\"accordion-padel-courts\">Pistas de p\u00e1del<\/h3>\r\n<div class=\"accordion-section-content\" data-item=\"accordion-padel-courts\"><\/p>\n<p><strong>We have 3 padel courts available for booking online. Two are covered and one is outdoor. <\/strong><\/p>\n<ul>\n<li>Las pistas de p\u00e1del son dobles y tienen iluminaci\u00f3n.<\/li>\n<li>El precio es de 24 euros por 90 minutos de actuaci\u00f3n. La iluminaci\u00f3n est\u00e1 incluida en el precio.<\/li>\n<li>You book and pay online or in the bar upon arrival.<\/li>\n<\/ul>\n<p><div class=\"latepoint-book-button-wrapper wp-block-button\"><a href=\"#\" class=\"latepoint-book-button os_trigger_booking wp-block-button__link\" data-selected-service=\"3\" >Hacer una reserva<\/a><\/div><\/p>\n<p style=\"text-align: center;\">\u00bfAlg\u00fan problema? Dir\u00edjase al <a href=\"https:\/\/pistas365.com\/losangelespadel\/es\/ayuda\/\" target=\"_blank\" rel=\"noopener\">p\u00e1gina de ayuda<\/a>.<\/p>\n<p><\/div>\r\n<\/div>\r\n\n<div class=\"accordion-section\">\r\n<h3 class=\"accordion-section-title\" data-item=\"accordion-padel-training\">Entrenamiento de p\u00e1del<\/h3>\r\n<div class=\"accordion-section-content\" data-item=\"accordion-padel-training\"><\/p>\n<p><strong>Ofrecemos entrenamiento de p\u00e1del en colaboraci\u00f3n con tres entrenadores profesionales de p\u00e1del. Cosme Ruiz, Oliver Heneghan y Nicolas \"Nico\" Molina.<\/strong><\/p>\n<ol>\n<li><strong>Cosme<\/strong> es un entrenador muy experimentado que juega personalmente al p\u00e1del a un nivel muy alto (categor\u00eda 1). Tiene un enfoque intenso en sus clases donde desarrolla jugadores desde principiantes hasta nivel de competici\u00f3n.<\/li>\n<li><strong>Oliver<\/strong> naci\u00f3 en Inglaterra y habla espa\u00f1ol con fluidez. Centra su formaci\u00f3n en proporcionar a sus alumnos una base s\u00f3lida para jugar y disfrutar del p\u00e1del.<\/li>\n<li><strong>Nico<\/strong> habla espa\u00f1ol, ingl\u00e9s y alem\u00e1n con fluidez. \u00c9l tiene un enfoque de entrenamiento tranquilo con un enfoque claro en conseguir los fundamentos correctos y luego construir a partir de ah\u00ed.<\/li>\n<\/ol>\n<h3>Servicios y precios<\/h3>\n<p><strong>Nuestros entrenadores hablan espa\u00f1ol, ingl\u00e9s y alem\u00e1n (Nico). Entrenan a jugadores de todos los niveles y ofrecen los siguientes servicios:<\/strong><\/p>\n<ul>\n<li>Clases particulares 60 min | Precio: 30\/35 euros.<\/li>\n<li>Entrenamiento privado en grupo 60 min | 2-4 jugadores | Precio: 40\/45 euros por grupo.<\/li>\n<li>El alquiler de la pista siempre est\u00e1 incluido en el precio.<\/li>\n<li>Se reserva en l\u00ednea y se paga en efectivo al su entrenador in situ.<\/li>\n<\/ul>\n<p><div class=\"latepoint-book-button-wrapper wp-block-button\"><a href=\"#\" class=\"latepoint-book-button os_trigger_booking wp-block-button__link\" data-show-service-categories=\"4,8\" data-selected-agent=\"8\" >Reservar clase<\/a><\/div><\/p>\n<p><\/div>\r\n<\/div>\r\n\n<div class=\"accordion-section\">\r\n<h3 class=\"accordion-section-title\"><a href=\"https:\/\/pistas365.com\/losangelespadel\/es\/actividades\/\" >Actividades de p\u00e1del<\/a><\/h3>\r\n<div class=\"accordion-section-content\" data-item=\"accordion-padel-activities\"><br \/>\n<\/div>\r\n<\/div>\r\n\n<div class=\"accordion-section\">\r\n<h3 class=\"accordion-section-title\" data-item=\"accordion-football-pitch\">Campo de f\u00fatbol<\/h3>\r\n<div class=\"accordion-section-content\" data-item=\"accordion-football-pitch\"><\/p>\n<p><img loading=\"lazy\" decoding=\"async\" class=\"size-full wp-image-161 aligncenter\" src=\"https:\/\/pistas365.com\/losangelespadel\/wp-content\/uploads\/sites\/7\/football-pitch.jpg\" alt=\"Campo de f\u00fatbol en alquiler en Torrevieja\" width=\"786\" height=\"397\" srcset=\"https:\/\/pistas365.com\/losangelespadel\/wp-content\/uploads\/sites\/7\/football-pitch.jpg 786w, https:\/\/pistas365.com\/losangelespadel\/wp-content\/uploads\/sites\/7\/football-pitch-300x152.jpg 300w, https:\/\/pistas365.com\/losangelespadel\/wp-content\/uploads\/sites\/7\/football-pitch-768x388.jpg 768w, https:\/\/pistas365.com\/losangelespadel\/wp-content\/uploads\/sites\/7\/football-pitch-18x9.jpg 18w, https:\/\/pistas365.com\/losangelespadel\/wp-content\/uploads\/sites\/7\/football-pitch-360x182.jpg 360w\" sizes=\"(max-width: 786px) 100vw, 786px\" \/><\/p>\n<p><strong>Disponemos de un campo de f\u00fatbol 5\/7 con c\u00e9sped artificial para alquilar.<\/strong><\/p>\n<ul>\n<li>El campo de f\u00fatbol es de 40X20 metros (norma de f\u00fatbol sala de la FIFA) y cuenta con iluminaci\u00f3n.<\/li>\n<li>El precio es de 40 euros por 75 minutos de juego. La iluminaci\u00f3n est\u00e1 incluida en el precio.<\/li>\n<li>Reserve y pague en l\u00ednea<span style=\"color: #ff0000;\"><strong>\u00a0POR TARJETA<\/strong><\/span>. Las reservas que no se paguen con tarjeta se anular\u00e1n.<\/li>\n<li>Cuando hayas hecho <span style=\"color: #ff0000;\"><strong>y pagado<\/strong><\/span> su reserva con tarjeta recibir\u00e1 un email de confirmaci\u00f3n que deber\u00e1 mostrar en el bar a su llegada.<\/li>\n<\/ul>\n<p><div class=\"latepoint-book-button-wrapper wp-block-button\"><a href=\"#\" class=\"latepoint-book-button os_trigger_booking wp-block-button__link\" data-selected-agent=\"6\" data-selected-service=\"7\" >Reservar y pagar con tarjeta<\/a><\/div><\/p>\n<p><\/div>\r\n<\/div>\r\n\n<hr \/>\n<h3>Nuestra ubicaci\u00f3n e instalaciones adicionales<\/h3>\n<p>Al reservar cualquiera de nuestras actividades, obtendr\u00e1 acceso a las duchas, los vestuarios, el bar, el restaurante y otras instalaciones del Bar Los Angles.<\/p>\n<ul>\n<li><strong>Nuestra direcci\u00f3n es<\/strong> - Plaza de los Halcones 27, Torrevieja (dentro de la zona del Bar Los Angles).<\/li>\n<li><strong>Estamos abiertos <\/strong>- De lunes a domingo 08:00-23:00<\/li>\n<li><strong>Hablamos<\/strong> - Espa\u00f1ol e ingl\u00e9s.<\/li>\n<\/ul>\n<p><iframe loading=\"lazy\" style=\"border: 0;\" src=\"https:\/\/www.google.com\/maps\/embed?pb=!1m18!1m12!1m3!1d3144.561594069482!2d-0.6680719846762396!3d37.98735932972116!2m3!1f0!2f0!3f0!3m2!1i1024!2i768!4f13.1!3m3!1m2!1s0xd63ab80bf955dc9%3A0x42159a5faca67ed0!2sLos%20Angeles%20Padel!5e0!3m2!1ssv!2ses!4v1658822525160!5m2!1ssv!2ses\" width=\"100%\" height=\"350\" allowfullscreen=\"allowfullscreen\"><\/iframe><\/p>\n<h3>Informaci\u00f3n de contacto<\/h3>\n<p><strong>Los \u00c1ngeles Padel<\/strong><br \/>\n<a href=\"https:\/\/pistas365.com\/losangelespadel\/es\/panel-de-control-del-cliente\/\">Acceso de clientes<\/a> |\u00a0<a href=\"https:\/\/pistas365.com\/losangelespadel\/es\/ayuda\/\">Ayuda y asistencia<\/a><br \/>\nTel\u00e9fono:<br \/>\nESP: +34 691 213 795<br \/>\nENG: +34 65 311 25 22<br \/>\n<style>.superpwa-shortcode-button-wrap{text-align: center;}.superpwa-shortcode-button{width:20%;margin:0 auto; color: #2c2c2c;cursor: pointer;font-size: 2em;padding: 1.5rem;border: 0;transition: all 0.5s;border-radius: 10px;position: relative;min-width: 250px;}.superpwa-shortcode-button:hover{ background: #2b2bff;transition: all 0.5s;\r\n        border-radius: 10px;box-shadow: 0px 6px 15px #0000ff61;padding: 1.5rem 3rem 1.5rem 1.5rem;color: #ffffff;}<\/style><div class=\"superpwa-shortcode-button-wrap\"><div class=\"superpwa-shortcode-button superpwa-add-via-class\">Install as APP<\/div><\/div><\/p>","protected":false},"excerpt":{"rendered":"<p>Welcome to Los Angeles Padel and Football! We are a sport and activity venue located in the wonderful Los Angeles neighborhood in Torrevieja. We offer &#8211; 3 padel courts and one football pitch available for booking online. Padel training &#8211; our professional padel trainers are providing private training at our courts 5 days a week. [&hellip;]<\/p>\n","protected":false},"author":1,"featured_media":958,"parent":0,"menu_order":0,"comment_status":"closed","ping_status":"closed","template":"","meta":{"_acf_changed":false,"footnotes":""},"tags":[],"acf":[],"_links":{"self":[{"href":"https:\/\/pistas365.com\/losangelespadel\/es\/wp-json\/wp\/v2\/pages\/6"}],"collection":[{"href":"https:\/\/pistas365.com\/losangelespadel\/es\/wp-json\/wp\/v2\/pages"}],"about":[{"href":"https:\/\/pistas365.com\/losangelespadel\/es\/wp-json\/wp\/v2\/types\/page"}],"author":[{"embeddable":true,"href":"https:\/\/pistas365.com\/losangelespadel\/es\/wp-json\/wp\/v2\/users\/1"}],"replies":[{"embeddable":true,"href":"https:\/\/pistas365.com\/losangelespadel\/es\/wp-json\/wp\/v2\/comments?post=6"}],"version-history":[{"count":3,"href":"https:\/\/pistas365.com\/losangelespadel\/es\/wp-json\/wp\/v2\/pages\/6\/revisions"}],"predecessor-version":[{"id":1123,"href":"https:\/\/pistas365.com\/losangelespadel\/es\/wp-json\/wp\/v2\/pages\/6\/revisions\/1123"}],"wp:featuredmedia":[{"embeddable":true,"href":"https:\/\/pistas365.com\/losangelespadel\/es\/wp-json\/wp\/v2\/media\/958"}],"wp:attachment":[{"href":"https:\/\/pistas365.com\/losangelespadel\/es\/wp-json\/wp\/v2\/media?parent=6"}],"wp:term":[{"taxonomy":"post_tag","embeddable":true,"href":"https:\/\/pistas365.com\/losangelespadel\/es\/wp-json\/wp\/v2\/tags?post=6"}],"curies":[{"name":"wp","href":"https:\/\/api.w.org\/{rel}","templated":true}]}}