{"id":581,"date":"2023-04-24T15:44:28","date_gmt":"2023-04-24T13:44:28","guid":{"rendered":"https:\/\/pistas365.com\/losangelespadel\/?page_id=581"},"modified":"2024-11-11T10:01:12","modified_gmt":"2024-11-11T09:01:12","slug":"mexicano-tournament","status":"publish","type":"page","link":"https:\/\/pistas365.com\/losangelespadel\/es\/actividades\/torneo-americano\/","title":{"rendered":"Torneos Mexicanos"},"content":{"rendered":"<p><strong>\u00a1Bienvenido a participar en nuestro torneo Sunday Mexicano! Este torneo se juega individualmente y a un nivel medio.<\/strong><\/p>\n<h3>Informaci\u00f3n sobre el torneo<\/h3>\n<ul>\n<li><strong>La hora:<\/strong> Domingos 17:00-18:30<\/li>\n<li><strong>Formato de juego:<\/strong> *Mexicano<\/li>\n<li><strong>Objetivo:<\/strong> Consigue tantos puntos como puedas.<\/li>\n<li><strong>Nivel:<\/strong> A partir de 4-5 a\u00f1os (categor\u00eda 5)<\/li>\n<li><strong>Anfitri\u00f3n de la actividad:<\/strong> Hans Bornsj\u00f6<\/li>\n<li><strong>N\u00famero de pistas:<\/strong> 3<\/li>\n<li><strong>N\u00famero de participantes:<\/strong>\u00a013<\/li>\n<li><strong>Tiempo de juego:<\/strong> 90 min<\/li>\n<li><strong>Precio:<\/strong> 8\u20ac (por jugador, pelotas incluidas)<\/li>\n<li><strong>Lugar de juego:<\/strong> MC Los Angeles, Plaza de los Halcones 27, Torrevieja<\/li>\n<li><strong>Inscripci\u00f3n: <\/strong>Todos los jugadores se inscriben individualmente haciendo clic en uno de los botones de inscripci\u00f3n de esta p\u00e1gina.<\/li>\n<\/ul>\n<p>*Para saber m\u00e1s sobre c\u00f3mo funciona este torneo puedes leer m\u00e1s en <a href=\"https:\/\/pistas365.com\/padel\/information\/rules\/\" target=\"_blank\" rel=\"noopener\">esta p\u00e1gina<\/a>.<\/p>","protected":false},"excerpt":{"rendered":"<p>Welcome to join our Sunday Mexicano tournament! This tournament is played individually and at a medium level. Tournament information Time: Sundays 17:00-18:30 Playing format: *Mexicano Objective: Collect as many points as possible. Level: 4-5 and up (category 5) Activity host: Hans Bornsj\u00f6 Number of courts: 3 Number of participants:\u00a013 Playing time: 90 min Price: 8\u20ac\u00a0 [&hellip;]<\/p>\n","protected":false},"author":1,"featured_media":801,"parent":306,"menu_order":1,"comment_status":"closed","ping_status":"closed","template":"page-start4.php","meta":{"_acf_changed":false,"footnotes":""},"tags":[],"acf":[],"_links":{"self":[{"href":"https:\/\/pistas365.com\/losangelespadel\/es\/wp-json\/wp\/v2\/pages\/581"}],"collection":[{"href":"https:\/\/pistas365.com\/losangelespadel\/es\/wp-json\/wp\/v2\/pages"}],"about":[{"href":"https:\/\/pistas365.com\/losangelespadel\/es\/wp-json\/wp\/v2\/types\/page"}],"author":[{"embeddable":true,"href":"https:\/\/pistas365.com\/losangelespadel\/es\/wp-json\/wp\/v2\/users\/1"}],"replies":[{"embeddable":true,"href":"https:\/\/pistas365.com\/losangelespadel\/es\/wp-json\/wp\/v2\/comments?post=581"}],"version-history":[{"count":3,"href":"https:\/\/pistas365.com\/losangelespadel\/es\/wp-json\/wp\/v2\/pages\/581\/revisions"}],"predecessor-version":[{"id":1019,"href":"https:\/\/pistas365.com\/losangelespadel\/es\/wp-json\/wp\/v2\/pages\/581\/revisions\/1019"}],"up":[{"embeddable":true,"href":"https:\/\/pistas365.com\/losangelespadel\/es\/wp-json\/wp\/v2\/pages\/306"}],"wp:featuredmedia":[{"embeddable":true,"href":"https:\/\/pistas365.com\/losangelespadel\/es\/wp-json\/wp\/v2\/media\/801"}],"wp:attachment":[{"href":"https:\/\/pistas365.com\/losangelespadel\/es\/wp-json\/wp\/v2\/media?parent=581"}],"wp:term":[{"taxonomy":"post_tag","embeddable":true,"href":"https:\/\/pistas365.com\/losangelespadel\/es\/wp-json\/wp\/v2\/tags?post=581"}],"curies":[{"name":"wp","href":"https:\/\/api.w.org\/{rel}","templated":true}]}}