{"id":895,"date":"2024-03-22T10:53:16","date_gmt":"2024-03-22T09:53:16","guid":{"rendered":"https:\/\/pistas365.com\/losangelespadel\/?page_id=895"},"modified":"2024-06-03T20:08:01","modified_gmt":"2024-06-03T18:08:01","slug":"champs-of-la","status":"publish","type":"page","link":"https:\/\/pistas365.com\/losangelespadel\/de\/aktivitaten\/champs-of-la\/","title":{"rendered":"Champs of LA"},"content":{"rendered":"<p><strong>Hast du das Zeug dazu, f\u00fcr eine Woche zum Champs of LA gekr\u00f6nt zu werden? Um dir den Thron zu verdienen, musst du dich bis auf das Siegerpodest vork\u00e4mpfen und deinen Platz bis zum letzten Spiel verteidigen!<\/strong><\/p>\n<h2>Informationen zum Turnier<\/h2>\n<ul>\n<li><strong>Zeit:<\/strong> Jeden Sonntag 18:30-20:00<\/li>\n<li><strong>Das Spielformat:<\/strong> *Gewinnerhof-Team<\/li>\n<li><strong>Zielsetzung:<\/strong> Gewinne das letzte Spiel auf dem Siegerplatz. Nimm den Ruhm und spiele kostenlos.<\/li>\n<li><strong>Geeignet f\u00fcr:<\/strong> M\u00e4nner und Frauen ab Stufe 5 (Kategorie 4 und aufw\u00e4rts)<\/li>\n<li><strong>Gastgeber der Aktivit\u00e4t:<\/strong> Hans Bornsj\u00f6<\/li>\n<li><strong>Anzahl der Gerichte:<\/strong> 3<\/li>\n<li><strong>Anzahl der Teilnehmer:<\/strong> 12 Spieler (6 Mannschaften)<\/li>\n<li><strong>Spielzeit:<\/strong> 1,5 Stunden<\/li>\n<li><strong>Preis:<\/strong> 8\u20ac pro Spieler (Bezahlung vor Ort)<\/li>\n<\/ul>\n<p>*Wenn Sie mehr \u00fcber die Funktionsweise dieses Turniers erfahren m\u00f6chten, lesen Sie mehr unter <a href=\"https:\/\/pistas365.com\/padel\/information\/rules\/\" target=\"_blank\" rel=\"noopener\">diese Seite<\/a>.<\/p>\n<h3>Anmeldung<\/h3>\n<p><strong>Alle Spieler registrieren sich einzeln, indem sie auf eine der Registrierungsschaltfl\u00e4chen auf dieser Seite klicken. <\/strong><\/p>\n<ol>\n<li>Wenn Sie einen Teamkollegen haben, k\u00f6nnen Sie zusammen spielen.<\/li>\n<li>Wenn Sie keinen Mitspieler haben, werden Sie durch eine Verlosung, die vor Ort durchgef\u00fchrt wird, mit einem Mitspieler zusammengebracht.<\/li>\n<\/ol>","protected":false},"excerpt":{"rendered":"<p>Do you have what it takes to be crowned Champs of LA for a week? To earn your throne you need to fight your way up to the winners court and then defend your place until the last game is over! Tournament information Time: Every sunday 18:30-20:00 Playing format: *Winners Court Team Objective: Win the [&hellip;]<\/p>\n","protected":false},"author":1,"featured_media":900,"parent":306,"menu_order":0,"comment_status":"closed","ping_status":"closed","template":"page-start4.php","meta":{"_acf_changed":false,"footnotes":""},"tags":[],"acf":[],"_links":{"self":[{"href":"https:\/\/pistas365.com\/losangelespadel\/de\/wp-json\/wp\/v2\/pages\/895"}],"collection":[{"href":"https:\/\/pistas365.com\/losangelespadel\/de\/wp-json\/wp\/v2\/pages"}],"about":[{"href":"https:\/\/pistas365.com\/losangelespadel\/de\/wp-json\/wp\/v2\/types\/page"}],"author":[{"embeddable":true,"href":"https:\/\/pistas365.com\/losangelespadel\/de\/wp-json\/wp\/v2\/users\/1"}],"replies":[{"embeddable":true,"href":"https:\/\/pistas365.com\/losangelespadel\/de\/wp-json\/wp\/v2\/comments?post=895"}],"version-history":[{"count":4,"href":"https:\/\/pistas365.com\/losangelespadel\/de\/wp-json\/wp\/v2\/pages\/895\/revisions"}],"predecessor-version":[{"id":953,"href":"https:\/\/pistas365.com\/losangelespadel\/de\/wp-json\/wp\/v2\/pages\/895\/revisions\/953"}],"up":[{"embeddable":true,"href":"https:\/\/pistas365.com\/losangelespadel\/de\/wp-json\/wp\/v2\/pages\/306"}],"wp:featuredmedia":[{"embeddable":true,"href":"https:\/\/pistas365.com\/losangelespadel\/de\/wp-json\/wp\/v2\/media\/900"}],"wp:attachment":[{"href":"https:\/\/pistas365.com\/losangelespadel\/de\/wp-json\/wp\/v2\/media?parent=895"}],"wp:term":[{"taxonomy":"post_tag","embeddable":true,"href":"https:\/\/pistas365.com\/losangelespadel\/de\/wp-json\/wp\/v2\/tags?post=895"}],"curies":[{"name":"wp","href":"https:\/\/api.w.org\/{rel}","templated":true}]}}