{"id":6,"date":"2022-02-08T14:11:08","date_gmt":"2022-02-08T14:11:08","guid":{"rendered":"https:\/\/pistas365.com\/losangelespadel\/?page_id=6"},"modified":"2026-03-06T09:00:34","modified_gmt":"2026-03-06T08:00:34","slug":"welcome-to-racketcenter","status":"publish","type":"page","link":"https:\/\/pistas365.com\/losangelespadel\/de\/","title":{"rendered":"Los Angeles Padel und Fu\u00dfball"},"content":{"rendered":"<p><strong>Willkommen bei Los Angeles Padel und Fu\u00dfball! Wir sind ein Sport- und Aktivit\u00e4tszentrum in dem wundersch\u00f6nen Viertel Los Angeles in Torrevieja. <\/strong><\/p>\n<ul>\n<li><strong>Wir bieten<\/strong> - 3 Padelpl\u00e4tze und ein Fu\u00dfballplatz k\u00f6nnen online gebucht werden.<\/li>\n<li><strong>Padel-Training<\/strong> - unsere professionellen Padel-Trainer bieten an 5 Tagen in der Woche Privattraining auf unseren Pl\u00e4tzen an.<\/li>\n<li><a href=\"https:\/\/pistas365.com\/losangelespadel\/de\/aktivitaten\/\"><strong>Padel-Aktivit\u00e4ten<\/strong><\/a> - Wir organisieren w\u00f6chentliche Veranstaltungen, Turniere und Pay and Play.<\/li>\n<\/ul>\n<div class=\"accordion-section\">\r\n<h3 class=\"accordion-section-title\" data-item=\"accordion-padel-courts\">Padel-Pl\u00e4tze<\/h3>\r\n<div class=\"accordion-section-content\" data-item=\"accordion-padel-courts\"><\/p>\n<p><strong>We have 3 padel courts available for booking online. Two are covered and one is outdoor. <\/strong><\/p>\n<ul>\n<li>Die Padelpl\u00e4tze sind doppelt und haben eine Beleuchtung.<\/li>\n<li>Der Preis betr\u00e4gt 24 \u20ac f\u00fcr 90 Minuten Spielzeit. Die Beleuchtung ist im Preis inbegriffen.<\/li>\n<li>You book and pay online or in the bar upon arrival.<\/li>\n<\/ul>\n<p><div class=\"latepoint-book-button-wrapper wp-block-button\"><a href=\"#\" class=\"latepoint-book-button os_trigger_booking wp-block-button__link\" data-selected-service=\"3\" >Eine Reservierung vornehmen<\/a><\/div><\/p>\n<p style=\"text-align: center;\">Haben Sie Probleme? Gehen Sie zum <a href=\"https:\/\/pistas365.com\/losangelespadel\/de\/hilfestellung\/\" target=\"_blank\" rel=\"noopener\">Hilfeseite<\/a>.<\/p>\n<p><\/div>\r\n<\/div>\r\n\n<div class=\"accordion-section\">\r\n<h3 class=\"accordion-section-title\" data-item=\"accordion-padel-training\">Padel-Training<\/h3>\r\n<div class=\"accordion-section-content\" data-item=\"accordion-padel-training\"><\/p>\n<p><strong>Wir bieten Padel-Training in Zusammenarbeit mit drei professionellen Padel-Trainern an. Cosme Ruiz, Oliver Heneghan und Nicolas \"Nico\" Molina.<\/strong><\/p>\n<ol>\n<li><strong>Cosme<\/strong> ist ein sehr erfahrener Trainer, der selbst Padel auf einem sehr hohen Niveau (Kategorie 1) spielt. Er hat eine intensive Herangehensweise an seine Kurse, in denen er Spieler vom Anf\u00e4nger bis zum Wettkampfniveau entwickelt.<\/li>\n<li><strong>Oliver<\/strong> ist in England geboren und spricht flie\u00dfend Spanisch. Er konzentriert sich in seinem Training darauf, seinen Sch\u00fclern eine solide Grundlage zu vermitteln, damit sie Padel spielen und genie\u00dfen k\u00f6nnen.<\/li>\n<li><strong>Nico<\/strong> spricht flie\u00dfend spanisch, englisch und deutsch. Er hat einen ruhigen Trainingsansatz mit einem klaren Fokus auf die richtigen Grundlagen und baut dann von dort aus auf.<\/li>\n<\/ol>\n<h3>Dienstleistungen und Preise<\/h3>\n<p><strong>Unsere Trainer sprechen spanisch, englisch und deutsch (Nico). Sie trainieren Spieler aller Niveaus und bieten die folgenden Dienstleistungen an:<\/strong><\/p>\n<ul>\n<li>Privatunterricht 60 min | Preis: \u20ac30\/35.<\/li>\n<li>Privates Gruppentraining 60 min | 2-4 Spieler | Preis: \u20ac40\/45 pro Gruppe.<\/li>\n<li>Die platzmiete ist immer im Preis inbegriffen!<\/li>\n<li>Sie buchen online und bezahlen in bar bei Ihrem Trainer vor Ort.<\/li>\n<\/ul>\n<p><div class=\"latepoint-book-button-wrapper wp-block-button\"><a href=\"#\" class=\"latepoint-book-button os_trigger_booking wp-block-button__link\" data-show-service-categories=\"4,8\" data-selected-agent=\"8\" >Training Reservieren<\/a><\/div><\/p>\n<p><\/div>\r\n<\/div>\r\n\n<div class=\"accordion-section\">\r\n<h3 class=\"accordion-section-title\"><a href=\"https:\/\/pistas365.com\/losangelespadel\/de\/aktivitaten\/\" >Padel-Aktivit\u00e4ten<\/a><\/h3>\r\n<div class=\"accordion-section-content\" data-item=\"accordion-padel-activities\"><br \/>\n<\/div>\r\n<\/div>\r\n\n<div class=\"accordion-section\">\r\n<h3 class=\"accordion-section-title\" data-item=\"accordion-football-pitch\">Fu\u00dfballplatz<\/h3>\r\n<div class=\"accordion-section-content\" data-item=\"accordion-football-pitch\"><\/p>\n<p><img loading=\"lazy\" decoding=\"async\" class=\"size-full wp-image-161 aligncenter\" src=\"https:\/\/pistas365.com\/losangelespadel\/wp-content\/uploads\/sites\/7\/football-pitch.jpg\" alt=\"Fu\u00dfballplatz zu vermieten in Torrevieja\" width=\"786\" height=\"397\" srcset=\"https:\/\/pistas365.com\/losangelespadel\/wp-content\/uploads\/sites\/7\/football-pitch.jpg 786w, https:\/\/pistas365.com\/losangelespadel\/wp-content\/uploads\/sites\/7\/football-pitch-300x152.jpg 300w, https:\/\/pistas365.com\/losangelespadel\/wp-content\/uploads\/sites\/7\/football-pitch-768x388.jpg 768w, https:\/\/pistas365.com\/losangelespadel\/wp-content\/uploads\/sites\/7\/football-pitch-18x9.jpg 18w, https:\/\/pistas365.com\/losangelespadel\/wp-content\/uploads\/sites\/7\/football-pitch-360x182.jpg 360w\" sizes=\"(max-width: 786px) 100vw, 786px\" \/><\/p>\n<p><strong>Wir verf\u00fcgen \u00fcber einen 5\/7-Fu\u00dfballplatz mit Kunstrasen, der gemietet werden kann.<\/strong><\/p>\n<ul>\n<li>Der Fu\u00dfballplatz ist 40x20 Meter gro\u00df (FIFA Futsal-Standard) und hat eine Beleuchtung.<\/li>\n<li>Der Preis betr\u00e4gt 40 \u20ac f\u00fcr 75 Minuten Spielzeit. Die Beleuchtung ist im Preis inbegriffen.<\/li>\n<li>Sie buchen und bezahlen online<span style=\"color: #ff0000;\"><strong>\u00a0NACH KARTEN<\/strong><\/span>. Buchungen, die nicht mit Karte bezahlt werden, werden storniert.<\/li>\n<li>Wenn Sie das gemacht haben <span style=\"color: #ff0000;\"><strong>und bezahlt<\/strong><\/span> Wenn Sie mit Karte buchen, erhalten Sie eine Best\u00e4tigungs-E-Mail, die Sie bei Ihrer Ankunft in der Bar vorlegen.<\/li>\n<\/ul>\n<p><div class=\"latepoint-book-button-wrapper wp-block-button\"><a href=\"#\" class=\"latepoint-book-button os_trigger_booking wp-block-button__link\" data-selected-agent=\"6\" data-selected-service=\"7\" >Reservieren und mit Karte bezahlen<\/a><\/div><\/p>\n<p><\/div>\r\n<\/div>\r\n\n<hr \/>\n<h3>Unser Standort und zus\u00e4tzliche Einrichtungen<\/h3>\n<p>Wenn Sie eine unserer Aktivit\u00e4ten buchen, erhalten Sie Zugang zu Duschen, Umkleider\u00e4umen, Bar, Restaurant und anderen Einrichtungen auf dem Gel\u00e4nde der Bar Los Angles.<\/p>\n<ul>\n<li><strong>Unsere Adresse lautet<\/strong> - Plaza de los Halcones 27, Torrevieja (im Bereich der Bar Los Angles).<\/li>\n<li><strong>Wir sind offen <\/strong>- Montag bis Sonntag 08:00-23:00<\/li>\n<li><strong>Wir sprechen<\/strong> - Spanisch und Englisch.<\/li>\n<\/ul>\n<p><iframe loading=\"lazy\" style=\"border: 0;\" src=\"https:\/\/www.google.com\/maps\/embed?pb=!1m18!1m12!1m3!1d3144.561594069482!2d-0.6680719846762396!3d37.98735932972116!2m3!1f0!2f0!3f0!3m2!1i1024!2i768!4f13.1!3m3!1m2!1s0xd63ab80bf955dc9%3A0x42159a5faca67ed0!2sLos%20Angeles%20Padel!5e0!3m2!1ssv!2ses!4v1658822525160!5m2!1ssv!2ses\" width=\"100%\" height=\"350\" allowfullscreen=\"allowfullscreen\"><\/iframe><\/p>\n<h3>Kontaktinformationen<\/h3>\n<p><strong>Los Angeles Padel<\/strong><br \/>\n<a href=\"https:\/\/pistas365.com\/losangelespadel\/de\/kunden-dashboard\/\">Kundenlogin<\/a> |\u00a0<a href=\"https:\/\/pistas365.com\/losangelespadel\/de\/hilfestellung\/\">Hilfe und Unterst\u00fctzung<\/a><br \/>\nTelefon:<br \/>\nESP: +34 691 213 795<br \/>\nENGLISCH: +34 65 311 25 22<br \/>\n<style>.superpwa-shortcode-button-wrap{text-align: center;}.superpwa-shortcode-button{width:20%;margin:0 auto; color: #2c2c2c;cursor: pointer;font-size: 2em;padding: 1.5rem;border: 0;transition: all 0.5s;border-radius: 10px;position: relative;min-width: 250px;}.superpwa-shortcode-button:hover{ background: #2b2bff;transition: all 0.5s;\r\n        border-radius: 10px;box-shadow: 0px 6px 15px #0000ff61;padding: 1.5rem 3rem 1.5rem 1.5rem;color: #ffffff;}<\/style><div class=\"superpwa-shortcode-button-wrap\"><div class=\"superpwa-shortcode-button superpwa-add-via-class\">Install as APP<\/div><\/div><\/p>","protected":false},"excerpt":{"rendered":"<p>Welcome to Los Angeles Padel and Football! We are a sport and activity venue located in the wonderful Los Angeles neighborhood in Torrevieja. We offer &#8211; 3 padel courts and one football pitch available for booking online. Padel training &#8211; our professional padel trainers are providing private training at our courts 5 days a week. [&hellip;]<\/p>\n","protected":false},"author":1,"featured_media":958,"parent":0,"menu_order":0,"comment_status":"closed","ping_status":"closed","template":"","meta":{"_acf_changed":false,"footnotes":""},"tags":[],"acf":[],"_links":{"self":[{"href":"https:\/\/pistas365.com\/losangelespadel\/de\/wp-json\/wp\/v2\/pages\/6"}],"collection":[{"href":"https:\/\/pistas365.com\/losangelespadel\/de\/wp-json\/wp\/v2\/pages"}],"about":[{"href":"https:\/\/pistas365.com\/losangelespadel\/de\/wp-json\/wp\/v2\/types\/page"}],"author":[{"embeddable":true,"href":"https:\/\/pistas365.com\/losangelespadel\/de\/wp-json\/wp\/v2\/users\/1"}],"replies":[{"embeddable":true,"href":"https:\/\/pistas365.com\/losangelespadel\/de\/wp-json\/wp\/v2\/comments?post=6"}],"version-history":[{"count":3,"href":"https:\/\/pistas365.com\/losangelespadel\/de\/wp-json\/wp\/v2\/pages\/6\/revisions"}],"predecessor-version":[{"id":1123,"href":"https:\/\/pistas365.com\/losangelespadel\/de\/wp-json\/wp\/v2\/pages\/6\/revisions\/1123"}],"wp:featuredmedia":[{"embeddable":true,"href":"https:\/\/pistas365.com\/losangelespadel\/de\/wp-json\/wp\/v2\/media\/958"}],"wp:attachment":[{"href":"https:\/\/pistas365.com\/losangelespadel\/de\/wp-json\/wp\/v2\/media?parent=6"}],"wp:term":[{"taxonomy":"post_tag","embeddable":true,"href":"https:\/\/pistas365.com\/losangelespadel\/de\/wp-json\/wp\/v2\/tags?post=6"}],"curies":[{"name":"wp","href":"https:\/\/api.w.org\/{rel}","templated":true}]}}