{"id":516,"date":"2023-04-20T13:45:57","date_gmt":"2023-04-20T11:45:57","guid":{"rendered":"https:\/\/pistas365.com\/losangelespadel\/?page_id=516"},"modified":"2025-11-05T09:44:18","modified_gmt":"2025-11-05T08:44:18","slug":"pay-play","status":"publish","type":"page","link":"https:\/\/pistas365.com\/losangelespadel\/de\/aktivitaten\/pay-play\/","title":{"rendered":"Zahlen und Spielen"},"content":{"rendered":"<p><strong>Jeden Dienstag und Donnerstag treffen wir uns, um gemeinsam Padel zu spielen und Spa\u00df zu haben. Der Betreuer w\u00e4hlt ein geeignetes Spielformat aus, um f\u00fcr Abwechslung zu sorgen und sicherzustellen, dass alle eine tolle Zeit haben!<\/strong><\/p>\n<h3>Informationen zur T\u00e4tigkeit<\/h3>\n<ul>\n<li><strong>Zeit:<\/strong> Dienstags 10:00-12:30 | Donnerstags 11:00-12:30 und 12:30-14:00<\/li>\n<li><strong>Das Spielformat:<\/strong> Zahlen und Spielen<\/li>\n<li><strong>Geeignet f\u00fcr:<\/strong> *Stufe Cat5=SE3-4 und h\u00f6her<\/li>\n<li><strong>Gastgeber der Aktivit\u00e4t:<\/strong> Ewa Jakobsson<\/li>\n<li><strong>Anzahl der Gerichte:<\/strong> 3<\/li>\n<li><strong>Anzahl der Teilnehmer:<\/strong> 13-15 (maximal)<\/li>\n<li><strong>Spielzeit:<\/strong> 2,5 Stunden\/90 Minuten<\/li>\n<li><strong>Preis:<\/strong> 10\/6\u20ac (einschlie\u00dflich B\u00e4lle)<\/li>\n<li><strong>Veranstaltungsort:<\/strong> MC Los Angeles, Plaza de los Halcones 27, Torrevieja<\/li>\n<li><strong>Anmeldung:<\/strong> Alle Spieler registrieren sich individuell, indem sie auf einen der Registrierungsbuttons auf dieser Seite klicken.<\/li>\n<\/ul>\n<p>*Die <a href=\"https:\/\/pistas365.com\/padel\/information\/levels\/\/\" target=\"_blank\" rel=\"noopener\">Padel-Ebenen<\/a> oben beschrieben sind als <strong>ES<\/strong> f\u00fcr das Spanisch-Niveau und <strong>SE<\/strong> f\u00fcr vergleichbare schwedische Werte.<\/p>","protected":false},"excerpt":{"rendered":"<p>Every Tuesday and Thursday we meet, play padel and have fun together. The activity host will choose a suitible playing format to get some variety and make sure that everybody has a great time! Activity information Time: Tuesdays 10:00-12:30 | Thursdays 11:00-12:30 and 12:30-14:00 Playing format: Pay and Play Suitable for: *level Cat5=SE3-4 and up [&hellip;]<\/p>\n","protected":false},"author":1,"featured_media":201,"parent":306,"menu_order":0,"comment_status":"closed","ping_status":"closed","template":"page-start4.php","meta":{"_acf_changed":false,"footnotes":""},"tags":[],"acf":[],"_links":{"self":[{"href":"https:\/\/pistas365.com\/losangelespadel\/de\/wp-json\/wp\/v2\/pages\/516"}],"collection":[{"href":"https:\/\/pistas365.com\/losangelespadel\/de\/wp-json\/wp\/v2\/pages"}],"about":[{"href":"https:\/\/pistas365.com\/losangelespadel\/de\/wp-json\/wp\/v2\/types\/page"}],"author":[{"embeddable":true,"href":"https:\/\/pistas365.com\/losangelespadel\/de\/wp-json\/wp\/v2\/users\/1"}],"replies":[{"embeddable":true,"href":"https:\/\/pistas365.com\/losangelespadel\/de\/wp-json\/wp\/v2\/comments?post=516"}],"version-history":[{"count":3,"href":"https:\/\/pistas365.com\/losangelespadel\/de\/wp-json\/wp\/v2\/pages\/516\/revisions"}],"predecessor-version":[{"id":1079,"href":"https:\/\/pistas365.com\/losangelespadel\/de\/wp-json\/wp\/v2\/pages\/516\/revisions\/1079"}],"up":[{"embeddable":true,"href":"https:\/\/pistas365.com\/losangelespadel\/de\/wp-json\/wp\/v2\/pages\/306"}],"wp:featuredmedia":[{"embeddable":true,"href":"https:\/\/pistas365.com\/losangelespadel\/de\/wp-json\/wp\/v2\/media\/201"}],"wp:attachment":[{"href":"https:\/\/pistas365.com\/losangelespadel\/de\/wp-json\/wp\/v2\/media?parent=516"}],"wp:term":[{"taxonomy":"post_tag","embeddable":true,"href":"https:\/\/pistas365.com\/losangelespadel\/de\/wp-json\/wp\/v2\/tags?post=516"}],"curies":[{"name":"wp","href":"https:\/\/api.w.org\/{rel}","templated":true}]}}