{"id":306,"date":"2023-03-06T13:59:53","date_gmt":"2023-03-06T12:59:53","guid":{"rendered":"https:\/\/pistas365.com\/losangelespadel\/?page_id=306"},"modified":"2024-11-22T09:17:40","modified_gmt":"2024-11-22T08:17:40","slug":"activities","status":"publish","type":"page","link":"https:\/\/pistas365.com\/losangelespadel\/de\/aktivitaten\/","title":{"rendered":"Padel-Aktivit\u00e4ten"},"content":{"rendered":"<p><strong>Willkommen zu unseren Padel-Aktivit\u00e4ten! Unser Ziel ist es, jede Woche mehrere verschiedene Aktivit\u00e4ten anzubieten, so dass f\u00fcr jeden etwas dabei ist.<\/strong><\/p>\n<h2>Zeitplan f\u00fcr Aktivit\u00e4ten<\/h2>\n<ul>\n<li><strong>dienstags 10:00-12:30<\/strong> &#8211; <a href=\"https:\/\/pistas365.com\/losangelespadel\/de\/aktivitaten\/pay-play\/\">Zahlen und Spielen<\/a><\/li>\n<li><strong>Donnerstags 11:00-14:00<\/strong> &#8211; <a href=\"https:\/\/pistas365.com\/losangelespadel\/de\/aktivitaten\/pay-play\/\">Zahlen und Spielen<\/a><\/li>\n<li><strong>Sonntags 17:00-18:30<\/strong> &#8211; <a href=\"https:\/\/pistas365.com\/losangelespadel\/de\/aktivitaten\/americano-tournament\/\">Sonntag mexicano<\/a><\/li>\n<li><strong>Sonntags 18:30-20:00<\/strong> &#8211; <a href=\"https:\/\/pistas365.com\/losangelespadel\/de\/aktivitaten\/champs-of-la\/\">Champs of LA<\/a><\/li>\n<\/ul>\n<p>Um mehr zu erfahren und Ihren Platz zu reservieren, klicken Sie auf die Links in der Liste oben. Wir sehen uns auf dem Platz!<\/p>","protected":false},"excerpt":{"rendered":"<p>Welcome to join our padel activities! It is our aim to provide several different activities every week so that there is something for everybody. Activity schedule Tuesdays 10:00-12:30 &#8211; Pay and Play Thursdays 11:00-14:00 &#8211; Pay and Play Sundays 17:00-18:30 &#8211; Sunday mexicano Sundays 18:30-20:00 &#8211; Champs of LA To read more and reserve your [&hellip;]<\/p>\n","protected":false},"author":1,"featured_media":325,"parent":0,"menu_order":2,"comment_status":"closed","ping_status":"closed","template":"","meta":{"_acf_changed":false,"footnotes":""},"tags":[],"acf":[],"_links":{"self":[{"href":"https:\/\/pistas365.com\/losangelespadel\/de\/wp-json\/wp\/v2\/pages\/306"}],"collection":[{"href":"https:\/\/pistas365.com\/losangelespadel\/de\/wp-json\/wp\/v2\/pages"}],"about":[{"href":"https:\/\/pistas365.com\/losangelespadel\/de\/wp-json\/wp\/v2\/types\/page"}],"author":[{"embeddable":true,"href":"https:\/\/pistas365.com\/losangelespadel\/de\/wp-json\/wp\/v2\/users\/1"}],"replies":[{"embeddable":true,"href":"https:\/\/pistas365.com\/losangelespadel\/de\/wp-json\/wp\/v2\/comments?post=306"}],"version-history":[{"count":3,"href":"https:\/\/pistas365.com\/losangelespadel\/de\/wp-json\/wp\/v2\/pages\/306\/revisions"}],"predecessor-version":[{"id":1025,"href":"https:\/\/pistas365.com\/losangelespadel\/de\/wp-json\/wp\/v2\/pages\/306\/revisions\/1025"}],"wp:featuredmedia":[{"embeddable":true,"href":"https:\/\/pistas365.com\/losangelespadel\/de\/wp-json\/wp\/v2\/media\/325"}],"wp:attachment":[{"href":"https:\/\/pistas365.com\/losangelespadel\/de\/wp-json\/wp\/v2\/media?parent=306"}],"wp:term":[{"taxonomy":"post_tag","embeddable":true,"href":"https:\/\/pistas365.com\/losangelespadel\/de\/wp-json\/wp\/v2\/tags?post=306"}],"curies":[{"name":"wp","href":"https:\/\/api.w.org\/{rel}","templated":true}]}}