{"id":898,"date":"2025-02-21T12:58:46","date_gmt":"2025-02-21T11:58:46","guid":{"rendered":"https:\/\/pistas365.com\/?page_id=898"},"modified":"2026-02-24T09:56:47","modified_gmt":"2026-02-24T08:56:47","slug":"une-installation-de-padel-reussie","status":"publish","type":"page","link":"https:\/\/pistas365.com\/fr\/padel\/information\/successful-padel-facility\/","title":{"rendered":"Comment cr\u00e9er une installation de padel r\u00e9ussie"},"content":{"rendered":"<p><strong>La cr\u00e9ation d'une installation de padel r\u00e9ussie repose fondamentalement sur la cr\u00e9ation d'un environnement qui offre de bonnes exp\u00e9riences \u00e0 ses visiteurs.<\/strong><\/p>\n<p>Il est important de se rappeler qu'une exp\u00e9rience de padel se compose de plusieurs parties. Ensemble, ces \u00e9l\u00e9ments forment l'exp\u00e9rience globale qui incite le visiteur \u00e0 revenir.<\/p>\n<p>Examinons de plus pr\u00e8s quelques-uns des \u00e9l\u00e9ments pratiques d'une exp\u00e9rience de padel fantastique !<\/p>\n<div class=\"accordion-section\">\r\n<h3 class=\"accordion-section-title\" data-item=\"accordion-1-provide-online-booking\">1. Fournir une r\u00e9servation en ligne<\/h3>\r\n<div class=\"accordion-section-content\" data-item=\"accordion-1-provide-online-booking\"><\/p>\n<p><strong>Le premier obstacle que doit franchir un nouveau visiteur est la r\u00e9servation d'un court. Cette d\u00e9marche doit \u00eatre facile et s\u00fbre.<\/strong><\/p>\n<ol>\n<li><strong>Vous avez besoin<\/strong> un site web repr\u00e9sentatif et convivial. C'est dans ce magasin que votre visiteur entre et cr\u00e9e sa premi\u00e8re impression.<\/li>\n<li><strong>\u00a0Si votre<\/strong> Si votre public cible est compos\u00e9 de visiteurs de diff\u00e9rents pays, vous devez \u00eatre en mesure de les accueillir dans leur propre langue.<\/li>\n<li><strong>R\u00e9servation en ligne facile<\/strong> - Les joueurs de padel s'attendent \u00e0 pouvoir trouver et r\u00e9server des cr\u00e9neaux horaires disponibles \u00e0 l'aide de leur t\u00e9l\u00e9phone. Un site web adapt\u00e9 aux mobiles et permettant une r\u00e9servation facile est indispensable.<\/li>\n<li><strong>Une application mobile<\/strong> pour la r\u00e9servation peut \u00eatre une bonne chose, mais gardez \u00e0 l'esprit que les visiteurs temporaires peuvent \u00eatre r\u00e9ticents \u00e0 t\u00e9l\u00e9charger, comprendre, cr\u00e9er un compte et fournir des informations sur leur carte de cr\u00e9dit pour effectuer une r\u00e9servation aupr\u00e8s de vous.<\/li>\n<\/ol>\n<p><\/div>\r\n<\/div>\r\n\n<div class=\"accordion-section\">\r\n<h3 class=\"accordion-section-title\" data-item=\"accordion-2-make-a-strong-first-impression\">2. Faire une bonne premi\u00e8re impression<\/h3>\r\n<div class=\"accordion-section-content\" data-item=\"accordion-2-make-a-strong-first-impression\"><\/p>\n<p><strong>La premi\u00e8re impression est d\u00e9terminante. Vous pouvez l'influencer en r\u00e9pondant aux besoins pratiques et aux attentes esth\u00e9tiques de vos visiteurs. Vous voulez offrir un environnement attrayant et facile \u00e0 parcourir.<\/strong><\/p>\n<ol>\n<li><strong>Acc\u00e8s<\/strong> - Lorsqu'un joueur arrive dans un centre de padel, il veut pouvoir se garer et trouver facilement le bon endroit.<\/li>\n<li><strong>R\u00e9ception<\/strong> - S'il y a du personnel dans l'\u00e9tablissement, il accueille et guide correctement le visiteur. S'il n'y a pas de personnel, le visiteur doit recevoir des instructions claires avant et pendant sa visite. Cela signifie qu'il faut envoyer des informations claires dans la confirmation de r\u00e9servation et disposer d'une bonne signalisation dans l'\u00e9tablissement.<\/li>\n<li><strong>Environnement<\/strong> - Il est important de consid\u00e9rer qu'une exp\u00e9rience de padel est grandement influenc\u00e9e par l'environnement dans lequel elle se d\u00e9roule. Un minimum pour une exp\u00e9rience trois \u00e9toiles est que tout soit intact et propre.<\/li>\n<li><strong>Pour ceux qui<\/strong> qui souhaitent offrir \u00e0 leurs visiteurs une exp\u00e9rience quatre ou cinq \u00e9toiles, il s'agit d'offrir un environnement esth\u00e9tiquement agr\u00e9able et confortable, sans d\u00e9fauts visibles. Dans un \u00e9tablissement sans personnel, l'attention port\u00e9e \u00e0 l'environnement peut compenser la perte de service due \u00e0 l'absence d'accueil personnalis\u00e9.<\/li>\n<li><strong>Installations de service<\/strong> - Les joueurs de padel attendent l'acc\u00e8s aux toilettes, ainsi que la vente d'eau, de balles, de grips, et la location de raquettes de padel avant leur match.<\/li>\n<\/ol>\n<p><\/div>\r\n<\/div>\r\n\n<div class=\"accordion-section\">\r\n<h3 class=\"accordion-section-title\" data-item=\"accordion-3-deliver-a-great-game-experience\">3. Offrir une exp\u00e9rience de jeu exceptionnelle<\/h3>\r\n<div class=\"accordion-section-content\" data-item=\"accordion-3-deliver-a-great-game-experience\"><\/p>\n<p><strong>L'exp\u00e9rience de jeu sur un terrain de padel d\u00e9pend de la qualit\u00e9 et de l'\u00e9tat du terrain.<\/strong><\/p>\n<ol>\n<li><strong>Un bon<\/strong> Le court de qualit\u00e9 a un rebond constant sur toute la surface, avec tr\u00e8s peu de zones irr\u00e9guli\u00e8res o\u00f9 la balle rebondit de mani\u00e8re impr\u00e9visible.<\/li>\n<li><strong>Le Court<\/strong> doit avoir une couche de sable uniforme et bien r\u00e9partie. Les zones tr\u00e8s sabl\u00e9es affectent le rebond de la balle et augmentent le risque de glissade et de blessure.<\/li>\n<li><strong>Les filets<\/strong> doit \u00eatre intact et bien tendu. Une bande plus large au sommet du filet n'a pas d'effet pratique mais contribue \u00e0 une sensation de qualit\u00e9 sup\u00e9rieure.<\/li>\n<li><strong>La d\u00e9cision de la Cour<\/strong> Le verre doit \u00eatre bien poli et la cour doit \u00eatre exempte de d\u00e9bris.<\/li>\n<li><strong>Les cours<\/strong> ne doit pas pr\u00e9senter de d\u00e9fauts au niveau des raccords, des cl\u00f4tures, de l'installation des filets ou de tout autre \u00e9l\u00e9ment susceptible d'accro\u00eetre le risque de blessures pendant le jeu.<\/li>\n<li><strong>Les cours<\/strong>\u00a0doivent \u00eatre bien marqu\u00e9s avec les num\u00e9ros et les r\u00e8gles d'utilisation. Des informations sur les r\u00e9servations et les autres services doivent \u00e9galement \u00eatre disponibles sur chaque terrain.<\/li>\n<li><strong>Une protection<\/strong> Un filet qui r\u00e9duit le nombre de balles frapp\u00e9es en dehors du terrain devrait \u00eatre install\u00e9 sur le c\u00f4t\u00e9 court du terrain, mais aussi sur le c\u00f4t\u00e9 long si n\u00e9cessaire. Surtout s'il y a un risque de balles perdues. Cela permet de r\u00e9duire les interruptions de jeu sur votre propre terrain et sur les terrains adjacents.<\/li>\n<li><strong>En dehors de la<\/strong> A l'entr\u00e9e du tribunal, il devrait y avoir un acc\u00e8s \u00e0 quatre places assises. L'acc\u00e8s \u00e0 l'ombre et \u00e0 une table est un plus.<\/li>\n<li><strong>Le mieux<\/strong> L'\u00e9tat visuel d'un court est d'autant plus important que l'exp\u00e9rience de jeu est bonne. Essayez d'\u00e9liminer tous les dommages visibles tels que les taches de rouille, les cl\u00f4tures in\u00e9gales, les r\u00e9parations de filets, les c\u00e2bles l\u00e2ches et autres \u00e9l\u00e9ments susceptibles de g\u00eaner l'\u0153il.<\/li>\n<\/ol>\n<p><\/div>\r\n<\/div>\r\n\n<div class=\"accordion-section\">\r\n<h3 class=\"accordion-section-title\" data-item=\"accordion-4-don-t-forget-the-after-padel\">4. N'oubliez pas l'After-Padel<\/h3>\r\n<div class=\"accordion-section-content\" data-item=\"accordion-4-don-t-forget-the-after-padel\"><\/p>\n<p><strong>Le padel est un sport social et la plupart des joueurs de padel accordent une grande importance \u00e0 ce qui se passe en dehors du terrain. <\/strong><\/p>\n<p>La cr\u00e9ation d'un environnement et d'une atmosph\u00e8re qui contribuent \u00e0 une bonne exp\u00e9rience apr\u00e8s la conf\u00e9rence renforce le sentiment d'appartenance \u00e0 la communaut\u00e9 et contribue \u00e0 l'exp\u00e9rience globale.<\/p>\n<ol>\n<li><strong>Un bar agr\u00e9able<\/strong> et un restaurant avec vue sur les courts est un r\u00eave pour tout joueur de padel assoiff\u00e9 et sociable.<\/li>\n<li><strong>En l'absence<\/strong> Au lieu d'un bar et d'un restaurant, il devrait y avoir un autre lieu de rassemblement agr\u00e9able avec des tables, des chaises et un acc\u00e8s \u00e0 l'ombre. Plus cet environnement est attrayant, plus vos visiteurs se sentiront sp\u00e9ciaux.<\/li>\n<\/ol>\n<p><\/div>\r\n<\/div>\r\n\n<hr \/>\n<p>Ce texte r\u00e9sume certains des facteurs physiques que nous avons vus mener au succ\u00e8s avec nos propres clients et dans les installations de padel du monde entier. Nous esp\u00e9rons que certains de ces \u00e9l\u00e9ments vous aideront \u00e0 continuer \u00e0 r\u00e9ussir !<\/p>\n<p>Dans notre prochain article (\u00e0 venir), nous examinerons de plus pr\u00e8s les op\u00e9rations et la gestion.<\/p>","protected":false},"excerpt":{"rendered":"<p>Creating a successful padel facility fundamentally revolves around creating an environment that delivers great experiences to its visitors. It is important to remember that a padel experience consists of several parts. Together, these parts form the overall experience that makes the visitor choose to return. Let&#8217;s take a closer look at the some of the [&hellip;]<\/p>\n","protected":false},"author":1,"featured_media":900,"parent":591,"menu_order":5,"comment_status":"closed","ping_status":"closed","template":"","meta":{"_acf_changed":false,"footnotes":""},"tags":[],"acf":[],"_links":{"self":[{"href":"https:\/\/pistas365.com\/fr\/wp-json\/wp\/v2\/pages\/898"}],"collection":[{"href":"https:\/\/pistas365.com\/fr\/wp-json\/wp\/v2\/pages"}],"about":[{"href":"https:\/\/pistas365.com\/fr\/wp-json\/wp\/v2\/types\/page"}],"author":[{"embeddable":true,"href":"https:\/\/pistas365.com\/fr\/wp-json\/wp\/v2\/users\/1"}],"replies":[{"embeddable":true,"href":"https:\/\/pistas365.com\/fr\/wp-json\/wp\/v2\/comments?post=898"}],"version-history":[{"count":4,"href":"https:\/\/pistas365.com\/fr\/wp-json\/wp\/v2\/pages\/898\/revisions"}],"predecessor-version":[{"id":960,"href":"https:\/\/pistas365.com\/fr\/wp-json\/wp\/v2\/pages\/898\/revisions\/960"}],"up":[{"embeddable":true,"href":"https:\/\/pistas365.com\/fr\/wp-json\/wp\/v2\/pages\/591"}],"wp:featuredmedia":[{"embeddable":true,"href":"https:\/\/pistas365.com\/fr\/wp-json\/wp\/v2\/media\/900"}],"wp:attachment":[{"href":"https:\/\/pistas365.com\/fr\/wp-json\/wp\/v2\/media?parent=898"}],"wp:term":[{"taxonomy":"post_tag","embeddable":true,"href":"https:\/\/pistas365.com\/fr\/wp-json\/wp\/v2\/tags?post=898"}],"curies":[{"name":"wp","href":"https:\/\/api.w.org\/{rel}","templated":true}]}}