{"id":730,"date":"2023-02-28T14:23:47","date_gmt":"2023-02-28T13:23:47","guid":{"rendered":"https:\/\/pistas365.com\/?page_id=730"},"modified":"2023-03-30T14:15:31","modified_gmt":"2023-03-30T12:15:31","slug":"cour-vainqueurs","status":"publish","type":"page","link":"https:\/\/pistas365.com\/fr\/padel\/information\/rules\/winners-court\/","title":{"rendered":"Padel Cour des Vainqueurs"},"content":{"rendered":"<p><strong>Le tournoi Cour des Vainqueurs est bas\u00e9 sur le jeu classique \"Roi de la colline\". Il est simple \u00e0 organiser et fonctionne bien pour les joueurs de diff\u00e9rents niveaux.\u00a0<\/strong><\/p>\n<p>L'objectif de ce tournoi est tr\u00e8s simple. Vous devez vous frayer un chemin jusqu'au terrain des gagnants et d\u00e9fendre votre place jusqu'\u00e0 la fin.<\/p>\n<h2>R\u00e8gles pour un Cour des Vainqueurs<\/h2>\n<p>Le tournoi Cour des vainqueurs se joue en \u00e9quipes. Les \u00e9quipes peuvent \u00eatre fix\u00e9es pour la dur\u00e9e du tournoi ou \u00eatre r\u00e9organis\u00e9es apr\u00e8s chaque tour.<\/p>\n<ol>\n<li>Avant le premier tour du jeu, une loterie d\u00e9termine les adversaires de chaque \u00e9quipe et le terrain de d\u00e9part.<\/li>\n<li>Une fois que le jeu a commenc\u00e9, les r\u00e8gles sont simples. Les \u00e9quipes gagnantes montent d'un niveau (cour) et les \u00e9quipes perdantes descendent.<\/li>\n<li>Gagner sur le terrain des vainqueurs signifie que les joueurs conservent leur place.<\/li>\n<li>L'objectif est d'\u00eatre le vainqueur du dernier match sur le terrain des vainqueurs.<\/li>\n<li>Les matchs peuvent \u00eatre jou\u00e9s en utilisant n'importe quel syst\u00e8me de comptage des points. Ce qui est important, c'est qu'aucun match ne peut se terminer par une \u00e9galit\u00e9.<\/li>\n<li>Vous pouvez jouer pour un nombre pr\u00e9d\u00e9fini de points ou de parties ou utiliser un minuteur pour que tous les matchs aient la m\u00eame dur\u00e9e.<\/li>\n<li>Les derniers hommes ou femmes debout sur le terrain des vainqueurs apr\u00e8s le dernier match sont les vainqueurs du tournoi.<\/li>\n<\/ol>\n<h3>Cour des Vainqueurs Americano<\/h3>\n<p>Le tournoi du Cour des Vainqueurs se joue normalement en \u00e9quipes fixes mais il peut aussi se jouer individuellement. Ce style de jeu est parfois appel\u00e9 Cour des vainqueurs americano, split ou mix.<\/p>\n<ol>\n<li>Au premier tour, l'attribution des partenaires de jeu, des cours de d\u00e9part et des adversaires est d\u00e9termin\u00e9e par un tirage au sort.<\/li>\n<li>A chaque nouvelle partie, les partenaires de jeu sont chang\u00e9s.<\/li>\n<li>En cas de victoire, les gagnants montent d'un terrain ET changent de partenaire. Les perdants descendent d'un terrain ET changent de partenaire.<\/li>\n<li>Gagner sur le \"terrain des vainqueurs\" signifie que les joueurs conservent leur place mais qu'ils joueront avec de nouveaux co\u00e9quipiers lors du match suivant.<\/li>\n<\/ol>\n<h3>Challenger de la Cour des vainqueurs<\/h3>\n<p>Lors d'un tournoi Winners Court, le nombre d'\u00e9quipes est g\u00e9n\u00e9ralement divis\u00e9 par le nombre de courts. 6 \u00e9quipes = 3 courts. Mais vous pouvez ajouter une \u00e9quipe challenger suppl\u00e9mentaire. Cela signifie que 3 terrains = 7 \u00e9quipes. 6 \u00e9quipes jouent, une \u00e9quipe se repose.<\/p>\n<ol>\n<li>L'\u00e9quipe du challenger doit attendre sa chance pour entrer dans le jeu.<\/li>\n<li>Lorsque le premier tour est termin\u00e9, les challengers \u00e9changent leur place avec les perdants sur le terrain le plus \u00e9loign\u00e9 de celui des gagnants.<\/li>\n<li>Pour rester en jeu, les challengers doivent gagner leur match. S'ils perdent, ils doivent quitter le terrain et attendre un autre tour.<\/li>\n<\/ol>\n<h2>Organisation d'un tournoi Cour des Vainqueurs<\/h2>\n<p>Le tournoi des vainqueurs est probablement le tournoi le plus facile en termes d'organisation.<\/p>\n<ul>\n<li>Il faut un minimum de 8 joueurs ou 6 \u00e9quipes.<\/li>\n<li>Il n'y a pas de limite sup\u00e9rieure pour le nombre de participants mais il est pr\u00e9f\u00e9rable que le nombre de joueurs soit divisible par quatre.<\/li>\n<li>Vous pouvez jouer pour n'importe quel nombre de points. En g\u00e9n\u00e9ral, 25 points, \u00e7a marche bien.<\/li>\n<li>L'utilisation d'un chronom\u00e8tre vous aidera \u00e0 respecter l'horaire de votre tournoi. Jouer pendant 12 \u00e0 15 minutes fonctionne g\u00e9n\u00e9ralement bien.<\/li>\n<li>Une autre bonne solution pour respecter les d\u00e9lais de votre tournoi consiste \u00e0 mettre fin \u00e0 tous les matchs d\u00e8s que le premier match du tour en cours est termin\u00e9.<\/li>\n<\/ul>\n<p>En raison du syst\u00e8me de jeu du court du vainqueur, vous pouvez jouer plusieurs fois avec les m\u00eames partenaires et adversaires. En m\u00eame temps, ce tournoi permet d'\u00e9quilibrer les matchs, car plus vous jouez bien, plus l'adversaire devient difficile.<\/p>\n<p>Dans l'ensemble, le tournoi des vainqueurs est l'une des meilleures fa\u00e7ons de concourir et de s'amuser au padel. Il pr\u00e9sente tous les avantages du <a href=\"https:\/\/pistas365.com\/fr\/padel\/information\/regles\/tournoi-americano\/\">padel americano<\/a> et <a href=\"https:\/\/pistas365.com\/fr\/padel\/information\/regles\/tournoi-mexicano\/\">padel mexicain<\/a> mais il est plus facile \u00e0 organiser et peut \u00eatre encore plus comp\u00e9titif.<\/p>","protected":false},"excerpt":{"rendered":"<p>The Winners Court tournament is based on the classic game &#8220;King Of The Hill&#8221;. It is simple to arrange and works well for players at different levels.\u00a0 The objective of this tournament is really simple. You need to fight your way up to winners court and then defend your place there until the end. Rules [&hellip;]<\/p>\n","protected":false},"author":1,"featured_media":738,"parent":637,"menu_order":3,"comment_status":"closed","ping_status":"closed","template":"","meta":{"_acf_changed":false,"footnotes":""},"tags":[],"acf":[],"_links":{"self":[{"href":"https:\/\/pistas365.com\/fr\/wp-json\/wp\/v2\/pages\/730"}],"collection":[{"href":"https:\/\/pistas365.com\/fr\/wp-json\/wp\/v2\/pages"}],"about":[{"href":"https:\/\/pistas365.com\/fr\/wp-json\/wp\/v2\/types\/page"}],"author":[{"embeddable":true,"href":"https:\/\/pistas365.com\/fr\/wp-json\/wp\/v2\/users\/1"}],"replies":[{"embeddable":true,"href":"https:\/\/pistas365.com\/fr\/wp-json\/wp\/v2\/comments?post=730"}],"version-history":[{"count":3,"href":"https:\/\/pistas365.com\/fr\/wp-json\/wp\/v2\/pages\/730\/revisions"}],"predecessor-version":[{"id":757,"href":"https:\/\/pistas365.com\/fr\/wp-json\/wp\/v2\/pages\/730\/revisions\/757"}],"up":[{"embeddable":true,"href":"https:\/\/pistas365.com\/fr\/wp-json\/wp\/v2\/pages\/637"}],"wp:featuredmedia":[{"embeddable":true,"href":"https:\/\/pistas365.com\/fr\/wp-json\/wp\/v2\/media\/738"}],"wp:attachment":[{"href":"https:\/\/pistas365.com\/fr\/wp-json\/wp\/v2\/media?parent=730"}],"wp:term":[{"taxonomy":"post_tag","embeddable":true,"href":"https:\/\/pistas365.com\/fr\/wp-json\/wp\/v2\/tags?post=730"}],"curies":[{"name":"wp","href":"https:\/\/api.w.org\/{rel}","templated":true}]}}