{"id":662,"date":"2023-02-17T14:16:54","date_gmt":"2023-02-17T13:16:54","guid":{"rendered":"https:\/\/pistas365.com\/?page_id=662"},"modified":"2025-10-06T14:06:15","modified_gmt":"2025-10-06T12:06:15","slug":"niveaux","status":"publish","type":"page","link":"https:\/\/pistas365.com\/fr\/padel\/information\/levels\/","title":{"rendered":"Niveaux de padel en Espagne"},"content":{"rendered":"<p><strong>Si vous jouez au padel, il est important de conna\u00eetre votre niveau de comp\u00e9tence. Selon l'endroit o\u00f9 vous jouez, ces niveaux sont d\u00e9crits diff\u00e9remment.<\/strong><\/p>\n<p>Sur cette page, nous essayons de d\u00e9crire certains des diff\u00e9rents niveaux de padel et la mani\u00e8re dont ils sont li\u00e9s les uns aux autres dans les diff\u00e9rents pays.<\/p>\n<h2>Quel est votre niveau de padel ?<\/h2>\n<p><strong>Dans les descriptions ci-dessous, nous expliquons et comparons grossi\u00e8rement les syst\u00e8mes de niveaux de padel utilis\u00e9s en Espagne, en Su\u00e8de et en Belgique. <\/strong><\/p>\n<ul>\n<li>En Espagne, on utilise essentiellement deux syst\u00e8mes de niveaux de padel diff\u00e9rents. Il s'agit des niveaux de comp\u00e9tence des joueurs <span style=\"color: #ff0000;\"><strong>(ES 1.0-7.0) <\/strong><\/span>et les niveaux des cat\u00e9gories de tournois <span style=\"color: #ff0000;\"><strong>(premier, deuxi\u00e8me, troisi\u00e8me, quatri\u00e8me et cinqui\u00e8me)<\/strong><\/span>. Le syst\u00e8me de niveau de comp\u00e9tence (1-7) en Espagne pr\u00e9sente de nombreuses similitudes avec le syst\u00e8me de niveau Playtomic.<\/li>\n<li>Su\u00e8de (<span style=\"color: #0000ff;\"><strong>SE<\/strong><\/span>) n'utiliser qu'un seul syst\u00e8me de niveau de comp\u00e9tence <strong><span style=\"color: #0000ff;\">(1-10)<\/span><\/strong>. Souvent appel\u00e9 syst\u00e8me Matchi.<\/li>\n<li>En Belgique (<span style=\"color: #ff6600;\"><strong>BE<\/strong><\/span>) sont souvent class\u00e9s dans la cat\u00e9gorie des <strong><span style=\"color: #ff6600;\">P50-P1000<\/span><\/strong> point-system.<\/li>\n<\/ul>\n<h3>Niveaux de padel d\u00e9butants<\/h3>\n<ul>\n<li><strong><span style=\"color: #ff0000;\">ES1.0 <\/span>= <span style=\"color: #0000ff;\">SE1 <\/span><\/strong>= <strong><span style=\"color: #0000ff;\"><span style=\"color: #ff6600;\">BE P50<\/span><\/span><\/strong>\u00a0- Les joueurs qui viennent de commencer \u00e0 jouer au padel et qui n'ont aucune exp\u00e9rience sur le terrain.<\/li>\n<li><strong><span style=\"color: #ff0000;\">ES1.5 <\/span>= <span style=\"color: #0000ff;\">SE2 <\/span><\/strong>=<span style=\"color: #ff6600;\"><strong> BE P50<\/strong><\/span>\u00a0- Les joueurs de padel qui ont jou\u00e9 quelques fois et connaissent les coups de base mais ont des difficult\u00e9s \u00e0 garder la balle en jeu.<\/li>\n<li><strong><span style=\"color: #ff0000;\">ES2.0 <\/span>= <span style=\"color: #0000ff;\">SE3 <\/span><\/strong>=<span style=\"color: #ff6600;\"><strong> BE P100<\/strong><\/span> - Ce joueur peut ex\u00e9cuter les coups de base mais manque de contr\u00f4le et de puissance. Il \u00e9vite le revers et a du mal \u00e0 effectuer des vol\u00e9es et des services.<\/li>\n<li>\u00a0<strong><span style=\"color: #ff0000;\">ES2.5 <\/span>= <span style=\"color: #0000ff;\">SE3 <\/span><\/strong>=<span style=\"color: #ff6600;\"><strong> BE P100<\/strong><\/span> - Ce joueur a un coup droit correct et commence \u00e0 g\u00e9rer les revers, les services et les vol\u00e9es de coup droit.<\/li>\n<\/ul>\n<h3>Niveaux interm\u00e9diaires de padel<\/h3>\n<ul>\n<li><strong><span style=\"color: #ff0000;\">ES3.0\/cat5 <\/span>= <span style=\"color: #0000ff;\">SE4 <\/span><\/strong>=<span style=\"color: #ff6600;\"><strong> BE P200<\/strong><\/span> - Ce joueur a un bon coup droit et peut contr\u00f4ler le revers, le service, le lob du coup droit, la vol\u00e9e du coup droit et les rebonds lents de la vitre.<\/li>\n<li><strong><span style=\"color: #ff0000;\">ES3.5\/cat5 <\/span>= <span style=\"color: #0000ff;\">SE5 <\/span><\/strong>=<strong><span style=\"color: #ff6600;\"> BE P200<\/span> - <\/strong>Ce joueur a un coup droit puissant, fait peu de fautes en revers et peut servir avec un slice. Il peut utiliser des vol\u00e9es de coup droit agressives au filet, a commenc\u00e9 \u00e0 ma\u00eetriser la bandeja et les retours de coup droit puissants apr\u00e8s la vitre.<\/li>\n<li><strong><span style=\"color: #ff0000;\">ES4.0\/cat4 <\/span>= <span style=\"color: #0000ff;\">SE6 <\/span><\/strong>=<span style=\"color: #ff6600;\"><strong> BE P300<\/strong><\/span> - Ce joueur a un coup droit fiable et peut jouer le revers avec contr\u00f4le et puissance. Il\/elle a un service plus agressif, peut effectuer des vol\u00e9es profondes et puissantes et utilise les bandejas et les smashes avec un bon contr\u00f4le.<\/li>\n<li><strong><span style=\"color: #ff0000;\">ES4.5\/cat4 <\/span>= <span style=\"color: #0000ff;\">SE6 <\/span><\/strong>=<span style=\"color: #ff6600;\"><strong> BE P400<\/strong><\/span>\u00a0- Ce joueur a un coup droit agressif, un revers puissant et sert avec pr\u00e9cision. Il\/elle a un bon contr\u00f4le sur tous les coups de vol\u00e9e, utilise continuellement la vitre pour les retours, smash avec puissance et met de l'effet sur la balle avec les bandejas et bajadas.<\/li>\n<\/ul>\n<h3>Niveaux avanc\u00e9s de padel<\/h3>\n<ul>\n<li><strong><span style=\"color: #ff0000;\">ES5.0\/cat3 <\/span>= <span style=\"color: #0000ff;\">SE7 <\/span><\/strong>=<span style=\"color: #ff6600;\"><strong> BE P500<\/strong><\/span> - Ce joueur poss\u00e8de un coup droit, un revers et un service bien contr\u00f4l\u00e9s et puissants. Il sait comment placer la balle dans les points faibles de l'adversaire et attaque agressivement \u00e0 la vol\u00e9e, envoyant les balles loin dans le court. Le jeu a\u00e9rien est coh\u00e9rent, les coups sp\u00e9ciaux comme le drop sont int\u00e9gr\u00e9s dans le jeu ainsi que l'utilisation efficace des murs.<\/li>\n<li><strong><span style=\"color: #ff0000;\">ES5.5\/cat2 <\/span>= <span style=\"color: #0000ff;\">SE8 <\/span><\/strong>=<span style=\"color: #ff6600;\"><strong> BE P700<\/strong><\/span>\u00a0- Ce joueur poss\u00e8de toutes les qualit\u00e9s du joueur ES5\/SE7 mais avec encore plus de pr\u00e9cision et de puissance. Il\/elle joue avec constance et force sans faire de fautes inutiles. Ce joueur prend \u00e9galement de bonnes d\u00e9cisions sur le terrain en se basant sur sa strat\u00e9gie et sa capacit\u00e9 \u00e0 lire le jeu.<\/li>\n<\/ul>\n<h3>Niveaux de padel expert et professionnel<\/h3>\n<p><strong><span style=\"color: #ff0000;\">ES6.0-7.0\/cat1<\/span>\u00a0= <span style=\"color: #0000ff;\">SE9-10 <\/span><\/strong>=<span style=\"color: #ff6600;\"><strong> BE P1000<\/strong><\/span><\/p>\n<p>Pour les joueurs de ces niveaux, il n'y a pas besoin de catgorisation. La comp\u00e9tence du joueur est principalement d\u00e9termin\u00e9e par son classement dans les diff\u00e9rents tournois et niveaux.<\/p>\n<p>Un joueur de niveau ES6.5\/SE9\/BE P1000 participe fr\u00e9quemment \u00e0 des tournois nationaux et obtient de bons r\u00e9sultats. Les joueurs de niveau ES7\/SE10 participent \u00e0 des tournois et matchs internationaux.<\/p>\n<hr \/>\n<h2>Trouvez votre niveau de padel - Guide d'auto-\u00e9valuation<\/h2>\n<p><strong>Que vous d\u00e9butiez ou que vous \u00e9crasiez d\u00e9j\u00e0 des balles hors de la cage, comprendre votre niveau de padel vous aidera \u00e0 trouver les bons entra\u00eenements, les bons tournois et les bons partenaires de jeu. <\/strong><\/p>\n<p>Ce guide d\u00e9compose les niveaux de padel 1 \u00e0 10 en six domaines de comp\u00e9tences cl\u00e9s : Coups de pied, service, jeu au mur, vol\u00e9es, t\u00eates et mouvement.<\/p>\n<p>Utiliser le <span style=\"color: #3366ff;\"><strong>SE<\/strong><\/span>Le niveau ci-dessus doit \u00eatre traduit en fonction de la situation locale.<\/p>\n<h3>Niveau 1 - D\u00e9butant total<\/h3>\n<ul>\n<li><strong>Coups de pied au sol :<\/strong> J'ai du mal \u00e0 frapper la balle et je manque de technique.<\/li>\n<li><strong>Servir :<\/strong> Je ne suis pas s\u00fbr de moi et j'ai rarement l'occasion de servir.<\/li>\n<li><strong>Jeu de mur :<\/strong> Je n'utilise pas du tout le mur.<\/li>\n<li><strong>Vol\u00e9es :<\/strong> J'\u00e9vite de jouer au filet.<\/li>\n<li><strong>Frais g\u00e9n\u00e9raux :<\/strong> Je ne tente pas d'effectuer des prises de vue a\u00e9riennes.<\/li>\n<li><strong>Mouvement :<\/strong> Il m'arrive souvent de rester immobile et de ne pas savoir o\u00f9 me positionner.<\/li>\n<\/ul>\n<p><strong>Vous venez de commencer - et c'est fantastique !<\/strong> Faire ses premiers pas sur le terrain de padel est courageux et excitant. Concentrez-vous sur l'amusement, l'apprentissage des bases et n'ayez pas peur de faire des erreurs.<\/p>\n<p><strong>Conseil de d\u00e9veloppement :<\/strong> Rejoignez un cours pour d\u00e9butants, jouez avec des amis patients et entra\u00eenez-vous simplement \u00e0 faire passer la balle au-dessus du filet.<\/p>\n<h3>Niveau 2 - D\u00e9butant<\/h3>\n<ul>\n<li><strong>Coups de pied au sol :<\/strong> Je peux frapper des coups droits, mais les revers sont difficiles.<\/li>\n<li><strong>Servir :<\/strong> Je r\u00e9ussis parfois le service, mais je fais beaucoup de doubles fautes.<\/li>\n<li><strong>Jeu de mur :<\/strong> J'essaie d'utiliser le mur de temps en temps, mais j'\u00e9choue souvent.<\/li>\n<li><strong>Vol\u00e9es :<\/strong> J'essaie de faire une vol\u00e9e mais j'ai un mauvais contr\u00f4le.<\/li>\n<li><strong>Frais g\u00e9n\u00e9raux :<\/strong> Il m'arrive de tenter des overheads, mais je les r\u00e9ussis rarement.<\/li>\n<li><strong>Mouvement :<\/strong> Je me d\u00e9place de mani\u00e8re r\u00e9active et j'arrive souvent en retard sur le ballon.<\/li>\n<\/ul>\n<p><strong>Vous commencez \u00e0 vous familiariser avec le jeu, continuez !<\/strong> Vous avez franchi le premier obstacle. Il s'agit maintenant de prendre confiance en vos tirs et d'essayer de nouvelles choses.<\/p>\n<p><strong>Conseil de d\u00e9veloppement :<\/strong> Entra\u00eenez-vous au service et aux coups de base, regardez des vid\u00e9os d'instruction et jouez avec diff\u00e9rents partenaires pour apprendre \u00e0 travailler en \u00e9quipe.<\/p>\n<h3>Niveau 3 - D\u00e9butant avanc\u00e9<\/h3>\n<ul>\n<li><strong>Coups de pied au sol :<\/strong> Je suis \u00e0 l'aise avec les coups droits et les lobs, et je commence \u00e0 am\u00e9liorer mon revers.<\/li>\n<li><strong>Servir :<\/strong> J'ai l'habitude de servir et parfois de monter au filet.<\/li>\n<li><strong>Jeu de mur :<\/strong> Je commence \u00e0 comprendre le jeu de mur, mais je l'utilise rarement.<\/li>\n<li><strong>Vol\u00e9es :<\/strong> J'ai un certain contr\u00f4le, mais je suis nerveux sous la pression.<\/li>\n<li><strong>Frais g\u00e9n\u00e9raux :<\/strong> Je peux faire des smashs basiques, mais pas avec puissance.<\/li>\n<li><strong>Mouvement<\/strong>: J'essaie de me positionner correctement mais je suis souvent pris au d\u00e9pourvu.<\/li>\n<\/ul>\n<p><strong>Vous devenez un joueur r\u00e9gulier - bon travail !<\/strong> Vous commencez \u00e0 comprendre le jeu et vous pouvez rallier la balle. Il est maintenant temps d'affiner votre technique.<\/p>\n<p><strong>Conseil de d\u00e9veloppement :<\/strong> Commencez \u00e0 utiliser davantage le mur, travaillez votre positionnement et jouez des matchs simples pour acqu\u00e9rir de l'exp\u00e9rience.<\/p>\n<h3>Niveau 4 - Joueur r\u00e9cr\u00e9atif<\/h3>\n<ul>\n<li><strong>Coups de pied au sol :<\/strong> Mes tirs de base sont fiables et je peux les varier un peu.<\/li>\n<li><strong>Servir :<\/strong> Mon service est stable et je le fais souvent suivre d'une mont\u00e9e au filet.<\/li>\n<li><strong>Jeu de mur :<\/strong> J'utilise activement le mur, avec des r\u00e9sultats mitig\u00e9s.<\/li>\n<li><strong>Vol\u00e9es :<\/strong> Mes vol\u00e9es sont plus stables et plus puissantes.<\/li>\n<li><strong>Frais g\u00e9n\u00e9raux :<\/strong> Je me sens \u00e0 l'aise avec plusieurs types de tirs a\u00e9riens.<\/li>\n<li><strong>Mouvement :<\/strong> Je me d\u00e9place mieux sur le terrain et j'essaie d'anticiper la balle, mais j'h\u00e9site encore parfois.<\/li>\n<\/ul>\n<p><strong>Vous avez construit une base solide - maintenant, il faut s'amuser !<\/strong> Vous jouez avec confiance et vous comprenez les bases. Vous pouvez maintenant commencer \u00e0 penser de mani\u00e8re plus tactique.<\/p>\n<p><strong>Conseil de d\u00e9veloppement :<\/strong> Entra\u00eenez-vous \u00e0 placer la balle, am\u00e9liorez vos mouvements et votre travail d'\u00e9quipe, et essayez de participer \u00e0 des tournois occasionnels.<\/p>\n<h3>Niveau 5 - Interm\u00e9diaire<\/h3>\n<ul>\n<li><strong>Coups de pied au sol :<\/strong> J'ai un bon contr\u00f4le et je peux varier la vitesse et la direction.<\/li>\n<li><strong>Servir :<\/strong> Mon service est r\u00e9gulier et commence \u00e0 \u00eatre utilis\u00e9 de mani\u00e8re tactique.<\/li>\n<li><strong>Jeu de mur :<\/strong> Je suis \u00e0 l'aise avec le mur, m\u00eame avec les doubles rebonds.<\/li>\n<li><strong>Vol\u00e9es :<\/strong> J'ai un bon contr\u00f4le et je peux placer la balle efficacement.<\/li>\n<li><strong>Frais g\u00e9n\u00e9raux :<\/strong> J'utilise plusieurs techniques avec une puissance et une pr\u00e9cision correctes.<\/li>\n<li><strong>Mouvement :<\/strong> Je me d\u00e9place efficacement et r\u00e9cup\u00e8re ma position apr\u00e8s chaque tir, m\u00eame s'il m'arrive de mal interpr\u00e9ter le jeu.<\/li>\n<\/ul>\n<p><strong>Vous \u00eates un joueur comp\u00e9tent - il est temps d'affiner les d\u00e9tails !<\/strong> Vous avez le contr\u00f4le et pouvez influencer le jeu. Il s'agit maintenant de devenir plus coh\u00e9rent et strat\u00e9gique.<\/p>\n<p><strong>Conseil de d\u00e9veloppement :<\/strong> Entra\u00eenez-vous aux coups \u00e0 double mur, am\u00e9liorez la variation de votre service et commencez \u00e0 analyser vos matchs.<\/p>\n<h3>Niveau 6 - Interm\u00e9diaire sup\u00e9rieur<\/h3>\n<ul>\n<li><strong>Coups de pied au sol :<\/strong> Je ma\u00eetrise les variations de rotation, de placement et de rythme.<\/li>\n<li><strong>Servir :<\/strong> J'utilise mon service de mani\u00e8re offensive pour prendre l'avantage.<\/li>\n<li><strong>Jeu de mur :<\/strong> J'utilise le mur de mani\u00e8re tactique et coh\u00e9rente.<\/li>\n<li><strong>Vol\u00e9es :<\/strong> Je peux contr\u00f4ler le jeu depuis le filet gr\u00e2ce \u00e0 mes vol\u00e9es.<\/li>\n<li><strong>Frais g\u00e9n\u00e9raux :<\/strong> Je frappe des coups de t\u00eate puissants et vari\u00e9s.<\/li>\n<li><strong>Mouvement :<\/strong> Je me d\u00e9place avec d\u00e9termination, j'anticipe bien et je passe facilement de la d\u00e9fense \u00e0 l'attaque.<\/li>\n<\/ul>\n<p><strong>Vous avez un jeu complet - impressionnant !<\/strong> Vous avez ma\u00eetris\u00e9 la technique et avez une bonne compr\u00e9hension du jeu. Il est maintenant temps d'affiner et d'augmenter l'intensit\u00e9.<\/p>\n<p><strong>Conseil de d\u00e9veloppement :<\/strong> Jouez contre des adversaires plus forts, prenez des le\u00e7ons avec un entra\u00eeneur et travaillez \u00e0 lire le jeu plus rapidement.<\/p>\n<h3>Niveau 7 - Exp\u00e9riment\u00e9<\/h3>\n<ul>\n<li><strong>Coups de pied au sol :<\/strong> J'ai confiance dans tous les coups de base et je les utilise de mani\u00e8re strat\u00e9gique.<\/li>\n<li><strong>Servir :<\/strong> Je d\u00e9fie mes adversaires par mon placement et ma rotation.<\/li>\n<li><strong>Jeu de mur :<\/strong> J'utilise le mur comme une arme dans mon jeu.<\/li>\n<li><strong>Vol\u00e9es :<\/strong> Je frappe des vol\u00e9es puissantes, rapides et bien plac\u00e9es.<\/li>\n<li><strong>Frais g\u00e9n\u00e9raux :<\/strong> J'utilise bandeja, vibora et smash de mani\u00e8re strat\u00e9gique.<\/li>\n<li><strong>Mouvement :<\/strong> Je lis bien le jeu, je me d\u00e9place de mani\u00e8re proactive et je couvre le terrain avec facilit\u00e9.<\/li>\n<\/ul>\n<p><strong>Vous \u00eates un joueur fort - et cela se voit !<\/strong> Vous jouez avec contr\u00f4le, variation et finesse tactique. Il s'agit maintenant de devenir encore plus efficace.<\/p>\n<p><strong>Conseil de d\u00e9veloppement :<\/strong> Entra\u00eenez-vous \u00e0 contr\u00f4ler le tempo, am\u00e9liorez votre bandeja et votre vibora, et participez \u00e0 des tournois de classe B.<\/p>\n<h3>Niveau 8 - Qualifi\u00e9<\/h3>\n<ul>\n<li><strong>Coups de pied au sol<\/strong>: Je contr\u00f4le parfaitement la situation et je peux frapper sous pression.<\/li>\n<li><strong>Servir :<\/strong> Je tire souvent un avantage direct de mon service.<\/li>\n<li><strong>Jeu de mur :<\/strong> J'utilise le mur pour cr\u00e9er des ouvertures.<\/li>\n<li><strong>Vol\u00e9es :<\/strong> Je gagne des points gr\u00e2ce \u00e0 la puissance et \u00e0 la pr\u00e9cision.<\/li>\n<li><strong>Frais g\u00e9n\u00e9raux :<\/strong> J'utilise des techniques avanc\u00e9es avec une grande pr\u00e9cision.<\/li>\n<li><strong>Mouvement :<\/strong> Je me d\u00e9place avec fluidit\u00e9, j'anticipe et je me positionne de mani\u00e8re optimale pour chaque tir.<\/li>\n<\/ul>\n<p><strong>Vous \u00eates un strat\u00e8ge du padel - \u00e0 la fois intelligent et technique !<\/strong> Vous jouez avec pr\u00e9cision et pouvez dominer les matchs. Il s'agit maintenant de proc\u00e9der \u00e0 des ajustements pr\u00e9cis.<\/p>\n<p><strong>Conseil de d\u00e9veloppement :<\/strong> Travaillez la psychologie du match, jouez contre diff\u00e9rents styles et cr\u00e9ez un plan de d\u00e9veloppement personnel.<\/p>\n<h3>Niveau 9 - Expert<\/h3>\n<ul>\n<li><strong>Coups de pied au sol :<\/strong> Je ma\u00eetrise tous les tirs avec pr\u00e9cision et puissance.<\/li>\n<li><strong>Servir :<\/strong> Je varie mon service tactiquement et je le rends difficile \u00e0 lire.<\/li>\n<li><strong>Jeu de mur :<\/strong> J'utilise le mur dans le cadre de ma strat\u00e9gie avanc\u00e9e.<\/li>\n<li><strong>Vol\u00e9es :<\/strong> Je domine le jeu depuis le filet.<\/li>\n<li><strong>Frais g\u00e9n\u00e9raux :<\/strong> Je frappe avec puissance et j'utilise les bandejas avec contr\u00f4le.<\/li>\n<li><strong>Mouvement :<\/strong> Je glisse sur le terrain, je me positionne parfaitement et je r\u00e9cup\u00e8re instantan\u00e9ment.<\/li>\n<\/ul>\n<p><strong>Vous \u00eates un joueur d'\u00e9lite - et tr\u00e8s respect\u00e9 !<\/strong> Vous avez le contr\u00f4le total du jeu et pouvez vous adapter \u00e0 n'importe quel adversaire. Il s'agit maintenant de rester au sommet.<\/p>\n<p><strong>Conseil de d\u00e9veloppement :<\/strong> Entra\u00eenez-vous avec d'autres joueurs d'\u00e9lite, analysez les statistiques des matchs et tenez-vous au courant des tendances internationales.<\/p>\n<h3>Niveau 10 Classe mondiale<\/h3>\n<ul>\n<li><strong>Coups de pied au sol :<\/strong> Je joue avec un maximum d'efficacit\u00e9 - chaque coup a un but.<\/li>\n<li><strong>Servir :<\/strong> Mon service est difficile \u00e0 retourner et permet souvent de gagner des points.<\/li>\n<li><strong>Jeu de mur :<\/strong> J'utilise le mur de mani\u00e8re cr\u00e9ative pour manipuler le jeu.<\/li>\n<li><strong>Vol\u00e9es :<\/strong> Je joue presque \u00e0 la perfection et je gagne des matchs au filet.<\/li>\n<li><strong>Frais g\u00e9n\u00e9raux :<\/strong> Je frappe hors de la cage et j'utilise des vol\u00e9es d'arr\u00eat et des vibrisses avec des effets.<\/li>\n<li><strong>Mouvement :<\/strong> Je me d\u00e9place comme une machine - rapide, pr\u00e9cise et toujours avec une longueur d'avance.<\/li>\n<\/ul>\n<p><strong>Vous \u00eates un mod\u00e8le - et une source d'inspiration pour les autres !<\/strong> Vous jouez au padel au plus haut niveau. Votre d\u00e9veloppement est un voyage constant vers la perfection.<\/p>\n<p><strong>Conseil de d\u00e9veloppement :<\/strong> Travaillez avec un pr\u00e9parateur mental, affinez les d\u00e9tails gr\u00e2ce \u00e0 l'analyse vid\u00e9o et contribuez au sport en partageant vos connaissances.<\/p>","protected":false},"excerpt":{"rendered":"<p>If you play padel it is important to know your skill level. Depending on where you play these levels are described differently. On this page we try to describe some of the different padel levels and how they relate to each other in different countries. What is your padel level? In our descriptions below we [&hellip;]<\/p>\n","protected":false},"author":1,"featured_media":683,"parent":591,"menu_order":0,"comment_status":"closed","ping_status":"closed","template":"","meta":{"_acf_changed":false,"footnotes":""},"tags":[],"acf":[],"_links":{"self":[{"href":"https:\/\/pistas365.com\/fr\/wp-json\/wp\/v2\/pages\/662"}],"collection":[{"href":"https:\/\/pistas365.com\/fr\/wp-json\/wp\/v2\/pages"}],"about":[{"href":"https:\/\/pistas365.com\/fr\/wp-json\/wp\/v2\/types\/page"}],"author":[{"embeddable":true,"href":"https:\/\/pistas365.com\/fr\/wp-json\/wp\/v2\/users\/1"}],"replies":[{"embeddable":true,"href":"https:\/\/pistas365.com\/fr\/wp-json\/wp\/v2\/comments?post=662"}],"version-history":[{"count":4,"href":"https:\/\/pistas365.com\/fr\/wp-json\/wp\/v2\/pages\/662\/revisions"}],"predecessor-version":[{"id":947,"href":"https:\/\/pistas365.com\/fr\/wp-json\/wp\/v2\/pages\/662\/revisions\/947"}],"up":[{"embeddable":true,"href":"https:\/\/pistas365.com\/fr\/wp-json\/wp\/v2\/pages\/591"}],"wp:featuredmedia":[{"embeddable":true,"href":"https:\/\/pistas365.com\/fr\/wp-json\/wp\/v2\/media\/683"}],"wp:attachment":[{"href":"https:\/\/pistas365.com\/fr\/wp-json\/wp\/v2\/media?parent=662"}],"wp:term":[{"taxonomy":"post_tag","embeddable":true,"href":"https:\/\/pistas365.com\/fr\/wp-json\/wp\/v2\/tags?post=662"}],"curies":[{"name":"wp","href":"https:\/\/api.w.org\/{rel}","templated":true}]}}