{"id":650,"date":"2023-02-16T13:00:17","date_gmt":"2023-02-16T12:00:17","guid":{"rendered":"https:\/\/pistas365.com\/?page_id=650"},"modified":"2023-10-04T16:41:45","modified_gmt":"2023-10-04T14:41:45","slug":"tournoi-mexicano","status":"publish","type":"page","link":"https:\/\/pistas365.com\/fr\/padel\/information\/rules\/mexicano-tournament\/","title":{"rendered":"Tournoi de padel mexicano"},"content":{"rendered":"<p><strong>Le tournoi de padel mexicano est un excellent moyen d'organiser un tournoi pour des joueurs de diff\u00e9rents niveaux.<\/strong><\/p>\n<p>Tout comme le <a href=\"https:\/\/pistas365.com\/fr\/padel\/information\/regles\/tournoi-americano\/\">tournoi americano<\/a> le mexicano est tr\u00e8s social et constitue un excellent moyen de jouer contre de nouveaux adversaires et de rencontrer de nouveaux amis.<\/p>\n<h2>R\u00e8gles du padel mexicano<\/h2>\n<p><strong>Dans le mexicano, l'ordre des adversaires n'est pas pr\u00e9d\u00e9termin\u00e9 mais est cr\u00e9\u00e9 en fonction des r\u00e9sultats des autres matchs.<\/strong><\/p>\n<ol>\n<li>Une loterie d\u00e9cide avec qui et contre qui vous jouerez lors de votre premi\u00e8re partie.<\/li>\n<li>A partir de votre deuxi\u00e8me match, c'est le score des autres matchs qui d\u00e9cide de votre foi.<\/li>\n<li>La r\u00e9partition des parties d\u00e9pend enti\u00e8rement des r\u00e9sultats actuels au classement. Les num\u00e9ros 1 et 3 jouent contre les num\u00e9ros 2 et 4. Les num\u00e9ros 5 et 7 jouent contre les num\u00e9ros 6 et 8, et ainsi de suite.<\/li>\n<li>Une fois que le tableau se sera stabilis\u00e9 apr\u00e8s quelques tours, les matchs seront \u00e9quilibr\u00e9s. Plus vous jouez bien, plus l'opposition est difficile et vice versa.<\/li>\n<li>Gr\u00e2ce au syst\u00e8me de score et de pitting du mexicano, vous pouvez jouer plusieurs fois avec et contre le m\u00eame joueur.<\/li>\n<\/ol>\n<h3>Calcul de la note<\/h3>\n<ul>\n<li>Chaque match est jou\u00e9 pour un certain nombre de points. Normalement 16, 24 ou 32. Les matchs peuvent \u00e9galement \u00eatre jou\u00e9s pendant une p\u00e9riode pr\u00e9d\u00e9finie de 10 \u00e0 20 minutes.<\/li>\n<li>Chaque \u00e9quipe sert 4 ou 6 fois. Le service est ensuite transmis \u00e0 l'adversaire.<\/li>\n<li>Chaque balle gagn\u00e9e donne un point \u00e0 l'\u00e9quipe gagnante.<\/li>\n<li>Une fois que toutes les balles ont \u00e9t\u00e9 jou\u00e9es, le score est saisi et ensuite transf\u00e9r\u00e9 aux joueurs individuels. Si un match de 24 points se termine par 10-14, les joueurs 1 et 2 obtiennent 10 points chacun. Les joueurs 3 et 4 obtiennent 14 points chacun.<\/li>\n<li>Lorsque tous les matchs ont \u00e9t\u00e9 jou\u00e9s, le joueur qui a accumul\u00e9 le plus de points remporte le tournoi.<\/li>\n<\/ul>\n<h3>\u00c9quipe mexicano<\/h3>\n<p>Le Mexicano peut \u00eatre jou\u00e9 en \u00e9quipe. Il fonctionne exactement comme le Mexicano individuel, mais au lieu d'\u00eatre jou\u00e9 individuellement, vous vous affrontez en \u00e9quipes pr\u00e9-\u00e9tablies.<\/p>\n<h2>Organisation d'un tournoi de padel mexicano<\/h2>\n<p><strong>Pour jouer un tournoi de padel mexicain, il faut au moins 8 participants ou \u00e9quipes. Il n'y a pas de limite sup\u00e9rieure au nombre de participants qui peuvent s'inscrire. Cependant, il est toujours pr\u00e9f\u00e9rable qu'il s'agisse d'un nombre divisible de fa\u00e7on \u00e9gale par quatre.<\/strong><\/p>\n<ul>\n<li>Le nombre de terrains de padel n\u00e9cessaires pour un mexicano d\u00e9pend du nombre de participants.<\/li>\n<li>Il est pr\u00e9f\u00e9rable que le nombre de terrains corresponde au nombre de joueurs. 8 joueurs = 2 terrains, 12 joueurs = 3 terrains et ainsi de suite.<\/li>\n<li>C'est bien de m\u00e9langer des joueurs \u00e0 diff\u00e9rents <a href=\"https:\/\/pistas365.com\/fr\/padel\/information\/niveaux\/\">niveaux de padel<\/a>.<\/li>\n<li>La dur\u00e9e normale d'un tournoi Mexicano est d'environ 2 heures. Un match en 24 points dure environ 12 minutes.<\/li>\n<li>Avant de commencer, pr\u00e9parez un mod\u00e8le ou utilisez une application o\u00f9 vous pouvez entrer les scores et les r\u00e9sultats.<\/li>\n<\/ul>","protected":false},"excerpt":{"rendered":"<p>The mexicano padel tournament is a great way to organize a tournament for players at different skill levels. Just like the americano tournament the mexicano is very social and a great way to play new opponents and meet new friends. Rules of padel mexicano In the mexicano the order of who you play against is [&hellip;]<\/p>\n","protected":false},"author":1,"featured_media":654,"parent":637,"menu_order":0,"comment_status":"closed","ping_status":"closed","template":"","meta":{"_acf_changed":false,"footnotes":""},"tags":[],"acf":[],"_links":{"self":[{"href":"https:\/\/pistas365.com\/fr\/wp-json\/wp\/v2\/pages\/650"}],"collection":[{"href":"https:\/\/pistas365.com\/fr\/wp-json\/wp\/v2\/pages"}],"about":[{"href":"https:\/\/pistas365.com\/fr\/wp-json\/wp\/v2\/types\/page"}],"author":[{"embeddable":true,"href":"https:\/\/pistas365.com\/fr\/wp-json\/wp\/v2\/users\/1"}],"replies":[{"embeddable":true,"href":"https:\/\/pistas365.com\/fr\/wp-json\/wp\/v2\/comments?post=650"}],"version-history":[{"count":4,"href":"https:\/\/pistas365.com\/fr\/wp-json\/wp\/v2\/pages\/650\/revisions"}],"predecessor-version":[{"id":791,"href":"https:\/\/pistas365.com\/fr\/wp-json\/wp\/v2\/pages\/650\/revisions\/791"}],"up":[{"embeddable":true,"href":"https:\/\/pistas365.com\/fr\/wp-json\/wp\/v2\/pages\/637"}],"wp:featuredmedia":[{"embeddable":true,"href":"https:\/\/pistas365.com\/fr\/wp-json\/wp\/v2\/media\/654"}],"wp:attachment":[{"href":"https:\/\/pistas365.com\/fr\/wp-json\/wp\/v2\/media?parent=650"}],"wp:term":[{"taxonomy":"post_tag","embeddable":true,"href":"https:\/\/pistas365.com\/fr\/wp-json\/wp\/v2\/tags?post=650"}],"curies":[{"name":"wp","href":"https:\/\/api.w.org\/{rel}","templated":true}]}}