{"id":639,"date":"2023-02-16T11:22:38","date_gmt":"2023-02-16T10:22:38","guid":{"rendered":"https:\/\/pistas365.com\/?page_id=639"},"modified":"2023-03-01T11:53:48","modified_gmt":"2023-03-01T10:53:48","slug":"tournoi-americano","status":"publish","type":"page","link":"https:\/\/pistas365.com\/fr\/padel\/information\/rules\/americano-tournament\/","title":{"rendered":"Tournoi de Padel Americano"},"content":{"rendered":"<p><strong>Le Padel Americano est l'une des mani\u00e8res les plus faciles et les plus appr\u00e9ci\u00e9es d'organiser un tournoi de padel. Il est amusant, \u00e9quitable, social et convient \u00e0 tous les niveaux et \u00e0 tous les \u00e2ges.<\/strong><\/p>\n<h2>R\u00e8gles du padel americano<\/h2>\n<p>Les r\u00e8gles d'un tournoi de padel americano sont assez simples :<\/p>\n<ol>\n<li>Dans l'Americano, vous concourez individuellement mais vous jouez par paires.<\/li>\n<li>Les \u00e9quipes changent \u00e0 chaque match et le tournoi se termine normalement lorsque tout le monde a jou\u00e9 contre tout le monde.<\/li>\n<li>Chaque match est jou\u00e9 pour un certain nombre de points. Normalement 16, 24 ou 32.<\/li>\n<li>Chaque \u00e9quipe sert 2 \u00e0 4 fois, puis le service est transmis \u00e0 l'adversaire.<\/li>\n<li>Chaque balle gagn\u00e9e vaut un point. Une fois que toutes les boules ont \u00e9t\u00e9 jou\u00e9es, le score est enregistr\u00e9 et ensuite transf\u00e9r\u00e9 aux joueurs individuels.<\/li>\n<li>Si un match se termine 10-14. Les joueurs 1 et 2 obtiennent 10 points chacun. Les joueurs 3 et 4 obtiennent 14 points chacun.<\/li>\n<li>Lorsque tous les matchs ont \u00e9t\u00e9 jou\u00e9s, le joueur qui a accumul\u00e9 le plus de points remporte le tournoi.<\/li>\n<\/ol>\n<h3>Team americano<\/h3>\n<p>L'Americano peut \u00e9galement \u00eatre jou\u00e9 en \u00e9quipe. Il fonctionne exactement comme l'Americano individuel, mais au lieu de jouer individuellement, vous concourez dans des \u00e9quipes pr\u00e9-\u00e9tablies.<\/p>\n<h2>Organisation de base d'un tournoi Americano<\/h2>\n<p>Pour jouer un tournoi de padel americano, il faut au moins 4 participants ou \u00e9quipes. Il n'y a pas de limite sup\u00e9rieure au nombre de participants qui peuvent s'inscrire. Cependant, il est toujours pr\u00e9f\u00e9rable qu'il s'agisse d'un nombre divisible de fa\u00e7on \u00e9gale par quatre.<\/p>\n<ul>\n<li>Le nombre de terrains de padel n\u00e9cessaires d\u00e9pend du nombre de participants.<\/li>\n<li>Il est pr\u00e9f\u00e9rable que le nombre de courts corresponde au nombre de joueurs. 4 joueurs = 1 terrain, 8 joueurs = 2 terrains et ainsi de suite.<\/li>\n<li>C'est bien de m\u00e9langer <a href=\"https:\/\/pistas365.com\/fr\/padel\/information\/niveaux\/\">niveaux<\/a> mais si les diff\u00e9rences sont trop importantes, vous pouvez envisager de diviser votre Americano en groupes distincts ou de choisir le <a href=\"https:\/\/pistas365.com\/fr\/padel\/information\/regles\/tournoi-mexicano\/\">Padel mexicain<\/a> \u00e0 la place du tournoi.<\/li>\n<li>Le temps de jeu normal d'un americano est d'environ 2 heures. Un match de 24 points prend environ 10 minutes \u00e0 jouer.<\/li>\n<li>Avant de commencer, pr\u00e9parez un mod\u00e8le o\u00f9 vous pourrez saisir les scores et les r\u00e9sultats.<\/li>\n<\/ul>","protected":false},"excerpt":{"rendered":"<p>Padel Americano is one of the easiest and most appreciated ways to organize a padel tournament. It is fun, fair, social and suitable for all levels and ages. Rules of padel americano The rules of an americano padel tournament are quite simple: In Americano you compete individually but play in pairs. The teams change every [&hellip;]<\/p>\n","protected":false},"author":1,"featured_media":646,"parent":637,"menu_order":0,"comment_status":"closed","ping_status":"closed","template":"","meta":{"_acf_changed":false,"footnotes":""},"tags":[],"acf":[],"_links":{"self":[{"href":"https:\/\/pistas365.com\/fr\/wp-json\/wp\/v2\/pages\/639"}],"collection":[{"href":"https:\/\/pistas365.com\/fr\/wp-json\/wp\/v2\/pages"}],"about":[{"href":"https:\/\/pistas365.com\/fr\/wp-json\/wp\/v2\/types\/page"}],"author":[{"embeddable":true,"href":"https:\/\/pistas365.com\/fr\/wp-json\/wp\/v2\/users\/1"}],"replies":[{"embeddable":true,"href":"https:\/\/pistas365.com\/fr\/wp-json\/wp\/v2\/comments?post=639"}],"version-history":[{"count":14,"href":"https:\/\/pistas365.com\/fr\/wp-json\/wp\/v2\/pages\/639\/revisions"}],"predecessor-version":[{"id":747,"href":"https:\/\/pistas365.com\/fr\/wp-json\/wp\/v2\/pages\/639\/revisions\/747"}],"up":[{"embeddable":true,"href":"https:\/\/pistas365.com\/fr\/wp-json\/wp\/v2\/pages\/637"}],"wp:featuredmedia":[{"embeddable":true,"href":"https:\/\/pistas365.com\/fr\/wp-json\/wp\/v2\/media\/646"}],"wp:attachment":[{"href":"https:\/\/pistas365.com\/fr\/wp-json\/wp\/v2\/media?parent=639"}],"wp:term":[{"taxonomy":"post_tag","embeddable":true,"href":"https:\/\/pistas365.com\/fr\/wp-json\/wp\/v2\/tags?post=639"}],"curies":[{"name":"wp","href":"https:\/\/api.w.org\/{rel}","templated":true}]}}