{"id":637,"date":"2023-02-16T11:08:54","date_gmt":"2023-02-16T10:08:54","guid":{"rendered":"https:\/\/pistas365.com\/?page_id=637"},"modified":"2025-02-25T09:53:11","modified_gmt":"2025-02-25T08:53:11","slug":"regles","status":"publish","type":"page","link":"https:\/\/pistas365.com\/fr\/padel\/information\/rules\/","title":{"rendered":"R\u00e8gles du padel et tournois"},"content":{"rendered":"<p>Les r\u00e8gles du padel sont similaires \u00e0 celles du tennis, mais le padel se joue sur un terrain plus petit, entour\u00e9 de murs. Le jeu peut \u00eatre jou\u00e9 en simple ou en double.<\/p>\n<h2>R\u00e8gles du padel<\/h2>\n<h3>Syst\u00e8me de notation en padel<\/h3>\n<p>Le padel se joue g\u00e9n\u00e9ralement en 3 sets, chaque set \u00e9tant compos\u00e9 de six jeux. Le vainqueur d'un set est la premi\u00e8re \u00e9quipe \u00e0 atteindre six jeux, avec une avance de deux jeux. Si le score atteint 6-6, un jeu d\u00e9cisif est jou\u00e9 pour d\u00e9terminer le vainqueur. La premi\u00e8re \u00e9quipe \u00e0 gagner sept points remporte le bris d'\u00e9galit\u00e9.<\/p>\n<p>Des points sont marqu\u00e9s lorsque l'\u00e9quipe adverse ne renvoie pas la balle, la frappe en dehors des limites du terrain ou la frappe dans le filet. Le score est normalement compt\u00e9 comme au tennis (15, 30, 40, jeu).<\/p>\n<h3>R\u00e8gles pour le service<\/h3>\n<p>Le service en padel doit \u00eatre ex\u00e9cut\u00e9 en dessous du corps et la balle doit rebondir une fois avant d'\u00eatre frapp\u00e9e par le serveur.<\/p>\n<p>Le service doit \u00eatre effectu\u00e9 depuis l'arri\u00e8re de la ligne de fond et doit atterrir dans le carr\u00e9 de service diagonalement oppos\u00e9. Le serveur doit \u00e9galement se tenir \u00e0 l'ext\u00e9rieur du carr\u00e9 de service, avec au moins un pied derri\u00e8re la ligne de fond.<\/p>\n<p>Le service est consid\u00e9r\u00e9 comme une faute s'il touche le filet ou atterrit en dehors des limites du court ou s'il rebondit sur le grillage. Si elle rebondit sur le verre, elle est l\u00e9gitime. Si la balle touche le filet au cours d'un service, elle est consid\u00e9r\u00e9e comme un LET, et le serveur a une nouvelle opportunit\u00e9 de servir sans p\u00e9nalit\u00e9.<\/p>\n<h3>La balle ne peut rebondir qu'une seule fois sur le sol<\/h3>\n<p>Apr\u00e8s le service, la balle doit rebondir une fois sur le sol avant de pouvoir \u00eatre renvoy\u00e9e par l'\u00e9quipe adverse. Une fois la balle renvoy\u00e9e, les deux \u00e9quipes peuvent jouer la balle sur le rebond ou sur les murs. Toutefois, la balle doit toujours rebondir une fois sur le sol avant de pouvoir \u00eatre frapp\u00e9e \u00e0 nouveau.<\/p>\n<h3>R\u00e8gles d'utilisation des murs en padel<\/h3>\n<p>Les murs d'un terrain de padel sont constitu\u00e9s de deux parties. Le verre et le m\u00e9tal. Les murs en verre qui entourent le terrain de padel sont consid\u00e9r\u00e9s comme \u00e9tant dans les limites du terrain, et la balle peut \u00eatre jou\u00e9e hors des murs pendant un \u00e9change.<\/p>\n<p>La cl\u00f4ture m\u00e9tallique est diff\u00e9rente de la cl\u00f4ture en verre. Les balles entrantes peuvent \u00eatre jou\u00e9es apr\u00e8s avoir rebondi sur la cl\u00f4ture, mais la cl\u00f4ture ne peut pas \u00eatre utilis\u00e9e pour les balles retourn\u00e9es.<\/p>\n<p>Un joueur peut frapper la balle sur les parois en verre dans n'importe quelle direction, y compris par-dessus le filet.<\/p>\n<h3>D\u00e9fauts<\/h3>\n<p>Une faute est commise lorsqu'un joueur ne renvoie pas la balle, la frappe en dehors des limites du terrain, la frappe dans le filet ou commet une faute de pied. L'\u00e9quipe adverse se voit attribuer un point lorsqu'une faute est commise.<\/p>\n<h3>Soit<\/h3>\n<p>Un let est appel\u00e9 lorsqu'il y a interf\u00e9rence avec le jeu, comme une balle qui roule sur le terrain depuis un autre terrain, ou lorsqu'un joueur n'est pas pr\u00eat \u00e0 recevoir le service. Dans ces cas, le point est rejou\u00e9 sans p\u00e9nalit\u00e9.<\/p>\n<p>Dans l'ensemble, le padel est un sport rapide et passionnant qui peut \u00eatre appr\u00e9ci\u00e9 par des joueurs de tous niveaux. Il est essentiel de comprendre les r\u00e8gles du jeu pour jouer et appr\u00e9cier le padel.<\/p>","protected":false},"excerpt":{"rendered":"<p>The rules of padel is similar to tennis but padel is played on a smaller court surrounded by walls. The game can be played in singles or doubles format. Padel rules Scoring system in padel Padel tennis is typically played in 3 sets, with each set consisting of six games. The winner of a set [&hellip;]<\/p>\n","protected":false},"author":1,"featured_media":680,"parent":591,"menu_order":0,"comment_status":"closed","ping_status":"closed","template":"page-start3.php","meta":{"_acf_changed":false,"footnotes":""},"tags":[],"acf":[],"_links":{"self":[{"href":"https:\/\/pistas365.com\/fr\/wp-json\/wp\/v2\/pages\/637"}],"collection":[{"href":"https:\/\/pistas365.com\/fr\/wp-json\/wp\/v2\/pages"}],"about":[{"href":"https:\/\/pistas365.com\/fr\/wp-json\/wp\/v2\/types\/page"}],"author":[{"embeddable":true,"href":"https:\/\/pistas365.com\/fr\/wp-json\/wp\/v2\/users\/1"}],"replies":[{"embeddable":true,"href":"https:\/\/pistas365.com\/fr\/wp-json\/wp\/v2\/comments?post=637"}],"version-history":[{"count":3,"href":"https:\/\/pistas365.com\/fr\/wp-json\/wp\/v2\/pages\/637\/revisions"}],"predecessor-version":[{"id":919,"href":"https:\/\/pistas365.com\/fr\/wp-json\/wp\/v2\/pages\/637\/revisions\/919"}],"up":[{"embeddable":true,"href":"https:\/\/pistas365.com\/fr\/wp-json\/wp\/v2\/pages\/591"}],"wp:featuredmedia":[{"embeddable":true,"href":"https:\/\/pistas365.com\/fr\/wp-json\/wp\/v2\/media\/680"}],"wp:attachment":[{"href":"https:\/\/pistas365.com\/fr\/wp-json\/wp\/v2\/media?parent=637"}],"wp:term":[{"taxonomy":"post_tag","embeddable":true,"href":"https:\/\/pistas365.com\/fr\/wp-json\/wp\/v2\/tags?post=637"}],"curies":[{"name":"wp","href":"https:\/\/api.w.org\/{rel}","templated":true}]}}