{"id":575,"date":"2022-11-17T12:45:00","date_gmt":"2022-11-17T11:45:00","guid":{"rendered":"https:\/\/pistas365.com\/?page_id=575"},"modified":"2023-03-02T11:03:55","modified_gmt":"2023-03-02T10:03:55","slug":"torrevieja","status":"publish","type":"page","link":"https:\/\/pistas365.com\/fr\/padel\/information\/cities\/torrevieja\/","title":{"rendered":"Padel \u00e0 Torrevieja"},"content":{"rendered":"<p><strong>Vous voulez jouer au padel \u00e0 Torrevieja et dans les environs ? Alors vous \u00eates au bon endroit !<\/strong><\/p>\n<p>Torrevieja a 320 jours de soleil par an et une communaut\u00e9 de padel tr\u00e8s active.<\/p>\n<p>\u00c0 Torrevieja et dans les r\u00e9gions voisines, Guardamar, Playa Flamenca, La Zenia, Campoamor et Mil Palmeras, vous trouverez.. :<\/p>\n<ul>\n<li><strong>7<\/strong> sites de padel<\/li>\n<li><strong>42<\/strong> terrains de padel ext\u00e9rieurs<\/li>\n<li><strong>9<\/strong> des courts de padel couverts ou en salle<\/li>\n<li><strong>3<\/strong> des magasins avec du mat\u00e9riel de padel.<\/li>\n<li><strong>15+<\/strong> entra\u00eeneurs de padel.<\/li>\n<li><strong>1<\/strong> \u00e9cole de padel pour enfants<\/li>\n<li><strong>30+<\/strong> activit\u00e9s de padel organis\u00e9es par semaine.<\/li>\n<\/ul>\n<p>Commen\u00e7ons par ce que nous pouvons trouver dans les limites de la ville de Torrevieja. Puis nous examinerons les zones environnantes.<\/p>\n<h2>Cours de padel \u00e0 Torrevieja<\/h2>\n<p><strong>Dans les limites de la ville de Torrevieja, il existe quatre sites de padel.<\/strong><\/p>\n<ol>\n<li><a href=\"https:\/\/pistas365.com\/novapadel\/\" target=\"_blank\" rel=\"noopener\">Nova Padel<\/a> - L'un des deux sites de padel couverts de Torrevieja. Nova dispose de 3 courts de padel int\u00e9rieurs et d'un court ext\u00e9rieur et c'est l\u00e0 que les joueurs de padel locaux s\u00e9rieux vont jouer. L'athmosph\u00e8re est centr\u00e9e sur le jeu, le niveau est \u00e9lev\u00e9 et les matchs sont intenses.<\/li>\n<li><a href=\"https:\/\/pistas365.com\/losangelespadel\/\" target=\"_blank\" rel=\"noopener\">Los Angeles Padel<\/a> - situ\u00e9 \u00e0 l'int\u00e9rieur d'un bar et d'un espace de loisirs tr\u00e8s accueillant appel\u00e9 Bar Los Angeles. L'atmosph\u00e8re est d\u00e9tendue et les joueurs de tous niveaux, \u00e2ges et nationalit\u00e9s se retrouvent pour appr\u00e9cier le padel, les boissons, la musique live et un plongeon dans la piscine.<\/li>\n<li><a href=\"https:\/\/pistas365.com\/padel-in\/\" target=\"_blank\" rel=\"noopener\">Padel-In<\/a> - la deuxi\u00e8me salle de padel couverte \u00e0 Torrevieja. Il y a une atmosph\u00e8re amicale, beaucoup d'activit\u00e9s de padel et beaucoup de joueurs de padel su\u00e9dois de tous les \u00e2ges et niveaux.<\/li>\n<li><strong>Marina Internacional Padel<\/strong> - Deux courts de padel ext\u00e9rieurs g\u00e9r\u00e9s par l'h\u00f4tel Marina Internacional Apartment situ\u00e9 dans la zone de la Marina internationale de Torrevieja. Les courts sont en bon \u00e9tat, mais l'objectif de ce lieu n'est pas principalement le padel.<\/li>\n<\/ol>\n<h3>Entra\u00eeneurs de padel \u00e0 Torrevieja<\/h3>\n<p><strong>Presque tous les sites de padel dans et autour de Torrevieja coop\u00e8rent avec des entra\u00eeneurs de padel qui peuvent \u00eatre r\u00e9serv\u00e9s par le site. Le prix est de 30-50 \u20ac par session d'entra\u00eenement.<\/strong><\/p>\n<p>Voici quelques suggestions d'entra\u00eeneurs priv\u00e9s de padel que vous pouvez facilement r\u00e9server en ligne d\u00e8s maintenant :<\/p>\n<ul>\n<li><a href=\"https:\/\/pistas365.com\/chelupadelcoach\/\" target=\"_blank\" rel=\"noopener\">Chelu Velasco<\/a> - un entra\u00eeneur de padel espagnol offrant ses services \u00e0 Los Angeles Padel dans le centre de Torrevieja.<\/li>\n<li><a href=\"https:\/\/pistas365.com\/javierricotediaz\/\" target=\"_blank\" rel=\"noopener\">Javier Ricote Diaz<\/a> - un entra\u00eeneur de padel espagnol au CDM Orihuela Costa (pr\u00e8s de Punta Prima).<\/li>\n<\/ul>\n<h3>Magasins de padel \u00e0 Torrevieja<\/h3>\n<p><strong>Tout d'abord, il n'y a pas de grand magasin de padel \u00e0 Torrevieja ou dans ses environs. Pour trouver ce type de magasins, il faut aller \u00e0 Alicante ou \u00e0 Murcie.<\/strong><\/p>\n<p>Cependant, \u00e0 Torrevieja, il y a quelques magasins avec du mat\u00e9riel de padel :<\/p>\n<ul>\n<li><strong>Dechatlon, boulevard Zenia<\/strong> - Il s'agit d'un \u00e9norme magasin de sport situ\u00e9 dans le centre commercial Zenia Boulevard, \u00e0 10 km au sud de Torrevieja. Il dispose de la meilleure offre de raquettes de padel, de grips, de balles de padel et de chaussures de padel de la r\u00e9gion.<\/li>\n<li><strong>Forum Sport, Habaneras<\/strong> - Il s'agit d'un grand magasin de sport situ\u00e9 dans le centre commercial Habaneras \u00e0 Torrevija. Il dispose d'une offre d\u00e9cente d'\u00e9quipement de padel et constitue la meilleure option pour le mat\u00e9riel de padel dans les limites de la ville de Torrevieja.<\/li>\n<li><strong>Sprinter Torrevieja,<\/strong> - Il s'agit d'un grand magasin de sport situ\u00e9 pr\u00e8s du centre commercial Habaneras. Il dispose d'un bon stock de mat\u00e9riel de padel et constitue la deuxi\u00e8me meilleure option pour le mat\u00e9riel de padel dans les limites de la ville de Torrevieja.<\/li>\n<li><strong>Sites de padel avec magasins<\/strong> - Certains des sites de padel de la r\u00e9gion disposent de petites boutiques de padel. Ce sont : Nova Padel (raquettes, balles, chaussures) et El Capitan (raquettes de padel Legend),<\/li>\n<\/ul>\n<h3>\u00c9cole de padel \u00e0 Torrevieja<\/h3>\n<p><strong>Il n'y a pas d'\u00e9cole de padel pour enfants \u00e0 Torrevieja, donc pour trouver un entra\u00eenement de padel pour vos enfants, vous avez deux options :<\/strong><\/p>\n<ol>\n<li><a href=\"https:\/\/pistas365.com\/javierricotediaz\/\" target=\"_blank\" rel=\"noopener\">Acad\u00e9mie de padel Ricote<\/a> - la seule \u00e9cole de padel oranis\u00e9e pour les enfants de la r\u00e9gion. Elle est situ\u00e9e pr\u00e8s de Punta Prima (\u00e0 environ 8 km de Torrevieja) et propose des formations pour les enfants de 6 \u00e0 15 ans.<\/li>\n<li><strong>Engager un entra\u00eeneur priv\u00e9 de padel<\/strong> - vous payez pour chaque le\u00e7on. La plupart des entra\u00eeneurs proposent des formations en groupe. Faites \u00e9quipe avec d'autres parents et cr\u00e9ez votre propre \u00e9cole de padel.<\/li>\n<\/ol>\n<h3>Tournois et activit\u00e9s de padel<\/h3>\n<p><strong>Les activit\u00e9s conjointes de padel comme les tournois Pay and Play, Americano et Winner Court sont tr\u00e8s populaires aupr\u00e8s de la communaut\u00e9 d'expatri\u00e9s de Torrevieja et des environs. <\/strong><\/p>\n<p>A Torrevieja, il y a un lieu qui organise r\u00e9guli\u00e8rement des activit\u00e9s de padel. Il s'agit de Padel-In. Cependant, dans les villes voisines de Playa Flamenca, La Zenia, Campoamor et Mil Palmeras, il y a beaucoup d'options que vous pouvez lire ci-dessous.<\/p>\n<h2>Padel \u00e0 Playa Flamenca<\/h2>\n<h2><\/h2>\n<p>&nbsp;<\/p>\n<p>&nbsp;<\/p>\n<p>&nbsp;<\/p>\n<p>&nbsp;<\/p>\n<p>&nbsp;<\/p>\n<p>&nbsp;<\/p>","protected":false},"excerpt":{"rendered":"<p>So you want to play padel in Torrevieja and surrounding areas? Then you have come to the right place! Torrevieja has 320 days of sunshine per year and a very active padel cummunity. In Torrevieja and neighbouring areas Guardamar, Playa Flamenca, La Zenia, Campoamor and Mil Palmeras you find: 7 padel venues 42 outdoor padel [&hellip;]<\/p>\n","protected":false},"author":1,"featured_media":590,"parent":706,"menu_order":0,"comment_status":"closed","ping_status":"closed","template":"","meta":{"_acf_changed":false,"footnotes":""},"tags":[],"acf":[],"_links":{"self":[{"href":"https:\/\/pistas365.com\/fr\/wp-json\/wp\/v2\/pages\/575"}],"collection":[{"href":"https:\/\/pistas365.com\/fr\/wp-json\/wp\/v2\/pages"}],"about":[{"href":"https:\/\/pistas365.com\/fr\/wp-json\/wp\/v2\/types\/page"}],"author":[{"embeddable":true,"href":"https:\/\/pistas365.com\/fr\/wp-json\/wp\/v2\/users\/1"}],"replies":[{"embeddable":true,"href":"https:\/\/pistas365.com\/fr\/wp-json\/wp\/v2\/comments?post=575"}],"version-history":[{"count":4,"href":"https:\/\/pistas365.com\/fr\/wp-json\/wp\/v2\/pages\/575\/revisions"}],"predecessor-version":[{"id":750,"href":"https:\/\/pistas365.com\/fr\/wp-json\/wp\/v2\/pages\/575\/revisions\/750"}],"up":[{"embeddable":true,"href":"https:\/\/pistas365.com\/fr\/wp-json\/wp\/v2\/pages\/706"}],"wp:featuredmedia":[{"embeddable":true,"href":"https:\/\/pistas365.com\/fr\/wp-json\/wp\/v2\/media\/590"}],"wp:attachment":[{"href":"https:\/\/pistas365.com\/fr\/wp-json\/wp\/v2\/media?parent=575"}],"wp:term":[{"taxonomy":"post_tag","embeddable":true,"href":"https:\/\/pistas365.com\/fr\/wp-json\/wp\/v2\/tags?post=575"}],"curies":[{"name":"wp","href":"https:\/\/api.w.org\/{rel}","templated":true}]}}