{"id":366,"date":"2022-03-22T15:30:33","date_gmt":"2022-03-22T14:30:33","guid":{"rendered":"https:\/\/pistas365.com\/?page_id=366"},"modified":"2022-03-30T11:48:28","modified_gmt":"2022-03-30T09:48:28","slug":"propos-de-nous","status":"publish","type":"page","link":"https:\/\/pistas365.com\/fr\/about-us\/","title":{"rendered":"A propos de nous"},"content":{"rendered":"<p><strong>Pistas365.com est une plateforme de r\u00e9servation et d'\u00e9v\u00e9nements pour les sports de raquette avec un objectif clair. Nous voulons que tout le monde dans le monde du sport de raquette profite de plus de jeu et de moins de travail !<\/strong><\/p>\n<ul>\n<li><strong>Pour nous, joueurs<\/strong> nous facilitons la recherche, la r\u00e9servation et la gestion de nos activit\u00e9s de sports de raquette pr\u00e9f\u00e9r\u00e9es.<\/li>\n<li><strong>Pour vous, propri\u00e9taires d'entreprises<\/strong>\u00a0nous fournissons une plateforme de services qui vous aide \u00e0 planifier, commercialiser, vendre, fournir et g\u00e9rer vos services de mani\u00e8re professionnelle et en gagnant du temps. <a href=\"https:\/\/pistas365.com\/fr\/ajoutez-entreprise\/\">Lire la suite...<\/a><\/li>\n<li><strong>Pour tout le monde<\/strong> dans la communaut\u00e9 du sport de raquette, nous voulons fournir un espace o\u00f9 nous pouvons nous connecter et faire du monde du sport de raquette un endroit encore meilleur pour jouer.<\/li>\n<\/ul>\n<p><strong>Bienvenue \u00e0<\/strong> la famille. C'est parti !<\/p>","protected":false},"excerpt":{"rendered":"<p>Pistas365.com is a racket sport booking and events platform with a clear focus. We want everybody in the racket sport world to enjoy more play and less work! For us players we make it easy to find, book and manage our favorite racket sport activities. For you business owners\u00a0we provide a service platform that helps [&hellip;]<\/p>\n","protected":false},"author":1,"featured_media":372,"parent":0,"menu_order":0,"comment_status":"closed","ping_status":"closed","template":"","meta":{"_acf_changed":false,"footnotes":""},"tags":[],"acf":[],"_links":{"self":[{"href":"https:\/\/pistas365.com\/fr\/wp-json\/wp\/v2\/pages\/366"}],"collection":[{"href":"https:\/\/pistas365.com\/fr\/wp-json\/wp\/v2\/pages"}],"about":[{"href":"https:\/\/pistas365.com\/fr\/wp-json\/wp\/v2\/types\/page"}],"author":[{"embeddable":true,"href":"https:\/\/pistas365.com\/fr\/wp-json\/wp\/v2\/users\/1"}],"replies":[{"embeddable":true,"href":"https:\/\/pistas365.com\/fr\/wp-json\/wp\/v2\/comments?post=366"}],"version-history":[{"count":0,"href":"https:\/\/pistas365.com\/fr\/wp-json\/wp\/v2\/pages\/366\/revisions"}],"wp:featuredmedia":[{"embeddable":true,"href":"https:\/\/pistas365.com\/fr\/wp-json\/wp\/v2\/media\/372"}],"wp:attachment":[{"href":"https:\/\/pistas365.com\/fr\/wp-json\/wp\/v2\/media?parent=366"}],"wp:term":[{"taxonomy":"post_tag","embeddable":true,"href":"https:\/\/pistas365.com\/fr\/wp-json\/wp\/v2\/tags?post=366"}],"curies":[{"name":"wp","href":"https:\/\/api.w.org\/{rel}","templated":true}]}}