{"id":35,"date":"2022-02-01T13:23:24","date_gmt":"2022-02-01T13:23:24","guid":{"rendered":"https:\/\/pistas365.com\/?page_id=35"},"modified":"2022-03-30T11:04:41","modified_gmt":"2022-03-30T09:04:41","slug":"badminton","status":"publish","type":"page","link":"https:\/\/pistas365.com\/fr\/badminton\/","title":{"rendered":"Des cours et activit\u00e9s de badminton pr\u00e8s de chez vous !"},"content":{"rendered":"<p style=\"text-align: center;\"><strong>Trouvez des salles, des terrains et des entra\u00eeneurs de badminton dans votre r\u00e9gion et entrez dans l'action !<\/strong><\/p>\n<p style=\"text-align: center;\">Chers fans de badminton ! L'accueil de notre site a \u00e9t\u00e9 formidable et nous sommes en train de signer beaucoup de clients dans notre section padel. Pour cette raison, il y a eu un l\u00e9ger retard avec notre page badminton. Nous vous prions de bien vouloir nous excuser pour ce d\u00e9sagr\u00e9ment, mais nous promettons de faire de notre mieux pour que tout soit op\u00e9rationnel sous peu !<\/p>","protected":false},"excerpt":{"rendered":"<p>Find badminton venues, courts and trainers in your area and get in on the action! Dear badminton fans! The reception of our site has been overwhelming and we are currently signing up a lot of clients in our padel section. For that reason there has been a slight delay with our badminton page. We apologize [&hellip;]<\/p>\n","protected":false},"author":1,"featured_media":36,"parent":0,"menu_order":3,"comment_status":"closed","ping_status":"closed","template":"page-start.php","meta":{"_acf_changed":false,"footnotes":""},"tags":[],"acf":[],"_links":{"self":[{"href":"https:\/\/pistas365.com\/fr\/wp-json\/wp\/v2\/pages\/35"}],"collection":[{"href":"https:\/\/pistas365.com\/fr\/wp-json\/wp\/v2\/pages"}],"about":[{"href":"https:\/\/pistas365.com\/fr\/wp-json\/wp\/v2\/types\/page"}],"author":[{"embeddable":true,"href":"https:\/\/pistas365.com\/fr\/wp-json\/wp\/v2\/users\/1"}],"replies":[{"embeddable":true,"href":"https:\/\/pistas365.com\/fr\/wp-json\/wp\/v2\/comments?post=35"}],"version-history":[{"count":0,"href":"https:\/\/pistas365.com\/fr\/wp-json\/wp\/v2\/pages\/35\/revisions"}],"wp:featuredmedia":[{"embeddable":true,"href":"https:\/\/pistas365.com\/fr\/wp-json\/wp\/v2\/media\/36"}],"wp:attachment":[{"href":"https:\/\/pistas365.com\/fr\/wp-json\/wp\/v2\/media?parent=35"}],"wp:term":[{"taxonomy":"post_tag","embeddable":true,"href":"https:\/\/pistas365.com\/fr\/wp-json\/wp\/v2\/tags?post=35"}],"curies":[{"name":"wp","href":"https:\/\/api.w.org\/{rel}","templated":true}]}}