{"id":308,"date":"2022-03-16T13:50:15","date_gmt":"2022-03-16T12:50:15","guid":{"rendered":"https:\/\/pistas365.com\/?page_id=308"},"modified":"2022-03-31T12:02:59","modified_gmt":"2022-03-31T10:02:59","slug":"politique-confidentialite","status":"publish","type":"page","link":"https:\/\/pistas365.com\/fr\/privacy-policy\/","title":{"rendered":"Politique de confidentialit\u00e9"},"content":{"rendered":"<p><strong>Sur Pistas365.com et sur les pages de nos partenaires accessibles depuis https:\/\/pistas365.com, l'une de nos principales priorit\u00e9s est le respect de la vie priv\u00e9e de nos visiteurs. <\/strong><\/p>\n<p>Le pr\u00e9sent document sur la politique de confidentialit\u00e9 contient les types d'informations qui sont collect\u00e9es et enregistr\u00e9es par Pistas365.com et la mani\u00e8re dont nous les utilisons.<\/p>\n<p>Si vous avez des questions suppl\u00e9mentaires ou si vous souhaitez obtenir plus d'informations sur notre politique de confidentialit\u00e9, n'h\u00e9sitez pas \u00e0 nous contacter.<\/p>\n<p>Cette politique de confidentialit\u00e9 s'applique uniquement \u00e0 nos activit\u00e9s en ligne et est valable pour les visiteurs de notre site Web en ce qui concerne les informations qu'ils ont partag\u00e9es et\/ou collect\u00e9es sur Pistas365.com. Cette politique n'est pas applicable aux informations collect\u00e9es hors ligne ou via des canaux autres que ce site Web.<\/p>\n<h3>Consentement<\/h3>\n<p>En utilisant notre site web, vous consentez par la pr\u00e9sente \u00e0 notre politique de confidentialit\u00e9 et acceptez ses conditions.<\/p>\n<h3>Informations que nous recueillons<\/h3>\n<p>Les informations personnelles que l'on vous demande de fournir, et les raisons pour lesquelles on vous demande de les fournir, vous seront expliqu\u00e9es clairement au moment o\u00f9 nous vous demanderons de fournir vos informations personnelles.<\/p>\n<p>Si vous nous contactez directement, nous pouvons recevoir des informations suppl\u00e9mentaires vous concernant, telles que votre nom, votre adresse \u00e9lectronique, votre num\u00e9ro de t\u00e9l\u00e9phone, le contenu du message et\/ou des pi\u00e8ces jointes que vous pouvez nous envoyer, et toute autre information que vous pouvez choisir de fournir.<\/p>\n<p>Lorsque vous vous inscrivez \u00e0 un compte, nous pouvons vous demander vos coordonn\u00e9es, notamment votre nom, le nom de votre soci\u00e9t\u00e9, votre adresse, votre adresse \u00e9lectronique et votre num\u00e9ro de t\u00e9l\u00e9phone.<\/p>\n<h2>Comment nous utilisons vos informations<\/h2>\n<p>Nous utilisons les informations que nous recueillons de diverses mani\u00e8res, notamment pour :<\/p>\n<ul>\n<li>Fournir, exploiter et maintenir notre site web<\/li>\n<li>am\u00e9liorer, personnaliser et d\u00e9velopper notre site web<\/li>\n<li>Comprendre et analyser la fa\u00e7on dont vous utilisez notre site web<\/li>\n<li>d\u00e9velopper de nouveaux produits, services, caract\u00e9ristiques et fonctionnalit\u00e9s<\/li>\n<li>Communiquer avec vous, soit directement, soit par l'interm\u00e9diaire de l'un de nos partenaires, notamment dans le cadre du service client\u00e8le, pour vous fournir des mises \u00e0 jour et d'autres informations relatives au site web, ainsi qu'\u00e0 des fins de marketing et de promotion.<\/li>\n<li>Vous envoyer des courriels<\/li>\n<li>Trouver et pr\u00e9venir la fraude<\/li>\n<\/ul>\n<h3>Fichiers journaux<\/h3>\n<p>Pistas365.com suit une proc\u00e9dure standard d'utilisation de fichiers journaux. Ces fichiers enregistrent les visiteurs lorsqu'ils se rendent sur des sites Web. Toutes les soci\u00e9t\u00e9s d'h\u00e9bergement le font et cela fait partie de l'analyse des services d'h\u00e9bergement. Les informations recueillies par les fichiers journaux comprennent les adresses de protocole Internet (IP), le type de navigateur, le fournisseur d'acc\u00e8s Internet (FAI), la date et l'heure, les pages de renvoi et de sortie et \u00e9ventuellement le nombre de clics. Ces donn\u00e9es ne sont pas li\u00e9es \u00e0 des informations permettant d'identifier une personne. L'objectif de ces informations est d'analyser les tendances, d'administrer le site, de suivre les mouvements des utilisateurs sur le site et de recueillir des informations d\u00e9mographiques.<\/p>\n<h3>Cookies et balises Web<\/h3>\n<p>Comme tout autre site Web, Pistas365.com utilise des \"cookies\". Ces cookies sont utilis\u00e9s pour stocker des informations, notamment les pr\u00e9f\u00e9rences des visiteurs et les pages du site Web auxquelles le visiteur a acc\u00e9d\u00e9 ou qu'il a visit\u00e9es. Ces informations sont utilis\u00e9es pour optimiser l'exp\u00e9rience des utilisateurs en personnalisant le contenu de nos pages Web en fonction du type de navigateur des visiteurs et\/ou d'autres informations.<\/p>\n<h3>Cookie DART DoubleClick de Google<\/h3>\n<p>Google est l'un des fournisseurs tiers de notre site. Il utilise \u00e9galement des cookies, connus sous le nom de cookies DART, pour diffuser des annonces aux visiteurs de notre site en fonction de leur visite sur www.website.com et d'autres sites sur Internet. Toutefois, les visiteurs peuvent choisir de refuser l'utilisation des cookies DART en consultant les r\u00e8gles de confidentialit\u00e9 du r\u00e9seau de contenu et d'annonces de Google \u00e0 l'adresse suivante : www. google.com. <a href=\"https:\/\/policies.google.com\/technologies\/ads\">https:\/\/policies.google.com\/technologies\/ads<\/a><\/p>\n<h2>Nos partenaires publicitaires<\/h2>\n<p>Certains des annonceurs pr\u00e9sents sur notre site peuvent utiliser des cookies et des balises web. Nos partenaires publicitaires sont \u00e9num\u00e9r\u00e9s ci-dessous. Chacun de nos partenaires publicitaires dispose de sa propre politique de confidentialit\u00e9 pour ses politiques relatives aux donn\u00e9es des utilisateurs. Pour un acc\u00e8s plus facile, nous avons \u00e9tabli un hyperlien vers leurs politiques de confidentialit\u00e9 ci-dessous.<\/p>\n<ul>\n<li>Google <a href=\"https:\/\/policies.google.com\/technologies\/ads\">https:\/\/policies.google.com\/technologies\/ads<\/a><\/li>\n<\/ul>\n<h3>Partenaires publicitaires Politiques de confidentialit\u00e9<\/h3>\n<p>Vous pouvez consulter cette liste pour trouver la politique de confidentialit\u00e9 de chacun des partenaires publicitaires de Pistas365.com.<\/p>\n<p>Les serveurs publicitaires ou r\u00e9seaux publicitaires tiers utilisent des technologies telles que les cookies, le JavaScript ou les balises Web qui sont utilis\u00e9es dans leurs publicit\u00e9s et liens respectifs qui apparaissent sur Pistas365.com et qui sont envoy\u00e9s directement au navigateur des utilisateurs. Ils re\u00e7oivent automatiquement votre adresse IP lorsque cela se produit. Ces technologies sont utilis\u00e9es pour mesurer l'efficacit\u00e9 de leurs campagnes publicitaires et\/ou pour personnaliser le contenu publicitaire que vous voyez sur les sites Web que vous visitez.<\/p>\n<p>Notez que Pistas365.com n'a aucun acc\u00e8s ou contr\u00f4le sur ces cookies qui sont utilis\u00e9s par des annonceurs tiers.<\/p>\n<h3>Politiques de confidentialit\u00e9 des tiers<\/h3>\n<p>La politique de confidentialit\u00e9 de Pistas365.com ne s'applique pas aux autres annonceurs ou sites Web. Nous vous conseillons donc de consulter les politiques de confidentialit\u00e9 respectives de ces serveurs publicitaires tiers pour obtenir des informations plus d\u00e9taill\u00e9es. Il peut s'agir de leurs pratiques et d'instructions sur la mani\u00e8re de refuser certaines options.<\/p>\n<p>Vous pouvez choisir de d\u00e9sactiver les cookies par le biais des options de votre navigateur individuel. Pour conna\u00eetre des informations plus d\u00e9taill\u00e9es sur la gestion des cookies avec des navigateurs web sp\u00e9cifiques, vous pouvez consulter les sites web respectifs de ces navigateurs.<\/p>\n<h2>Droits de protection des donn\u00e9es GDPR<\/h2>\n<p>Nous souhaitons nous assurer que vous \u00eates pleinement conscient de tous vos droits en mati\u00e8re de protection des donn\u00e9es. Chaque utilisateur a les droits suivants :<\/p>\n<p>Le droit d'acc\u00e8s - Vous avez le droit de demander des copies de vos donn\u00e9es personnelles. Il se peut que nous vous facturions une petite somme pour ce service.<\/p>\n<p>Le droit de rectification - Vous avez le droit de nous demander de corriger toute information que vous jugez inexacte. Vous avez \u00e9galement le droit de nous demander de compl\u00e9ter les informations qui, selon vous, sont incompl\u00e8tes.<\/p>\n<p>Le droit \u00e0 l'effacement - Vous avez le droit de nous demander d'effacer vos donn\u00e9es personnelles, sous certaines conditions.<\/p>\n<p>Le droit de restreindre le traitement - Vous avez le droit de nous demander de restreindre le traitement de vos donn\u00e9es personnelles, sous certaines conditions.<\/p>\n<p>Le droit de s'opposer au traitement - Vous avez le droit de vous opposer \u00e0 notre traitement de vos donn\u00e9es personnelles, sous certaines conditions.<\/p>\n<p>Le droit \u00e0 la portabilit\u00e9 des donn\u00e9es - Vous avez le droit de nous demander de transf\u00e9rer les donn\u00e9es que nous avons collect\u00e9es \u00e0 une autre organisation, ou directement \u00e0 vous, sous certaines conditions.<\/p>\n<p>Si vous faites une demande, nous avons un mois pour vous r\u00e9pondre. Si vous souhaitez exercer l'un de ces droits, veuillez nous contacter.<\/p>\n<h2>Informations pour les enfants<\/h2>\n<p>Une autre partie de notre priorit\u00e9 est d'ajouter la protection des enfants lorsqu'ils utilisent l'internet. Nous encourageons les parents et les tuteurs \u00e0 observer, participer et\/ou surveiller et guider leur activit\u00e9 en ligne.<\/p>\n<p>Pistas365.com ne collecte pas sciemment d'informations personnelles identifiables aupr\u00e8s d'enfants \u00e2g\u00e9s de moins de 13 ans. Si vous pensez que votre enfant a fourni ce type d'informations sur notre site Web, nous vous encourageons vivement \u00e0 nous contacter imm\u00e9diatement et nous ferons tout notre possible pour supprimer rapidement ces informations de nos dossiers.<\/p>","protected":false},"excerpt":{"rendered":"<p>At Pistas365.com and our related partner-pages accessible from https:\/\/pistas365.com, one of our main priorities is the privacy of our visitors. This Privacy Policy document contains the types of information that is collected and recorded by Pistas365.com and how we use it. If you have additional questions or require more information about our Privacy Policy, do [&hellip;]<\/p>\n","protected":false},"author":1,"featured_media":0,"parent":0,"menu_order":0,"comment_status":"closed","ping_status":"closed","template":"","meta":{"_acf_changed":false,"footnotes":""},"tags":[],"acf":[],"_links":{"self":[{"href":"https:\/\/pistas365.com\/fr\/wp-json\/wp\/v2\/pages\/308"}],"collection":[{"href":"https:\/\/pistas365.com\/fr\/wp-json\/wp\/v2\/pages"}],"about":[{"href":"https:\/\/pistas365.com\/fr\/wp-json\/wp\/v2\/types\/page"}],"author":[{"embeddable":true,"href":"https:\/\/pistas365.com\/fr\/wp-json\/wp\/v2\/users\/1"}],"replies":[{"embeddable":true,"href":"https:\/\/pistas365.com\/fr\/wp-json\/wp\/v2\/comments?post=308"}],"version-history":[{"count":0,"href":"https:\/\/pistas365.com\/fr\/wp-json\/wp\/v2\/pages\/308\/revisions"}],"wp:attachment":[{"href":"https:\/\/pistas365.com\/fr\/wp-json\/wp\/v2\/media?parent=308"}],"wp:term":[{"taxonomy":"post_tag","embeddable":true,"href":"https:\/\/pistas365.com\/fr\/wp-json\/wp\/v2\/tags?post=308"}],"curies":[{"name":"wp","href":"https:\/\/api.w.org\/{rel}","templated":true}]}}