{"id":898,"date":"2025-02-21T12:58:46","date_gmt":"2025-02-21T11:58:46","guid":{"rendered":"https:\/\/pistas365.com\/?page_id=898"},"modified":"2026-02-24T09:56:47","modified_gmt":"2026-02-24T08:56:47","slug":"crear-centro-padel","status":"publish","type":"page","link":"https:\/\/pistas365.com\/es\/padel\/information\/successful-padel-facility\/","title":{"rendered":"C\u00f3mo crear una instalaci\u00f3n de p\u00e1del exitosa"},"content":{"rendered":"<p><strong>La creaci\u00f3n de una instalaci\u00f3n de p\u00e1del de \u00e9xito gira fundamentalmente en torno a la creaci\u00f3n de un entorno que ofrezca grandes experiencias a sus visitantes.<\/strong><\/p>\n<p>Es importante recordar que una experiencia de p\u00e1del consta de varias partes. Juntas, estas partes forman la experiencia global que hace que el visitante decida volver.<\/p>\n<p>Echemos un vistazo a algunos de los componentes pr\u00e1cticos de una fant\u00e1stica experiencia de p\u00e1del.<\/p>\n<div class=\"accordion-section\">\r\n<h3 class=\"accordion-section-title\" data-item=\"accordion-1-provide-online-booking\">1. Proporcionar reservas en l\u00ednea<\/h3>\r\n<div class=\"accordion-section-content\" data-item=\"accordion-1-provide-online-booking\"><\/p>\n<p><strong>El primer obst\u00e1culo que debe superar un nuevo visitante es reservar pista. Debe resultar f\u00e1cil y seguro.<\/strong><\/p>\n<ol>\n<li><strong>Necesitas<\/strong> un sitio web representativo y f\u00e1cil de usar. Es la tienda en la que su visitante entra y crea su primera impresi\u00f3n.<\/li>\n<li><strong>\u00a0Si su<\/strong> p\u00fablico objetivo est\u00e1 formado por visitantes de distintos pa\u00edses, debe poder atenderlos en su propio idioma.<\/li>\n<li><strong>F\u00e1cil reserva en l\u00ednea<\/strong> - Los jugadores de p\u00e1del esperan poder encontrar y reservar horas disponibles a trav\u00e9s de su tel\u00e9fono. Un sitio web adaptado a dispositivos m\u00f3viles que facilite las reservas es imprescindible.<\/li>\n<li><strong>Una aplicaci\u00f3n m\u00f3vil<\/strong> para reservar puede ser bueno, pero tenga en cuenta que los visitantes temporales pueden resistirse a descargar, comprender, crear una cuenta y facilitar informaci\u00f3n de su tarjeta de cr\u00e9dito para hacer una reserva con usted.<\/li>\n<\/ol>\n<p><\/div>\r\n<\/div>\r\n\n<div class=\"accordion-section\">\r\n<h3 class=\"accordion-section-title\" data-item=\"accordion-2-make-a-strong-first-impression\">2. Causar una buena primera impresi\u00f3n<\/h3>\r\n<div class=\"accordion-section-content\" data-item=\"accordion-2-make-a-strong-first-impression\"><\/p>\n<p><strong>La primera impresi\u00f3n es poderosa. Puede influir en ella satisfaciendo las necesidades pr\u00e1cticas y las expectativas est\u00e9ticas de sus visitantes. Debe ofrecer un entorno atractivo y f\u00e1cil de recorrer.<\/strong><\/p>\n<ol>\n<li><strong>Acceda a<\/strong> - Cuando un jugador llega a una instalaci\u00f3n de p\u00e1del, quiere poder aparcar y encontrar f\u00e1cilmente el lugar adecuado.<\/li>\n<li><strong>Recepci\u00f3n<\/strong> - Si hay personal en la instalaci\u00f3n, debe recibir y guiar correctamente al visitante. Si no hay personal, el visitante debe recibir instrucciones claras antes y durante la visita. Esto significa enviar informaci\u00f3n clara en la confirmaci\u00f3n de la reserva y disponer de una buena se\u00f1alizaci\u00f3n en la instalaci\u00f3n.<\/li>\n<li><strong>Medio ambiente<\/strong> - Es importante tener en cuenta que una experiencia de p\u00e1del est\u00e1 muy influenciada por el entorno en el que se desarrolla. Que todo est\u00e9 intacto y limpio es un m\u00ednimo para una experiencia de tres estrellas.<\/li>\n<li><strong>Para aquellos<\/strong> que quieren ofrecer a sus visitantes una experiencia de cuatro o cinco estrellas, se trata de proporcionar un entorno est\u00e9ticamente agradable y c\u00f3modo, sin defectos visibles. En un establecimiento sin personal, centrarse en el entorno puede compensar la p\u00e9rdida de servicio debida a la falta de recepci\u00f3n personal.<\/li>\n<li><strong>Instalaciones de servicio<\/strong> - Los jugadores de p\u00e1del esperan tener acceso a los aseos, as\u00ed como a la venta de agua, pelotas, grips y alquiler de raquetas de p\u00e1del antes de su partido.<\/li>\n<\/ol>\n<p><\/div>\r\n<\/div>\r\n\n<div class=\"accordion-section\">\r\n<h3 class=\"accordion-section-title\" data-item=\"accordion-3-deliver-a-great-game-experience\">3. Ofrecer una gran experiencia de juego<\/h3>\r\n<div class=\"accordion-section-content\" data-item=\"accordion-3-deliver-a-great-game-experience\"><\/p>\n<p><strong>La experiencia de juego en una pista de p\u00e1del consiste en la calidad y el estado de la pista.<\/strong><\/p>\n<ol>\n<li><strong>Una buena<\/strong> pista tiene un rebote constante en toda la superficie, con muy pocas zonas irregulares en las que la pelota rebote de forma impredecible.<\/li>\n<li><strong>La pista<\/strong> debe tener una capa uniforme de arena bien distribuida. Las zonas con mucha arena en la superficie afectan al rebote de la pelota y aumentan el riesgo de resbalones y lesiones.<\/li>\n<li><strong>Las redes<\/strong> debe estar intacta y bien tensada. Una cinta m\u00e1s ancha en la parte superior de la red no tiene ning\u00fan efecto pr\u00e1ctico, pero contribuye a dar una sensaci\u00f3n de calidad.<\/li>\n<li><strong>Los cristales<\/strong> de las pistas deben estar bien pulido y la pistas deben estar libres de escombros.<\/li>\n<li><strong>Las pistas<\/strong> no debe tener ning\u00fan defecto en los herrajes, las vallas, la instalaci\u00f3n de redes o cualquier otro elemento que pueda aumentar el riesgo de lesiones durante el juego.<\/li>\n<li><strong>Las pistas<\/strong>\u00a0deben estar bien se\u00f1alizadas con los n\u00fameros y las normas de uso. Tambi\u00e9n debe haber informaci\u00f3n sobre reservas y otros servicios en cada pista.<\/li>\n<li><strong>Una red<\/strong> Una red que reduzca el n\u00famero de pelotas golpeadas fuera de la pista debe instalarse en el lado corto de la pista, pero tambi\u00e9n en el lado largo si es necesario. Sobre todo si hay riesgo de que se pierdan pelotas. As\u00ed se reducen las interrupciones del juego tanto en la pista propia como en las adyacentes.<\/li>\n<li><strong>Fuera del<\/strong> la entrada de la pista debe haber acceso a cuatro asientos. Una ventaja es que tambi\u00e9n haya sombra y una mesa.<\/li>\n<li><strong>Cuanto mejor<\/strong> el estado visual de una pista, mejor ser\u00e1 la experiencia de juego. Intente eliminar todos los da\u00f1os visibles, como manchas de \u00f3xido, vallas desiguales, reparaciones de la red, cables sueltos y otras cosas que puedan molestar a la vista.<\/li>\n<\/ol>\n<p><\/div>\r\n<\/div>\r\n\n<div class=\"accordion-section\">\r\n<h3 class=\"accordion-section-title\" data-item=\"accordion-4-don-t-forget-the-after-padel\">4. No olvide el After-Padel<\/h3>\r\n<div class=\"accordion-section-content\" data-item=\"accordion-4-don-t-forget-the-after-padel\"><\/p>\n<p><strong>El p\u00e1del es un deporte social, y la mayor\u00eda de los jugadores dan mucha importancia a lo que ocurre fuera de la pista. <\/strong><\/p>\n<p>Crear un entorno y una atm\u00f3sfera que contribuyan a una gran experiencia despu\u00e9s de la ciudadela refuerza el sentido de comunidad y contribuye a la experiencia global.<\/p>\n<ol>\n<li><strong>Un bonito bar<\/strong> y restaurante con vistas a las pistas es un sue\u00f1o para cualquier jugador de p\u00e1del sediento y sociable.<\/li>\n<li><strong>En ausencia<\/strong> de un bar y o restaurante, deber\u00eda haber otro lugar de reuni\u00f3n agradable con mesas, sillas y acceso a la sombra. Cuanto m\u00e1s atractivo sea este entorno, m\u00e1s especiales se sentir\u00e1n sus visitantes.<\/li>\n<\/ol>\n<p><\/div>\r\n<\/div>\r\n\n<hr \/>\n<p>Este texto resume algunos de los factores f\u00edsicos que hemos visto que conducen al \u00e9xito con nuestros propios clientes y en instalaciones de p\u00e1del de todo el mundo. Esperamos que algo de esto pueda ayudarte a seguir teniendo \u00e9xito.<\/p>\n<p>En nuestro pr\u00f3ximo art\u00edculo (pr\u00f3ximamente) examinaremos m\u00e1s de cerca las operaciones y la gesti\u00f3n.<\/p>","protected":false},"excerpt":{"rendered":"<p>Creating a successful padel facility fundamentally revolves around creating an environment that delivers great experiences to its visitors. It is important to remember that a padel experience consists of several parts. Together, these parts form the overall experience that makes the visitor choose to return. Let&#8217;s take a closer look at the some of the [&hellip;]<\/p>\n","protected":false},"author":1,"featured_media":900,"parent":591,"menu_order":5,"comment_status":"closed","ping_status":"closed","template":"","meta":{"_acf_changed":false,"footnotes":""},"tags":[],"acf":[],"_links":{"self":[{"href":"https:\/\/pistas365.com\/es\/wp-json\/wp\/v2\/pages\/898"}],"collection":[{"href":"https:\/\/pistas365.com\/es\/wp-json\/wp\/v2\/pages"}],"about":[{"href":"https:\/\/pistas365.com\/es\/wp-json\/wp\/v2\/types\/page"}],"author":[{"embeddable":true,"href":"https:\/\/pistas365.com\/es\/wp-json\/wp\/v2\/users\/1"}],"replies":[{"embeddable":true,"href":"https:\/\/pistas365.com\/es\/wp-json\/wp\/v2\/comments?post=898"}],"version-history":[{"count":4,"href":"https:\/\/pistas365.com\/es\/wp-json\/wp\/v2\/pages\/898\/revisions"}],"predecessor-version":[{"id":960,"href":"https:\/\/pistas365.com\/es\/wp-json\/wp\/v2\/pages\/898\/revisions\/960"}],"up":[{"embeddable":true,"href":"https:\/\/pistas365.com\/es\/wp-json\/wp\/v2\/pages\/591"}],"wp:featuredmedia":[{"embeddable":true,"href":"https:\/\/pistas365.com\/es\/wp-json\/wp\/v2\/media\/900"}],"wp:attachment":[{"href":"https:\/\/pistas365.com\/es\/wp-json\/wp\/v2\/media?parent=898"}],"wp:term":[{"taxonomy":"post_tag","embeddable":true,"href":"https:\/\/pistas365.com\/es\/wp-json\/wp\/v2\/tags?post=898"}],"curies":[{"name":"wp","href":"https:\/\/api.w.org\/{rel}","templated":true}]}}