{"id":730,"date":"2023-02-28T14:23:47","date_gmt":"2023-02-28T13:23:47","guid":{"rendered":"https:\/\/pistas365.com\/?page_id=730"},"modified":"2023-03-30T14:15:31","modified_gmt":"2023-03-30T12:15:31","slug":"tribunal-de-ganadores","status":"publish","type":"page","link":"https:\/\/pistas365.com\/es\/padel\/information\/rules\/winners-court\/","title":{"rendered":"Torneo Pista de Ganadores"},"content":{"rendered":"<p><strong>El torneo Pista de Ganadores se basa en el cl\u00e1sico juego \"El Rey de la Colina\". Es sencillo de organizar y funciona bien para jugadores de diferentes niveles.\u00a0<\/strong><\/p>\n<p>El objetivo de este torneo es realmente sencillo. Tienes que abrirte camino hasta la pista de los ganadores y defender tu puesto hasta el final.<\/p>\n<h2>Reglas para un Pista de Ganadores<\/h2>\n<p>El torneo Pista de Ganadores se juega por parejas. Los parejas pueden ser fijos durante todo el torneo o reorganizarse despu\u00e9s de cada ronda.<\/p>\n<ol>\n<li>Antes de la primera ronda de el torneo, un sorteo decide los rivales de cada pareja y la pista inicial.<\/li>\n<li>Una vez comenzado el partido, las reglas son sencillas. Los ganadores suben un nivel (pista) y los perdedores bajan.<\/li>\n<li>Ganar en la pista de los ganadores significa que los jugadores conservan su puesto.<\/li>\n<li>El objetivo es ser el ganador del \u00faltimo partido en la pista de los ganadores.<\/li>\n<li>Los partidos pueden jugarse utilizando cualquier sistema de recuento de puntos. Lo importante es que ning\u00fan partido acabe en empate.<\/li>\n<li>Puedes jugar por un n\u00famero preestablecido de puntos o juegos o puedes utilizar un temporizador para que todos los partidos tengan la misma duraci\u00f3n.<\/li>\n<li>Los \u00faltimos hombres o mujeres que queden en pie como ganadores en la pista de ganadores tras el \u00faltimo partido son los ganadores del torneo.<\/li>\n<\/ol>\n<h3>Pista de Ganadores americano<\/h3>\n<p>El torneo de Pista de Ganadores se juega normalmente en parejas fijos, pero tambi\u00e9n puede jugarse individualmente. Este estilo de juego se denomina a veces Pista de Ganadores americano, split o mixto.<\/p>\n<ol>\n<li>En la primera ronda, la asignaci\u00f3n de compa\u00f1eros de juego, pistas de salida y rivales se determina por sorteo.<\/li>\n<li>En cada nueva partida, se cambian las parejas de juego.<\/li>\n<li>En caso de victoria, los ganadores avanzan una pista y cambian de pareja. Los perdedores bajan una pista y cambian de pareja.<\/li>\n<li>Ganar en la \"cancha de los ganadores\" significa que los jugadores conservan su puesto, pero jugar\u00e1n con nuevos compa\u00f1eros en el siguiente partido.<\/li>\n<\/ol>\n<h3>Ganadores Court Challenger<\/h3>\n<p>Cuando se juega un torneo Winners Court, el n\u00famero de equipos suele dividirse equitativamente por el n\u00famero de pistas. 6 equipos = 3 pistas. Pero puedes a\u00f1adir un equipo aspirante extra. Esto significa 3 pistas = 7 equipos. 6 equipos juegan, un equipo descansa.<\/p>\n<ol>\n<li>El equipo retador tiene que esperar su oportunidad para entrar en el juego.<\/li>\n<li>Una vez finalizada la primera ronda, los contendientes intercambian su lugar con los perdedores en la pista m\u00e1s alejada de la de los ganadores.<\/li>\n<li>Para seguir en juego, el aspirante tiene que ganar su partido. Si pierden, tendr\u00e1n que abandonar la pista y esperar otra ronda.<\/li>\n<\/ol>\n<h2>Organizaci\u00f3n de un Pista de Ganadores<\/h2>\n<p>El torneo en pista de los ganadores es probablemente el m\u00e1s f\u00e1cil de organizar.<\/p>\n<ul>\n<li>Se necesita un m\u00ednimo de 8 jugadores o 6 parejas.<\/li>\n<li>No hay un l\u00edmite m\u00e1ximo para el n\u00famero de participantes, pero lo mejor es que el n\u00famero de jugadores sea divisible por cuatro.<\/li>\n<li>Puedes jugar por cualquier n\u00famero de puntos. 25 puntos suele funcionar bien.<\/li>\n<li>El uso de un cron\u00f3metro ayuda a mantener el torneo dentro del tiempo previsto. Jugar durante 12-15 minutos suele funcionar bien.<\/li>\n<li>Otra buena alternativa para mantener el torneo dentro de los plazos es finalizar todos los partidos en cuanto termine el primero de la ronda en curso.<\/li>\n<\/ul>\n<p>Debido al sistema de Pista de Ganadores, es posible que juegues varias veces con los mismos compa\u00f1eros y oponentes. Al mismo tiempo, este torneo ofrece partidos igualados, ya que cuanto mejor juegues, m\u00e1s duros ser\u00e1n los rivales.<\/p>\n<p>En general, el torneo en pista de ganadores es una de las mejores formas de competir y divertirse en el p\u00e1del. Tiene todas las ventajas del <a href=\"https:\/\/pistas365.com\/es\/padel\/informacion\/normas\/torneo-americano\/\">padel americano<\/a> y <a href=\"https:\/\/pistas365.com\/es\/padel\/informacion\/normas\/torneo-mexicano\/\">padel mexicano<\/a> pero es m\u00e1s f\u00e1cil de organizar y puede ser a\u00fan m\u00e1s competitivo.<\/p>","protected":false},"excerpt":{"rendered":"<p>The Winners Court tournament is based on the classic game &#8220;King Of The Hill&#8221;. It is simple to arrange and works well for players at different levels.\u00a0 The objective of this tournament is really simple. You need to fight your way up to winners court and then defend your place there until the end. Rules [&hellip;]<\/p>\n","protected":false},"author":1,"featured_media":738,"parent":637,"menu_order":3,"comment_status":"closed","ping_status":"closed","template":"","meta":{"_acf_changed":false,"footnotes":""},"tags":[],"acf":[],"_links":{"self":[{"href":"https:\/\/pistas365.com\/es\/wp-json\/wp\/v2\/pages\/730"}],"collection":[{"href":"https:\/\/pistas365.com\/es\/wp-json\/wp\/v2\/pages"}],"about":[{"href":"https:\/\/pistas365.com\/es\/wp-json\/wp\/v2\/types\/page"}],"author":[{"embeddable":true,"href":"https:\/\/pistas365.com\/es\/wp-json\/wp\/v2\/users\/1"}],"replies":[{"embeddable":true,"href":"https:\/\/pistas365.com\/es\/wp-json\/wp\/v2\/comments?post=730"}],"version-history":[{"count":3,"href":"https:\/\/pistas365.com\/es\/wp-json\/wp\/v2\/pages\/730\/revisions"}],"predecessor-version":[{"id":757,"href":"https:\/\/pistas365.com\/es\/wp-json\/wp\/v2\/pages\/730\/revisions\/757"}],"up":[{"embeddable":true,"href":"https:\/\/pistas365.com\/es\/wp-json\/wp\/v2\/pages\/637"}],"wp:featuredmedia":[{"embeddable":true,"href":"https:\/\/pistas365.com\/es\/wp-json\/wp\/v2\/media\/738"}],"wp:attachment":[{"href":"https:\/\/pistas365.com\/es\/wp-json\/wp\/v2\/media?parent=730"}],"wp:term":[{"taxonomy":"post_tag","embeddable":true,"href":"https:\/\/pistas365.com\/es\/wp-json\/wp\/v2\/tags?post=730"}],"curies":[{"name":"wp","href":"https:\/\/api.w.org\/{rel}","templated":true}]}}