{"id":650,"date":"2023-02-16T13:00:17","date_gmt":"2023-02-16T12:00:17","guid":{"rendered":"https:\/\/pistas365.com\/?page_id=650"},"modified":"2023-10-04T16:41:45","modified_gmt":"2023-10-04T14:41:45","slug":"torneo-mexicano","status":"publish","type":"page","link":"https:\/\/pistas365.com\/es\/padel\/information\/rules\/mexicano-tournament\/","title":{"rendered":"Torneo Mexicano de P\u00e1del"},"content":{"rendered":"<p><strong>El torneo de p\u00e1del mexicano es una forma estupenda de organizar un torneo para jugadores de diferentes niveles de juego.<\/strong><\/p>\n<p>Al igual que el <a href=\"https:\/\/pistas365.com\/es\/padel\/informacion\/normas\/torneo-americano\/\">torneo americano<\/a> el mexicano es muy social y una gran manera de jugar con nuevos oponentes y conocer nuevos amigos.<\/p>\n<h2>Reglas del p\u00e1del mexicano<\/h2>\n<p><strong>En el mexicano el orden de contra qui\u00e9n juegas no est\u00e1 predeterminado, sino que se crea en funci\u00f3n de los resultados de los otros partidos.<\/strong><\/p>\n<ol>\n<li>Una loter\u00eda decide con qui\u00e9n y contra qui\u00e9n juegas en tu primera partida.<\/li>\n<li>A partir de tu segundo partido, es la puntuaci\u00f3n de los otros partidos la que decide tu fe.<\/li>\n<li>El enfrentamiento de las partidas depende completamente de los resultados actuales en la tabla de clasificaci\u00f3n. Los n\u00fameros 1 y 3 juegan contra 2 y 4. 5 y 7 juegan contra 6 y 8 y as\u00ed sucesivamente.<\/li>\n<li>Una vez que la tabla se haya asentado tras unas cuantas rondas, los partidos estar\u00e1n igualados. Cuanto mejor juegues, m\u00e1s dif\u00edcil ser\u00e1 el rival y viceversa.<\/li>\n<li>El sistema de puntuaci\u00f3n y enfrentamiento del mexicano permite jugar varias veces con y contra el mismo jugador.<\/li>\n<\/ol>\n<h3>C\u00e1lculo de la puntuaci\u00f3n<\/h3>\n<ul>\n<li>Cada partido se juega por un n\u00famero determinado de puntos. Normalmente 16, 24 o 32. Los partidos tambi\u00e9n pueden jugarse durante un periodo de tiempo preestablecido de 10-20 minutos.<\/li>\n<li>Cada equipo saca 4 \u00f3 6 veces. A continuaci\u00f3n, se pasa el saque al adversario.<\/li>\n<li>Cada bola ganado da un punto al equipo ganador.<\/li>\n<li>Una vez que se han jugado todas las bolas, se introduce la puntuaci\u00f3n y se transfiere a cada jugador. Si un partido de 24 puntos termina 10-14, los jugadores 1 y 2 reciben 10 puntos cada uno. Los jugadores 3 y 4 obtienen 14 puntos cada uno.<\/li>\n<li>Cuando se hayan jugado todos los partidos, el jugador que haya acumulado m\u00e1s puntos ganar\u00e1 el torneo.<\/li>\n<\/ul>\n<h3>Mexicano por parejas<\/h3>\n<p>Mexicano se puede jugar en parejas. Funciona exactamente igual que el mexicano individual, pero en lugar de jugar individualmente, se compite en equipos preestablecidos.<\/p>\n<h2>Organizaci\u00f3n de un torneo de p\u00e1del mexicano<\/h2>\n<p><strong>Para jugar un torneo de p\u00e1del mexicano se necesitan al menos 8 participantes o parejas. No hay un l\u00edmite m\u00e1ximo de participantes. Sin embargo, siempre es mejor que sea un n\u00famero divisible por cuatro.<\/strong><\/p>\n<ul>\n<li>El n\u00famero de pistas de p\u00e1del necesarias para un mexicano depende del n\u00famero de participantes.<\/li>\n<li>Lo mejor es que el n\u00famero de pistas coincida con el n\u00famero de jugadores. 8 jugadores = 2 pistas, 12 jugadores = 3 pistas y as\u00ed sucesivamente.<\/li>\n<li>Est\u00e1 bien mezclar jugadores en diferentes <a href=\"https:\/\/pistas365.com\/es\/padel\/informacion\/niveles\/\">niveles de p\u00e1del<\/a>.<\/li>\n<li>El tiempo de juego normal para un torneo Mexicano es de aproximadamente 2 horas. Un partido de 24 puntos se juega en unos 12 minutos.<\/li>\n<li>Antes de empezar prepara una plantilla o utiliza una app en la que puedas introducir puntuaciones y resultados.<\/li>\n<\/ul>","protected":false},"excerpt":{"rendered":"<p>The mexicano padel tournament is a great way to organize a tournament for players at different skill levels. Just like the americano tournament the mexicano is very social and a great way to play new opponents and meet new friends. Rules of padel mexicano In the mexicano the order of who you play against is [&hellip;]<\/p>\n","protected":false},"author":1,"featured_media":654,"parent":637,"menu_order":0,"comment_status":"closed","ping_status":"closed","template":"","meta":{"_acf_changed":false,"footnotes":""},"tags":[],"acf":[],"_links":{"self":[{"href":"https:\/\/pistas365.com\/es\/wp-json\/wp\/v2\/pages\/650"}],"collection":[{"href":"https:\/\/pistas365.com\/es\/wp-json\/wp\/v2\/pages"}],"about":[{"href":"https:\/\/pistas365.com\/es\/wp-json\/wp\/v2\/types\/page"}],"author":[{"embeddable":true,"href":"https:\/\/pistas365.com\/es\/wp-json\/wp\/v2\/users\/1"}],"replies":[{"embeddable":true,"href":"https:\/\/pistas365.com\/es\/wp-json\/wp\/v2\/comments?post=650"}],"version-history":[{"count":4,"href":"https:\/\/pistas365.com\/es\/wp-json\/wp\/v2\/pages\/650\/revisions"}],"predecessor-version":[{"id":791,"href":"https:\/\/pistas365.com\/es\/wp-json\/wp\/v2\/pages\/650\/revisions\/791"}],"up":[{"embeddable":true,"href":"https:\/\/pistas365.com\/es\/wp-json\/wp\/v2\/pages\/637"}],"wp:featuredmedia":[{"embeddable":true,"href":"https:\/\/pistas365.com\/es\/wp-json\/wp\/v2\/media\/654"}],"wp:attachment":[{"href":"https:\/\/pistas365.com\/es\/wp-json\/wp\/v2\/media?parent=650"}],"wp:term":[{"taxonomy":"post_tag","embeddable":true,"href":"https:\/\/pistas365.com\/es\/wp-json\/wp\/v2\/tags?post=650"}],"curies":[{"name":"wp","href":"https:\/\/api.w.org\/{rel}","templated":true}]}}